{"id":21160,"date":"2023-08-28T14:09:09","date_gmt":"2023-08-28T06:09:09","guid":{"rendered":"https:\/\/suncasesupply.com\/?post_type=product&#038;p=21160"},"modified":"2025-02-20T11:15:13","modified_gmt":"2025-02-20T03:15:13","slug":"double-open-design-portable-pistol-storage-aluminum-gun-case-with-egg-sponge-interior","status":"publish","type":"product","link":"https:\/\/suncasesupply.com\/it\/product\/double-open-design-portable-pistol-storage-aluminum-gun-case-with-egg-sponge-interior\/","title":{"rendered":"Custodia per pistola in alluminio per pistola portatile dal design doppio aperto con interno in spugna per uova"},"content":{"rendered":"<p>&nbsp;<\/p>\n<table width=\"774\">\n<tbody>\n<tr>\n<td width=\"177\">Articolo<\/td>\n<td width=\"597\">Custodia per pistola in alluminio<\/td>\n<\/tr>\n<tr>\n<td>Dimensione<\/td>\n<td>31,8 x 25,4 x 16,5 cm o personalizzare<\/td>\n<\/tr>\n<tr>\n<td>Colori<\/td>\n<td>Come mostrano le immagini o personalizza<\/td>\n<\/tr>\n<tr>\n<td>Materiali<\/td>\n<td>Alluminio, pannello ABS, pannello MDF, rivestimento in EVA\/schiuma\/tessuto\/PU, hardware<\/td>\n<\/tr>\n<tr>\n<td>Logo<\/td>\n<td>Logo in placca metallica, logo stampato, logo in rilievo, logo laser<\/td>\n<\/tr>\n<tr>\n<td>Tempo di campionamento<\/td>\n<td>7 giorni<\/td>\n<\/tr>\n<tr>\n<td>Porto d&#039;imbarco<\/td>\n<td>Guangzhou, Shenzen<\/td>\n<\/tr>\n<tr>\n<td>Condizioni commerciali<\/td>\n<td>EXW, FOB, CIF, DDU, DDP<\/td>\n<\/tr>\n<tr>\n<td>Modalit\u00e0 di pagamento<\/td>\n<td>T\/T, contanti, PayPal, carta di credito<\/td>\n<\/tr>\n<\/tbody>\n<\/table>\n<p><span style=\"color: #003366;\">Caratteristiche:<\/span><\/p>\n<p>Custodia per pistola stile Attash Case.<\/p>\n<p>Una robusta custodia per pistola con parti in lega di alluminio sugli angoli e sui bordi. Pu\u00f2 essere utilizzato per riporre e trasportare armi in tutta sicurezza.<\/p>\n<p>Lo spazio interno \u00e8 una base militare originale. 1 spugna piatta tagliata spessa con linea di taglio nella familiare carta a quadretti, 2 spugne piatte normali sottili, 1 spugna ondulata sul coperchio Pu\u00f2 essere tagliata per adattarsi a pistole e caricatori per ottenere una vestibilit\u00e0 eccezionale.<\/p>\n<p>Pu\u00f2 essere utilizzato come macinino da solo in una custodia allegata che \u00e8 come un Hitman. Pu\u00f2 essere utilizzato anche per trasportare e conservare fragili apparecchiature di precisione come fotocamere e PC.<\/p>\n<p>\u2013 Pu\u00f2 contenere pistole e caricatori di piccole e grandi dimensioni<br \/>\nPu\u00f2 contenere varie pistole della serie Glock, M9\/M92, Government, DE e altre dimensioni da piccole a grandi. La spugna a griglia \u00e8 facile da tagliare in qualsiasi forma e pu\u00f2 contenere la pistola o il caricatore<\/p>","protected":false},"excerpt":{"rendered":"<p>Modello: Z21<\/p>\n<p>Dimensioni: 31,8 x 25,4 x 16,5 cm<\/p>\n<p>Quantit\u00e0 minima: 100 pezzi<\/p>\n<p>Tempi di consegna: 15-25 giorni<\/p>\n<p>Campione: disponibile<\/p>","protected":false},"featured_media":21161,"template":"","meta":{"_gspb_post_css":""},"product_cat":[85],"product_tag":[],"featured_image_urls":{"full":["https:\/\/suncasesupply.com\/wp-content\/uploads\/2023\/08\/7-12.jpg",768,768,false],"thumbnail":["https:\/\/suncasesupply.com\/wp-content\/uploads\/2023\/08\/7-12-150x150.jpg",150,150,true],"medium":["https:\/\/suncasesupply.com\/wp-content\/uploads\/2023\/08\/7-12-300x300.jpg",300,300,true],"medium_large":["https:\/\/suncasesupply.com\/wp-content\/uploads\/2023\/08\/7-12.jpg",768,768,false],"large":["https:\/\/suncasesupply.com\/wp-content\/uploads\/2023\/08\/7-12.jpg",768,768,false],"1536x1536":["https:\/\/suncasesupply.com\/wp-content\/uploads\/2023\/08\/7-12.jpg",768,768,false],"2048x2048":["https:\/\/suncasesupply.com\/wp-content\/uploads\/2023\/08\/7-12.jpg",768,768,false],"trp-custom-language-flag":["https:\/\/suncasesupply.com\/wp-content\/uploads\/2023\/08\/7-12.jpg",12,12,false],"woocommerce_thumbnail":["https:\/\/suncasesupply.com\/wp-content\/uploads\/2023\/08\/7-12-300x300.jpg",300,300,true],"woocommerce_single":["https:\/\/suncasesupply.com\/wp-content\/uploads\/2023\/08\/7-12-600x600.jpg",600,600,true],"woocommerce_gallery_thumbnail":["https:\/\/suncasesupply.com\/wp-content\/uploads\/2023\/08\/7-12-100x100.jpg",100,100,true]},"post_excerpt_stackable":"<p>Model : Z21<\/p>\n<p>Size: 31.8 x 25.4 x 16.5 cm<\/p>\n<p>MOQ: 100pcs<\/p>\n<p>Delivery Time : 15-25 Days<\/p>\n<p>Sample : Available<\/p>\n","category_list":"","author_info":{"name":"","url":""},"comments_num":"0 commenti","_links":{"self":[{"href":"https:\/\/suncasesupply.com\/it\/wp-json\/wp\/v2\/product\/21160"}],"collection":[{"href":"https:\/\/suncasesupply.com\/it\/wp-json\/wp\/v2\/product"}],"about":[{"href":"https:\/\/suncasesupply.com\/it\/wp-json\/wp\/v2\/types\/product"}],"wp:featuredmedia":[{"embeddable":true,"href":"https:\/\/suncasesupply.com\/it\/wp-json\/wp\/v2\/media\/21161"}],"wp:attachment":[{"href":"https:\/\/suncasesupply.com\/it\/wp-json\/wp\/v2\/media?parent=21160"}],"wp:term":[{"taxonomy":"product_cat","embeddable":true,"href":"https:\/\/suncasesupply.com\/it\/wp-json\/wp\/v2\/product_cat?post=21160"},{"taxonomy":"product_tag","embeddable":true,"href":"https:\/\/suncasesupply.com\/it\/wp-json\/wp\/v2\/product_tag?post=21160"}],"curies":[{"name":"wp","href":"https:\/\/api.w.org\/{rel}","templated":true}]}}