{"id":21148,"date":"2023-08-28T14:03:51","date_gmt":"2023-08-28T06:03:51","guid":{"rendered":"https:\/\/suncasesupply.com\/?post_type=product&#038;p=21148"},"modified":"2025-02-20T10:29:16","modified_gmt":"2025-02-20T02:29:16","slug":"purpose-black-aluminum-briefcase-pilot-aluminum-attache-briefcase","status":"publish","type":"product","link":"https:\/\/suncasesupply.com\/it\/product\/purpose-black-aluminum-briefcase-pilot-aluminum-attache-briefcase\/","title":{"rendered":"Scopo Valigetta in alluminio nero Valigetta pilota in alluminio"},"content":{"rendered":"<p>&nbsp;<\/p>\n<table width=\"774\">\n<tbody>\n<tr>\n<td width=\"177\">Articolo<\/td>\n<td width=\"597\">Custodia in alluminio<\/td>\n<\/tr>\n<tr>\n<td>Dimensione<\/td>\n<td>460*330*135mm o personalizzare<\/td>\n<\/tr>\n<tr>\n<td>Colori<\/td>\n<td>Come mostrano le immagini o personalizza<\/td>\n<\/tr>\n<tr>\n<td>Materiali<\/td>\n<td>Alluminio, pannello ABS, pannello MDF, rivestimento in EVA\/schiuma\/tessuto\/PU, hardware<\/td>\n<\/tr>\n<tr>\n<td>Logo<\/td>\n<td>Logo in placca metallica, logo stampato, logo in rilievo, logo laser<\/td>\n<\/tr>\n<tr>\n<td>Tempo di campionamento<\/td>\n<td>7 giorni<\/td>\n<\/tr>\n<tr>\n<td>Porto d&#039;imbarco<\/td>\n<td>Guangzhou, Shenzen<\/td>\n<\/tr>\n<tr>\n<td>Condizioni commerciali<\/td>\n<td>EXW, FOB, CIF, DDU, DDP<\/td>\n<\/tr>\n<tr>\n<td>Modalit\u00e0 di pagamento<\/td>\n<td>T\/T, contanti, PayPal, carta di credito<\/td>\n<\/tr>\n<\/tbody>\n<\/table>\n<p><span style=\"color: #003366;\">Caratteristiche:<\/span><\/p>\n<p>Questa custodia pilota in alluminio anodizzato color canna di fucile \u00e8 realizzata con telaio in alluminio color canna di fucile e diamante in alluminio color canna di fucile. Ha due serrature a combinazione e una maniglia. Le cerniere lunghe sul lato posteriore rendono la custodia pi\u00f9 resistente del design normale.<\/p>\n<p>La valigetta interna con tasca portadocumenti pu\u00f2 contenere tutti i documenti per il lavoro, puoi anche utilizzare questa valigetta in alluminio di alta qualit\u00e0 per trasportare notebook da 14&quot; e 15&quot;.<\/p>\n<p>Poich\u00e9 il lucchetto a combinazione \u00e8 molto sicuro, non devi preoccuparti della sicurezza. \u00c8 molto sicuro quando viaggi per il mondo.<\/p>","protected":false},"excerpt":{"rendered":"<p>Modello: BC-0002<\/p>\n<p>Dimensioni: 460*330*135 mm<\/p>\n<p>Quantit\u00e0 minima: 100 pezzi<\/p>\n<p>Tempi di consegna: 15-25 giorni<\/p>\n<p>Campione: disponibile<\/p>","protected":false},"featured_media":21149,"template":"","meta":{"_gspb_post_css":""},"product_cat":[82],"product_tag":[],"featured_image_urls":{"full":["https:\/\/suncasesupply.com\/wp-content\/uploads\/2023\/08\/IMG_3863.webp",1000,902,false],"thumbnail":["https:\/\/suncasesupply.com\/wp-content\/uploads\/2023\/08\/IMG_3863-150x150.webp",150,150,true],"medium":["https:\/\/suncasesupply.com\/wp-content\/uploads\/2023\/08\/IMG_3863-300x271.webp",300,271,true],"medium_large":["https:\/\/suncasesupply.com\/wp-content\/uploads\/2023\/08\/IMG_3863-768x693.webp",768,693,true],"large":["https:\/\/suncasesupply.com\/wp-content\/uploads\/2023\/08\/IMG_3863.webp",1000,902,false],"1536x1536":["https:\/\/suncasesupply.com\/wp-content\/uploads\/2023\/08\/IMG_3863.webp",1000,902,false],"2048x2048":["https:\/\/suncasesupply.com\/wp-content\/uploads\/2023\/08\/IMG_3863.webp",1000,902,false],"trp-custom-language-flag":["https:\/\/suncasesupply.com\/wp-content\/uploads\/2023\/08\/IMG_3863.webp",13,12,false],"woocommerce_thumbnail":["https:\/\/suncasesupply.com\/wp-content\/uploads\/2023\/08\/IMG_3863-300x300.webp",300,300,true],"woocommerce_single":["https:\/\/suncasesupply.com\/wp-content\/uploads\/2023\/08\/IMG_3863-600x541.webp",600,541,true],"woocommerce_gallery_thumbnail":["https:\/\/suncasesupply.com\/wp-content\/uploads\/2023\/08\/IMG_3863-100x100.webp",100,100,true]},"post_excerpt_stackable":"<p>Model : BC-0002<\/p>\n<p>Size: \u00a0460*330*135mm<\/p>\n<p>MOQ: 100pcs<\/p>\n<p>Delivery Time : 15-25 Days<\/p>\n<p>Sample : Available<\/p>\n","category_list":"","author_info":{"name":"","url":""},"comments_num":"0 commenti","_links":{"self":[{"href":"https:\/\/suncasesupply.com\/it\/wp-json\/wp\/v2\/product\/21148"}],"collection":[{"href":"https:\/\/suncasesupply.com\/it\/wp-json\/wp\/v2\/product"}],"about":[{"href":"https:\/\/suncasesupply.com\/it\/wp-json\/wp\/v2\/types\/product"}],"wp:featuredmedia":[{"embeddable":true,"href":"https:\/\/suncasesupply.com\/it\/wp-json\/wp\/v2\/media\/21149"}],"wp:attachment":[{"href":"https:\/\/suncasesupply.com\/it\/wp-json\/wp\/v2\/media?parent=21148"}],"wp:term":[{"taxonomy":"product_cat","embeddable":true,"href":"https:\/\/suncasesupply.com\/it\/wp-json\/wp\/v2\/product_cat?post=21148"},{"taxonomy":"product_tag","embeddable":true,"href":"https:\/\/suncasesupply.com\/it\/wp-json\/wp\/v2\/product_tag?post=21148"}],"curies":[{"name":"wp","href":"https:\/\/api.w.org\/{rel}","templated":true}]}}