{"id":20805,"date":"2023-08-25T17:06:25","date_gmt":"2023-08-25T09:06:25","guid":{"rendered":"https:\/\/suncasesupply.com\/?post_type=product&#038;p=20805"},"modified":"2025-02-20T09:58:28","modified_gmt":"2025-02-20T01:58:28","slug":"aluminum-case-for-m150-microscopes-custom-aluminum-case","status":"publish","type":"product","link":"https:\/\/suncasesupply.com\/it\/product\/aluminum-case-for-m150-microscopes-custom-aluminum-case\/","title":{"rendered":"Custodia in alluminio per microscopi M150 Custodia in alluminio personalizzata"},"content":{"rendered":"<p>&nbsp;<\/p>\n<table width=\"774\">\n<tbody>\n<tr>\n<td width=\"177\">Articolo<\/td>\n<td width=\"597\">Custodia in alluminio<\/td>\n<\/tr>\n<tr>\n<td>Dimensione<\/td>\n<td>38*26*17 cm o personalizzare<\/td>\n<\/tr>\n<tr>\n<td>Colori<\/td>\n<td>Come mostrano le immagini o personalizza<\/td>\n<\/tr>\n<tr>\n<td>Materiali<\/td>\n<td>Alluminio, pannello ABS, pannello MDF, rivestimento in EVA\/schiuma\/tessuto\/PU, hardware<\/td>\n<\/tr>\n<tr>\n<td>Logo<\/td>\n<td>Logo in placca metallica, logo stampato, logo in rilievo, logo laser<\/td>\n<\/tr>\n<tr>\n<td>Tempo di campionamento<\/td>\n<td>7 giorni<\/td>\n<\/tr>\n<tr>\n<td>Porto d&#039;imbarco<\/td>\n<td>Guangzhou, Shenzen<\/td>\n<\/tr>\n<tr>\n<td>Condizioni commerciali<\/td>\n<td>EXW, FOB, CIF, DDU, DDP<\/td>\n<\/tr>\n<tr>\n<td>Modalit\u00e0 di pagamento<\/td>\n<td>T\/T, contanti, PayPal, carta di credito<\/td>\n<\/tr>\n<\/tbody>\n<\/table>\n<p><span style=\"color: #003366;\">Caratteristiche:<\/span><\/p>\n<p>Questa robusta custodia rigida \u00e8 progettata per proteggere il microscopio dagli urti e dagli agenti atmosferici. L&#039;interno in schiuma rimovibile fustellata offre una vestibilit\u00e0 personalizzata con ampia imbottitura per i microscopi composti AmScope M150. Ci\u00f2 garantisce protezione e comodit\u00e0 ottimali durante l&#039;imballaggio o il recupero del microscopio. Il palco e la torretta rimarranno sicuri, evitando sollecitazioni eccessive sullo strumento durante il trasporto. Sono previsti slot aggiuntivi per vari accessori.<\/p>","protected":false},"excerpt":{"rendered":"<p>Modello: SC-0012<\/p>\n<p>Dimensioni: 38*26*17 cm<\/p>\n<p>Quantit\u00e0 minima: 100 pezzi<\/p>\n<p>Tempi di consegna: 15-25 giorni<\/p>\n<p>Campione: disponibile<\/p>","protected":false},"featured_media":20806,"template":"","meta":{"_gspb_post_css":""},"product_cat":[42,80],"product_tag":[],"featured_image_urls":{"full":["https:\/\/suncasesupply.com\/wp-content\/uploads\/2023\/08\/aluminum-microscope-case-ac-m150-01_1800x-e1714112133517.webp",600,600,false],"thumbnail":["https:\/\/suncasesupply.com\/wp-content\/uploads\/2023\/08\/aluminum-microscope-case-ac-m150-01_1800x-e1714112133517-150x150.webp",150,150,true],"medium":["https:\/\/suncasesupply.com\/wp-content\/uploads\/2023\/08\/aluminum-microscope-case-ac-m150-01_1800x-e1714112133517-300x300.webp",300,300,true],"medium_large":["https:\/\/suncasesupply.com\/wp-content\/uploads\/2023\/08\/aluminum-microscope-case-ac-m150-01_1800x-e1714112121475-768x768.webp",768,768,true],"large":["https:\/\/suncasesupply.com\/wp-content\/uploads\/2023\/08\/aluminum-microscope-case-ac-m150-01_1800x-1024x1024.webp",1024,1024,true],"1536x1536":["https:\/\/suncasesupply.com\/wp-content\/uploads\/2023\/08\/aluminum-microscope-case-ac-m150-01_1800x-e1714112133517.webp",600,600,false],"2048x2048":["https:\/\/suncasesupply.com\/wp-content\/uploads\/2023\/08\/aluminum-microscope-case-ac-m150-01_1800x-e1714112133517.webp",600,600,false],"trp-custom-language-flag":["https:\/\/suncasesupply.com\/wp-content\/uploads\/2023\/08\/aluminum-microscope-case-ac-m150-01_1800x-e1714112133517-12x12.webp",12,12,true],"woocommerce_thumbnail":["https:\/\/suncasesupply.com\/wp-content\/uploads\/2023\/08\/aluminum-microscope-case-ac-m150-01_1800x-e1714112133517-300x300.webp",300,300,true],"woocommerce_single":["https:\/\/suncasesupply.com\/wp-content\/uploads\/2023\/08\/aluminum-microscope-case-ac-m150-01_1800x-e1714112121475-600x600.webp",600,600,true],"woocommerce_gallery_thumbnail":["https:\/\/suncasesupply.com\/wp-content\/uploads\/2023\/08\/aluminum-microscope-case-ac-m150-01_1800x-e1714112133517-100x100.webp",100,100,true]},"post_excerpt_stackable":"<p>Model : SC-0012<\/p>\n<p>Size: \u00a038*26*17cm<\/p>\n<p>MOQ: 100pcs<\/p>\n<p>Delivery Time : 15-25 Days<\/p>\n<p>Sample : Available<\/p>\n","category_list":"","author_info":{"name":"","url":""},"comments_num":"0 commenti","_links":{"self":[{"href":"https:\/\/suncasesupply.com\/it\/wp-json\/wp\/v2\/product\/20805"}],"collection":[{"href":"https:\/\/suncasesupply.com\/it\/wp-json\/wp\/v2\/product"}],"about":[{"href":"https:\/\/suncasesupply.com\/it\/wp-json\/wp\/v2\/types\/product"}],"wp:featuredmedia":[{"embeddable":true,"href":"https:\/\/suncasesupply.com\/it\/wp-json\/wp\/v2\/media\/20806"}],"wp:attachment":[{"href":"https:\/\/suncasesupply.com\/it\/wp-json\/wp\/v2\/media?parent=20805"}],"wp:term":[{"taxonomy":"product_cat","embeddable":true,"href":"https:\/\/suncasesupply.com\/it\/wp-json\/wp\/v2\/product_cat?post=20805"},{"taxonomy":"product_tag","embeddable":true,"href":"https:\/\/suncasesupply.com\/it\/wp-json\/wp\/v2\/product_tag?post=20805"}],"curies":[{"name":"wp","href":"https:\/\/api.w.org\/{rel}","templated":true}]}}