{"id":20763,"date":"2023-08-25T16:01:52","date_gmt":"2023-08-25T08:01:52","guid":{"rendered":"https:\/\/suncasesupply.com\/?post_type=product&#038;p=20763"},"modified":"2025-02-26T11:28:11","modified_gmt":"2025-02-26T03:28:11","slug":"professional-rolling-makeup-case-nail-beauty-travel-case","status":"publish","type":"product","link":"https:\/\/suncasesupply.com\/it\/product\/professional-rolling-makeup-case-nail-beauty-travel-case\/","title":{"rendered":"Custodia professionale per trucco con rotelle Custodia da viaggio per bellezza delle unghie"},"content":{"rendered":"<p>&nbsp;<\/p>\n<table width=\"774\">\n<tbody>\n<tr>\n<td width=\"177\">Articolo<\/td>\n<td width=\"597\">Custodia per il trucco con ruote<\/td>\n<\/tr>\n<tr>\n<td>Dimensione<\/td>\n<td>37*23*49 cm o personalizzare<\/td>\n<\/tr>\n<tr>\n<td>Colori<\/td>\n<td>Come mostrano le immagini o personalizza<\/td>\n<\/tr>\n<tr>\n<td>Materiali<\/td>\n<td>Alluminio, pannello ABS, pannello MDF, rivestimento in EVA\/schiuma\/tessuto\/PU, hardware<\/td>\n<\/tr>\n<tr>\n<td>Logo<\/td>\n<td>Logo in placca metallica, logo stampato, logo in rilievo, logo laser<\/td>\n<\/tr>\n<tr>\n<td>Tempo di campionamento<\/td>\n<td>7 giorni<\/td>\n<\/tr>\n<tr>\n<td>Porto d&#039;imbarco<\/td>\n<td>Guangzhou, Shenzen<\/td>\n<\/tr>\n<tr>\n<td>Condizioni commerciali<\/td>\n<td>EXW, FOB, CIF, DDU, DDP<\/td>\n<\/tr>\n<tr>\n<td>Modalit\u00e0 di pagamento<\/td>\n<td>T\/T, contanti, PayPal, carta di credito<\/td>\n<\/tr>\n<\/tbody>\n<\/table>\n<p><span style=\"color: #003366;\">Caratteristiche:<\/span><\/p>\n<p>Questo carrello resistente \u00e8 realizzato con una custodia esterna in plastica di alta qualit\u00e0, bordi e angoli rinforzati in alluminio di grado A e metallo e hardware in metallo resistente. Pu\u00f2 cambiare con le sfumature di colore quando cattura la luce da diverse angolazioni.<\/p>\n<p>Lo scivolo \u00e8 facile da estendere e chiudere, mentre non scivola fuori quando non viene utilizzato poich\u00e9 la connessione \u00e8 stabile. I vassoi a 3 livelli con rulli ad anelli e divisore a croce ti aiutano a organizzare gli accessori di gioielleria, la collezione di rossetti, la piccola tavolozza e i pennelli. Il vassoio separato ha una spugna rimovibile che pu\u00f2 tenere lo smalto in posizione verticale o conservare i barattoli di lozione con la spugna rimossa.<br \/>\nIl vassoio centrale separato con deflettore rimovibile smart match. \u00c8 possibile organizzare le diverse dimensioni del gadget<\/p>\n<p>spazio, non solo oggetti ben posizionati e possono essere fissati per evitare scosse e danni da caduta. C&#039;\u00e8 anche un ampio fondo con un ottimo spazio per riporre strumenti per acconciature, cosmetici e strumenti per unghie. Perfetto per truccatori professionisti, parrucchieri, manicure, tatuatori o per chi ha una montagna di cosmetici.<\/p>","protected":false},"excerpt":{"rendered":"<p>Modello: SC-RM0022<\/p>\n<p>Dimensioni: 37*23*49 cm<\/p>\n<p>Quantit\u00e0 minima: 50 pezzi<\/p>\n<p>Tempi di consegna: 15-25 giorni<\/p>\n<p>Campione: disponibile<\/p>","protected":false},"featured_media":20761,"template":"","meta":{"_gspb_post_css":""},"product_cat":[34,97],"product_tag":[],"featured_image_urls":{"full":["https:\/\/suncasesupply.com\/wp-content\/uploads\/2023\/08\/Women-Large-Makeup-Box-Professional-Nail-Cosmetic-Case-Make-Up-Trolley-Suitcase.jpg_220x220.jpg_-4.webp",220,220,false],"thumbnail":["https:\/\/suncasesupply.com\/wp-content\/uploads\/2023\/08\/Women-Large-Makeup-Box-Professional-Nail-Cosmetic-Case-Make-Up-Trolley-Suitcase.jpg_220x220.jpg_-4-150x150.webp",150,150,true],"medium":["https:\/\/suncasesupply.com\/wp-content\/uploads\/2023\/08\/Women-Large-Makeup-Box-Professional-Nail-Cosmetic-Case-Make-Up-Trolley-Suitcase.jpg_220x220.jpg_-4.webp",220,220,false],"medium_large":["https:\/\/suncasesupply.com\/wp-content\/uploads\/2023\/08\/Women-Large-Makeup-Box-Professional-Nail-Cosmetic-Case-Make-Up-Trolley-Suitcase.jpg_220x220.jpg_-4.webp",220,220,false],"large":["https:\/\/suncasesupply.com\/wp-content\/uploads\/2023\/08\/Women-Large-Makeup-Box-Professional-Nail-Cosmetic-Case-Make-Up-Trolley-Suitcase.jpg_220x220.jpg_-4.webp",220,220,false],"1536x1536":["https:\/\/suncasesupply.com\/wp-content\/uploads\/2023\/08\/Women-Large-Makeup-Box-Professional-Nail-Cosmetic-Case-Make-Up-Trolley-Suitcase.jpg_220x220.jpg_-4.webp",220,220,false],"2048x2048":["https:\/\/suncasesupply.com\/wp-content\/uploads\/2023\/08\/Women-Large-Makeup-Box-Professional-Nail-Cosmetic-Case-Make-Up-Trolley-Suitcase.jpg_220x220.jpg_-4.webp",220,220,false],"trp-custom-language-flag":["https:\/\/suncasesupply.com\/wp-content\/uploads\/2023\/08\/Women-Large-Makeup-Box-Professional-Nail-Cosmetic-Case-Make-Up-Trolley-Suitcase.jpg_220x220.jpg_-4.webp",12,12,false],"woocommerce_thumbnail":["https:\/\/suncasesupply.com\/wp-content\/uploads\/2023\/08\/Women-Large-Makeup-Box-Professional-Nail-Cosmetic-Case-Make-Up-Trolley-Suitcase.jpg_220x220.jpg_-4.webp",220,220,false],"woocommerce_single":["https:\/\/suncasesupply.com\/wp-content\/uploads\/2023\/08\/Women-Large-Makeup-Box-Professional-Nail-Cosmetic-Case-Make-Up-Trolley-Suitcase.jpg_220x220.jpg_-4.webp",220,220,false],"woocommerce_gallery_thumbnail":["https:\/\/suncasesupply.com\/wp-content\/uploads\/2023\/08\/Women-Large-Makeup-Box-Professional-Nail-Cosmetic-Case-Make-Up-Trolley-Suitcase.jpg_220x220.jpg_-4-100x100.webp",100,100,true]},"post_excerpt_stackable":"<p>Model : SC-RM0022<\/p>\n<p>Size: \u00a037*23*49cm<\/p>\n<p>MOQ: 50pcs<\/p>\n<p>Delivery Time : 15-25 Days<\/p>\n<p>Sample : Available<\/p>\n","category_list":"","author_info":{"name":"","url":""},"comments_num":"0 commenti","_links":{"self":[{"href":"https:\/\/suncasesupply.com\/it\/wp-json\/wp\/v2\/product\/20763"}],"collection":[{"href":"https:\/\/suncasesupply.com\/it\/wp-json\/wp\/v2\/product"}],"about":[{"href":"https:\/\/suncasesupply.com\/it\/wp-json\/wp\/v2\/types\/product"}],"wp:featuredmedia":[{"embeddable":true,"href":"https:\/\/suncasesupply.com\/it\/wp-json\/wp\/v2\/media\/20761"}],"wp:attachment":[{"href":"https:\/\/suncasesupply.com\/it\/wp-json\/wp\/v2\/media?parent=20763"}],"wp:term":[{"taxonomy":"product_cat","embeddable":true,"href":"https:\/\/suncasesupply.com\/it\/wp-json\/wp\/v2\/product_cat?post=20763"},{"taxonomy":"product_tag","embeddable":true,"href":"https:\/\/suncasesupply.com\/it\/wp-json\/wp\/v2\/product_tag?post=20763"}],"curies":[{"name":"wp","href":"https:\/\/api.w.org\/{rel}","templated":true}]}}