{"id":20743,"date":"2023-08-25T15:17:00","date_gmt":"2023-08-25T07:17:00","guid":{"rendered":"https:\/\/suncasesupply.com\/?post_type=product&#038;p=20743"},"modified":"2025-02-26T11:28:34","modified_gmt":"2025-02-26T03:28:34","slug":"professional-trolley-cosmetic-case-lockable-vanity-case-with-wheels","status":"publish","type":"product","link":"https:\/\/suncasesupply.com\/it\/product\/professional-trolley-cosmetic-case-lockable-vanity-case-with-wheels\/","title":{"rendered":"Trolley professionale per cosmetici, beauty case con serratura e ruote"},"content":{"rendered":"<p>&nbsp;<\/p>\n<table width=\"774\">\n<tbody>\n<tr>\n<td width=\"177\">Articolo<\/td>\n<td width=\"597\">Custodia per il trucco con ruote<\/td>\n<\/tr>\n<tr>\n<td>Dimensione<\/td>\n<td>38 x 26 x 56 cm \/ Personalizza<\/td>\n<\/tr>\n<tr>\n<td>Colori<\/td>\n<td>Come mostrano le immagini o personalizza<\/td>\n<\/tr>\n<tr>\n<td>Materiali<\/td>\n<td>Alluminio, pannello ABS, pannello MDF, rivestimento in EVA\/schiuma\/tessuto\/PU, hardware<\/td>\n<\/tr>\n<tr>\n<td>Logo<\/td>\n<td>Logo in placca metallica, logo stampato, logo in rilievo, logo laser<\/td>\n<\/tr>\n<tr>\n<td>Tempo di campionamento<\/td>\n<td>7 giorni<\/td>\n<\/tr>\n<tr>\n<td>Porto d&#039;imbarco<\/td>\n<td>Guangzhou, Shenzen<\/td>\n<\/tr>\n<tr>\n<td>Condizioni commerciali<\/td>\n<td>EXW, FOB, CIF, DDU, DDP<\/td>\n<\/tr>\n<tr>\n<td>Modalit\u00e0 di pagamento<\/td>\n<td>T\/T, contanti, PayPal, carta di credito<\/td>\n<\/tr>\n<\/tbody>\n<\/table>\n<p><span style=\"color: #003366;\">Caratteristiche:<\/span><\/p>\n<div class=\"mb3\">\n<div class=\"dangerous-html mb3\">\n<ul class=\"a-unordered-list a-vertical a-spacing-mini\">\n<li class=\"a-spacing-mini\"><span class=\"a-list-item\">Buon materiale: materiale in PVC di alta qualit\u00e0, telaio in lega di alluminio, ecologico, inodore, impermeabile e resistente all&#039;umidit\u00e0, resistente all&#039;usura e durevole, non facile da deformare, durevole.<\/span><\/li>\n<li class=\"a-spacing-mini\"><span class=\"a-list-item\">Dimensioni del prodotto: 38 x 26 x 56 cm, altezza tirante 37 cm.<\/span><\/li>\n<li class=\"a-spacing-mini\"><span class=\"a-list-item\">Design con blocco di sicurezza: per garantire una custodia esterna sicura, il design della cerniera in metallo e la cerniera in metallo a otto perni migliorano la durata della resistente scatola di rinforzo.<\/span><\/li>\n<li class=\"a-spacing-mini\"><span class=\"a-list-item\">Tirante monopezzo: adotta un tirante telescopico a tre sezioni ed \u00e8 in lega. \u00c8 economico, durevole e ha una funzione di sollevamento delicata. Pu\u00f2 essere regolato in base all&#039;altezza.<\/span><\/li>\n<li class=\"a-spacing-mini\"><span class=\"a-list-item\">Adatto per scene: parrucchieri professionisti, manicure, parrucchieri e altre scatole per cosmetici professionali. Non c&#039;\u00e8 bisogno di compromettere i tuoi strumenti, non importa dove tu vada, puoi portarli con te.<\/span><\/li>\n<\/ul>\n<\/div>\n<\/div>","protected":false},"excerpt":{"rendered":"<p>Modello: SC-RM0019<\/p>\n<p>Dimensioni: 38 x 26 x 56 cm<\/p>\n<p>Quantit\u00e0 minima: 50 pezzi<\/p>\n<p>Tempi di consegna: 15-25 giorni<\/p>\n<p>Campione: disponibile<\/p>","protected":false},"featured_media":20737,"template":"","meta":{"_gspb_post_css":""},"product_cat":[97],"product_tag":[],"featured_image_urls":{"full":["https:\/\/suncasesupply.com\/wp-content\/uploads\/2023\/08\/31dy7jNEjgL._SX300_SY300_QL70_ML2_.jpg",286,300,false],"thumbnail":["https:\/\/suncasesupply.com\/wp-content\/uploads\/2023\/08\/31dy7jNEjgL._SX300_SY300_QL70_ML2_-150x150.jpg",150,150,true],"medium":["https:\/\/suncasesupply.com\/wp-content\/uploads\/2023\/08\/31dy7jNEjgL._SX300_SY300_QL70_ML2_.jpg",286,300,false],"medium_large":["https:\/\/suncasesupply.com\/wp-content\/uploads\/2023\/08\/31dy7jNEjgL._SX300_SY300_QL70_ML2_.jpg",286,300,false],"large":["https:\/\/suncasesupply.com\/wp-content\/uploads\/2023\/08\/31dy7jNEjgL._SX300_SY300_QL70_ML2_.jpg",286,300,false],"1536x1536":["https:\/\/suncasesupply.com\/wp-content\/uploads\/2023\/08\/31dy7jNEjgL._SX300_SY300_QL70_ML2_.jpg",286,300,false],"2048x2048":["https:\/\/suncasesupply.com\/wp-content\/uploads\/2023\/08\/31dy7jNEjgL._SX300_SY300_QL70_ML2_.jpg",286,300,false],"trp-custom-language-flag":["https:\/\/suncasesupply.com\/wp-content\/uploads\/2023\/08\/31dy7jNEjgL._SX300_SY300_QL70_ML2_.jpg",11,12,false],"woocommerce_thumbnail":["https:\/\/suncasesupply.com\/wp-content\/uploads\/2023\/08\/31dy7jNEjgL._SX300_SY300_QL70_ML2_.jpg",286,300,false],"woocommerce_single":["https:\/\/suncasesupply.com\/wp-content\/uploads\/2023\/08\/31dy7jNEjgL._SX300_SY300_QL70_ML2_.jpg",286,300,false],"woocommerce_gallery_thumbnail":["https:\/\/suncasesupply.com\/wp-content\/uploads\/2023\/08\/31dy7jNEjgL._SX300_SY300_QL70_ML2_-100x100.jpg",100,100,true]},"post_excerpt_stackable":"<p>Model : SC-RM0019<\/p>\n<p>Size: \u00a038 x 26 x 56 cm<\/p>\n<p>MOQ: 50pcs<\/p>\n<p>Delivery Time : 15-25 Days<\/p>\n<p>Sample : Available<\/p>\n","category_list":"","author_info":{"name":"","url":""},"comments_num":"0 commenti","_links":{"self":[{"href":"https:\/\/suncasesupply.com\/it\/wp-json\/wp\/v2\/product\/20743"}],"collection":[{"href":"https:\/\/suncasesupply.com\/it\/wp-json\/wp\/v2\/product"}],"about":[{"href":"https:\/\/suncasesupply.com\/it\/wp-json\/wp\/v2\/types\/product"}],"wp:featuredmedia":[{"embeddable":true,"href":"https:\/\/suncasesupply.com\/it\/wp-json\/wp\/v2\/media\/20737"}],"wp:attachment":[{"href":"https:\/\/suncasesupply.com\/it\/wp-json\/wp\/v2\/media?parent=20743"}],"wp:term":[{"taxonomy":"product_cat","embeddable":true,"href":"https:\/\/suncasesupply.com\/it\/wp-json\/wp\/v2\/product_cat?post=20743"},{"taxonomy":"product_tag","embeddable":true,"href":"https:\/\/suncasesupply.com\/it\/wp-json\/wp\/v2\/product_tag?post=20743"}],"curies":[{"name":"wp","href":"https:\/\/api.w.org\/{rel}","templated":true}]}}