{"id":20685,"date":"2023-08-25T11:46:42","date_gmt":"2023-08-25T03:46:42","guid":{"rendered":"https:\/\/suncasesupply.com\/?post_type=product&#038;p=20685"},"modified":"2025-02-26T11:29:54","modified_gmt":"2025-02-26T03:29:54","slug":"aluminum-barber-case-cosmetic-train-case-for-hair-stylist-makeup-nail-tech-salon","status":"publish","type":"product","link":"https:\/\/suncasesupply.com\/it\/product\/aluminum-barber-case-cosmetic-train-case-for-hair-stylist-makeup-nail-tech-salon\/","title":{"rendered":"Custodia da barbiere in alluminio Custodia per cosmetici per parrucchiere Trucco Nail Tech Salon"},"content":{"rendered":"<p>&nbsp;<\/p>\n<table width=\"774\">\n<tbody>\n<tr>\n<td width=\"177\">Articolo<\/td>\n<td width=\"597\">Custodia per il trucco con ruote<\/td>\n<\/tr>\n<tr>\n<td>Dimensione<\/td>\n<td>34*24*45 cm o personalizzare<\/td>\n<\/tr>\n<tr>\n<td>Colori<\/td>\n<td>Come mostrano le immagini o personalizza<\/td>\n<\/tr>\n<tr>\n<td>Materiali<\/td>\n<td>Alluminio, pannello ABS, pannello MDF, rivestimento in EVA\/schiuma\/tessuto\/PU, hardware<\/td>\n<\/tr>\n<tr>\n<td>Logo<\/td>\n<td>Logo in placca metallica, logo stampato, logo in rilievo, logo laser<\/td>\n<\/tr>\n<tr>\n<td>Tempo di campionamento<\/td>\n<td>7 giorni<\/td>\n<\/tr>\n<tr>\n<td>Porto d&#039;imbarco<\/td>\n<td>Guangzhou, Shenzen<\/td>\n<\/tr>\n<tr>\n<td>Condizioni commerciali<\/td>\n<td>EXW, FOB, CIF, DDU, DDP<\/td>\n<\/tr>\n<tr>\n<td>Modalit\u00e0 di pagamento<\/td>\n<td>T\/T, contanti, PayPal, carta di credito<\/td>\n<\/tr>\n<\/tbody>\n<\/table>\n<p><span style=\"color: #003366;\">Caratteristiche:<\/span><\/p>\n<div class=\"mb3\">\n<div class=\"dangerous-html mb3\">\n<p>L&#039;esterno del nostro beauty case mobile ha un look unico di diamante nero. Questo carrello resistente \u00e8 realizzato con una custodia esterna in plastica di alta qualit\u00e0, pannelli ignifughi in alluminio e ABS di alta qualit\u00e0 con bordi e angoli rinforzati e raccordi in metallo resistente. Pu\u00f2 cambiare la tonalit\u00e0 del colore quando cattura la luce da diverse angolazioni.<\/p>\n<\/div>\n<\/div>","protected":false},"excerpt":{"rendered":"<p>Modello: SC-RM0012<\/p>\n<p>Dimensioni: 34*24*45 cm<\/p>\n<p>Quantit\u00e0 minima: 50 pezzi<\/p>\n<p>Tempi di consegna: 15-25 giorni<\/p>\n<p>Campione: disponibile<\/p>","protected":false},"featured_media":20687,"template":"","meta":{"_gspb_post_css":""},"product_cat":[97],"product_tag":[],"featured_image_urls":{"full":["https:\/\/suncasesupply.com\/wp-content\/uploads\/2023\/08\/1-42-scaled.jpg",2560,2560,false],"thumbnail":["https:\/\/suncasesupply.com\/wp-content\/uploads\/2023\/08\/1-42-150x150.jpg",150,150,true],"medium":["https:\/\/suncasesupply.com\/wp-content\/uploads\/2023\/08\/1-42-300x300.jpg",300,300,true],"medium_large":["https:\/\/suncasesupply.com\/wp-content\/uploads\/2023\/08\/1-42-768x768.jpg",768,768,true],"large":["https:\/\/suncasesupply.com\/wp-content\/uploads\/2023\/08\/1-42-1024x1024.jpg",1024,1024,true],"1536x1536":["https:\/\/suncasesupply.com\/wp-content\/uploads\/2023\/08\/1-42-1536x1536.jpg",1536,1536,true],"2048x2048":["https:\/\/suncasesupply.com\/wp-content\/uploads\/2023\/08\/1-42-2048x2048.jpg",2048,2048,true],"trp-custom-language-flag":["https:\/\/suncasesupply.com\/wp-content\/uploads\/2023\/08\/1-42-scaled.jpg",12,12,false],"woocommerce_thumbnail":["https:\/\/suncasesupply.com\/wp-content\/uploads\/2023\/08\/1-42-300x300.jpg",300,300,true],"woocommerce_single":["https:\/\/suncasesupply.com\/wp-content\/uploads\/2023\/08\/1-42-600x600.jpg",600,600,true],"woocommerce_gallery_thumbnail":["https:\/\/suncasesupply.com\/wp-content\/uploads\/2023\/08\/1-42-100x100.jpg",100,100,true]},"post_excerpt_stackable":"<p>Model : SC-RM0012<\/p>\n<p>Size: 34*24*45cm<\/p>\n<p>MOQ: 50pcs<\/p>\n<p>Delivery Time : 15-25 Days<\/p>\n<p>Sample : Available<\/p>\n","category_list":"","author_info":{"name":"","url":""},"comments_num":"0 commenti","_links":{"self":[{"href":"https:\/\/suncasesupply.com\/it\/wp-json\/wp\/v2\/product\/20685"}],"collection":[{"href":"https:\/\/suncasesupply.com\/it\/wp-json\/wp\/v2\/product"}],"about":[{"href":"https:\/\/suncasesupply.com\/it\/wp-json\/wp\/v2\/types\/product"}],"wp:featuredmedia":[{"embeddable":true,"href":"https:\/\/suncasesupply.com\/it\/wp-json\/wp\/v2\/media\/20687"}],"wp:attachment":[{"href":"https:\/\/suncasesupply.com\/it\/wp-json\/wp\/v2\/media?parent=20685"}],"wp:term":[{"taxonomy":"product_cat","embeddable":true,"href":"https:\/\/suncasesupply.com\/it\/wp-json\/wp\/v2\/product_cat?post=20685"},{"taxonomy":"product_tag","embeddable":true,"href":"https:\/\/suncasesupply.com\/it\/wp-json\/wp\/v2\/product_tag?post=20685"}],"curies":[{"name":"wp","href":"https:\/\/api.w.org\/{rel}","templated":true}]}}