{"id":20675,"date":"2023-08-25T11:12:28","date_gmt":"2023-08-25T03:12:28","guid":{"rendered":"https:\/\/suncasesupply.com\/?post_type=product&#038;p=20675"},"modified":"2025-02-26T11:31:05","modified_gmt":"2025-02-26T03:31:05","slug":"professional-makeup-trolley-case-for-makeup-artist-black","status":"publish","type":"product","link":"https:\/\/suncasesupply.com\/it\/product\/professional-makeup-trolley-case-for-makeup-artist-black\/","title":{"rendered":"VALIGIA TROLLEY TRUCCO PROFESSIONALE PER TRUCCATORI NERA"},"content":{"rendered":"<p>&nbsp;<\/p>\n<table width=\"774\">\n<tbody>\n<tr>\n<td width=\"177\">Articolo<\/td>\n<td width=\"597\">Custodia per il trucco con ruote<\/td>\n<\/tr>\n<tr>\n<td>Dimensione<\/td>\n<td>34 x 24 x 41,5 cm o personalizzare<\/td>\n<\/tr>\n<tr>\n<td>Colori<\/td>\n<td>Come mostrano le immagini o personalizza<\/td>\n<\/tr>\n<tr>\n<td>Materiali<\/td>\n<td>Alluminio, pannello ABS, pannello MDF, rivestimento in EVA\/schiuma\/tessuto\/PU, hardware<\/td>\n<\/tr>\n<tr>\n<td>Logo<\/td>\n<td>Logo in placca metallica, logo stampato, logo in rilievo, logo laser<\/td>\n<\/tr>\n<tr>\n<td>Tempo di campionamento<\/td>\n<td>7 giorni<\/td>\n<\/tr>\n<tr>\n<td>Porto d&#039;imbarco<\/td>\n<td>Guangzhou, Shenzen<\/td>\n<\/tr>\n<tr>\n<td>Condizioni commerciali<\/td>\n<td>EXW, FOB, CIF, DDU, DDP<\/td>\n<\/tr>\n<tr>\n<td>Modalit\u00e0 di pagamento<\/td>\n<td>T\/T, contanti, PayPal, carta di credito<\/td>\n<\/tr>\n<\/tbody>\n<\/table>\n<p><span style=\"color: #003366;\">Caratteristiche:<\/span><\/p>\n<div class=\"mb3\">\n<div class=\"dangerous-html mb3\">\n<ul class=\"a-unordered-list a-vertical a-spacing-mini\">\n<li><span class=\"a-list-item\">\u3010Binario di scorrimento 4 vassoi\u3011: il binario di scorrimento si espande senza intoppi, non scivola fuori quando non viene utilizzato ed \u00e8 saldamente collegato. Il vassoio a 4 livelli ti aiuta a organizzare gli strumenti per il trucco, le collezioni di rossetti, le tavolozze e i pennelli per il trucco.<\/span><\/li>\n<li><span class=\"a-list-item\">Robusta custodia per trucco: i bordi e gli angoli rinforzati in alluminio e metallo di grado A offrono ottime prestazioni in termini di resistenza all&#039;abrasione e sono caratterizzati da leggerezza e durata. I tiranti in alluminio garantiscono un funzionamento regolare e anche resistenza alla corrosione. La superficie nera impermeabile rende questa custodia trolley per il trucco un&#039;eccellente protezione per i cosmetici da esterno.<\/span><\/li>\n<li><span class=\"a-list-item\">\u3010Carrello portaoggetti di grande capacit\u00e0\u3011: C&#039;\u00e8 anche un ampio fondo con un ottimo spazio per riporre strumenti per acconciature, cosmetici e strumenti per unghie. Perfetto per truccatori professionisti, parrucchieri, manicure, tatuatori o per chi ha una montagna di cosmetici.<\/span><\/li>\n<li><span class=\"a-list-item\">\u3010Carrello per il trucco con ruote girevoli a 360\u00b0\u3011 \uff1a Questa valigia per treno \u00e8 dotata di quattro ruote girevoli a 360\u00b0 di alta qualit\u00e0 che garantiscono movimenti fluidi e silenziosi, maggiore risparmio di manodopera. Le ruote staccabili possono essere facilmente rimosse o sostituite se necessario.<\/span><\/li>\n<li><span class=\"a-list-item\">Regalo squisito: il carrello per il trucco mantiene la toeletta pulita e ordinata. \u00c8 abbastanza elegante come regalo e conserver\u00e0 molti bei ricordi. La tua bambina, fidanzata o persona amata sar\u00e0 pi\u00f9 felice se riceverai un regalo cos\u00ec bello a San Valentino, Natale, Capodanno, compleanno, matrimonio, ecc.<\/span><\/li>\n<\/ul>\n<\/div>\n<\/div>","protected":false},"excerpt":{"rendered":"<p>Modello: SC-RM0010<\/p>\n<p>Dimensioni: 34 x 24 x 41,5 cm<\/p>\n<p>Quantit\u00e0 minima: 50 pezzi<\/p>\n<p>Tempi di consegna: 15-25 giorni<\/p>\n<p>Campione: disponibile<\/p>","protected":false},"featured_media":20669,"template":"","meta":{"_gspb_post_css":""},"product_cat":[97],"product_tag":[],"featured_image_urls":{"full":["https:\/\/suncasesupply.com\/wp-content\/uploads\/2023\/08\/1-40-scaled.jpg",2560,2560,false],"thumbnail":["https:\/\/suncasesupply.com\/wp-content\/uploads\/2023\/08\/1-40-150x150.jpg",150,150,true],"medium":["https:\/\/suncasesupply.com\/wp-content\/uploads\/2023\/08\/1-40-300x300.jpg",300,300,true],"medium_large":["https:\/\/suncasesupply.com\/wp-content\/uploads\/2023\/08\/1-40-768x768.jpg",768,768,true],"large":["https:\/\/suncasesupply.com\/wp-content\/uploads\/2023\/08\/1-40-1024x1024.jpg",1024,1024,true],"1536x1536":["https:\/\/suncasesupply.com\/wp-content\/uploads\/2023\/08\/1-40-1536x1536.jpg",1536,1536,true],"2048x2048":["https:\/\/suncasesupply.com\/wp-content\/uploads\/2023\/08\/1-40-2048x2048.jpg",2048,2048,true],"trp-custom-language-flag":["https:\/\/suncasesupply.com\/wp-content\/uploads\/2023\/08\/1-40-scaled.jpg",12,12,false],"woocommerce_thumbnail":["https:\/\/suncasesupply.com\/wp-content\/uploads\/2023\/08\/1-40-300x300.jpg",300,300,true],"woocommerce_single":["https:\/\/suncasesupply.com\/wp-content\/uploads\/2023\/08\/1-40-600x600.jpg",600,600,true],"woocommerce_gallery_thumbnail":["https:\/\/suncasesupply.com\/wp-content\/uploads\/2023\/08\/1-40-100x100.jpg",100,100,true]},"post_excerpt_stackable":"<p>Model : SC-RM0010<\/p>\n<p>Size: 34 x 24 x 41.5cm<\/p>\n<p>MOQ: 50pcs<\/p>\n<p>Delivery Time : 15-25 Days<\/p>\n<p>Sample : Available<\/p>\n","category_list":"","author_info":{"name":"","url":""},"comments_num":"0 commenti","_links":{"self":[{"href":"https:\/\/suncasesupply.com\/it\/wp-json\/wp\/v2\/product\/20675"}],"collection":[{"href":"https:\/\/suncasesupply.com\/it\/wp-json\/wp\/v2\/product"}],"about":[{"href":"https:\/\/suncasesupply.com\/it\/wp-json\/wp\/v2\/types\/product"}],"wp:featuredmedia":[{"embeddable":true,"href":"https:\/\/suncasesupply.com\/it\/wp-json\/wp\/v2\/media\/20669"}],"wp:attachment":[{"href":"https:\/\/suncasesupply.com\/it\/wp-json\/wp\/v2\/media?parent=20675"}],"wp:term":[{"taxonomy":"product_cat","embeddable":true,"href":"https:\/\/suncasesupply.com\/it\/wp-json\/wp\/v2\/product_cat?post=20675"},{"taxonomy":"product_tag","embeddable":true,"href":"https:\/\/suncasesupply.com\/it\/wp-json\/wp\/v2\/product_tag?post=20675"}],"curies":[{"name":"wp","href":"https:\/\/api.w.org\/{rel}","templated":true}]}}