{"id":20574,"date":"2023-08-24T17:29:09","date_gmt":"2023-08-24T09:29:09","guid":{"rendered":"https:\/\/suncasesupply.com\/?post_type=product&#038;p=20574"},"modified":"2025-02-26T11:10:58","modified_gmt":"2025-02-26T03:10:58","slug":"portable-aluminum-cosmetic-storage-box-profession-travel-train-beauty-case","status":"publish","type":"product","link":"https:\/\/suncasesupply.com\/it\/product\/portable-aluminum-cosmetic-storage-box-profession-travel-train-beauty-case\/","title":{"rendered":"Custodia per cosmetici portatile in alluminio per cosmetici, borsa da viaggio professionale per treno"},"content":{"rendered":"<p>&nbsp;<\/p>\n<table width=\"774\">\n<tbody>\n<tr>\n<td width=\"177\">Articolo<\/td>\n<td width=\"597\">Custodia per il trucco in alluminio<\/td>\n<\/tr>\n<tr>\n<td>Dimensione<\/td>\n<td>305*205 *260 mm o personalizzare<\/td>\n<\/tr>\n<tr>\n<td>Colori<\/td>\n<td>Come mostrano le immagini o personalizza<\/td>\n<\/tr>\n<tr>\n<td>Materiali<\/td>\n<td>Alluminio, pannello ABS, pannello MDF, rivestimento in EVA\/schiuma\/tessuto\/PU, hardware<\/td>\n<\/tr>\n<tr>\n<td>Logo<\/td>\n<td>Logo in placca metallica, logo stampato, logo in rilievo, logo laser<\/td>\n<\/tr>\n<tr>\n<td>Tempo di campionamento<\/td>\n<td>7 giorni<\/td>\n<\/tr>\n<tr>\n<td>Porto d&#039;imbarco<\/td>\n<td>Guangzhou, Shenzen<\/td>\n<\/tr>\n<tr>\n<td>Condizioni commerciali<\/td>\n<td>EXW, FOB, CIF, DDU, DDP<\/td>\n<\/tr>\n<tr>\n<td>Modalit\u00e0 di pagamento<\/td>\n<td>T\/T, contanti, PayPal, carta di credito<\/td>\n<\/tr>\n<\/tbody>\n<\/table>\n<p><span style=\"color: #003366;\">Caratteristiche:<\/span><\/p>\n<p>Questo caso \u00e8 sicuramente un cercatore di attenzione. Perch\u00e9? Basta guardare quelli simili a cristalli incorporati nella custodia per renderla cos\u00ec regale. Questa custodia ha quattro vassoi estensibili per i tuoi oggetti essenziali di bellezza mantenendoli sempre organizzati. Sicuramente, questa \u00e8 una delle tue custodie per il trucco in movimento.<\/p>\n<ul>\n<li>Finitura e struttura in alluminio di alta qualit\u00e0 per una maggiore durata<\/li>\n<li>Bellissima nuova finitura nera e rosa e simile al cristallo con finiture in alluminio<\/li>\n<li>Interno facile da pulire<\/li>\n<li>Ampio vano portaoggetti centrale<\/li>\n<li>Maniglia resistente per maggiore comfort e presa<\/li>\n<li>Dimensioni complessive della custodia (LxWxH): 12\u2033 x 8\u2033 x 10,25\u2033<\/li>\n<li>Peso dell&#039;articolo: 8 libbre<\/li>\n<\/ul>","protected":false},"excerpt":{"rendered":"<p>Modello: SC-CM0016<\/p>\n<p>Dimensioni: 305*205*260mm<\/p>\n<p>Quantit\u00e0 minima: 100 pezzi<\/p>\n<p>Tempi di consegna: 15-25 giorni<\/p>\n<p>Campione: disponibile<\/p>","protected":false},"featured_media":20575,"template":"","meta":{"_gspb_post_css":""},"product_cat":[96],"product_tag":[],"featured_image_urls":{"full":["https:\/\/suncasesupply.com\/wp-content\/uploads\/2023\/08\/vp00943_a3_2000x.webp",2000,2000,false],"thumbnail":["https:\/\/suncasesupply.com\/wp-content\/uploads\/2023\/08\/vp00943_a3_2000x-150x150.webp",150,150,true],"medium":["https:\/\/suncasesupply.com\/wp-content\/uploads\/2023\/08\/vp00943_a3_2000x-300x300.webp",300,300,true],"medium_large":["https:\/\/suncasesupply.com\/wp-content\/uploads\/2023\/08\/vp00943_a3_2000x-768x768.webp",768,768,true],"large":["https:\/\/suncasesupply.com\/wp-content\/uploads\/2023\/08\/vp00943_a3_2000x-1024x1024.webp",1024,1024,true],"1536x1536":["https:\/\/suncasesupply.com\/wp-content\/uploads\/2023\/08\/vp00943_a3_2000x-1536x1536.webp",1536,1536,true],"2048x2048":["https:\/\/suncasesupply.com\/wp-content\/uploads\/2023\/08\/vp00943_a3_2000x.webp",2000,2000,false],"trp-custom-language-flag":["https:\/\/suncasesupply.com\/wp-content\/uploads\/2023\/08\/vp00943_a3_2000x.webp",12,12,false],"woocommerce_thumbnail":["https:\/\/suncasesupply.com\/wp-content\/uploads\/2023\/08\/vp00943_a3_2000x-300x300.webp",300,300,true],"woocommerce_single":["https:\/\/suncasesupply.com\/wp-content\/uploads\/2023\/08\/vp00943_a3_2000x-600x600.webp",600,600,true],"woocommerce_gallery_thumbnail":["https:\/\/suncasesupply.com\/wp-content\/uploads\/2023\/08\/vp00943_a3_2000x-100x100.webp",100,100,true]},"post_excerpt_stackable":"<p>Model : SC-CM0016<\/p>\n<p>Size: 305*205 *260 mm<\/p>\n<p>MOQ: 100pcs<\/p>\n<p>Delivery Time : 15-25 Days<\/p>\n<p>Sample : Available<\/p>\n","category_list":"","author_info":{"name":"","url":""},"comments_num":"0 commenti","_links":{"self":[{"href":"https:\/\/suncasesupply.com\/it\/wp-json\/wp\/v2\/product\/20574"}],"collection":[{"href":"https:\/\/suncasesupply.com\/it\/wp-json\/wp\/v2\/product"}],"about":[{"href":"https:\/\/suncasesupply.com\/it\/wp-json\/wp\/v2\/types\/product"}],"wp:featuredmedia":[{"embeddable":true,"href":"https:\/\/suncasesupply.com\/it\/wp-json\/wp\/v2\/media\/20575"}],"wp:attachment":[{"href":"https:\/\/suncasesupply.com\/it\/wp-json\/wp\/v2\/media?parent=20574"}],"wp:term":[{"taxonomy":"product_cat","embeddable":true,"href":"https:\/\/suncasesupply.com\/it\/wp-json\/wp\/v2\/product_cat?post=20574"},{"taxonomy":"product_tag","embeddable":true,"href":"https:\/\/suncasesupply.com\/it\/wp-json\/wp\/v2\/product_tag?post=20574"}],"curies":[{"name":"wp","href":"https:\/\/api.w.org\/{rel}","templated":true}]}}