{"id":20525,"date":"2023-08-24T16:08:23","date_gmt":"2023-08-24T08:08:23","guid":{"rendered":"https:\/\/suncasesupply.com\/?post_type=product&#038;p=20525"},"modified":"2025-02-20T14:37:03","modified_gmt":"2025-02-20T06:37:03","slug":"carrying-aluminum-lp-storage-case-portable-vinyl-record-case-25-lps","status":"publish","type":"product","link":"https:\/\/suncasesupply.com\/it\/product\/carrying-aluminum-lp-storage-case-portable-vinyl-record-case-25-lps\/","title":{"rendered":"Custodia da trasporto in alluminio per LP Custodia portatile per dischi in vinile (25 LP)"},"content":{"rendered":"<p>&nbsp;<\/p>\n<table width=\"774\">\n<tbody>\n<tr>\n<td width=\"177\">Articolo<\/td>\n<td width=\"597\">Custodia in alluminio<\/td>\n<\/tr>\n<tr>\n<td>Dimensione<\/td>\n<td>36 x 12 x 36 cm o personalizzare<\/td>\n<\/tr>\n<tr>\n<td>Colori<\/td>\n<td>Come mostrano le immagini o personalizza<\/td>\n<\/tr>\n<tr>\n<td>Materiali<\/td>\n<td>Alluminio, pannello ABS, pannello MDF, rivestimento in EVA\/schiuma\/tessuto\/PU, hardware<\/td>\n<\/tr>\n<tr>\n<td>Logo<\/td>\n<td>Logo in placca metallica, logo stampato, logo in rilievo, logo laser<\/td>\n<\/tr>\n<tr>\n<td>Tempo di campionamento<\/td>\n<td>7 giorni<\/td>\n<\/tr>\n<tr>\n<td>Porto d&#039;imbarco<\/td>\n<td>Guangzhou, Shenzen<\/td>\n<\/tr>\n<tr>\n<td>Condizioni commerciali<\/td>\n<td>EXW, FOB, CIF, DDU, DDP<\/td>\n<\/tr>\n<tr>\n<td>Modalit\u00e0 di pagamento<\/td>\n<td>T\/T, contanti, PayPal, carta di credito<\/td>\n<\/tr>\n<\/tbody>\n<\/table>\n<p><span style=\"color: #003366;\">Caratteristiche:<\/span><\/p>\n<p>Questa custodia per dischi da 12 pollici \u00e8 progettata per l&#039;archiviazione e il trasporto di un massimo di 25 LP da 12 pollici. Questo formato \u00e8 la soluzione pi\u00f9 compatta della serie ed \u00e8 ideale per conservare le rarit\u00e0. Il coperchio della custodia per dischi \u00e8 fissato saldamente su due cerniere in metallo e una chiusura a scatto con chiave protegge i singoli dischi dal furto.<\/p>\n<p>Nonostante la sua struttura robusta, la custodia del disco ha un peso proprio ridotto e la maniglia della custodia montata sulla superficie rende la scatola facilmente impilabile. La struttura in alluminio, pannelli MDF rivestiti in plastica, rivetti e morbida imbottitura interna garantiscono una protezione ottimale dei dischi. La custodia per dischi DJ \u00e8 disponibile in tre varianti di colore: argento\/argento, argento\/nero e nero\/nero.<\/p>\n<p>Dettagli tecnici:<br \/>\n\u2022 Custodia portadischi con una capacit\u00e0 massima di 25 pz. Dischi da 12\u2033.<br \/>\n\u2022 Coperchio fisso, chiusura a scatto<br \/>\n\u2022 Materiale: alluminio, pannelli MDF plastificati<br \/>\n\u2022 Gli angoli di protezione in metallo proteggono dagli urti e dall&#039;usura<br \/>\n\u2022 Piedini in gomma antiscivolo<br \/>\n\u2022 Disponibile in tre colori: Argento\/argento, argento\/nero; nero\/nero<br \/>\n\u2022 Dimensioni (LxPxA): 36 x 12 x 36 cm<br \/>\n\u2022 Peso 2 kg<\/p>","protected":false},"excerpt":{"rendered":"<p>Modello: SC-LP0022<\/p>\n<p>Dimensioni: 36 x 12 x 36 cm<\/p>\n<p>Capacit\u00e0: 70 LP da 12\u2033<\/p>\n<p>Quantit\u00e0 minima: 100 pezzi<\/p>\n<p>Tempi di consegna: 15-25 giorni<\/p>\n<p>Campione: disponibile<\/p>","protected":false},"featured_media":20526,"template":"","meta":{"_gspb_post_css":""},"product_cat":[83],"product_tag":[],"featured_image_urls":{"full":["https:\/\/suncasesupply.com\/wp-content\/uploads\/2023\/08\/3-vinyl-case-12-record-case-25-lps-silver-silver.webp",970,970,false],"thumbnail":["https:\/\/suncasesupply.com\/wp-content\/uploads\/2023\/08\/3-vinyl-case-12-record-case-25-lps-silver-silver-150x150.webp",150,150,true],"medium":["https:\/\/suncasesupply.com\/wp-content\/uploads\/2023\/08\/3-vinyl-case-12-record-case-25-lps-silver-silver-300x300.webp",300,300,true],"medium_large":["https:\/\/suncasesupply.com\/wp-content\/uploads\/2023\/08\/3-vinyl-case-12-record-case-25-lps-silver-silver-768x768.webp",768,768,true],"large":["https:\/\/suncasesupply.com\/wp-content\/uploads\/2023\/08\/3-vinyl-case-12-record-case-25-lps-silver-silver.webp",970,970,false],"1536x1536":["https:\/\/suncasesupply.com\/wp-content\/uploads\/2023\/08\/3-vinyl-case-12-record-case-25-lps-silver-silver.webp",970,970,false],"2048x2048":["https:\/\/suncasesupply.com\/wp-content\/uploads\/2023\/08\/3-vinyl-case-12-record-case-25-lps-silver-silver.webp",970,970,false],"trp-custom-language-flag":["https:\/\/suncasesupply.com\/wp-content\/uploads\/2023\/08\/3-vinyl-case-12-record-case-25-lps-silver-silver.webp",12,12,false],"woocommerce_thumbnail":["https:\/\/suncasesupply.com\/wp-content\/uploads\/2023\/08\/3-vinyl-case-12-record-case-25-lps-silver-silver-300x300.webp",300,300,true],"woocommerce_single":["https:\/\/suncasesupply.com\/wp-content\/uploads\/2023\/08\/3-vinyl-case-12-record-case-25-lps-silver-silver-600x600.webp",600,600,true],"woocommerce_gallery_thumbnail":["https:\/\/suncasesupply.com\/wp-content\/uploads\/2023\/08\/3-vinyl-case-12-record-case-25-lps-silver-silver-100x100.webp",100,100,true]},"post_excerpt_stackable":"<p>Model : SC-LP0022<\/p>\n<p>Size: 36 x 12 x 36 cm<\/p>\n<p>Capacity: 70 12&#8243; LPs<\/p>\n<p>MOQ: 100pcs<\/p>\n<p>Delivery Time : 15-25 Days<\/p>\n<p>Sample : Available<\/p>\n","category_list":"","author_info":{"name":"","url":""},"comments_num":"0 commenti","_links":{"self":[{"href":"https:\/\/suncasesupply.com\/it\/wp-json\/wp\/v2\/product\/20525"}],"collection":[{"href":"https:\/\/suncasesupply.com\/it\/wp-json\/wp\/v2\/product"}],"about":[{"href":"https:\/\/suncasesupply.com\/it\/wp-json\/wp\/v2\/types\/product"}],"wp:featuredmedia":[{"embeddable":true,"href":"https:\/\/suncasesupply.com\/it\/wp-json\/wp\/v2\/media\/20526"}],"wp:attachment":[{"href":"https:\/\/suncasesupply.com\/it\/wp-json\/wp\/v2\/media?parent=20525"}],"wp:term":[{"taxonomy":"product_cat","embeddable":true,"href":"https:\/\/suncasesupply.com\/it\/wp-json\/wp\/v2\/product_cat?post=20525"},{"taxonomy":"product_tag","embeddable":true,"href":"https:\/\/suncasesupply.com\/it\/wp-json\/wp\/v2\/product_tag?post=20525"}],"curies":[{"name":"wp","href":"https:\/\/api.w.org\/{rel}","templated":true}]}}