{"id":20493,"date":"2023-08-24T15:12:02","date_gmt":"2023-08-24T07:12:02","guid":{"rendered":"https:\/\/suncasesupply.com\/?post_type=product&#038;p=20493"},"modified":"2025-02-20T14:39:12","modified_gmt":"2025-02-20T06:39:12","slug":"100-lp-12%e2%80%b3-dj-storage-aluminum-dj-flight-carry-case-box","status":"publish","type":"product","link":"https:\/\/suncasesupply.com\/it\/product\/100-lp-12%e2%80%b3-dj-storage-aluminum-dj-flight-carry-case-box\/","title":{"rendered":"Custodia per trasporto DJ in alluminio da 100 LP da 12 pollici"},"content":{"rendered":"<p>&nbsp;<\/p>\n<table width=\"774\">\n<tbody>\n<tr>\n<td width=\"177\">Articolo<\/td>\n<td width=\"597\">Custodia in alluminio<\/td>\n<\/tr>\n<tr>\n<td>Dimensione<\/td>\n<td>36 x 36 x 36 cm o personalizzare<\/td>\n<\/tr>\n<tr>\n<td>Colori<\/td>\n<td>Come mostrano le immagini o personalizza<\/td>\n<\/tr>\n<tr>\n<td>Materiali<\/td>\n<td>Alluminio, pannello ABS, pannello MDF, rivestimento in EVA\/schiuma\/tessuto\/PU, hardware<\/td>\n<\/tr>\n<tr>\n<td>Logo<\/td>\n<td>Logo in placca metallica, logo stampato, logo in rilievo, logo laser<\/td>\n<\/tr>\n<tr>\n<td>Tempo di campionamento<\/td>\n<td>7 giorni<\/td>\n<\/tr>\n<tr>\n<td>Porto d&#039;imbarco<\/td>\n<td>Guangzhou, Shenzen<\/td>\n<\/tr>\n<tr>\n<td>Condizioni commerciali<\/td>\n<td>EXW, FOB, CIF, DDU, DDP<\/td>\n<\/tr>\n<tr>\n<td>Modalit\u00e0 di pagamento<\/td>\n<td>T\/T, contanti, PayPal, carta di credito<\/td>\n<\/tr>\n<\/tbody>\n<\/table>\n<p><span style=\"color: #003366;\">Caratteristiche:<\/span><\/p>\n<p>Custodie per dischi in vinile da 12\u2033 con spazio sufficiente per contenere fino a 100 CD o DVD. \u00c8 completato da una fodera interna in velluto. Mantenere il tuo disco in vinile al sicuro nella nostra custodia da trasporto extra large in alluminio ti dar\u00e0 la possibilit\u00e0 di trarre vantaggio da stile, usabilit\u00e0 e qualit\u00e0 a un prezzo conveniente.<\/p>\n<p>Regalati la migliore custodia per dischi in vinile se sei un DJ. O anche se sei un amante della collezione di vinili, poich\u00e9 pu\u00f2 aiutarti a risparmiare spazio in modo efficace.<\/p>","protected":false},"excerpt":{"rendered":"<p>Modello: SC-LP0017<\/p>\n<p>Dimensioni: 36x36x36 cm<\/p>\n<p>Capacit\u00e0: 100 LP da 12\u2033<\/p>\n<p>Quantit\u00e0 minima: 100 pezzi<\/p>\n<p>Tempi di consegna: 15-25 giorni<\/p>\n<p>Campione: disponibile<\/p>","protected":false},"featured_media":21361,"template":"","meta":{"_gspb_post_css":""},"product_cat":[83],"product_tag":[],"featured_image_urls":{"full":["https:\/\/suncasesupply.com\/wp-content\/uploads\/2023\/08\/11-4-1.jpg",1476,1476,false],"thumbnail":["https:\/\/suncasesupply.com\/wp-content\/uploads\/2023\/08\/11-4-1-150x150.jpg",150,150,true],"medium":["https:\/\/suncasesupply.com\/wp-content\/uploads\/2023\/08\/11-4-1-300x300.jpg",300,300,true],"medium_large":["https:\/\/suncasesupply.com\/wp-content\/uploads\/2023\/08\/11-4-1-768x768.jpg",768,768,true],"large":["https:\/\/suncasesupply.com\/wp-content\/uploads\/2023\/08\/11-4-1-1024x1024.jpg",1024,1024,true],"1536x1536":["https:\/\/suncasesupply.com\/wp-content\/uploads\/2023\/08\/11-4-1.jpg",1476,1476,false],"2048x2048":["https:\/\/suncasesupply.com\/wp-content\/uploads\/2023\/08\/11-4-1.jpg",1476,1476,false],"trp-custom-language-flag":["https:\/\/suncasesupply.com\/wp-content\/uploads\/2023\/08\/11-4-1.jpg",12,12,false],"woocommerce_thumbnail":["https:\/\/suncasesupply.com\/wp-content\/uploads\/2023\/08\/11-4-1-300x300.jpg",300,300,true],"woocommerce_single":["https:\/\/suncasesupply.com\/wp-content\/uploads\/2023\/08\/11-4-1-600x600.jpg",600,600,true],"woocommerce_gallery_thumbnail":["https:\/\/suncasesupply.com\/wp-content\/uploads\/2023\/08\/11-4-1-100x100.jpg",100,100,true]},"post_excerpt_stackable":"<p>Model : SC-LP0017<\/p>\n<p>Size: 36 x 36 x 36cm<\/p>\n<p>Capacity: 100 12&#8243; LPs<\/p>\n<p>MOQ: 100pcs<\/p>\n<p>Delivery Time : 15-25 Days<\/p>\n<p>Sample : Available<\/p>\n","category_list":"","author_info":{"name":"","url":""},"comments_num":"0 commenti","_links":{"self":[{"href":"https:\/\/suncasesupply.com\/it\/wp-json\/wp\/v2\/product\/20493"}],"collection":[{"href":"https:\/\/suncasesupply.com\/it\/wp-json\/wp\/v2\/product"}],"about":[{"href":"https:\/\/suncasesupply.com\/it\/wp-json\/wp\/v2\/types\/product"}],"wp:featuredmedia":[{"embeddable":true,"href":"https:\/\/suncasesupply.com\/it\/wp-json\/wp\/v2\/media\/21361"}],"wp:attachment":[{"href":"https:\/\/suncasesupply.com\/it\/wp-json\/wp\/v2\/media?parent=20493"}],"wp:term":[{"taxonomy":"product_cat","embeddable":true,"href":"https:\/\/suncasesupply.com\/it\/wp-json\/wp\/v2\/product_cat?post=20493"},{"taxonomy":"product_tag","embeddable":true,"href":"https:\/\/suncasesupply.com\/it\/wp-json\/wp\/v2\/product_tag?post=20493"}],"curies":[{"name":"wp","href":"https:\/\/api.w.org\/{rel}","templated":true}]}}