{"id":20088,"date":"2023-08-23T09:48:28","date_gmt":"2023-08-23T01:48:28","guid":{"rendered":"https:\/\/suncasesupply.com\/?post_type=product&#038;p=20088"},"modified":"2025-02-26T11:25:24","modified_gmt":"2025-02-26T03:25:24","slug":"travel-makeup-train-case-professional-large-makeup-case-portable-artist-storage-bag-with-mirror","status":"publish","type":"product","link":"https:\/\/suncasesupply.com\/it\/product\/travel-makeup-train-case-professional-large-makeup-case-portable-artist-storage-bag-with-mirror\/","title":{"rendered":"Custodia da viaggio per trucco Custodia professionale per trucco grande Borsa portatile per artista con specchio"},"content":{"rendered":"<p>&nbsp;<\/p>\n<table width=\"774\">\n<tbody>\n<tr>\n<td width=\"177\">Articolo<\/td>\n<td width=\"597\">Borsa dei trucchi<\/td>\n<\/tr>\n<tr>\n<td>Dimensione<\/td>\n<td>40*28*14 cm o personalizzare<\/td>\n<\/tr>\n<tr>\n<td>Colori<\/td>\n<td>Come mostrano le immagini o personalizza<\/td>\n<\/tr>\n<tr>\n<td>Materiali<\/td>\n<td>Oxford\/PU, cerniere in plastica\/metallo, EVA, PVC, nylon...<\/td>\n<\/tr>\n<tr>\n<td>Logo<\/td>\n<td>Logo in placca metallica, logo stampato, logo in rilievo, logo laser<\/td>\n<\/tr>\n<tr>\n<td>Tempo di campionamento<\/td>\n<td>7 giorni<\/td>\n<\/tr>\n<tr>\n<td>Porto d&#039;imbarco<\/td>\n<td>Guangzhou, Shenzen<\/td>\n<\/tr>\n<tr>\n<td>Condizioni commerciali<\/td>\n<td>EXW, FOB, CIF, DDU, DDP<\/td>\n<\/tr>\n<tr>\n<td>Modalit\u00e0 di pagamento<\/td>\n<td>T\/T, contanti, PayPal, carta di credito<\/td>\n<\/tr>\n<\/tbody>\n<\/table>\n<p><span style=\"color: #003366;\">Caratteristiche:<\/span><\/p>\n<p>L&#039;esterno di questa borsa per cosmetici professionale \u00e8 realizzato in tessuto Oxford di alta qualit\u00e0, mentre l&#039;interno \u00e8 rivestito con spugna in schiuma EVA che \u00e8 impermeabile, resistente allo sporco, antiestrusione e non facile da deformare. La testa della catena della cerniera \u00e8 zincata per garantire resistenza alla corrosione e prevenire lo sbiadimento.<br \/>\nQuesta borsa per cosmetici \u00e8 dotata di spallacci che ne consentono l&#039;utilizzo come borsa a tracolla o zaino. Pu\u00f2 anche essere agganciato ad un trolley per un trasporto ancora pi\u00f9 semplice. Questo lo rende perfetto per i viaggi di lavoro o qualsiasi altra situazione in cui \u00e8 necessario poter portare con s\u00e9 il trucco.<\/p>","protected":false},"excerpt":{"rendered":"<p>Modello: SC-MB0006<\/p>\n<p>Dimensioni: 40*28*14 cm<\/p>\n<p>Quantit\u00e0 minima: 100 pezzi<\/p>\n<p>Tempi di consegna: 15-25 giorni<\/p>\n<p>Campione: disponibile<\/p>","protected":false},"featured_media":20089,"template":"","meta":{"_gspb_post_css":""},"product_cat":[95],"product_tag":[],"featured_image_urls":{"full":["https:\/\/suncasesupply.com\/wp-content\/uploads\/2023\/08\/519qo0YCVZL._AC_.jpg",679,679,false],"thumbnail":["https:\/\/suncasesupply.com\/wp-content\/uploads\/2023\/08\/519qo0YCVZL._AC_-150x150.jpg",150,150,true],"medium":["https:\/\/suncasesupply.com\/wp-content\/uploads\/2023\/08\/519qo0YCVZL._AC_-300x300.jpg",300,300,true],"medium_large":["https:\/\/suncasesupply.com\/wp-content\/uploads\/2023\/08\/519qo0YCVZL._AC_.jpg",679,679,false],"large":["https:\/\/suncasesupply.com\/wp-content\/uploads\/2023\/08\/519qo0YCVZL._AC_.jpg",679,679,false],"1536x1536":["https:\/\/suncasesupply.com\/wp-content\/uploads\/2023\/08\/519qo0YCVZL._AC_.jpg",679,679,false],"2048x2048":["https:\/\/suncasesupply.com\/wp-content\/uploads\/2023\/08\/519qo0YCVZL._AC_.jpg",679,679,false],"trp-custom-language-flag":["https:\/\/suncasesupply.com\/wp-content\/uploads\/2023\/08\/519qo0YCVZL._AC_.jpg",12,12,false],"woocommerce_thumbnail":["https:\/\/suncasesupply.com\/wp-content\/uploads\/2023\/08\/519qo0YCVZL._AC_-300x300.jpg",300,300,true],"woocommerce_single":["https:\/\/suncasesupply.com\/wp-content\/uploads\/2023\/08\/519qo0YCVZL._AC_-600x600.jpg",600,600,true],"woocommerce_gallery_thumbnail":["https:\/\/suncasesupply.com\/wp-content\/uploads\/2023\/08\/519qo0YCVZL._AC_-100x100.jpg",100,100,true]},"post_excerpt_stackable":"<p>Model : SC-MB0006<\/p>\n<p>Size:\u00a0 40*28*14cm<\/p>\n<p>MOQ: 100pcs<\/p>\n<p>Delivery Time : 15-25 Days<\/p>\n<p>Sample : Available<\/p>\n","category_list":"","author_info":{"name":"","url":""},"comments_num":"0 commenti","_links":{"self":[{"href":"https:\/\/suncasesupply.com\/it\/wp-json\/wp\/v2\/product\/20088"}],"collection":[{"href":"https:\/\/suncasesupply.com\/it\/wp-json\/wp\/v2\/product"}],"about":[{"href":"https:\/\/suncasesupply.com\/it\/wp-json\/wp\/v2\/types\/product"}],"wp:featuredmedia":[{"embeddable":true,"href":"https:\/\/suncasesupply.com\/it\/wp-json\/wp\/v2\/media\/20089"}],"wp:attachment":[{"href":"https:\/\/suncasesupply.com\/it\/wp-json\/wp\/v2\/media?parent=20088"}],"wp:term":[{"taxonomy":"product_cat","embeddable":true,"href":"https:\/\/suncasesupply.com\/it\/wp-json\/wp\/v2\/product_cat?post=20088"},{"taxonomy":"product_tag","embeddable":true,"href":"https:\/\/suncasesupply.com\/it\/wp-json\/wp\/v2\/product_tag?post=20088"}],"curies":[{"name":"wp","href":"https:\/\/api.w.org\/{rel}","templated":true}]}}