{"id":20030,"date":"2023-08-22T16:57:50","date_gmt":"2023-08-22T08:57:50","guid":{"rendered":"https:\/\/suncasesupply.com\/?post_type=product&#038;p=20030"},"modified":"2025-02-20T14:48:42","modified_gmt":"2025-02-20T06:48:42","slug":"vinyl-record-case-for-7-lps-aluminum-lp-storage-case","status":"publish","type":"product","link":"https:\/\/suncasesupply.com\/it\/product\/vinyl-record-case-for-7-lps-aluminum-lp-storage-case\/","title":{"rendered":"Custodia per dischi in vinile per LP da 7\u2033 Custodia per LP in alluminio"},"content":{"rendered":"<p>&nbsp;<\/p>\n<table width=\"774\">\n<tbody>\n<tr>\n<td width=\"177\">Articolo<\/td>\n<td width=\"597\">Custodia in alluminio<\/td>\n<\/tr>\n<tr>\n<td>Dimensione<\/td>\n<td>\u00a043,5 x 22,5 x 22,5 cm o personalizzare<\/td>\n<\/tr>\n<tr>\n<td>Colori<\/td>\n<td>Come mostrano le immagini o personalizza<\/td>\n<\/tr>\n<tr>\n<td>Materiali<\/td>\n<td>Alluminio, pannello ABS, pannello MDF, rivestimento in EVA\/schiuma\/tessuto\/PU, hardware<\/td>\n<\/tr>\n<tr>\n<td>Logo<\/td>\n<td>Logo in placca metallica, logo stampato, logo in rilievo, logo laser<\/td>\n<\/tr>\n<tr>\n<td>Tempo di campionamento<\/td>\n<td>7 giorni<\/td>\n<\/tr>\n<tr>\n<td>Porto d&#039;imbarco<\/td>\n<td>Guangzhou, Shenzen<\/td>\n<\/tr>\n<tr>\n<td>Condizioni commerciali<\/td>\n<td>EXW, FOB, CIF, DDU, DDP<\/td>\n<\/tr>\n<tr>\n<td>Modalit\u00e0 di pagamento<\/td>\n<td>T\/T, contanti, PayPal, carta di credito<\/td>\n<\/tr>\n<\/tbody>\n<\/table>\n<p><span style=\"color: #003366;\">Caratteristiche:<\/span><\/p>\n<p>Con una capacit\u00e0 fino a 200 singoli, la custodia per dischi da 7 pollici \u00e8 un must per chiunque ami fare il DJ. Il coperchio della custodia per dischi DJ \u00e8 fissato saldamente su 2 robuste cerniere in metallo. La robusta struttura in alluminio, pannelli MDF rivestiti in plastica e morbida imbottitura interna garantiscono ai singoli un&#039;eccellente protezione da urti, luce e calore. Una serratura a scatto con chiave protegge i tuoi single dai furti. La custodia del disco per single \u00e8 facile da trasportare grazie alla maniglia della custodia. Nonostante la sua enorme capacit\u00e0, la struttura robusta e i materiali di alta qualit\u00e0, la custodia per dischi in vinile ha un peso proprio ridotto.<\/p>","protected":false},"excerpt":{"rendered":"<p>Modello: SC-LP0008<\/p>\n<p>Dimensioni: 43,5 x 22,5 x 22,5 cm<\/p>\n<p>Capacit\u00e0: 200 LP 7\u2033<\/p>\n<p>Quantit\u00e0 minima: 100 pezzi<\/p>\n<p>Tempi di consegna: 15-25 giorni<\/p>\n<p>Campione: disponibile<\/p>","protected":false},"featured_media":20031,"template":"","meta":{"_gspb_post_css":""},"product_cat":[83],"product_tag":[],"featured_image_urls":{"full":["https:\/\/suncasesupply.com\/wp-content\/uploads\/2023\/08\/1-vinyl-case-7-record-case-200-singles-silver-silver.webp",970,970,false],"thumbnail":["https:\/\/suncasesupply.com\/wp-content\/uploads\/2023\/08\/1-vinyl-case-7-record-case-200-singles-silver-silver-150x150.webp",150,150,true],"medium":["https:\/\/suncasesupply.com\/wp-content\/uploads\/2023\/08\/1-vinyl-case-7-record-case-200-singles-silver-silver-300x300.webp",300,300,true],"medium_large":["https:\/\/suncasesupply.com\/wp-content\/uploads\/2023\/08\/1-vinyl-case-7-record-case-200-singles-silver-silver-768x768.webp",768,768,true],"large":["https:\/\/suncasesupply.com\/wp-content\/uploads\/2023\/08\/1-vinyl-case-7-record-case-200-singles-silver-silver.webp",970,970,false],"1536x1536":["https:\/\/suncasesupply.com\/wp-content\/uploads\/2023\/08\/1-vinyl-case-7-record-case-200-singles-silver-silver.webp",970,970,false],"2048x2048":["https:\/\/suncasesupply.com\/wp-content\/uploads\/2023\/08\/1-vinyl-case-7-record-case-200-singles-silver-silver.webp",970,970,false],"trp-custom-language-flag":["https:\/\/suncasesupply.com\/wp-content\/uploads\/2023\/08\/1-vinyl-case-7-record-case-200-singles-silver-silver.webp",12,12,false],"woocommerce_thumbnail":["https:\/\/suncasesupply.com\/wp-content\/uploads\/2023\/08\/1-vinyl-case-7-record-case-200-singles-silver-silver-300x300.webp",300,300,true],"woocommerce_single":["https:\/\/suncasesupply.com\/wp-content\/uploads\/2023\/08\/1-vinyl-case-7-record-case-200-singles-silver-silver-600x600.webp",600,600,true],"woocommerce_gallery_thumbnail":["https:\/\/suncasesupply.com\/wp-content\/uploads\/2023\/08\/1-vinyl-case-7-record-case-200-singles-silver-silver-100x100.webp",100,100,true]},"post_excerpt_stackable":"<p>Model : SC-LP0008<\/p>\n<p>Size: \u00a043,5 x 22,5 x 22,5 cm<\/p>\n<p>Capacity: 200 7&#8243; LPs<\/p>\n<p>MOQ: 100pcs<\/p>\n<p>Delivery Time : 15-25 Days<\/p>\n<p>Sample : Available<\/p>\n","category_list":"","author_info":{"name":"","url":""},"comments_num":"0 commenti","_links":{"self":[{"href":"https:\/\/suncasesupply.com\/it\/wp-json\/wp\/v2\/product\/20030"}],"collection":[{"href":"https:\/\/suncasesupply.com\/it\/wp-json\/wp\/v2\/product"}],"about":[{"href":"https:\/\/suncasesupply.com\/it\/wp-json\/wp\/v2\/types\/product"}],"wp:featuredmedia":[{"embeddable":true,"href":"https:\/\/suncasesupply.com\/it\/wp-json\/wp\/v2\/media\/20031"}],"wp:attachment":[{"href":"https:\/\/suncasesupply.com\/it\/wp-json\/wp\/v2\/media?parent=20030"}],"wp:term":[{"taxonomy":"product_cat","embeddable":true,"href":"https:\/\/suncasesupply.com\/it\/wp-json\/wp\/v2\/product_cat?post=20030"},{"taxonomy":"product_tag","embeddable":true,"href":"https:\/\/suncasesupply.com\/it\/wp-json\/wp\/v2\/product_tag?post=20030"}],"curies":[{"name":"wp","href":"https:\/\/api.w.org\/{rel}","templated":true}]}}