{"id":20006,"date":"2023-08-22T16:39:38","date_gmt":"2023-08-22T08:39:38","guid":{"rendered":"https:\/\/suncasesupply.com\/?post_type=product&#038;p=20006"},"modified":"2025-02-20T14:49:23","modified_gmt":"2025-02-20T06:49:23","slug":"aluminum-carry-lp-storage-case-12-record-case-all-black50-lps","status":"publish","type":"product","link":"https:\/\/suncasesupply.com\/it\/product\/aluminum-carry-lp-storage-case-12-record-case-all-black50-lps\/","title":{"rendered":"Custodia per trasporto LP in alluminio Custodia per dischi da 12 pollici tutta nera (50 LP)"},"content":{"rendered":"<p>&nbsp;<\/p>\n<table width=\"774\">\n<tbody>\n<tr>\n<td width=\"177\">Articolo<\/td>\n<td width=\"597\">Custodia per LP in alluminio<\/td>\n<\/tr>\n<tr>\n<td>Dimensione<\/td>\n<td>36 x 18 x 36 cm o personalizzare<\/td>\n<\/tr>\n<tr>\n<td>Colori<\/td>\n<td>Come mostrano le immagini o personalizza<\/td>\n<\/tr>\n<tr>\n<td>Materiali<\/td>\n<td>Alluminio, pannello ABS, pannello MDF, rivestimento in EVA\/schiuma\/tessuto\/PU, hardware<\/td>\n<\/tr>\n<tr>\n<td>Logo<\/td>\n<td>Logo in placca metallica, logo stampato, logo in rilievo, logo laser<\/td>\n<\/tr>\n<tr>\n<td>Tempo di campionamento<\/td>\n<td>7 giorni<\/td>\n<\/tr>\n<tr>\n<td>Porto d&#039;imbarco<\/td>\n<td>Guangzhou, Shenzen<\/td>\n<\/tr>\n<tr>\n<td>Condizioni commerciali<\/td>\n<td>EXW, FOB, CIF, DDU, DDP<\/td>\n<\/tr>\n<tr>\n<td>Modalit\u00e0 di pagamento<\/td>\n<td>T\/T, contanti, PayPal, carta di credito<\/td>\n<\/tr>\n<\/tbody>\n<\/table>\n<p><span style=\"color: #003366;\">Caratteristiche:<\/span><\/p>\n<p>La custodia per dischi da 12 pollici \u00e8 progettata per archiviare e trasportare fino a 50 dischi da 12 pollici. Con la sua struttura stabile con profili in alluminio, pannelli MDF rivestiti in plastica, rivetti e un rivestimento in morbida schiuma, la custodia del disco offre una protezione ottimale contro urti, luce e calore.<\/p>\n<p>Il coperchio della custodia per dischi LP \u00e8 saldamente installato su 2 robuste cerniere in metallo. Una chiusura a scatto offre una protezione antifurto affidabile. Grazie al suo peso proprio ridotto e alla struttura stabile, la custodia per dischi in alluminio \u00e8 una custodia per dischi per DJ ideale che pu\u00f2 essere trasportata senza problemi anche regolarmente. La box \u00e8 disponibile in tre varianti colore: argento\/argento, argento\/nero e nero\/nero.<\/p>","protected":false},"excerpt":{"rendered":"<p>Modello: SC-LP0005<\/p>\n<p>Dimensioni: 36 x 18 x 36 cm<\/p>\n<p>Capacit\u00e0: 50 LP da 12\u2033<\/p>\n<p>Quantit\u00e0 minima: 100 pezzi<\/p>\n<p>Tempi di consegna: 15-25 giorni<\/p>\n<p>Campione: disponibile<\/p>","protected":false},"featured_media":20007,"template":"","meta":{"_gspb_post_css":""},"product_cat":[83],"product_tag":[],"featured_image_urls":{"full":["https:\/\/suncasesupply.com\/wp-content\/uploads\/2023\/08\/2-vinyl-case-12-record-case-50-lps-black-black.webp",475,475,false],"thumbnail":["https:\/\/suncasesupply.com\/wp-content\/uploads\/2023\/08\/2-vinyl-case-12-record-case-50-lps-black-black-150x150.webp",150,150,true],"medium":["https:\/\/suncasesupply.com\/wp-content\/uploads\/2023\/08\/2-vinyl-case-12-record-case-50-lps-black-black-300x300.webp",300,300,true],"medium_large":["https:\/\/suncasesupply.com\/wp-content\/uploads\/2023\/08\/2-vinyl-case-12-record-case-50-lps-black-black.webp",475,475,false],"large":["https:\/\/suncasesupply.com\/wp-content\/uploads\/2023\/08\/2-vinyl-case-12-record-case-50-lps-black-black.webp",475,475,false],"1536x1536":["https:\/\/suncasesupply.com\/wp-content\/uploads\/2023\/08\/2-vinyl-case-12-record-case-50-lps-black-black.webp",475,475,false],"2048x2048":["https:\/\/suncasesupply.com\/wp-content\/uploads\/2023\/08\/2-vinyl-case-12-record-case-50-lps-black-black.webp",475,475,false],"trp-custom-language-flag":["https:\/\/suncasesupply.com\/wp-content\/uploads\/2023\/08\/2-vinyl-case-12-record-case-50-lps-black-black.webp",12,12,false],"woocommerce_thumbnail":["https:\/\/suncasesupply.com\/wp-content\/uploads\/2023\/08\/2-vinyl-case-12-record-case-50-lps-black-black-300x300.webp",300,300,true],"woocommerce_single":["https:\/\/suncasesupply.com\/wp-content\/uploads\/2023\/08\/2-vinyl-case-12-record-case-50-lps-black-black.webp",475,475,false],"woocommerce_gallery_thumbnail":["https:\/\/suncasesupply.com\/wp-content\/uploads\/2023\/08\/2-vinyl-case-12-record-case-50-lps-black-black-100x100.webp",100,100,true]},"post_excerpt_stackable":"<p>Model : SC-LP0005<\/p>\n<p>Size: 36 x 18 x 36 cm<\/p>\n<p>Capacity: 50 12&#8243; LPs<\/p>\n<p>MOQ: 100pcs<\/p>\n<p>Delivery Time : 15-25 Days<\/p>\n<p>Sample : Available<\/p>\n","category_list":"","author_info":{"name":"","url":""},"comments_num":"0 commenti","_links":{"self":[{"href":"https:\/\/suncasesupply.com\/it\/wp-json\/wp\/v2\/product\/20006"}],"collection":[{"href":"https:\/\/suncasesupply.com\/it\/wp-json\/wp\/v2\/product"}],"about":[{"href":"https:\/\/suncasesupply.com\/it\/wp-json\/wp\/v2\/types\/product"}],"wp:featuredmedia":[{"embeddable":true,"href":"https:\/\/suncasesupply.com\/it\/wp-json\/wp\/v2\/media\/20007"}],"wp:attachment":[{"href":"https:\/\/suncasesupply.com\/it\/wp-json\/wp\/v2\/media?parent=20006"}],"wp:term":[{"taxonomy":"product_cat","embeddable":true,"href":"https:\/\/suncasesupply.com\/it\/wp-json\/wp\/v2\/product_cat?post=20006"},{"taxonomy":"product_tag","embeddable":true,"href":"https:\/\/suncasesupply.com\/it\/wp-json\/wp\/v2\/product_tag?post=20006"}],"curies":[{"name":"wp","href":"https:\/\/api.w.org\/{rel}","templated":true}]}}