{"id":19998,"date":"2023-08-22T16:33:17","date_gmt":"2023-08-22T08:33:17","guid":{"rendered":"https:\/\/suncasesupply.com\/?post_type=product&#038;p=19998"},"modified":"2025-02-20T14:50:07","modified_gmt":"2025-02-20T06:50:07","slug":"7-vinyl-record-case-aluminum-lp-storage-box-50-singles","status":"publish","type":"product","link":"https:\/\/suncasesupply.com\/it\/product\/7-vinyl-record-case-aluminum-lp-storage-box-50-singles\/","title":{"rendered":"Custodia per dischi in vinile da 7\u2033 Custodia per LP in alluminio (50 singoli)"},"content":{"rendered":"<p>&nbsp;<\/p>\n<table width=\"774\">\n<tbody>\n<tr>\n<td width=\"177\">Articolo<\/td>\n<td width=\"597\">Custodia per LP in alluminio<\/td>\n<\/tr>\n<tr>\n<td>Dimensione<\/td>\n<td>20,5 x 18 x 25 cm o personalizzare<\/td>\n<\/tr>\n<tr>\n<td>Colori<\/td>\n<td>Come mostrano le immagini o personalizza<\/td>\n<\/tr>\n<tr>\n<td>Materiali<\/td>\n<td>Alluminio, pannello ABS, pannello MDF, rivestimento in EVA\/schiuma\/tessuto\/PU, hardware<\/td>\n<\/tr>\n<tr>\n<td>Logo<\/td>\n<td>Logo in placca metallica, logo stampato, logo in rilievo, logo laser<\/td>\n<\/tr>\n<tr>\n<td>Tempo di campionamento<\/td>\n<td>7 giorni<\/td>\n<\/tr>\n<tr>\n<td>Porto d&#039;imbarco<\/td>\n<td>Guangzhou, Shenzen<\/td>\n<\/tr>\n<tr>\n<td>Condizioni commerciali<\/td>\n<td>EXW, FOB, CIF, DDU, DDP<\/td>\n<\/tr>\n<tr>\n<td>Modalit\u00e0 di pagamento<\/td>\n<td>T\/T, contanti, PayPal, carta di credito<\/td>\n<\/tr>\n<\/tbody>\n<\/table>\n<p><span style=\"color: #003366;\">Caratteristiche:<\/span><\/p>\n<p>Con una capacit\u00e0 massima di 50 singoli, la custodia dei dischi da 7 pollici offre un formato che gli amanti del vinile hanno cercato invano. La piccola scatola pu\u00f2 essere trasportata senza sforzo ed \u00e8 molto leggera nonostante la sua stabilit\u00e0. La custodia Record \u00e8 realizzata in alluminio, pannelli MDF rivestiti in plastica e rivetti ed \u00e8 ricoperta all&#039;interno con morbida imbottitura in schiuma. I singoli nel box sono cos\u00ec ottimamente protetti da urti, calore e luce. Il coperchio della custodia dei dischi \u00e8 installato in modo permanente e la scatola \u00e8 dotata di una chiusura a scatto. La custodia dei dischi in vinile \u00e8 disponibile in tre colori: argento\/argento, argento\/nero e nero\/nero.<\/p>","protected":false},"excerpt":{"rendered":"<p>Modello: SC-LP0004<\/p>\n<p>Dimensioni: 20,5 x 18 x 25 cm<\/p>\n<p>Capacit\u00e0: 50 LP da 7\u2033<\/p>\n<p>Quantit\u00e0 minima: 100 pezzi<\/p>\n<p>Tempi di consegna: 15-25 giorni<\/p>\n<p>Campione: disponibile<\/p>","protected":false},"featured_media":19999,"template":"","meta":{"_gspb_post_css":""},"product_cat":[83],"product_tag":[],"featured_image_urls":{"full":["https:\/\/suncasesupply.com\/wp-content\/uploads\/2023\/08\/1-vinyl-case-7-record-case-50-singles-silver-black.webp",970,970,false],"thumbnail":["https:\/\/suncasesupply.com\/wp-content\/uploads\/2023\/08\/1-vinyl-case-7-record-case-50-singles-silver-black-150x150.webp",150,150,true],"medium":["https:\/\/suncasesupply.com\/wp-content\/uploads\/2023\/08\/1-vinyl-case-7-record-case-50-singles-silver-black-300x300.webp",300,300,true],"medium_large":["https:\/\/suncasesupply.com\/wp-content\/uploads\/2023\/08\/1-vinyl-case-7-record-case-50-singles-silver-black-768x768.webp",768,768,true],"large":["https:\/\/suncasesupply.com\/wp-content\/uploads\/2023\/08\/1-vinyl-case-7-record-case-50-singles-silver-black.webp",970,970,false],"1536x1536":["https:\/\/suncasesupply.com\/wp-content\/uploads\/2023\/08\/1-vinyl-case-7-record-case-50-singles-silver-black.webp",970,970,false],"2048x2048":["https:\/\/suncasesupply.com\/wp-content\/uploads\/2023\/08\/1-vinyl-case-7-record-case-50-singles-silver-black.webp",970,970,false],"trp-custom-language-flag":["https:\/\/suncasesupply.com\/wp-content\/uploads\/2023\/08\/1-vinyl-case-7-record-case-50-singles-silver-black.webp",12,12,false],"woocommerce_thumbnail":["https:\/\/suncasesupply.com\/wp-content\/uploads\/2023\/08\/1-vinyl-case-7-record-case-50-singles-silver-black-300x300.webp",300,300,true],"woocommerce_single":["https:\/\/suncasesupply.com\/wp-content\/uploads\/2023\/08\/1-vinyl-case-7-record-case-50-singles-silver-black-600x600.webp",600,600,true],"woocommerce_gallery_thumbnail":["https:\/\/suncasesupply.com\/wp-content\/uploads\/2023\/08\/1-vinyl-case-7-record-case-50-singles-silver-black-100x100.webp",100,100,true]},"post_excerpt_stackable":"<p>Model : SC-LP0004<\/p>\n<p>Size: 20,5 x 18 x 25 cm<\/p>\n<p>Capacity: 50 7&#8243; LPs<\/p>\n<p>MOQ: 100pcs<\/p>\n<p>Delivery Time : 15-25 Days<\/p>\n<p>Sample : Available<\/p>\n","category_list":"","author_info":{"name":"","url":""},"comments_num":"0 commenti","_links":{"self":[{"href":"https:\/\/suncasesupply.com\/it\/wp-json\/wp\/v2\/product\/19998"}],"collection":[{"href":"https:\/\/suncasesupply.com\/it\/wp-json\/wp\/v2\/product"}],"about":[{"href":"https:\/\/suncasesupply.com\/it\/wp-json\/wp\/v2\/types\/product"}],"wp:featuredmedia":[{"embeddable":true,"href":"https:\/\/suncasesupply.com\/it\/wp-json\/wp\/v2\/media\/19999"}],"wp:attachment":[{"href":"https:\/\/suncasesupply.com\/it\/wp-json\/wp\/v2\/media?parent=19998"}],"wp:term":[{"taxonomy":"product_cat","embeddable":true,"href":"https:\/\/suncasesupply.com\/it\/wp-json\/wp\/v2\/product_cat?post=19998"},{"taxonomy":"product_tag","embeddable":true,"href":"https:\/\/suncasesupply.com\/it\/wp-json\/wp\/v2\/product_tag?post=19998"}],"curies":[{"name":"wp","href":"https:\/\/api.w.org\/{rel}","templated":true}]}}