{"id":19938,"date":"2023-08-22T14:54:52","date_gmt":"2023-08-22T06:54:52","guid":{"rendered":"https:\/\/suncasesupply.com\/?post_type=product&#038;p=19938"},"modified":"2025-02-26T11:31:48","modified_gmt":"2025-02-26T03:31:48","slug":"rolling-makeup-train-case-large-storage-cosmetic-salon-barber-case","status":"publish","type":"product","link":"https:\/\/suncasesupply.com\/it\/product\/rolling-makeup-train-case-large-storage-cosmetic-salon-barber-case\/","title":{"rendered":"Valigetta per trucco con ruote Valigetta per barbiere per salone cosmetico di grandi dimensioni"},"content":{"rendered":"<p>&nbsp;<\/p>\n<table width=\"774\">\n<tbody>\n<tr>\n<td width=\"177\">Articolo<\/td>\n<td width=\"597\">Custodia per il trucco con ruote<\/td>\n<\/tr>\n<tr>\n<td>Dimensione<\/td>\n<td>34,3*24*52 cm o personalizzare<\/td>\n<\/tr>\n<tr>\n<td>Colori<\/td>\n<td>Come mostrano le immagini o personalizza<\/td>\n<\/tr>\n<tr>\n<td>Materiali<\/td>\n<td>Alluminio, pannello ABS, pannello MDF, rivestimento in EVA\/schiuma\/tessuto\/PU, hardware<\/td>\n<\/tr>\n<tr>\n<td>Logo<\/td>\n<td>Logo in placca metallica, logo stampato, logo in rilievo, logo laser<\/td>\n<\/tr>\n<tr>\n<td>Tempo di campionamento<\/td>\n<td>7 giorni<\/td>\n<\/tr>\n<tr>\n<td>Porto d&#039;imbarco<\/td>\n<td>Guangzhou, Shenzen<\/td>\n<\/tr>\n<tr>\n<td>Condizioni commerciali<\/td>\n<td>EXW, FOB, CIF, DDU, DDP<\/td>\n<\/tr>\n<tr>\n<td>Modalit\u00e0 di pagamento<\/td>\n<td>T\/T, contanti, PayPal, carta di credito<\/td>\n<\/tr>\n<\/tbody>\n<\/table>\n<p><span style=\"color: #003366;\">Caratteristiche:<\/span><\/p>\n<p>Questo carrello resistente \u00e8 realizzato con una custodia esterna in plastica di alta qualit\u00e0, bordi e angoli rinforzati in alluminio di grado A e metallo e hardware in metallo resistente. Pu\u00f2 cambiare con le sfumature di colore quando cattura la luce da diverse angolazioni.<\/p>\n<p>Lo scivolo \u00e8 facile da estendere e chiudere, mentre non scivola fuori quando non viene utilizzato poich\u00e9 la connessione \u00e8 stabile. I vassoi a 3 livelli con rulli ad anelli e divisore a croce ti aiutano a organizzare gli accessori di gioielleria, la collezione di rossetti, la piccola tavolozza e i pennelli. Il vassoio separato ha una spugna rimovibile che pu\u00f2 tenere lo smalto in posizione verticale o conservare i barattoli di lozione con la spugna rimossa.<br \/>\nIl vassoio centrale separato con deflettore rimovibile smart match. \u00c8 possibile organizzare le diverse dimensioni del gadget<\/p>\n<p>spazio, non solo oggetti ben posizionati e possono essere fissati per evitare scosse e danni da caduta. C&#039;\u00e8 anche un ampio fondo con un ottimo spazio per riporre strumenti per acconciature, cosmetici e strumenti per unghie. Perfetto per truccatori professionisti, parrucchieri, manicure, tatuatori o per chi ha una montagna di cosmetici.<\/p>","protected":false},"excerpt":{"rendered":"<p>Modello: SC-RM0005<\/p>\n<p>Dimensioni: 34,3 x 24 x 52 cm<\/p>\n<p>Quantit\u00e0 minima: 50 pezzi<\/p>\n<p>Tempi di consegna: 15-25 giorni<\/p>\n<p>Campione: disponibile<\/p>","protected":false},"featured_media":19939,"template":"","meta":{"_gspb_post_css":""},"product_cat":[34,97],"product_tag":[],"featured_image_urls":{"full":["https:\/\/suncasesupply.com\/wp-content\/uploads\/2023\/08\/71iJz0vIfkL._AC_UX679_.jpg",679,658,false],"thumbnail":["https:\/\/suncasesupply.com\/wp-content\/uploads\/2023\/08\/71iJz0vIfkL._AC_UX679_-150x150.jpg",150,150,true],"medium":["https:\/\/suncasesupply.com\/wp-content\/uploads\/2023\/08\/71iJz0vIfkL._AC_UX679_-300x291.jpg",300,291,true],"medium_large":["https:\/\/suncasesupply.com\/wp-content\/uploads\/2023\/08\/71iJz0vIfkL._AC_UX679_.jpg",679,658,false],"large":["https:\/\/suncasesupply.com\/wp-content\/uploads\/2023\/08\/71iJz0vIfkL._AC_UX679_.jpg",679,658,false],"1536x1536":["https:\/\/suncasesupply.com\/wp-content\/uploads\/2023\/08\/71iJz0vIfkL._AC_UX679_.jpg",679,658,false],"2048x2048":["https:\/\/suncasesupply.com\/wp-content\/uploads\/2023\/08\/71iJz0vIfkL._AC_UX679_.jpg",679,658,false],"trp-custom-language-flag":["https:\/\/suncasesupply.com\/wp-content\/uploads\/2023\/08\/71iJz0vIfkL._AC_UX679_.jpg",12,12,false],"woocommerce_thumbnail":["https:\/\/suncasesupply.com\/wp-content\/uploads\/2023\/08\/71iJz0vIfkL._AC_UX679_-300x300.jpg",300,300,true],"woocommerce_single":["https:\/\/suncasesupply.com\/wp-content\/uploads\/2023\/08\/71iJz0vIfkL._AC_UX679_-600x581.jpg",600,581,true],"woocommerce_gallery_thumbnail":["https:\/\/suncasesupply.com\/wp-content\/uploads\/2023\/08\/71iJz0vIfkL._AC_UX679_-100x100.jpg",100,100,true]},"post_excerpt_stackable":"<p>Model : SC-RM0005<\/p>\n<p>Size: 34.3*24*52cm<\/p>\n<p>MOQ: 50pcs<\/p>\n<p>Delivery Time : 15-25 Days<\/p>\n<p>Sample : Available<\/p>\n","category_list":"","author_info":{"name":"","url":""},"comments_num":"0 commenti","_links":{"self":[{"href":"https:\/\/suncasesupply.com\/it\/wp-json\/wp\/v2\/product\/19938"}],"collection":[{"href":"https:\/\/suncasesupply.com\/it\/wp-json\/wp\/v2\/product"}],"about":[{"href":"https:\/\/suncasesupply.com\/it\/wp-json\/wp\/v2\/types\/product"}],"wp:featuredmedia":[{"embeddable":true,"href":"https:\/\/suncasesupply.com\/it\/wp-json\/wp\/v2\/media\/19939"}],"wp:attachment":[{"href":"https:\/\/suncasesupply.com\/it\/wp-json\/wp\/v2\/media?parent=19938"}],"wp:term":[{"taxonomy":"product_cat","embeddable":true,"href":"https:\/\/suncasesupply.com\/it\/wp-json\/wp\/v2\/product_cat?post=19938"},{"taxonomy":"product_tag","embeddable":true,"href":"https:\/\/suncasesupply.com\/it\/wp-json\/wp\/v2\/product_tag?post=19938"}],"curies":[{"name":"wp","href":"https:\/\/api.w.org\/{rel}","templated":true}]}}