{"id":19804,"date":"2023-08-21T17:42:15","date_gmt":"2023-08-21T09:42:15","guid":{"rendered":"https:\/\/suncasesupply.com\/?post_type=product&#038;p=19804"},"modified":"2026-03-17T00:51:58","modified_gmt":"2026-03-16T16:51:58","slug":"graded-card-storage-box-premium-trading-card-case-carbon-fiber-slab-case","status":"publish","type":"product","link":"https:\/\/suncasesupply.com\/it\/product\/graded-card-storage-box-premium-trading-card-case-carbon-fiber-slab-case\/","title":{"rendered":"Custodia per carte classificate Custodia per carte collezionabili Premium Custodia per lastre in fibra di carbonio"},"content":{"rendered":"<h4><span style=\"color: #003366;\">Caratteristiche:<\/span><\/h4>\n<ul>\n<li><strong>Facile da trasportare<\/strong>: La maniglia robusta e comoda rende la custodia facile da trasportare, e la custodia \u00e8 molto leggera. In questo modo, la scatola porta-carte in alluminio graduato non \u00e8 solo un ottimo modo per raccogliere le tue carte in negozio o a casa, ma \u00e8 anche facile da trasportare e utilizzare in viaggio.<\/li>\n<li><strong>Costruzione durevole<\/strong>: realizzata con robusti pannelli in legno e una struttura in alluminio, questa scatola portaoggetti per carte classificate offre stile e sicurezza. Gli elementi metallici, come maniglia, serrature, angoli ecc., rendono questa custodia molto robusta e durevole.<\/li>\n<li><strong>Funzione di archiviazione universale<\/strong>: La custodia pu\u00f2 contenere tutti i tipi di carte classificate, come PSA, BSG e altre carte collezionabili. Questa scatola di cartone per carte classificate \u00e8 dotata di piastre rimovibili che si adattano saldamente e impediscono alle carte di scivolare.<\/li>\n<\/ul>\n<h4><span style=\"color: #003366;\">Dettagli del prodotto:<\/span><\/h4>\n<div style=\"display: flex; gap: 20px;\">\n<p><!-- \u7b2c\u4e00\u680f --><\/p>\n<div style=\"flex: 1; text-align: center;\">\n<p><img decoding=\"async\" style=\"max-width: 100%; height: auto; margin-bottom: 10px;\" src=\"https:\/\/suncasesupply.com\/wp-content\/uploads\/2025\/03\/Strong-handle.png\" alt=\"Manico robusto\" \/><\/p>\n<p style=\"font-weight: bold; margin: 5px 0;\">Manico robusto<\/p>\n<p style=\"margin: 0;\">Dotato di una maniglia leggera, realizzata in morbida gomma e una base in metallo robusto, per renderlo robusto e comodo. In questo modo, la scatola per carte in alluminio non \u00e8 solo un ottimo modo per raccogliere le tue carte nel negozio o a casa, ma \u00e8 anche facile da trasportare e utilizzare in movimento.<\/p>\n<\/div>\n<p><!-- \u7b2c\u4e8c\u680f --><\/p>\n<div style=\"flex: 1; text-align: center;\">\n<p><img decoding=\"async\" style=\"max-width: 100%; height: auto; margin-bottom: 10px;\" src=\"https:\/\/suncasesupply.com\/wp-content\/uploads\/2025\/03\/Protective-Foam.png\" alt=\"Schiuma protettiva\" \/><\/p>\n<p style=\"font-weight: bold; margin: 5px 0;\">Schiuma protettiva<\/p>\n<p style=\"margin: 0;\">Il coperchio \u00e8 rivestito in morbida schiuma a nido d&#039;ape, molto resistente agli urti e agli impatti, e offre un&#039;ottima protezione per le carte all&#039;interno. Questa custodia graduata impedisce che le carte si muovano o si danneggino durante il trasporto.<\/p>\n<\/div>\n<p><!-- \u7b2c\u4e09\u680f --><\/p>\n<div style=\"flex: 1; text-align: center;\">\n<p><img decoding=\"async\" style=\"max-width: 100%; height: auto; margin-bottom: 10px;\" src=\"https:\/\/suncasesupply.com\/wp-content\/uploads\/2025\/03\/EVA-dividers.png\" alt=\"Divisori EVA\" \/><\/p>\n<p style=\"font-weight: bold; margin: 5px 0;\">All&#039;interno degli slot<\/p>\n<p style=\"margin: 0;\">Gli scomparti interni sono personalizzati con le tue carte PSA, BSG e altre carte collezionabili, e in ogni slot \u00e8 presente una lastra rimovibile, che mantiene le tue carte in ordine. Il design di queste scatole porta-carte graduate \u00e8 realizzato in morbido materiale EVA che non dannegger\u00e0 le tue preziose collezioni.<\/p>\n<\/div>\n<div style=\"flex: 1; text-align: center;\">\n<p><img decoding=\"async\" style=\"max-width: 100%; height: auto; margin-bottom: 10px;\" src=\"https:\/\/suncasesupply.com\/wp-content\/uploads\/2025\/03\/Combination-Locks.png\" alt=\"Serrature a combinazione\" \/><\/p>\n<p style=\"font-weight: bold; margin: 5px 0;\">Serrature a combinazione<\/p>\n<p style=\"margin: 0;\">La serratura a combinazione garantisce la sicurezza del box e non richiede chiavi aggiuntive. Questo aumenta la sicurezza e la praticit\u00e0 quando si viaggia con il proprio box porta-tessere sportive di qualit\u00e0.<\/p>\n<\/div>\n<\/div>\n<div style=\"background-color: #29599a; padding: 40px 20px; text-align: center; color: #ffffff; border-radius: 10px; margin: 40px auto; max-width: 960px;\">\n<h2 style=\"font-size: 22px; margin-bottom: 20px; font-weight: bold;\"><span style=\"color: #ffffff;\">Acquista la scatola porta-carte di qualit\u00e0 premium di Sun Case, a partire da 100 pezzi!<\/span><\/h2>\n<p><a style=\"display: inline-block; padding: 12px 28px; background-color: #ffffff; color: #29599a; text-decoration: none; border-radius: 6px; font-weight: bold;\" href=\"https:\/\/suncasesupply.com\/it\/contact-us\/\" target=\"_blank\" rel=\"noopener\">Richiedi un preventivo<br \/>\n<\/a><\/p>\n<\/div>\n<h4><span style=\"color: #003366;\">Processo di fabbricazione della custodia per schede classificate:<\/span><\/h4>\n<p><img decoding=\"async\" style=\"max-width: 100%; height: auto; margin-bottom: 10px;\" src=\"https:\/\/suncasesupply.com\/wp-content\/uploads\/2025\/07\/Manufacturing-Process.png\" alt=\"Processo di fabbricazione di Suncase\" \/><\/p>\n<div style=\"display: flex; gap: 20px;\">\n<p><!-- \u7b2c\u4e00\u680f \u6d41\u7a0b1--><\/p>\n<div style=\"flex: 1; text-align: center;\"><\/div>\n<\/div>\n<div style=\"display: flex; gap: 20px;\">\n<div style=\"flex: 1; text-align: center;\">\n<p style=\"font-weight: bold; margin: 5px 0;\">\n<\/div>\n<\/div>\n<h4><span style=\"color: #003366;\">Informazioni utili per gli acquirenti all&#039;ingrosso:<\/span><\/h4>\n<ol>\n<li>\n<p class=\"page-title\" title=\"Cosa rende le carte sportive cos\u00ec preziose?\"><a href=\"https:\/\/suncasesupply.com\/it\/blog\/custom-aluminum-case\/commercial-value-of-sports-cards\/\">Perch\u00e9 le carte sportive sono preziose e scatole per la conservazione delle carte sportive &gt;&gt;<\/a><\/p>\n<\/li>\n<li>\n<p class=\"page-title\" title=\"Cosa rende le carte sportive cos\u00ec preziose?\"><a href=\"https:\/\/suncasesupply.com\/it\/blog\/how-protect-trading-cards-collection\/\">Come proteggere la tua collezione di carte collezionabili &gt;&gt;<\/a><\/p>\n<\/li>\n<li title=\"Come proteggere la tua collezione di carte collezionabili\">\n<p class=\"page-title\" title=\"Scatole per carte sportive: il modo migliore per conservare le carte sportive\"><a href=\"https:\/\/suncasesupply.com\/it\/blog\/custom-aluminum-case\/how-to-store-sports-cards\/\">Scatole portaoggetti per carte sportive: il modo migliore per conservare le carte sportive &gt;&gt;<\/a><\/p>\n<\/li>\n<\/ol>\n<p>&nbsp;<\/p>","protected":false},"excerpt":{"rendered":"<p>Modello: SC-CC0002<\/p>\n<p>Dimensioni: 34,3 x 29,3 x 18,4 cm<\/p>\n<p>Quantit\u00e0 minima: 100 pezzi<\/p>\n<p>Tempi di consegna: 15-25 giorni<\/p>\n<p>Campione: disponibile<\/p>","protected":false},"featured_media":19794,"template":"","meta":{"_gspb_post_css":""},"product_cat":[42,87],"product_tag":[],"featured_image_urls":{"full":["https:\/\/suncasesupply.com\/wp-content\/uploads\/2023\/08\/1-1-scaled.jpg",2560,2560,false],"thumbnail":["https:\/\/suncasesupply.com\/wp-content\/uploads\/2023\/08\/1-1-150x150.jpg",150,150,true],"medium":["https:\/\/suncasesupply.com\/wp-content\/uploads\/2023\/08\/1-1-300x300.jpg",300,300,true],"medium_large":["https:\/\/suncasesupply.com\/wp-content\/uploads\/2023\/08\/1-1-768x768.jpg",768,768,true],"large":["https:\/\/suncasesupply.com\/wp-content\/uploads\/2023\/08\/1-1-1024x1024.jpg",1024,1024,true],"1536x1536":["https:\/\/suncasesupply.com\/wp-content\/uploads\/2023\/08\/1-1-1536x1536.jpg",1536,1536,true],"2048x2048":["https:\/\/suncasesupply.com\/wp-content\/uploads\/2023\/08\/1-1-2048x2048.jpg",2048,2048,true],"trp-custom-language-flag":["https:\/\/suncasesupply.com\/wp-content\/uploads\/2023\/08\/1-1-scaled.jpg",12,12,false],"woocommerce_thumbnail":["https:\/\/suncasesupply.com\/wp-content\/uploads\/2023\/08\/1-1-300x300.jpg",300,300,true],"woocommerce_single":["https:\/\/suncasesupply.com\/wp-content\/uploads\/2023\/08\/1-1-600x600.jpg",600,600,true],"woocommerce_gallery_thumbnail":["https:\/\/suncasesupply.com\/wp-content\/uploads\/2023\/08\/1-1-100x100.jpg",100,100,true]},"post_excerpt_stackable":"<p>Model : SC-CC0002<\/p>\n<p>Size: 34.3*29.3*18.4cmcm<\/p>\n<p>MOQ: 100pcs<\/p>\n<p>Delivery Time : 15-25 Days<\/p>\n<p>Sample : Available<\/p>\n","category_list":"","author_info":{"name":"","url":""},"comments_num":"0 commenti","_links":{"self":[{"href":"https:\/\/suncasesupply.com\/it\/wp-json\/wp\/v2\/product\/19804"}],"collection":[{"href":"https:\/\/suncasesupply.com\/it\/wp-json\/wp\/v2\/product"}],"about":[{"href":"https:\/\/suncasesupply.com\/it\/wp-json\/wp\/v2\/types\/product"}],"wp:featuredmedia":[{"embeddable":true,"href":"https:\/\/suncasesupply.com\/it\/wp-json\/wp\/v2\/media\/19794"}],"wp:attachment":[{"href":"https:\/\/suncasesupply.com\/it\/wp-json\/wp\/v2\/media?parent=19804"}],"wp:term":[{"taxonomy":"product_cat","embeddable":true,"href":"https:\/\/suncasesupply.com\/it\/wp-json\/wp\/v2\/product_cat?post=19804"},{"taxonomy":"product_tag","embeddable":true,"href":"https:\/\/suncasesupply.com\/it\/wp-json\/wp\/v2\/product_tag?post=19804"}],"curies":[{"name":"wp","href":"https:\/\/api.w.org\/{rel}","templated":true}]}}