{"id":19770,"date":"2023-08-21T16:07:55","date_gmt":"2023-08-21T08:07:55","guid":{"rendered":"https:\/\/suncasesupply.com\/?post_type=product&#038;p=19770"},"modified":"2025-02-26T11:51:40","modified_gmt":"2025-02-26T03:51:40","slug":"flight-tv-storage-case-tv-screen-transport-case","status":"publish","type":"product","link":"https:\/\/suncasesupply.com\/it\/product\/flight-tv-storage-case-tv-screen-transport-case\/","title":{"rendered":"Custodia per trasporto TV per volo Custodia per trasporto schermo TV"},"content":{"rendered":"<p>&nbsp;<\/p>\n<table width=\"774\">\n<tbody>\n<tr>\n<td width=\"177\">Articolo<\/td>\n<td width=\"597\">Baule da viaggio<\/td>\n<\/tr>\n<tr>\n<td>Dimensione<\/td>\n<td>personalizzare<\/td>\n<\/tr>\n<tr>\n<td>Colori<\/td>\n<td>Come mostrano le immagini o personalizza<\/td>\n<\/tr>\n<tr>\n<td>Materiali<\/td>\n<td>Alluminio, compensato, rivestimento in EVA\/schiuma\/tessuto\/PU, ferramenta<\/td>\n<\/tr>\n<tr>\n<td>Logo<\/td>\n<td>Logo in placca metallica, logo stampato, logo in rilievo, logo laser<\/td>\n<\/tr>\n<tr>\n<td>Tempo di campionamento<\/td>\n<td>7 giorni<\/td>\n<\/tr>\n<tr>\n<td>Porto d&#039;imbarco<\/td>\n<td>Guangzhou, Shenzen<\/td>\n<\/tr>\n<tr>\n<td>Condizioni commerciali<\/td>\n<td>EXW, FOB, CIF, DDU, DDP<\/td>\n<\/tr>\n<tr>\n<td>Modalit\u00e0 di pagamento<\/td>\n<td>T\/T, contanti, PayPal, carta di credito<\/td>\n<\/tr>\n<\/tbody>\n<\/table>\n<p><span style=\"color: #003366;\">Caratteristiche:<\/span><\/p>\n<p>Questa custodia universale pu\u00f2 adattarsi alla maggior parte degli schermi piatti con display diagonale da 48\u2033 \u2013 60\u2033. I divisori mobili sono una soluzione semplice per dividere e trasportare pi\u00f9 schermi in un&#039;unica custodia. Questa custodia potrebbe non essere adatta a televisori con cornici larghe o custodie profonde, quindi assicurati di misurare le dimensioni esatte degli schermi piatti per assicurarti che questa custodia soddisfi le tue esigenze.<\/p>\n<p>Le dimensioni interne da schiuma a schiuma sono: 55 &quot;L x 18&quot; P x 34 &quot;A. Assicurati che tutti i televisori non siano pi\u00f9 larghi 55&quot; e alti 34 &quot;. Questa custodia \u00e8 dotata di tre divisori mobili, ciascuno dei quali utilizza circa un pollice di profondit\u00e0 interna o lascia 15 pollici di profondit\u00e0 totale tra un massimo di quattro televisori (e i relativi supporti, se collegati). Contattaci se hai bisogno di aiuto per garantire la giusta vestibilit\u00e0 per i tuoi display, saremo lieti di personalizzare il design di questa custodia in base alle tue precise esigenze.<\/p>","protected":false},"excerpt":{"rendered":"<p>Modello: SC-FL0002<\/p>\n<p>Dimensioni esterne: 59&quot; L x 22&quot; P x 43&quot; A (ruote incluse)<\/p>\n<p>Dimensioni interne \u2013 55\u2033 L x 18\u2033 P x 34\u2033 H (da schiuma a schiuma)<\/p>\n<p>Quantit\u00e0 minima: 5 pezzi<\/p>\n<p>Tempi di consegna: 15-25 giorni<\/p>\n<p>Campione: disponibile<\/p>","protected":false},"featured_media":19771,"template":"","meta":{"_gspb_post_css":""},"product_cat":[39,94],"product_tag":[],"featured_image_urls":{"full":["https:\/\/suncasesupply.com\/wp-content\/uploads\/2023\/08\/082__36156.jpg",1280,1025,false],"thumbnail":["https:\/\/suncasesupply.com\/wp-content\/uploads\/2023\/08\/082__36156-150x150.jpg",150,150,true],"medium":["https:\/\/suncasesupply.com\/wp-content\/uploads\/2023\/08\/082__36156-300x240.jpg",300,240,true],"medium_large":["https:\/\/suncasesupply.com\/wp-content\/uploads\/2023\/08\/082__36156-768x615.jpg",768,615,true],"large":["https:\/\/suncasesupply.com\/wp-content\/uploads\/2023\/08\/082__36156-1024x820.jpg",1024,820,true],"1536x1536":["https:\/\/suncasesupply.com\/wp-content\/uploads\/2023\/08\/082__36156.jpg",1280,1025,false],"2048x2048":["https:\/\/suncasesupply.com\/wp-content\/uploads\/2023\/08\/082__36156.jpg",1280,1025,false],"trp-custom-language-flag":["https:\/\/suncasesupply.com\/wp-content\/uploads\/2023\/08\/082__36156.jpg",15,12,false],"woocommerce_thumbnail":["https:\/\/suncasesupply.com\/wp-content\/uploads\/2023\/08\/082__36156-300x300.jpg",300,300,true],"woocommerce_single":["https:\/\/suncasesupply.com\/wp-content\/uploads\/2023\/08\/082__36156-600x480.jpg",600,480,true],"woocommerce_gallery_thumbnail":["https:\/\/suncasesupply.com\/wp-content\/uploads\/2023\/08\/082__36156-100x100.jpg",100,100,true]},"post_excerpt_stackable":"<p>Model : SC-FL0002<\/p>\n<p>Outside Dimensions &#8211; 59&#8243; W x 22&#8243; D x 43&#8243; H (including wheels)<\/p>\n<p>Inside Dimensions &#8211;\u00a055&#8243; W x 18&#8243; D x 34&#8243; H (foam to foam)<\/p>\n<p>MOQ: 5pcs<\/p>\n<p>Delivery Time : 15-25 Days<\/p>\n<p>Sample : Available<\/p>\n","category_list":"","author_info":{"name":"","url":""},"comments_num":"0 commenti","_links":{"self":[{"href":"https:\/\/suncasesupply.com\/it\/wp-json\/wp\/v2\/product\/19770"}],"collection":[{"href":"https:\/\/suncasesupply.com\/it\/wp-json\/wp\/v2\/product"}],"about":[{"href":"https:\/\/suncasesupply.com\/it\/wp-json\/wp\/v2\/types\/product"}],"wp:featuredmedia":[{"embeddable":true,"href":"https:\/\/suncasesupply.com\/it\/wp-json\/wp\/v2\/media\/19771"}],"wp:attachment":[{"href":"https:\/\/suncasesupply.com\/it\/wp-json\/wp\/v2\/media?parent=19770"}],"wp:term":[{"taxonomy":"product_cat","embeddable":true,"href":"https:\/\/suncasesupply.com\/it\/wp-json\/wp\/v2\/product_cat?post=19770"},{"taxonomy":"product_tag","embeddable":true,"href":"https:\/\/suncasesupply.com\/it\/wp-json\/wp\/v2\/product_tag?post=19770"}],"curies":[{"name":"wp","href":"https:\/\/api.w.org\/{rel}","templated":true}]}}