{"id":19696,"date":"2023-08-21T10:52:29","date_gmt":"2023-08-21T02:52:29","guid":{"rendered":"https:\/\/suncasesupply.com\/?post_type=product&#038;p=19696"},"modified":"2026-03-17T01:03:25","modified_gmt":"2026-03-16T17:03:25","slug":"aluminum-vinyl-record-case-12-lp-case-100-lps","status":"publish","type":"product","link":"https:\/\/suncasesupply.com\/it\/product\/aluminum-vinyl-record-case-12-lp-case-100-lps\/","title":{"rendered":"Custodia per dischi in vinile in alluminio Custodia per LP da 12\u2033 (100 LP)"},"content":{"rendered":"<h4><span style=\"color: #003366;\">Caratteristiche:<\/span><\/h4>\n<ul>\n<li><strong>Grande capacit\u00e0<\/strong>: Le dimensioni di questa custodia in alluminio per LP sono 36*36*36 cm, \u00e8 progettata per contenere 100 dischi da 12&quot;, mantenendo la collezione organizzata e protetta.<\/li>\n<li><strong>Costruzione durevole<\/strong>: Realizzata con telaio in alluminio resistente, angoli in metallo, pannello in MDF e altro, la custodia per LP in vinile ha una struttura robusta. Puoi riporre i tuoi dischi in questa scatola per un trasporto ottimale e una conservazione sicura.<\/li>\n<li><strong>Design ragionevole<\/strong>: Questa scatola \u00e8 dotata di un lucchetto e di un coperchio superiore rimovibile, molto comodo per esporre e prendere appunti. Quattro piedini sono installati nella parte inferiore per evitare danni alla scatola dovuti all&#039;attrito con il tavolo e il terreno.<\/li>\n<\/ul>\n<h4><span style=\"color: #003366;\">Dettagli del prodotto:<\/span><\/h4>\n<div style=\"display: flex; gap: 20px;\">\n<p><!-- \u7b2c\u4e00\u680f --><\/p>\n<div style=\"flex: 1; text-align: center;\">\n<p><img decoding=\"async\" style=\"max-width: 100%; height: auto; margin-bottom: 10px;\" src=\"https:\/\/suncasesupply.com\/wp-content\/uploads\/2025\/03\/Durable-Construction.png\" alt=\"Costruzione durevole\" \/><\/p>\n<p style=\"font-weight: bold; margin: 5px 0;\">Costruzione durevole<\/p>\n<p style=\"margin: 0;\">Dotata di telaio in alluminio resistente, angoli in metallo, pannello in MDF e altro, la custodia in alluminio per dischi in vinile ha una struttura robusta. \u00c8 molto resistente agli urti e alle collisioni, quindi pu\u00f2 proteggere bene i dischi all&#039;interno da eventuali danni durante il trasporto.<\/p>\n<\/div>\n<p><!-- \u7b2c\u4e8c\u680f --><\/p>\n<div style=\"flex: 1; text-align: center;\">\n<p><img decoding=\"async\" style=\"max-width: 100%; height: auto; margin-bottom: 10px;\" src=\"https:\/\/suncasesupply.com\/wp-content\/uploads\/2025\/03\/Soft-Lining.png\" alt=\"Fodera morbida\" \/><\/p>\n<p style=\"font-weight: bold; margin: 5px 0;\">Fodera morbida<\/p>\n<p style=\"margin: 0;\">L&#039;interno \u00e8 rivestito in morbida schiuma EVA spessa 4 mm, che ha un certo grado di resistenza agli urti e pu\u00f2 proteggere i dischi da eventuali danni. Questa custodia per dischi in vinile non \u00e8 solo un buon contenitore per la collezione di LP, ma anche una scatola perfetta per trasportare altre cose.<\/p>\n<\/div>\n<div style=\"flex: 1; text-align: center;\">\n<p><img decoding=\"async\" style=\"max-width: 100%; height: auto; margin-bottom: 10px;\" src=\"https:\/\/suncasesupply.com\/wp-content\/uploads\/2025\/03\/Strong-Padlock.png\" alt=\"Lucchetto forte\" \/><\/p>\n<p style=\"font-weight: bold; margin: 5px 0;\">Lucchetto forte<\/p>\n<p style=\"margin: 0;\">Questa custodia in alluminio per LP \u00e8 dotata di un lucchetto metallico, molto robusto e durevole. \u00c8 possibile chiudere la custodia con un piccolo lucchetto aggiuntivo per garantire la sicurezza degli oggetti da collezione al suo interno, rendendola una custodia per LP in vinile affidabile per DJ itineranti o collezionisti seri.<\/p>\n<\/div>\n<p><!-- \u7b2c\u56db\u680f --><\/p>\n<div style=\"flex: 1; text-align: center;\">\n<p><img decoding=\"async\" style=\"max-width: 100%; height: auto; margin-bottom: 10px;\" src=\"https:\/\/suncasesupply.com\/wp-content\/uploads\/2025\/03\/Sturdy-Handle-1.png\" alt=\"Maniglia robusta\" \/><\/p>\n<p style=\"font-weight: bold; margin: 5px 0;\">Maniglia robusta<\/p>\n<p style=\"margin: 0;\">La maniglia \u00e8 realizzata in metallo robusto e gomma morbida, garantendo una presa comoda e un supporto robusto per un facile trasporto. La base in metallo offre una solida capacit\u00e0 di carico, consentendo di trasportare la custodia per LP in modo sicuro ovunque tu vada.<\/p>\n<\/div>\n<\/div>\n<div style=\"background-color: #29599a; padding: 40px 20px; text-align: center; color: #ffffff; border-radius: 10px; margin: 40px auto; max-width: 960px;\">\n<h2 style=\"font-size: 22px; margin-bottom: 20px; font-weight: bold;\"><span style=\"color: #ffffff;\">Acquista la custodia in alluminio per LP di alta qualit\u00e0 su Sun Case, a partire da 100 pezzi!<\/span><\/h2>\n<p><a style=\"display: inline-block; padding: 12px 28px; background-color: #ffffff; color: #29599a; text-decoration: none; border-radius: 6px; font-weight: bold;\" href=\"https:\/\/suncasesupply.com\/it\/contact-us\/\" target=\"_blank\" rel=\"noopener\">Richiedi un preventivo<br \/>\n<\/a><\/p>\n<\/div>\n<h4><span style=\"color: #003366;\">Processo di fabbricazione della custodia in alluminio LP:<\/span><\/h4>\n<p><img decoding=\"async\" style=\"max-width: 100%; height: auto; margin-bottom: 10px;\" src=\"https:\/\/suncasesupply.com\/wp-content\/uploads\/2025\/07\/Manufacturing-Process.png\" alt=\"Processo di fabbricazione di Suncase\" \/><\/p>\n<div style=\"display: flex; gap: 20px;\"><\/div>\n<div style=\"display: flex; gap: 20px;\">\n<div style=\"flex: 1; text-align: center;\">\n<p style=\"font-weight: bold; margin: 5px 0;\">\n<\/div>\n<\/div>\n<h4><span style=\"color: #003366;\">Informazioni utili per gli acquirenti all&#039;ingrosso:<\/span><\/h4>\n<ul>\n<li class=\"page-title\" title=\"Scatole per carte sportive: il modo migliore per conservare le carte sportive\"><a href=\"https:\/\/suncasesupply.com\/it\/blog\/what-vinyl-record-case-made-of\/\">Di cosa sono fatte le custodie per dischi in vinile?<\/a><\/li>\n<li><a href=\"https:\/\/suncasesupply.com\/it\/blog\/size-of-the-vinyl-record-case\/\">Qual \u00e8 la dimensione della custodia del disco in vinile?<\/a><\/li>\n<li><a href=\"https:\/\/suncasesupply.com\/it\/blog\/custom-aluminum-case\/aluminum-storage-box-for-organization\/\">Come conservare i dischi in vinile in una custodia in alluminio?<\/a><\/li>\n<\/ul>","protected":false},"excerpt":{"rendered":"<p>Modello: SC-LP0001<\/p>\n<p>Dimensioni: 36*36*36 cm<\/p>\n<p>Capacit\u00e0: 100 LP da 12\u2033<\/p>\n<p>Colori: Nero o personalizzabile<\/p>\n<p>Materiali: alluminio, pannello ABS, schiuma EVA<\/p>\n<p>Logo: Logo su piastra metallica, logo serigrafato<\/p>\n<p>Quantit\u00e0 minima: 100 pezzi<\/p>","protected":false},"featured_media":19697,"template":"","meta":{"_gspb_post_css":""},"product_cat":[83],"product_tag":[],"featured_image_urls":{"full":["https:\/\/suncasesupply.com\/wp-content\/uploads\/2023\/08\/1-vinyl-case-12-record-case-100-lps-silver-black.webp",970,970,false],"thumbnail":["https:\/\/suncasesupply.com\/wp-content\/uploads\/2023\/08\/1-vinyl-case-12-record-case-100-lps-silver-black-150x150.webp",150,150,true],"medium":["https:\/\/suncasesupply.com\/wp-content\/uploads\/2023\/08\/1-vinyl-case-12-record-case-100-lps-silver-black-300x300.webp",300,300,true],"medium_large":["https:\/\/suncasesupply.com\/wp-content\/uploads\/2023\/08\/1-vinyl-case-12-record-case-100-lps-silver-black-768x768.webp",768,768,true],"large":["https:\/\/suncasesupply.com\/wp-content\/uploads\/2023\/08\/1-vinyl-case-12-record-case-100-lps-silver-black.webp",970,970,false],"1536x1536":["https:\/\/suncasesupply.com\/wp-content\/uploads\/2023\/08\/1-vinyl-case-12-record-case-100-lps-silver-black.webp",970,970,false],"2048x2048":["https:\/\/suncasesupply.com\/wp-content\/uploads\/2023\/08\/1-vinyl-case-12-record-case-100-lps-silver-black.webp",970,970,false],"trp-custom-language-flag":["https:\/\/suncasesupply.com\/wp-content\/uploads\/2023\/08\/1-vinyl-case-12-record-case-100-lps-silver-black.webp",12,12,false],"woocommerce_thumbnail":["https:\/\/suncasesupply.com\/wp-content\/uploads\/2023\/08\/1-vinyl-case-12-record-case-100-lps-silver-black-300x300.webp",300,300,true],"woocommerce_single":["https:\/\/suncasesupply.com\/wp-content\/uploads\/2023\/08\/1-vinyl-case-12-record-case-100-lps-silver-black-600x600.webp",600,600,true],"woocommerce_gallery_thumbnail":["https:\/\/suncasesupply.com\/wp-content\/uploads\/2023\/08\/1-vinyl-case-12-record-case-100-lps-silver-black-100x100.webp",100,100,true]},"post_excerpt_stackable":"<p>Model : SC-LP0001<\/p>\n<p>Size: 36*36*36cm<\/p>\n<p>Capacity: 100 12&#8243; LPs<\/p>\n<p>Colors: Black or customize<\/p>\n<p>Materials: Aluminum, ABS panel, EVA foam<\/p>\n<p>Logo: Metal plate logo, silk screen logo<\/p>\n<p>MOQ: 100pcs<\/p>\n","category_list":"","author_info":{"name":"","url":""},"comments_num":"0 commenti","_links":{"self":[{"href":"https:\/\/suncasesupply.com\/it\/wp-json\/wp\/v2\/product\/19696"}],"collection":[{"href":"https:\/\/suncasesupply.com\/it\/wp-json\/wp\/v2\/product"}],"about":[{"href":"https:\/\/suncasesupply.com\/it\/wp-json\/wp\/v2\/types\/product"}],"wp:featuredmedia":[{"embeddable":true,"href":"https:\/\/suncasesupply.com\/it\/wp-json\/wp\/v2\/media\/19697"}],"wp:attachment":[{"href":"https:\/\/suncasesupply.com\/it\/wp-json\/wp\/v2\/media?parent=19696"}],"wp:term":[{"taxonomy":"product_cat","embeddable":true,"href":"https:\/\/suncasesupply.com\/it\/wp-json\/wp\/v2\/product_cat?post=19696"},{"taxonomy":"product_tag","embeddable":true,"href":"https:\/\/suncasesupply.com\/it\/wp-json\/wp\/v2\/product_tag?post=19696"}],"curies":[{"name":"wp","href":"https:\/\/api.w.org\/{rel}","templated":true}]}}