{"id":26515,"date":"2026-05-15T16:45:28","date_gmt":"2026-05-15T08:45:28","guid":{"rendered":"https:\/\/suncasesupply.com\/?post_type=product&#038;p=26515"},"modified":"2026-05-15T18:21:13","modified_gmt":"2026-05-15T10:21:13","slug":"professional-rolling-makeup-train-case-large-trolley-storage-case-for-nail-technicians-hairstylist","status":"publish","type":"product","link":"https:\/\/suncasesupply.com\/fr\/product\/professional-rolling-makeup-train-case-large-trolley-storage-case-for-nail-technicians-hairstylist\/","title":{"rendered":"Valise de maquillage professionnelle \u00e0 roulettes, grand format, pour proth\u00e9sistes ongulaires et coiffeurs"},"content":{"rendered":"<p>La valise \u00e0 maquillage trolley est une valise portable \u00e0 plusieurs niveaux, mont\u00e9e sur roulettes, con\u00e7ue pour optimiser l&#039;organisation et la mobilit\u00e9. Voici une description d\u00e9taill\u00e9e\u00a0:<\/p>\n<h4><span style=\"color: #003366;\">Caract\u00e9ristiques:<\/span><\/h4>\n<p><strong>Valise \u00e0 roulettes professionnelle<\/strong> \u2013 Cette trousse de maquillage multifonctionnelle \u00e0 roulettes, dot\u00e9e de plateaux coulissants et d&#039;un tiroir, est con\u00e7ue pour r\u00e9pondre aux besoins des professionnels tels que les proth\u00e9sistes ongulaires, les maquilleurs et les coiffeurs. Dimensions\u00a0: 67,5\u00a0cm \u00d7 35\u00a0cm \u00d7 23,4\u00a0cm.<br \/>\n<strong>Bonne portabilit\u00e9<\/strong> La poign\u00e9e t\u00e9lescopique et les 4 roues amovibles pivotant \u00e0 360\u00b0 facilitent les d\u00e9placements et le transport. Ce sac offre un espace de rangement optimal sans encombrer un v\u00e9hicule ou un studio. Les boucles en alliage sont verrouillables \u00e0 cl\u00e9.<br \/>\n<strong>Stockage flexible<\/strong> Les proth\u00e9sistes ongulaires itin\u00e9rantes pourront ranger une grande quantit\u00e9 de vernis semi-permanent dans les compartiments sup\u00e9rieurs et une lampe UV\/LED dans le tiroir. Les coiffeurs appr\u00e9cieront les emplacements pour ciseaux, pratiques pour les garder \u00e0 port\u00e9e de main. Les maquilleurs trouveront la trousse \u00e0 roulettes tr\u00e8s pratique pour les mariages.<\/p>\n<h4><span style=\"color: #003366;\">D\u00e9tails du produit :<\/span><\/h4>\n<div style=\"display: flex; gap: 20px;\">\n<div style=\"flex: 1; text-align: center;\">\n<p><img decoding=\"async\" style=\"max-width: 100%; height: auto; margin-bottom: 10px;\" src=\"https:\/\/suncasesupply.com\/wp-content\/uploads\/2026\/05\/Sturdy-corners-1.jpg\" alt=\"Coins robustes\" \/><\/p>\n<p style=\"font-weight: bold; margin: 5px 0;\">Coins robustes<\/p>\n<p style=\"margin: 0;\">Con\u00e7ue avec un cadre en aluminium durable et des coins renforc\u00e9s, cette trousse de maquillage \u00e0 roulettes est r\u00e9sistante et prot\u00e8ge vos accessoires professionnels pour les ongles, le maquillage, les cosm\u00e9tiques et la coiffure.<\/p>\n<\/div>\n<p><!-- \u7b2c\u4e8c\u680f --><\/p>\n<div style=\"flex: 1; text-align: center;\">\n<p><img decoding=\"async\" style=\"max-width: 100%; height: auto; margin-bottom: 10px;\" src=\"https:\/\/suncasesupply.com\/wp-content\/uploads\/2026\/05\/Telescopic-Pull-Rod-1.jpg\" alt=\"tige de traction t\u00e9lescopique\" \/><\/p>\n<p style=\"font-weight: bold; margin: 5px 0;\">Tige de traction t\u00e9lescopique<\/p>\n<p style=\"margin: 0;\">La tige de traction peut \u00eatre \u00e9tendue \u00e0 diff\u00e9rentes longueurs pour tirer la valise confortablement tout en la faisant rouler\u00a0; deux tiges parall\u00e8les pour plus de stabilit\u00e9 et une meilleure r\u00e9partition du poids\u00a0; une large poign\u00e9e ergonomique assure un contr\u00f4le optimal lors de la manipulation d&#039;une valise m\u00eame pleine.<\/p>\n<\/div>\n<p><!-- \u7b2c\u4e09\u680f --><\/p>\n<div style=\"flex: 1; text-align: center;\">\n<p><img decoding=\"async\" style=\"max-width: 100%; height: auto; margin-bottom: 10px;\" src=\"https:\/\/suncasesupply.com\/wp-content\/uploads\/2026\/05\/Removable-drawer.jpg\" alt=\"tiroir amovible\" \/><\/p>\n<p style=\"font-weight: bold; margin: 5px 0;\">Tiroir amovible<\/p>\n<p style=\"margin: 0;\">La trousse de maquillage \u00e0 roulettes est dot\u00e9e d&#039;un tiroir lat\u00e9ral amovible offrant un grand espace de rangement pour vos produits cosm\u00e9tiques et accessoires, comme une lampe \u00e0 ongles portable. Ce tiroir amovible permet un acc\u00e8s tr\u00e8s pratique \u00e0 vos affaires.<\/p>\n<\/div>\n<p><!-- \u7b2c\u56db\u680f --><\/p>\n<div style=\"flex: 1; text-align: center;\">\n<p><img decoding=\"async\" src=\"https:\/\/suncasesupply.com\/wp-content\/uploads\/2026\/05\/Large-capacity.jpg\" \/><\/p>\n<p><strong>Grande capacit\u00e9<\/strong><\/p>\n<p style=\"margin: 0;\">Cette trousse de rangement pour maquillage comprend des plateaux carr\u00e9s, un compartiment sup\u00e9rieur r\u00e9glable et un tiroir coulissant ; l&#039;ensemble peut contenir des pinceaux, des flacons, des palettes, des outils et autres accessoires.<\/p>\n<\/div>\n<\/div>\n<h4><span style=\"color: #003366;\">Processus de fabrication de la trousse de maquillage :<\/span><\/h4>\n<p><img decoding=\"async\" style=\"max-width: 100%; height: auto; margin-bottom: 10px;\" src=\"https:\/\/suncasesupply.com\/wp-content\/uploads\/2025\/07\/Manufacturing-Process.png\" alt=\"Processus de fabrication de Suncase\" \/><\/p>\n<div style=\"background-color: #29599a; padding: 40px 20px; text-align: center; color: #ffffff; border-radius: 10px; margin: 40px auto; max-width: 960px;\">\n<h2 style=\"font-size: 22px; margin-bottom: 20px; font-weight: bold;\"><span style=\"color: #ffffff;\">Commandez d\u00e8s aujourd&#039;hui votre valise de maquillage \u00e0 roulettes Sun Case, quantit\u00e9 minimale de commande\u00a0: 100 unit\u00e9s.<\/span><\/h2>\n<p><a style=\"display: inline-block; padding: 12px 28px; background-color: #ffffff; color: #29599a; text-decoration: none; border-radius: 6px; font-weight: bold;\" href=\"https:\/\/suncasesupply.com\/fr\/contact-us\/\" target=\"_blank\" rel=\"noopener\">Obtenez un devis aujourd&#039;hui<br \/>\n<\/a><\/p>\n<\/div>\n<div style=\"display: flex; gap: 20px;\"><span style=\"color: #003366; font-weight: bold; text-align: center;\">Informations utiles pour les acheteurs en gros\u00a0:<\/span><\/div>\n<ul>\n<li class=\"page-title\" title=\"Qu\u2019est-ce qui rend les cartes de sport si pr\u00e9cieuses ?\">\n<p class=\"page-title\" title=\"Mallette \u00e0 roulettes Nail Tech 4 en 1 : la solution ultime pour les manucures professionnelles\"><a href=\"https:\/\/suncasesupply.com\/fr\/blog\/makeup-case\/4-in-1-nail-tech-rolling-case-ultimate-tool-for-manicurists\/\">Trousse de manucure \u00e0 roulettes 4 en 1 : La solution id\u00e9ale pour les proth\u00e9sistes ongulaires &gt;&gt;\u00a0<\/a><\/p>\n<\/li>\n<li title=\"Qu\u2019est-ce qui rend les cartes de sport si pr\u00e9cieuses ?\">\n<p class=\"page-title\" title=\"Cr\u00e9er la trousse de maquillage parfaite : le guide ultime des trousses de maquillage\"><a href=\"https:\/\/suncasesupply.com\/fr\/blog\/makeup-case\/how-to-build-the-ultimate-makeup-artist-case-for-your-set-bag-needs\/\">Cr\u00e9er la trousse de maquillage parfaite\u00a0: le guide ultime des sacs de plateau &gt;&gt;\u00a0<\/a><\/p>\n<\/li>\n<li title=\"Qu\u2019est-ce qui rend les cartes de sport si pr\u00e9cieuses ?\">\n<p class=\"page-title\" title=\"Trousse de maquillage : avantages et inconv\u00e9nients\"><a href=\"https:\/\/suncasesupply.com\/fr\/blog\/makeup-case\/pros-and-cons-of-makeup-train-case\/\">Trousse de maquillage : avantages et inconv\u00e9nients &gt;&gt;\u00a0<\/a><\/p>\n<\/li>\n<\/ul>","protected":false},"excerpt":{"rendered":"<p>Mod\u00e8le : SC-R002<\/p>\n<p>Dimensions : L 68 x l 35 x H 24 cm<\/p>\n<p>Couleurs : Rose<\/p>\n<p>Mat\u00e9riaux : Cadre en aluminium + Panneau MDF + Panneau ABS + Quincaillerie.<\/p>\n<p>Logo : Logo imprim\u00e9 en s\u00e9rigraphie \/ Logo en m\u00e9tal.<\/p>\n<p>Quantit\u00e9 minimale de commande : 100 pi\u00e8ces<\/p>\n<p>\u00c9chantillon : Disponible<\/p>","protected":false},"featured_media":26522,"template":"","meta":{"_gspb_post_css":""},"product_cat":[34,97],"product_tag":[],"featured_image_urls":{"full":["https:\/\/suncasesupply.com\/wp-content\/uploads\/2026\/05\/1-2.jpg",800,800,false],"thumbnail":["https:\/\/suncasesupply.com\/wp-content\/uploads\/2026\/05\/1-2-150x150.jpg",150,150,true],"medium":["https:\/\/suncasesupply.com\/wp-content\/uploads\/2026\/05\/1-2-300x300.jpg",300,300,true],"medium_large":["https:\/\/suncasesupply.com\/wp-content\/uploads\/2026\/05\/1-2-768x768.jpg",768,768,true],"large":["https:\/\/suncasesupply.com\/wp-content\/uploads\/2026\/05\/1-2.jpg",800,800,false],"1536x1536":["https:\/\/suncasesupply.com\/wp-content\/uploads\/2026\/05\/1-2.jpg",800,800,false],"2048x2048":["https:\/\/suncasesupply.com\/wp-content\/uploads\/2026\/05\/1-2.jpg",800,800,false],"trp-custom-language-flag":["https:\/\/suncasesupply.com\/wp-content\/uploads\/2026\/05\/1-2-12x12.jpg",12,12,true],"woocommerce_thumbnail":["https:\/\/suncasesupply.com\/wp-content\/uploads\/2026\/05\/1-2-300x300.jpg",300,300,true],"woocommerce_single":["https:\/\/suncasesupply.com\/wp-content\/uploads\/2026\/05\/1-2-600x600.jpg",600,600,true],"woocommerce_gallery_thumbnail":["https:\/\/suncasesupply.com\/wp-content\/uploads\/2026\/05\/1-2-100x100.jpg",100,100,true]},"post_excerpt_stackable":"<p>Model: SC-R002<\/p>\n<p>Size: L68 x W35 x H24cm<\/p>\n<p>Colors: Pink<\/p>\n<p>Materials: Aluminum Frame+MDF Board+ABS Panel+Hardware.<\/p>\n<p>Logo: Silk printing logo\u00a0\/ Metal Logo.<\/p>\n<p>MOQ: 100pcs<\/p>\n<p>Sample: Available<\/p>\n","category_list":"","author_info":{"name":"","url":""},"comments_num":"0 commentaire","_links":{"self":[{"href":"https:\/\/suncasesupply.com\/fr\/wp-json\/wp\/v2\/product\/26515"}],"collection":[{"href":"https:\/\/suncasesupply.com\/fr\/wp-json\/wp\/v2\/product"}],"about":[{"href":"https:\/\/suncasesupply.com\/fr\/wp-json\/wp\/v2\/types\/product"}],"wp:featuredmedia":[{"embeddable":true,"href":"https:\/\/suncasesupply.com\/fr\/wp-json\/wp\/v2\/media\/26522"}],"wp:attachment":[{"href":"https:\/\/suncasesupply.com\/fr\/wp-json\/wp\/v2\/media?parent=26515"}],"wp:term":[{"taxonomy":"product_cat","embeddable":true,"href":"https:\/\/suncasesupply.com\/fr\/wp-json\/wp\/v2\/product_cat?post=26515"},{"taxonomy":"product_tag","embeddable":true,"href":"https:\/\/suncasesupply.com\/fr\/wp-json\/wp\/v2\/product_tag?post=26515"}],"curies":[{"name":"wp","href":"https:\/\/api.w.org\/{rel}","templated":true}]}}