{"id":26503,"date":"2026-05-15T11:43:31","date_gmt":"2026-05-15T03:43:31","guid":{"rendered":"https:\/\/suncasesupply.com\/?post_type=product&#038;p=26503"},"modified":"2026-05-15T18:21:17","modified_gmt":"2026-05-15T10:21:17","slug":"factory-custom-racket-aluminum-case-hard-storage-box","status":"publish","type":"product","link":"https:\/\/suncasesupply.com\/fr\/product\/factory-custom-racket-aluminum-case-hard-storage-box\/","title":{"rendered":"\u00c9tui rigide en aluminium pour raquette personnalis\u00e9e."},"content":{"rendered":"<h4><span style=\"color: #003366;\">Caract\u00e9ristiques:<\/span><\/h4>\n<ul>\n<li><strong>Facile \u00e0 transporter :<\/strong> Cet \u00e9tui de rangement pour raquettes de pickleball est compact et l\u00e9ger, et dispose d&#039;une poign\u00e9e, ce qui le rend id\u00e9al pour les voyages en avion ou les longs trajets ; il offre aux athl\u00e8tes un grand confort pour ranger et transporter leurs raquettes.<\/li>\n<li><strong>Bien prot\u00e9g\u00e9 :<\/strong> L&#039;\u00e9tui \u00e0 raquettes est \u00e9quip\u00e9 d&#039;une mousse sur mesure au fond et d&#039;une mousse alv\u00e9ol\u00e9e dans le couvercle pour amortir la raquette et emp\u00eacher tout mouvement. Cela prot\u00e8ge la raquette des dommages en cas d&#039;impact.<\/li>\n<li><strong>Structure robuste :<\/strong> Dot\u00e9 d&#039;un cadre en alliage d&#039;aluminium et de protections d&#039;angle renforc\u00e9es, ce bo\u00eetier est robuste et durable ; il est \u00e9galement l\u00e9ger, r\u00e9sistant aux chocs et \u00e0 la corrosion.<\/li>\n<\/ul>\n<h4><span style=\"color: #003366;\">D\u00e9tails du produit :<\/span><\/h4>\n<div style=\"display: flex; gap: 20px;\">\n<p><!-- \u7b2c\u4e00\u680f --><\/p>\n<div style=\"flex: 1; text-align: center;\">\n<p><img decoding=\"async\" style=\"max-width: 100%; height: auto; margin-bottom: 10px;\" src=\"https:\/\/suncasesupply.com\/wp-content\/uploads\/2026\/05\/Sturdy-Corners.jpg\" alt=\"Coins robustes\" \/><\/p>\n<p><strong><b>Coin robuste<\/b><\/strong><\/p>\n<p style=\"margin: 0;\">Les protections d&#039;angle sont un accessoire con\u00e7u pour prot\u00e9ger les coins du bo\u00eetier contre les d\u00e9formations dues aux chocs. Associ\u00e9es au cadre en aluminium, elles conf\u00e8rent au bo\u00eetier une grande durabilit\u00e9, une l\u00e9g\u00e8ret\u00e9 et une r\u00e9sistance aux chocs et \u00e0 la corrosion.<\/p>\n<p>&nbsp;<\/p>\n<\/div>\n<p><!-- \u7b2c\u4e8c\u680f --><\/p>\n<div style=\"flex: 1; text-align: center;\">\n<p><img decoding=\"async\" style=\"max-width: 100%; height: auto; margin-bottom: 10px;\" src=\"https:\/\/suncasesupply.com\/wp-content\/uploads\/2026\/05\/Protective-foam.jpg\" alt=\"Mousse protectrice\" \/><\/p>\n<p><strong><b>Mousse protectrice<\/b><\/strong><\/p>\n<p style=\"margin: 0;\">L&#039;\u00e9tui \u00e0 raquettes est \u00e9quip\u00e9 d&#039;une mousse alv\u00e9ol\u00e9e dans le couvercle, qui permet d&#039;amortir, d&#039;isoler, de prot\u00e9ger et de fixer les objets \u00e0 l&#039;int\u00e9rieur afin d&#039;\u00e9viter qu&#039;ils ne soient endommag\u00e9s pendant le transport ou le stockage.<\/p>\n<\/div>\n<p><!-- \u7b2c\u4e09\u680f --><\/p>\n<div style=\"flex: 1; text-align: center;\">\n<p><img decoding=\"async\" style=\"max-width: 100%; height: auto; margin-bottom: 10px;\" src=\"https:\/\/suncasesupply.com\/wp-content\/uploads\/2026\/05\/lock.jpg\" alt=\"verrouillage\" \/><\/p>\n<p><strong>M\u00e9canisme de verrouillage<\/strong><\/p>\n<p>Cette bo\u00eete \u00e0 outils en aluminium est dot\u00e9e d&#039;un m\u00e9canisme de verrouillage qui garantit que la bo\u00eete reste bien ferm\u00e9e pendant le stockage et le transport, prot\u00e9geant ainsi efficacement son contenu.<\/p>\n<\/div>\n<p><!-- \u7b2c\u56db\u680f --><\/p>\n<div style=\"flex: 1; text-align: center;\">\n<p><img decoding=\"async\" style=\"max-width: 100%; height: auto; margin-bottom: 10px;\" src=\"https:\/\/suncasesupply.com\/wp-content\/uploads\/2026\/05\/Customized-foam.jpg\" alt=\"Mousse personnalis\u00e9e\" \/><\/p>\n<p>Mousse personnalis\u00e9e<\/p>\n<p style=\"margin: 0;\">La mousse \u00e0 l&#039;int\u00e9rieur de l&#039;\u00e9tui de rangement pour raquettes est personnalis\u00e9e en fonction des raquettes et comporte des compartiments pour les cordes, les grips ou les effets personnels. Ce rembourrage en mousse souple prot\u00e8ge efficacement la raquette et emp\u00eache tout mouvement.<\/p>\n<\/div>\n<\/div>\n<div style=\"background-color: #29599a; padding: 40px 20px; text-align: center; color: #ffffff; border-radius: 10px; margin: 40px auto; max-width: 960px;\">\n<h2 style=\"font-size: 22px; margin-bottom: 20px; font-weight: bold;\">Commandez d\u00e8s aujourd&#039;hui la mallette \u00e0 outils en aluminium Sun Case avec mousse, MOQ 100 seulement\u00a0!<\/h2>\n<p><a style=\"display: inline-block; padding: 12px 28px; background-color: #ffffff; color: #29599a; text-decoration: none; border-radius: 6px; font-weight: bold;\" href=\"https:\/\/suncasesupply.com\/fr\/contact-us\/\" target=\"_blank\" rel=\"noopener\">Obtenez un devis aujourd&#039;hui<br \/>\n<\/a><\/p>\n<\/div>\n<h4><span style=\"color: #003366;\">Processus de fabrication :<\/span><\/h4>\n<p><img decoding=\"async\" style=\"max-width: 100%; height: auto; margin-bottom: 10px;\" src=\"https:\/\/suncasesupply.com\/wp-content\/uploads\/2025\/07\/Manufacturing-Process.png\" alt=\"Processus de fabrication de Suncase\" \/><\/p>\n<div style=\"display: flex; gap: 20px;\">\n<p><!-- \u7b2c\u4e00\u680f \u6d41\u7a0b1--><\/p>\n<div style=\"flex: 1; text-align: center;\"><\/div>\n<\/div>\n<div style=\"display: flex; gap: 20px;\">\n<div style=\"flex: 1; text-align: center;\">\n<p style=\"font-weight: bold; margin: 5px 0;\">\n<\/div>\n<\/div>\n<h4><span style=\"color: #003366;\">Informations utiles pour les acheteurs en gros\u00a0:<\/span><\/h4>\n<ul>\n<li class=\"page-title\" title=\"Qu\u2019est-ce qui rend les cartes de sport si pr\u00e9cieuses ?\">\n<p class=\"page-title\" title=\"6 raisons pour lesquelles vous devriez organiser votre espace avec une bo\u00eete de rangement en aluminium\"><a href=\"https:\/\/suncasesupply.com\/fr\/blog\/custom-aluminum-case\/6-reasons-to-use-aluminum-storage-box-today\/\">6 raisons pour lesquelles vous devriez organiser votre espace avec des bo\u00eetes de rangement en aluminium &gt;&gt;<\/a><\/p>\n<\/li>\n<li title=\"Qu\u2019est-ce qui rend les cartes de sport si pr\u00e9cieuses ?\">\n<p class=\"page-title\" title=\"Tout ce que vous devez savoir sur les bo\u00eetiers en aluminium\"><a href=\"https:\/\/suncasesupply.com\/fr\/blog\/all-you-need-to-know-about-aluminum-cases\/\">Tout ce que vous devez savoir sur les bo\u00eetiers en aluminium &gt;&gt;<\/a><\/p>\n<\/li>\n<\/ul>","protected":false},"excerpt":{"rendered":"<p>Mod\u00e8le : SC-AC0045<\/p>\n<p>Taille : 400x320x120mm ou taille personnalis\u00e9e<\/p>\n<p>Couleurs : couleur argent, couleur noire ou autres couleurs personnalis\u00e9es.<\/p>\n<p>Mat\u00e9riaux : Cadre en aluminium, panneau MDF, panneau ABS, mousse pr\u00e9d\u00e9coup\u00e9e, quincaillerie.<\/p>\n<p>Logo : logo en plaque m\u00e9tallique, logo s\u00e9rigraphi\u00e9, logo de marque personnalis\u00e9 acceptable.<\/p>\n<p>Quantit\u00e9 minimale de commande : 100 pi\u00e8ces<\/p>\n<p>\u00c9chantillon : Disponible, d\u00e9lai d&#039;\u00e9chantillonnage d&#039;environ 7 jours.<\/p>","protected":false},"featured_media":26508,"template":"","meta":{"_gspb_post_css":""},"product_cat":[42,80],"product_tag":[],"featured_image_urls":{"full":["https:\/\/suncasesupply.com\/wp-content\/uploads\/2026\/05\/1-1.jpg",800,800,false],"thumbnail":["https:\/\/suncasesupply.com\/wp-content\/uploads\/2026\/05\/1-1-150x150.jpg",150,150,true],"medium":["https:\/\/suncasesupply.com\/wp-content\/uploads\/2026\/05\/1-1-300x300.jpg",300,300,true],"medium_large":["https:\/\/suncasesupply.com\/wp-content\/uploads\/2026\/05\/1-1-768x768.jpg",768,768,true],"large":["https:\/\/suncasesupply.com\/wp-content\/uploads\/2026\/05\/1-1.jpg",800,800,false],"1536x1536":["https:\/\/suncasesupply.com\/wp-content\/uploads\/2026\/05\/1-1.jpg",800,800,false],"2048x2048":["https:\/\/suncasesupply.com\/wp-content\/uploads\/2026\/05\/1-1.jpg",800,800,false],"trp-custom-language-flag":["https:\/\/suncasesupply.com\/wp-content\/uploads\/2026\/05\/1-1-12x12.jpg",12,12,true],"woocommerce_thumbnail":["https:\/\/suncasesupply.com\/wp-content\/uploads\/2026\/05\/1-1-300x300.jpg",300,300,true],"woocommerce_single":["https:\/\/suncasesupply.com\/wp-content\/uploads\/2026\/05\/1-1-600x600.jpg",600,600,true],"woocommerce_gallery_thumbnail":["https:\/\/suncasesupply.com\/wp-content\/uploads\/2026\/05\/1-1-100x100.jpg",100,100,true]},"post_excerpt_stackable":"<p>Model :SC-AC0045<\/p>\n<p>Size: 400x320x120mm or customize size<\/p>\n<p>Colors: Silver color, Black color or other customized colors.<\/p>\n<p>Materials: Aluminum\u00a0frame, MDF Board, ABS\u00a0Panel,\u00a0Pick&amp;Pluck Foam, Hardware.<\/p>\n<p>Logo: Metal plate logo, Silk screen printing logo, custom brand logo acceptable.<\/p>\n<p>MOQ: 100pcs<\/p>\n<p>Sample: Available, sample time about 7 days.<\/p>\n","category_list":"","author_info":{"name":"","url":""},"comments_num":"0 commentaire","_links":{"self":[{"href":"https:\/\/suncasesupply.com\/fr\/wp-json\/wp\/v2\/product\/26503"}],"collection":[{"href":"https:\/\/suncasesupply.com\/fr\/wp-json\/wp\/v2\/product"}],"about":[{"href":"https:\/\/suncasesupply.com\/fr\/wp-json\/wp\/v2\/types\/product"}],"wp:featuredmedia":[{"embeddable":true,"href":"https:\/\/suncasesupply.com\/fr\/wp-json\/wp\/v2\/media\/26508"}],"wp:attachment":[{"href":"https:\/\/suncasesupply.com\/fr\/wp-json\/wp\/v2\/media?parent=26503"}],"wp:term":[{"taxonomy":"product_cat","embeddable":true,"href":"https:\/\/suncasesupply.com\/fr\/wp-json\/wp\/v2\/product_cat?post=26503"},{"taxonomy":"product_tag","embeddable":true,"href":"https:\/\/suncasesupply.com\/fr\/wp-json\/wp\/v2\/product_tag?post=26503"}],"curies":[{"name":"wp","href":"https:\/\/api.w.org\/{rel}","templated":true}]}}