{"id":26442,"date":"2026-01-29T17:41:15","date_gmt":"2026-01-29T09:41:15","guid":{"rendered":"https:\/\/suncasesupply.com\/?post_type=product&#038;p=26442"},"modified":"2026-01-29T18:02:18","modified_gmt":"2026-01-29T10:02:18","slug":"aluminum-flight-case-with-foam-customized-orange-red-color-trunk-case","status":"publish","type":"product","link":"https:\/\/suncasesupply.com\/fr\/product\/aluminum-flight-case-with-foam-customized-orange-red-color-trunk-case\/","title":{"rendered":"Flight case en aluminium avec mousse personnalis\u00e9e, couleur orange-rouge."},"content":{"rendered":"<h4><strong><b>Flight case en aluminium avec mousse personnalis\u00e9e, couleur orange-rouge.<\/b><\/strong><\/h4>\n<h4><span style=\"color: #003366;\">Caract\u00e9ristiques:<\/span><\/h4>\n<ul>\n<li><strong><b>R\u00e9sistance et durabilit\u00e9 extr\u00eames : <\/b><\/strong>Le bo\u00eetier est constitu\u00e9 d&#039;une structure en profil\u00e9s d&#039;alliage d&#039;aluminium haute r\u00e9sistance, renforc\u00e9e par des \u00e9querres en aluminium moul\u00e9 \u00e9paissies aux quatre coins pour une solidit\u00e9 accrue. Associ\u00e9 \u00e0 un panneau de fibres ignifug\u00e9 de 9 mm et \u00e0 des rivets m\u00e9talliques pour une fixation s\u00e9curis\u00e9e, il r\u00e9siste aux charges lourdes, aux chocs et \u00e0 la compression lors des transports difficiles.<\/li>\n<li><strong><b>Hautement personnalisable et fonctionnel : <\/b><\/strong>Con\u00e7ue sur mesure pour s&#039;adapter aux dimensions, \u00e0 la forme et au poids de l&#039;\u00e9quipement du client, cette enceinte optimise l&#039;espace et minimise les mouvements de l&#039;\u00e9quipement \u00e0 l&#039;int\u00e9rieur. Des cloisons, des supports et des rembourrages en mousse personnalisables sont disponibles.<\/li>\n<li><strong><b>Sc\u00e9narios d&#039;application\u00a0: <\/b><\/strong>Ces flight cases sont sp\u00e9cialement con\u00e7us pour les \u00e9quipements de grande valeur et de haute pr\u00e9cision, tels que les engins lourds, les dispositifs m\u00e9dicaux, le mat\u00e9riel d&#039;\u00e9clairage et de sc\u00e8ne, etc.<\/li>\n<\/ul>\n<h4><span style=\"color: #003366;\">D\u00e9tails du produit :<\/span><\/h4>\n<div style=\"display: flex; gap: 20px;\">\n<div style=\"flex: 1; text-align: center;\">\n<p><img decoding=\"async\" style=\"max-width: 100%; height: auto; margin-bottom: 10px;\" src=\"https:\/\/suncasesupply.com\/wp-content\/uploads\/2026\/01\/1-Embedded-Handle.jpg\" alt=\"Poign\u00e9e int\u00e9gr\u00e9e\" \/><\/p>\n<p style=\"font-weight: bold; margin: 5px 0;\">Poign\u00e9e int\u00e9gr\u00e9e<\/p>\n<p style=\"margin: 0;\">La conception encastr\u00e9e permet d&#039;int\u00e9grer la poign\u00e9e \u00e0 la surface du flight case, l&#039;emp\u00eachant ainsi d&#039;\u00eatre heurt\u00e9e ou accroch\u00e9e lors du transport, de la manutention et de l&#039;empilage. Cela prot\u00e8ge efficacement la poign\u00e9e elle-m\u00eame et \u00e9vite d&#039;endommager la structure du flight case si la poign\u00e9e expos\u00e9e venait \u00e0 \u00eatre ab\u00eem\u00e9e.<\/p>\n<\/div>\n<p><!-- \u7b2c\u4e8c\u680f --><\/p>\n<div style=\"flex: 1; text-align: center;\">\n<p><img decoding=\"async\" style=\"max-width: 100%; height: auto; margin-bottom: 10px;\" src=\"https:\/\/suncasesupply.com\/wp-content\/uploads\/2026\/01\/4-Butterfly-Locks.jpg\" alt=\"Serrures papillon\" \/><\/p>\n<p style=\"font-weight: bold; margin: 5px 0;\">Serrures papillon<\/p>\n<p style=\"margin: 0;\">Les serrures papillon sont rapides, intuitives et peuvent \u00eatre actionn\u00e9es d&#039;une seule main. Elles offrent \u00e9galement une excellente r\u00e9sistance aux chocs et emp\u00eachent toute ouverture accidentelle, garantissant ainsi une s\u00e9curit\u00e9 optimale.<\/p>\n<\/div>\n<p><!-- \u7b2c\u4e09\u680f --><\/p>\n<div style=\"flex: 1; text-align: center;\">\n<p><img decoding=\"async\" style=\"max-width: 100%; height: auto; margin-bottom: 10px;\" src=\"https:\/\/suncasesupply.com\/wp-content\/uploads\/2026\/01\/3-Rubber-Feet.jpg\" alt=\"Pieds en caoutchouc\" \/><\/p>\n<p style=\"font-weight: bold; margin: 5px 0;\">Pieds en caoutchouc<\/p>\n<p style=\"margin: 0;\">Dot\u00e9 de larges pieds en caoutchouc offrant une excellente adh\u00e9rence et une grande stabilit\u00e9, ce bo\u00eetier emp\u00eache efficacement tout glissement accidentel sur les surfaces lisses, assurant ainsi la s\u00e9curit\u00e9 du bo\u00eetier et de son contenu. Ces pieds offrent \u00e9galement un amortissement et une absorption des chocs efficaces, pour une protection optimale.<\/p>\n<\/div>\n<div style=\"flex: 1; text-align: center;\">\n<p><img decoding=\"async\" style=\"max-width: 100%; height: auto; margin-bottom: 10px;\" src=\"https:\/\/suncasesupply.com\/wp-content\/uploads\/2026\/01\/2-Plywood-Cutting.jpg\" alt=\"D\u00e9coupe de contreplaqu\u00e9\" \/><\/p>\n<p style=\"font-weight: bold; margin: 5px 0;\"><strong>D\u00e9coupe de contreplaqu\u00e9<\/strong><\/p>\n<p style=\"margin: 0;\">L&#039;utilisation d&#039;une machine de d\u00e9coupe CNC professionnelle pour la d\u00e9coupe de panneaux ignifuges offre une pr\u00e9cision et une r\u00e9gularit\u00e9 exceptionnelles. La pr\u00e9cision de d\u00e9coupe atteint g\u00e9n\u00e9ralement \u00b10,1 mm, voire plus, et l&#039;efficacit\u00e9 s&#039;en trouve consid\u00e9rablement am\u00e9lior\u00e9e.<\/p>\n<\/div>\n<\/div>\n<h4><\/h4>\n<h4><span style=\"color: #003366;\">Processus de fabrication du Flight Case :<\/span><\/h4>\n<p><img decoding=\"async\" style=\"max-width: 100%; height: auto; margin-bottom: 10px;\" src=\"https:\/\/suncasesupply.com\/wp-content\/uploads\/2025\/07\/Flight-Cases-Manufacturing-Process.png\" alt=\"Processus de fabrication de Suncase\" \/><\/p>\n<h4><span style=\"color: #003366;\">Informations utiles pour les acheteurs en gros\u00a0:<\/span><\/h4>\n<ul>\n<li><a href=\"https:\/\/suncasesupply.com\/fr\/blog\/what-is-an-ata-case\/\">Qu&#039;est-ce qu&#039;un cas ATA ? Tout ce que vous devez savoir<\/a><\/li>\n<li><a href=\"https:\/\/suncasesupply.com\/fr\/blog\/flight-case\/how-to-choose\/\">Comment choisir les meilleurs Flight Cases<\/a><\/li>\n<li><a href=\"https:\/\/suncasesupply.com\/fr\/blog\/flight-case\/how-to-clean\/\">Comment nettoyer un Flight Case ?<\/a><\/li>\n<li><a href=\"https:\/\/suncasesupply.com\/fr\/blog\/flight-case\/guide-for-musician\/\">Tout ce que les musiciens doivent savoir sur les Flight Cases<\/a><\/li>\n<\/ul>","protected":false},"excerpt":{"rendered":"<p>Mod\u00e8le : SC-B9013<\/p>\n<p>Couleurs : Argent \/ Noir<\/p>\n<p>Dimensions : 1500 x 530 x 350 mm<\/p>\n<p>Mat\u00e9riaux : Cadre en aluminium + Contreplaqu\u00e9 de 9 mm + Doublure en mousse + Quincaillerie.<\/p>\n<p>Logo : Logo imprim\u00e9 en s\u00e9rigraphie \/ Logo en m\u00e9tal.<\/p>\n<p>Quantit\u00e9 minimale de commande : 10 pi\u00e8ces<\/p>\n<p>\u00c9chantillon : Disponible<\/p>","protected":false},"featured_media":26441,"template":"","meta":{"_gspb_post_css":""},"product_cat":[91],"product_tag":[],"featured_image_urls":{"full":["https:\/\/suncasesupply.com\/wp-content\/uploads\/2026\/01\/Orange-Red-Flight-Case-3.jpg",800,800,false],"thumbnail":["https:\/\/suncasesupply.com\/wp-content\/uploads\/2026\/01\/Orange-Red-Flight-Case-3-150x150.jpg",150,150,true],"medium":["https:\/\/suncasesupply.com\/wp-content\/uploads\/2026\/01\/Orange-Red-Flight-Case-3-300x300.jpg",300,300,true],"medium_large":["https:\/\/suncasesupply.com\/wp-content\/uploads\/2026\/01\/Orange-Red-Flight-Case-3-768x768.jpg",768,768,true],"large":["https:\/\/suncasesupply.com\/wp-content\/uploads\/2026\/01\/Orange-Red-Flight-Case-3.jpg",800,800,false],"1536x1536":["https:\/\/suncasesupply.com\/wp-content\/uploads\/2026\/01\/Orange-Red-Flight-Case-3.jpg",800,800,false],"2048x2048":["https:\/\/suncasesupply.com\/wp-content\/uploads\/2026\/01\/Orange-Red-Flight-Case-3.jpg",800,800,false],"trp-custom-language-flag":["https:\/\/suncasesupply.com\/wp-content\/uploads\/2026\/01\/Orange-Red-Flight-Case-3-12x12.jpg",12,12,true],"woocommerce_thumbnail":["https:\/\/suncasesupply.com\/wp-content\/uploads\/2026\/01\/Orange-Red-Flight-Case-3-300x300.jpg",300,300,true],"woocommerce_single":["https:\/\/suncasesupply.com\/wp-content\/uploads\/2026\/01\/Orange-Red-Flight-Case-3-600x600.jpg",600,600,true],"woocommerce_gallery_thumbnail":["https:\/\/suncasesupply.com\/wp-content\/uploads\/2026\/01\/Orange-Red-Flight-Case-3-100x100.jpg",100,100,true]},"post_excerpt_stackable":"<p>Model :SC-B9013<\/p>\n<p>Colors: Silver \/ Black<\/p>\n<p>Size: 1500x530x350mm<\/p>\n<p>Materials: Aluminum frame+9mm Plywood+Foam Lining+Hardware.<\/p>\n<p>Logo: Silk printing logo\u00a0\/ Metal Logo.<\/p>\n<p>MOQ: 10pcs<\/p>\n<p>Sample: Available<\/p>\n","category_list":"","author_info":{"name":"","url":""},"comments_num":"0 commentaire","_links":{"self":[{"href":"https:\/\/suncasesupply.com\/fr\/wp-json\/wp\/v2\/product\/26442"}],"collection":[{"href":"https:\/\/suncasesupply.com\/fr\/wp-json\/wp\/v2\/product"}],"about":[{"href":"https:\/\/suncasesupply.com\/fr\/wp-json\/wp\/v2\/types\/product"}],"wp:featuredmedia":[{"embeddable":true,"href":"https:\/\/suncasesupply.com\/fr\/wp-json\/wp\/v2\/media\/26441"}],"wp:attachment":[{"href":"https:\/\/suncasesupply.com\/fr\/wp-json\/wp\/v2\/media?parent=26442"}],"wp:term":[{"taxonomy":"product_cat","embeddable":true,"href":"https:\/\/suncasesupply.com\/fr\/wp-json\/wp\/v2\/product_cat?post=26442"},{"taxonomy":"product_tag","embeddable":true,"href":"https:\/\/suncasesupply.com\/fr\/wp-json\/wp\/v2\/product_tag?post=26442"}],"curies":[{"name":"wp","href":"https:\/\/api.w.org\/{rel}","templated":true}]}}