{"id":26432,"date":"2026-01-29T15:03:41","date_gmt":"2026-01-29T07:03:41","guid":{"rendered":"https:\/\/suncasesupply.com\/?post_type=product&#038;p=26432"},"modified":"2026-03-17T02:47:33","modified_gmt":"2026-03-16T18:47:33","slug":"34-inch-wide-x-22-inch-deep-portable-showcase-with-locks-for-jewelry-trading-cards-display-case","status":"publish","type":"product","link":"https:\/\/suncasesupply.com\/fr\/product\/34-inch-wide-x-22-inch-deep-portable-showcase-with-locks-for-jewelry-trading-cards-display-case\/","title":{"rendered":"Vitrine portable de 86 cm de large x 56 cm de profondeur avec serrures pour bijoux et cartes \u00e0 collectionner"},"content":{"rendered":"<p><strong><b>Vitrine portable de 86 cm de large x 56 cm de profondeur avec serrures pour bijoux et cartes \u00e0 collectionner<\/b><\/strong><\/p>\n<h4><span style=\"color: #003366;\">Caract\u00e9ristiques:<\/span><\/h4>\n<ul>\n<li><strong><b>Dimensionnel et panoramique : <\/b><\/strong>Con\u00e7ue pour la pr\u00e9sentation de cartes \u00e0 collectionner, cette vitrine peut facilement accueillir plusieurs cartes, bijoux ou objets d&#039;exposition. Son panneau plat en acrylique offre une vue d\u00e9gag\u00e9e et sans angle mort, ce qui en fait une vitrine id\u00e9ale pour les cartes en aluminium \u2013 parfaite pour les magasins, les expositions ou les collections priv\u00e9es.<\/li>\n<li><strong><b>Doux et s\u00fbr : <\/b><\/strong>Doubl\u00e9e de velours noir doux pour prot\u00e9ger vos objets de collection, tels que cartes de sport et m\u00e9dailles, des rayures. Son rembourrage haute densit\u00e9 absorbe les chocs, assurant ainsi la stabilit\u00e9 de vos pi\u00e8ces. Elle se pr\u00eate parfaitement \u00e0 une pr\u00e9sentation portable de bijoux en aluminium lors d&#039;\u00e9v\u00e9nements ou de voyages.<\/li>\n<li><b><\/b><strong><b>Syst\u00e8me de s\u00e9curit\u00e9 : <\/b><\/strong>Gr\u00e2ce \u00e0 ses serrures int\u00e9gr\u00e9es et ses panneaux lat\u00e9raux renforc\u00e9s, ce pr\u00e9sentoir \u00e0 cartes est id\u00e9al pour exposer vos objets de valeur en toute s\u00e9curit\u00e9. L&#039;attache pour cadenas offre une protection suppl\u00e9mentaire contre le vol, que ce soit pour un salon professionnel ou \u00e0 domicile, et peut \u00e9galement servir de grande vitrine \u00e0 bijoux en aluminium.<\/li>\n<li><strong><b>Conception portable : <\/b><\/strong>Gr\u00e2ce \u00e0 ses poign\u00e9es antid\u00e9rapantes et \u00e0 sa structure l\u00e9g\u00e8re, cette vitrine pour cartes est facile \u00e0 transporter pour des \u00e9v\u00e9nements ou au quotidien. Des tapis antid\u00e9rapants (en option) assurent une meilleure stabilit\u00e9 sur toutes les surfaces.<\/li>\n<li><strong><b>Utilisation multisc\u00e8ne\u00a0:<\/b><\/strong>Qu&#039;il s&#039;agisse de pr\u00e9senter des cartes de sport, des cartes \u00e0 collectionner, des bijoux ou des p\u00e2tisseries, cette vitrine fait \u00e9galement office de cadeau \u00e9l\u00e9gant pour les collectionneurs et fonctionne parfaitement comme vitrine de table portable en aluminium.<\/li>\n<\/ul>\n<div style=\"background-color: #29599a; padding: 40px 20px; text-align: center; color: #ffffff; border-radius: 10px; margin: 40px auto; max-width: 960px;\">\n<h2 style=\"font-size: 22px; margin-bottom: 20px; font-weight: bold;\"><span style=\"color: #ffffff;\">Commandez d\u00e8s maintenant les pr\u00e9sentoirs \u00e0 bijoux en aluminium Sun Case, quantit\u00e9 minimale de commande (MOQ) de 100 unit\u00e9s disponible.<\/span><\/h2>\n<p><a style=\"display: inline-block; padding: 12px 28px; background-color: #ffffff; color: #29599a; text-decoration: none; border-radius: 6px; font-weight: bold;\" href=\"https:\/\/suncasesupply.com\/fr\/contact-us\/\" target=\"_blank\" rel=\"noopener\">Obtenez un devis aujourd&#039;hui<\/a><\/p>\n<\/div>\n<h4><span style=\"color: #003366;\">D\u00e9tails du produit :<\/span><\/h4>\n<div style=\"display: flex; gap: 20px;\">\n<p><!-- \u7b2c\u4e00\u680f --><\/p>\n<div style=\"flex: 1; text-align: center;\">\n<p><img decoding=\"async\" style=\"max-width: 100%; height: auto; margin-bottom: 10px;\" src=\"https:\/\/suncasesupply.com\/wp-content\/uploads\/2025\/12\/1-Handle.jpg\" alt=\"Poign\u00e9e\" \/><\/p>\n<p><b><\/b><strong><b>Poign\u00e9e<\/b><\/strong><\/p>\n<p style=\"margin: 0;\">La poign\u00e9e offre une prise en main s\u00fbre, stable et ergonomique. Lors du transport des pr\u00e9sentoirs \u00e0 bijoux en aluminium, elle r\u00e9partit la force sur l&#039;utilisateur, \u00e9vitant ainsi que les doigts ou les outils ne rayent, n&#039;endommagent ou n&#039;ab\u00eement la surface du coffret.<\/p>\n<p>&nbsp;<\/p>\n<\/div>\n<p><!-- \u7b2c\u4e8c\u680f --><\/p>\n<div style=\"flex: 1; text-align: center;\">\n<p><img decoding=\"async\" style=\"max-width: 100%; height: auto; margin-bottom: 10px;\" src=\"https:\/\/suncasesupply.com\/wp-content\/uploads\/2025\/12\/2-Locks.jpg\" alt=\"Serrures\" \/><\/p>\n<p><b><\/b><strong><b>Serrures<\/b><\/strong><\/p>\n<p style=\"margin: 0;\">La vitrine en acrylique est fournie avec deux serrures, chacune associ\u00e9e \u00e0 deux cl\u00e9s. Lors de l&#039;exposition d&#039;objets de valeur sur des salons professionnels ou lors du transport de vitrines, il est g\u00e9n\u00e9ralement recommand\u00e9 d&#039;utiliser des cl\u00e9s pour garantir la s\u00e9curit\u00e9 des vitrines en verre et aluminium destin\u00e9es aux cartes.<\/p>\n<\/div>\n<p><!-- \u7b2c\u4e09\u680f --><\/p>\n<div style=\"flex: 1; text-align: center;\">\n<p><img decoding=\"async\" style=\"max-width: 100%; height: auto; margin-bottom: 10px;\" src=\"https:\/\/suncasesupply.com\/wp-content\/uploads\/2025\/12\/3-Curved-Hinge.jpg\" alt=\"Charni\u00e8re incurv\u00e9e\" \/><\/p>\n<p><b><\/b><strong><b>Charni\u00e8re incurv\u00e9e<\/b><\/strong><\/p>\n<p>Gr\u00e2ce \u00e0 l&#039;ouverture compl\u00e8te de la vitrine, la charni\u00e8re incurv\u00e9e offre un support solide emp\u00eachant le couvercle sup\u00e9rieur de tomber, \u00e9vitant ainsi les blessures \u00e0 la main de l&#039;utilisateur et les dommages aux produits contenus dans les vitrines \u00e0 bijoux portables en aluminium.<\/p>\n<\/div>\n<p><!-- \u7b2c\u56db\u680f --><\/p>\n<div style=\"flex: 1; text-align: center;\">\n<p><img decoding=\"async\" style=\"max-width: 100%; height: auto; margin-bottom: 10px;\" src=\"https:\/\/suncasesupply.com\/wp-content\/uploads\/2025\/12\/4-Acrylic-Cover.jpg\" alt=\"Couvercle en acrylique\" \/><\/p>\n<p><b><\/b><strong><b>Couvercle en acrylique<\/b><\/strong><\/p>\n<p style=\"margin: 0;\">Le couvercle sup\u00e9rieur transparent en acrylique permet une visualisation directe et sous tous les angles, mettant parfaitement en valeur les d\u00e9tails sup\u00e9rieurs, la structure complexe et la forme g\u00e9n\u00e9rale de la collection dans ce pr\u00e9sentoir en aluminium pour cartes.<\/p>\n<\/div>\n<\/div>\n<h4><span style=\"color: #003366;\">Processus de fabrication :<\/span><\/h4>\n<p><img decoding=\"async\" style=\"max-width: 100%; height: auto; margin-bottom: 10px;\" src=\"https:\/\/suncasesupply.com\/wp-content\/uploads\/2025\/07\/Manufacturing-Process.png\" alt=\"Processus de fabrication de Suncase\" \/><\/p>\n<div style=\"background-color: #29599a; padding: 40px 20px; text-align: center; color: #ffffff; border-radius: 10px; margin: 40px auto; max-width: 960px;\">\n<h2 style=\"font-size: 22px; margin-bottom: 20px; font-weight: bold;\"><span style=\"color: #ffffff;\">Choisissez le pr\u00e9sentoir \u00e0 cartes en aluminium Sun Case, des solutions de haute qualit\u00e9 \u00e0 partir d&#039;une quantit\u00e9 minimale de commande de 100 unit\u00e9s.<\/span><\/h2>\n<p><a style=\"display: inline-block; padding: 12px 28px; background-color: #ffffff; color: #29599a; text-decoration: none; border-radius: 6px; font-weight: bold;\" href=\"https:\/\/suncasesupply.com\/fr\/contact-us\/\" target=\"_blank\" rel=\"noopener\">Obtenez un devis aujourd&#039;hui<\/a><\/p>\n<\/div>\n<h4><span style=\"color: #003366;\">Informations utiles pour les acheteurs en gros\u00a0:<\/span><\/h4>\n<ul>\n<li class=\"page-title\" title=\"Qu\u2019est-ce qui rend les cartes de sport si pr\u00e9cieuses ?\">\n<p class=\"page-title\" title=\"Comment prot\u00e9ger votre collection de cartes \u00e0 collectionner\"><a href=\"https:\/\/suncasesupply.com\/fr\/blog\/how-protect-trading-cards-collection\/\">Comment prot\u00e9ger votre collection de cartes \u00e0 collectionner &gt;&gt;<\/a><\/p>\n<\/li>\n<li title=\"Qu\u2019est-ce qui rend les cartes de sport si pr\u00e9cieuses ?\">\n<p class=\"page-title\" title=\"\u00c9levez votre exposition\u00a0: la puissance des vitrines de salon en aluminium\"><a href=\"https:\/\/suncasesupply.com\/fr\/blog\/custom-aluminum-case\/dvantages-of-aluminum-trade-show-display-cases\/\">Optimisez votre stand : La puissance des vitrines en aluminium pour salons professionnels &gt;&gt;<\/a><\/p>\n<\/li>\n<li title=\"Qu\u2019est-ce qui rend les cartes de sport si pr\u00e9cieuses ?\">\n<p class=\"page-title\" title=\"Avantages et inconv\u00e9nients des vitrines en aluminium\u00a0: un guide complet\"><a href=\"https:\/\/suncasesupply.com\/fr\/blog\/custom-aluminum-case\/pros-and-cons-of-aluminum-display-case\/\">Avantages et inconv\u00e9nients des vitrines en aluminium\u00a0: un guide complet &gt;&gt;<\/a><\/p>\n<\/li>\n<\/ul>","protected":false},"excerpt":{"rendered":"<p>Mod\u00e8le : SC-B9012<\/p>\n<p>Dimensions\u00a0: 36 x 24 x 3 pouces \/ 34 x 22 x 3 pouces \/ 24 x 20 x 3 pouces ou dimensions personnalis\u00e9es<\/p>\n<p>Couleurs : Argent \/ Noir<\/p>\n<p>Mat\u00e9riaux : Cadre en aluminium + Panneau MDF + Panneau ABS\/Panneau acrylique + Quincaillerie.<\/p>\n<p>Logo : Logo imprim\u00e9 en s\u00e9rigraphie \/ Logo en m\u00e9tal.<\/p>\n<p>Quantit\u00e9 minimale de commande : 100 pi\u00e8ces<\/p>\n<p>\u00c9chantillon : Disponible<\/p>","protected":false},"featured_media":26402,"template":"","meta":{"_gspb_post_css":""},"product_cat":[119],"product_tag":[],"featured_image_urls":{"full":["https:\/\/suncasesupply.com\/wp-content\/uploads\/2026\/01\/Acrylic-Display-Case-3.jpg",800,800,false],"thumbnail":["https:\/\/suncasesupply.com\/wp-content\/uploads\/2026\/01\/Acrylic-Display-Case-3-150x150.jpg",150,150,true],"medium":["https:\/\/suncasesupply.com\/wp-content\/uploads\/2026\/01\/Acrylic-Display-Case-3-300x300.jpg",300,300,true],"medium_large":["https:\/\/suncasesupply.com\/wp-content\/uploads\/2026\/01\/Acrylic-Display-Case-3-768x768.jpg",768,768,true],"large":["https:\/\/suncasesupply.com\/wp-content\/uploads\/2026\/01\/Acrylic-Display-Case-3.jpg",800,800,false],"1536x1536":["https:\/\/suncasesupply.com\/wp-content\/uploads\/2026\/01\/Acrylic-Display-Case-3.jpg",800,800,false],"2048x2048":["https:\/\/suncasesupply.com\/wp-content\/uploads\/2026\/01\/Acrylic-Display-Case-3.jpg",800,800,false],"trp-custom-language-flag":["https:\/\/suncasesupply.com\/wp-content\/uploads\/2026\/01\/Acrylic-Display-Case-3-12x12.jpg",12,12,true],"woocommerce_thumbnail":["https:\/\/suncasesupply.com\/wp-content\/uploads\/2026\/01\/Acrylic-Display-Case-3-300x300.jpg",300,300,true],"woocommerce_single":["https:\/\/suncasesupply.com\/wp-content\/uploads\/2026\/01\/Acrylic-Display-Case-3-600x600.jpg",600,600,true],"woocommerce_gallery_thumbnail":["https:\/\/suncasesupply.com\/wp-content\/uploads\/2026\/01\/Acrylic-Display-Case-3-100x100.jpg",100,100,true]},"post_excerpt_stackable":"<p>Model: SC-B9012<\/p>\n<p>Size: 36x24x3 inch \/ 34x22x3 inch \/ 24x20x3 inch or Customized size<\/p>\n<p>Colors: Silver \/ Black<\/p>\n<p>Materials: Aluminum frame+MDF Board+ABS Panel\/Acrylic Panel+Hardware.<\/p>\n<p>Logo: Silk printing logo\u00a0\/ Metal Logo.<\/p>\n<p>MOQ: 100pcs<\/p>\n<p>Sample: Available<\/p>\n","category_list":"","author_info":{"name":"","url":""},"comments_num":"0 commentaire","_links":{"self":[{"href":"https:\/\/suncasesupply.com\/fr\/wp-json\/wp\/v2\/product\/26432"}],"collection":[{"href":"https:\/\/suncasesupply.com\/fr\/wp-json\/wp\/v2\/product"}],"about":[{"href":"https:\/\/suncasesupply.com\/fr\/wp-json\/wp\/v2\/types\/product"}],"wp:featuredmedia":[{"embeddable":true,"href":"https:\/\/suncasesupply.com\/fr\/wp-json\/wp\/v2\/media\/26402"}],"wp:attachment":[{"href":"https:\/\/suncasesupply.com\/fr\/wp-json\/wp\/v2\/media?parent=26432"}],"wp:term":[{"taxonomy":"product_cat","embeddable":true,"href":"https:\/\/suncasesupply.com\/fr\/wp-json\/wp\/v2\/product_cat?post=26432"},{"taxonomy":"product_tag","embeddable":true,"href":"https:\/\/suncasesupply.com\/fr\/wp-json\/wp\/v2\/product_tag?post=26432"}],"curies":[{"name":"wp","href":"https:\/\/api.w.org\/{rel}","templated":true}]}}