{"id":26431,"date":"2026-01-29T11:41:56","date_gmt":"2026-01-29T03:41:56","guid":{"rendered":"https:\/\/suncasesupply.com\/?post_type=product&#038;p=26431"},"modified":"2026-02-11T10:50:26","modified_gmt":"2026-02-11T02:50:26","slug":"rose-gold-rolling-makeup-case-4-in-1-trolley-cosmetic-train-case","status":"publish","type":"product","link":"https:\/\/suncasesupply.com\/fr\/product\/rose-gold-rolling-makeup-case-4-in-1-trolley-cosmetic-train-case\/","title":{"rendered":"Valise de maquillage \u00e0 roulettes rose dor\u00e9 4 en 1"},"content":{"rendered":"<h4><span style=\"color: #003366;\">Caract\u00e9ristiques:<\/span><\/h4>\n<ul>\n<li><strong><b>Style adaptable 4 en 1\u00a0: <\/b><\/strong>Dot\u00e9e de quatre compartiments d\u00e9tachables, cette trousse de maquillage \u00e0 roulettes avec tiroirs offre une flexibilit\u00e9 optimale.<\/li>\n<li><strong><b>Grande capacit\u00e9 :<\/b><\/strong>Avec 1 compartiment sup\u00e9rieur, 2 compartiments centraux et 1 grand compartiment inf\u00e9rieur, cette grande trousse de maquillage \u00e0 roulettes offre un espace g\u00e9n\u00e9reux pour ranger divers produits de maquillage et outils cosm\u00e9tiques.<\/li>\n<li><strong><b>Polyvalent et portable : <\/b><\/strong>La valise de maquillage trolley 4 en 1 est un organisateur portable et polyvalent. Mesurant 34 cm de long, 24 cm de large et 75 cm de haut, elle offre un grand espace de rangement et une poign\u00e9e t\u00e9lescopique de 96,5 cm pour un transport ais\u00e9. Un syst\u00e8me de verrouillage \u00e0 cl\u00e9 s\u00e9curise vos produits cosm\u00e9tiques, faisant de cette valise \u00e0 roulettes un accessoire id\u00e9al pour les maquilleurs professionnels.<\/li>\n<\/ul>\n<h4><span style=\"color: #003366;\">D\u00e9tails du produit :<\/span><\/h4>\n<div style=\"display: flex; gap: 20px;\">\n<div style=\"flex: 1; text-align: center;\">\n<p><img decoding=\"async\" style=\"max-width: 100%; height: auto; margin-bottom: 10px;\" src=\"https:\/\/suncasesupply.com\/wp-content\/uploads\/2026\/01\/1-Trays.jpg\" alt=\"Plateaux extensibles\" \/><\/p>\n<p style=\"font-weight: bold; margin: 5px 0;\"><strong><b>Extensible<\/b><\/strong>\u00a0<strong><b>Plateaux<\/b><\/strong><\/p>\n<p style=\"margin: 0;\">La partie sup\u00e9rieure comprend 4 plateaux extensibles, permettant de ranger soigneusement cosm\u00e9tiques et outils. Id\u00e9al pour les maquilleurs professionnels utilisant une valise de maquillage \u00e0 roulettes en ext\u00e9rieur.<\/p>\n<\/div>\n<p><!-- \u7b2c\u4e8c\u680f --><\/p>\n<div style=\"flex: 1; text-align: center;\">\n<p><img decoding=\"async\" style=\"max-width: 100%; height: auto; margin-bottom: 10px;\" src=\"https:\/\/suncasesupply.com\/wp-content\/uploads\/2026\/01\/3-Removable-Section.jpg\" alt=\"Section amovible\" \/><\/p>\n<p style=\"font-weight: bold; margin: 5px 0;\"><strong><b>Section amovible<\/b><\/strong><\/p>\n<p style=\"margin: 0;\">La partie sup\u00e9rieure peut servir de trousse de maquillage \u00e0 roulettes. Les parties centrales sont amovibles, permettant une configuration 3-en-1 ou 2-en-1, id\u00e9ale pour r\u00e9pondre \u00e0 divers besoins professionnels ou personnels.<\/p>\n<\/div>\n<p><!-- \u7b2c\u4e09\u680f --><\/p>\n<div style=\"flex: 1; text-align: center;\">\n<p><img decoding=\"async\" style=\"max-width: 100%; height: auto; margin-bottom: 10px;\" src=\"https:\/\/suncasesupply.com\/wp-content\/uploads\/2026\/01\/2-Bottom-Layer.jpg\" alt=\"Couche inf\u00e9rieure\" \/><\/p>\n<p style=\"font-weight: bold; margin: 5px 0;\">Couche inf\u00e9rieure<\/p>\n<p style=\"margin: 0;\">Il y a \u00e9galement un grand compartiment inf\u00e9rieur offrant un espace de rangement id\u00e9al pour les outils de coiffure, les produits cosm\u00e9tiques et les accessoires pour les ongles. Parfait pour les maquilleurs professionnels, les coiffeurs, les manucures, les tatoueurs ou toute personne poss\u00e9dant une grande quantit\u00e9 de produits cosm\u00e9tiques.<\/p>\n<\/div>\n<p><!-- \u7b2c\u56db\u680f --><\/p>\n<div style=\"flex: 1; text-align: center;\">\n<p><img decoding=\"async\" src=\"https:\/\/suncasesupply.com\/wp-content\/uploads\/2026\/01\/4-Wheels.jpg\" \/><strong>Roues pivotantes \u00e0 360 degr\u00e9s<\/strong><\/p>\n<p style=\"margin: 0;\">Cette valise de voyage est \u00e9quip\u00e9e de quatre roulettes pivotantes \u00e0 360\u00b0 de haute qualit\u00e9, assurant un d\u00e9placement fluide et silencieux, pour un transport plus facile et sans effort. De plus, les roulettes amovibles sont pratiques et peuvent \u00eatre facilement retir\u00e9es ou remplac\u00e9es en cas de besoin.<\/p>\n<\/div>\n<\/div>\n<h4><span style=\"color: #003366;\">Processus de fabrication de la trousse de maquillage :<\/span><\/h4>\n<p><img decoding=\"async\" style=\"max-width: 100%; height: auto; margin-bottom: 10px;\" src=\"https:\/\/suncasesupply.com\/wp-content\/uploads\/2025\/07\/Manufacturing-Process.png\" alt=\"Processus de fabrication de Suncase\" \/><\/p>\n<div style=\"background-color: #29599a; padding: 40px 20px; text-align: center; color: #ffffff; border-radius: 10px; margin: 40px auto; max-width: 960px;\">\n<h2 style=\"font-size: 22px; margin-bottom: 20px; font-weight: bold;\"><span style=\"color: #ffffff;\">Commandez d\u00e8s aujourd&#039;hui votre valise de maquillage \u00e0 roulettes Sun Case, quantit\u00e9 minimale de commande\u00a0: 100 unit\u00e9s.<\/span><\/h2>\n<p><a style=\"display: inline-block; padding: 12px 28px; background-color: #ffffff; color: #29599a; text-decoration: none; border-radius: 6px; font-weight: bold;\" href=\"https:\/\/suncasesupply.com\/fr\/contact-us\/\" target=\"_blank\" rel=\"noopener\">Obtenez un devis aujourd&#039;hui<br \/>\n<\/a><\/p>\n<\/div>\n<div style=\"display: flex; gap: 20px;\"><span style=\"color: #003366; font-weight: bold; text-align: center;\">Informations utiles pour les acheteurs en gros\u00a0:<\/span><\/div>\n<ul>\n<li class=\"page-title\" title=\"Qu\u2019est-ce qui rend les cartes de sport si pr\u00e9cieuses ?\">\n<p class=\"page-title\" title=\"Mallette \u00e0 roulettes Nail Tech 4 en 1 : la solution ultime pour les manucures professionnelles\"><a href=\"https:\/\/suncasesupply.com\/fr\/blog\/makeup-case\/4-in-1-nail-tech-rolling-case-ultimate-tool-for-manicurists\/\">Trousse de manucure \u00e0 roulettes 4 en 1 : La solution id\u00e9ale pour les proth\u00e9sistes ongulaires &gt;&gt;\u00a0<\/a><\/p>\n<\/li>\n<li title=\"Qu\u2019est-ce qui rend les cartes de sport si pr\u00e9cieuses ?\">\n<p class=\"page-title\" title=\"Cr\u00e9er la trousse de maquillage parfaite : le guide ultime des trousses de maquillage\"><a href=\"https:\/\/suncasesupply.com\/fr\/blog\/makeup-case\/how-to-build-the-ultimate-makeup-artist-case-for-your-set-bag-needs\/\">Cr\u00e9er la trousse de maquillage parfaite\u00a0: le guide ultime des sacs de plateau &gt;&gt;\u00a0<\/a><\/p>\n<\/li>\n<li title=\"Qu\u2019est-ce qui rend les cartes de sport si pr\u00e9cieuses ?\">\n<p class=\"page-title\" title=\"Trousse de maquillage : avantages et inconv\u00e9nients\"><a href=\"https:\/\/suncasesupply.com\/fr\/blog\/makeup-case\/pros-and-cons-of-makeup-train-case\/\">Trousse de maquillage : avantages et inconv\u00e9nients &gt;&gt;\u00a0<\/a><\/p>\n<\/li>\n<\/ul>","protected":false},"excerpt":{"rendered":"<p>Mod\u00e8le : SC-B9011<\/p>\n<p>Dimensions : L35 x l25 x H74 cm<\/p>\n<p>Couleurs : Or rose<\/p>\n<p>Mat\u00e9riaux : Cadre en aluminium + Panneau MDF + Panneau ABS + Quincaillerie.<\/p>\n<p>Logo : Logo imprim\u00e9 en s\u00e9rigraphie \/ Logo en m\u00e9tal.<\/p>\n<p>Quantit\u00e9 minimale de commande : 100 pi\u00e8ces<\/p>\n<p>\u00c9chantillon : Disponible<\/p>","protected":false},"featured_media":26428,"template":"","meta":{"_gspb_post_css":""},"product_cat":[34,97],"product_tag":[],"featured_image_urls":{"full":["https:\/\/suncasesupply.com\/wp-content\/uploads\/2026\/01\/1.jpg",800,800,false],"thumbnail":["https:\/\/suncasesupply.com\/wp-content\/uploads\/2026\/01\/1-150x150.jpg",150,150,true],"medium":["https:\/\/suncasesupply.com\/wp-content\/uploads\/2026\/01\/1-300x300.jpg",300,300,true],"medium_large":["https:\/\/suncasesupply.com\/wp-content\/uploads\/2026\/01\/1-768x768.jpg",768,768,true],"large":["https:\/\/suncasesupply.com\/wp-content\/uploads\/2026\/01\/1.jpg",800,800,false],"1536x1536":["https:\/\/suncasesupply.com\/wp-content\/uploads\/2026\/01\/1.jpg",800,800,false],"2048x2048":["https:\/\/suncasesupply.com\/wp-content\/uploads\/2026\/01\/1.jpg",800,800,false],"trp-custom-language-flag":["https:\/\/suncasesupply.com\/wp-content\/uploads\/2026\/01\/1-12x12.jpg",12,12,true],"woocommerce_thumbnail":["https:\/\/suncasesupply.com\/wp-content\/uploads\/2026\/01\/1-300x300.jpg",300,300,true],"woocommerce_single":["https:\/\/suncasesupply.com\/wp-content\/uploads\/2026\/01\/1-600x600.jpg",600,600,true],"woocommerce_gallery_thumbnail":["https:\/\/suncasesupply.com\/wp-content\/uploads\/2026\/01\/1-100x100.jpg",100,100,true]},"post_excerpt_stackable":"<p>Model: SC-B9011<\/p>\n<p>Size: L35 x W25 x H74cm<\/p>\n<p>Colors: Rose Gold<\/p>\n<p>Materials: Aluminum Frame+MDF Board+ABS Panel+Hardware.<\/p>\n<p>Logo: Silk printing logo\u00a0\/ Metal Logo.<\/p>\n<p>MOQ: 100pcs<\/p>\n<p>Sample: Available<\/p>\n","category_list":"","author_info":{"name":"","url":""},"comments_num":"0 commentaire","_links":{"self":[{"href":"https:\/\/suncasesupply.com\/fr\/wp-json\/wp\/v2\/product\/26431"}],"collection":[{"href":"https:\/\/suncasesupply.com\/fr\/wp-json\/wp\/v2\/product"}],"about":[{"href":"https:\/\/suncasesupply.com\/fr\/wp-json\/wp\/v2\/types\/product"}],"wp:featuredmedia":[{"embeddable":true,"href":"https:\/\/suncasesupply.com\/fr\/wp-json\/wp\/v2\/media\/26428"}],"wp:attachment":[{"href":"https:\/\/suncasesupply.com\/fr\/wp-json\/wp\/v2\/media?parent=26431"}],"wp:term":[{"taxonomy":"product_cat","embeddable":true,"href":"https:\/\/suncasesupply.com\/fr\/wp-json\/wp\/v2\/product_cat?post=26431"},{"taxonomy":"product_tag","embeddable":true,"href":"https:\/\/suncasesupply.com\/fr\/wp-json\/wp\/v2\/product_tag?post=26431"}],"curies":[{"name":"wp","href":"https:\/\/api.w.org\/{rel}","templated":true}]}}