{"id":26339,"date":"2025-12-10T20:10:25","date_gmt":"2025-12-10T12:10:25","guid":{"rendered":"https:\/\/suncasesupply.com\/?post_type=product&#038;p=26339"},"modified":"2026-03-17T02:42:37","modified_gmt":"2026-03-16T18:42:37","slug":"luxury-aluminum-briefcase-for-celebrations-mission-briefcase","status":"publish","type":"product","link":"https:\/\/suncasesupply.com\/fr\/product\/luxury-aluminum-briefcase-for-celebrations-mission-briefcase\/","title":{"rendered":"Mallette de luxe en aluminium pour les c\u00e9l\u00e9brations - Mallette de mission"},"content":{"rendered":"<h4><span style=\"color: #000000;\"><strong><b>Mallette de luxe en aluminium pour les c\u00e9l\u00e9brations - Mallette de mission<\/b><\/strong><\/span><\/h4>\n<h4><span style=\"color: #003366;\">Caract\u00e9ristiques:<\/span><\/h4>\n<ul>\n<li><strong><b>Fonctionnalit\u00e9: <\/b><\/strong>Les mallettes sont g\u00e9n\u00e9ralement con\u00e7ues pour \u00eatre pratiques et comportent des compartiments bien d\u00e9finis, tels que des compartiments rembourr\u00e9s pour ordinateur portable, des poches pour documents, des porte-stylos, des emplacements pour cartes, des poches zipp\u00e9es ou des poches en filet. Ce mod\u00e8le de mallette en aluminium avec fermeture \u00e0 glissi\u00e8re est g\u00e9n\u00e9ralement utilis\u00e9 pour les missions ou les c\u00e9l\u00e9brations religieuses.<\/li>\n<li><strong><b>\u00a0<\/b><\/strong><strong><b>Structure solide : <\/b><\/strong>Le cadre robuste en aluminium garantit que la mallette en m\u00e9tal aluminium reste absolument solide en toutes circonstances et ne s&#039;affaissera ni ne se d\u00e9formera sous l&#039;effet d&#039;une pression ext\u00e9rieure ou d&#039;un remplissage interne excessif, conservant ainsi une apparence parfaite pendant longtemps.<\/li>\n<li><strong><b>Personnalisation int\u00e9rieure<\/b><\/strong>L&#039;int\u00e9rieur des couvercles sup\u00e9rieur et inf\u00e9rieur est doubl\u00e9 en fonction des objets qui y seront rang\u00e9s. La doublure de la mallette est de couleur rouge pour r\u00e9pondre \u00e0 des besoins sp\u00e9cifiques et peut \u00e9galement \u00eatre personnalis\u00e9e, ce qui la rend id\u00e9ale comme mallette en aluminium servant de bo\u00eete \u00e0 outils pour un rangement organis\u00e9.<\/li>\n<\/ul>\n<h4><span style=\"color: #003366;\">D\u00e9tails du produit :<\/span><\/h4>\n<div style=\"display: flex; gap: 20px;\">\n<p><!-- \u7b2c\u4e00\u680f --><\/p>\n<div style=\"flex: 1; text-align: center;\">\n<p><img decoding=\"async\" style=\"max-width: 100%; height: auto; margin-bottom: 10px;\" src=\"https:\/\/suncasesupply.com\/wp-content\/uploads\/2025\/12\/1-Pocket.jpg\" alt=\"Poche\" \/><\/p>\n<p><b><\/b><strong><b>Poche<\/b><\/strong><\/p>\n<p style=\"margin: 0;\">\u00c0 l&#039;int\u00e9rieur du couvercle sup\u00e9rieur, des compartiments \u00e0 deux niveaux permettent de ranger documents, dossiers, ordinateur portable ou autres objets. Ainsi, le contenu de la mallette en aluminium est parfaitement organis\u00e9, offrant \u00e0 la fois une fonction de rangement et de protection.<\/p>\n<p>&nbsp;<\/p>\n<\/div>\n<p><!-- \u7b2c\u4e8c\u680f --><\/p>\n<div style=\"flex: 1; text-align: center;\">\n<p><img decoding=\"async\" style=\"max-width: 100%; height: auto; margin-bottom: 10px;\" src=\"https:\/\/suncasesupply.com\/wp-content\/uploads\/2025\/12\/2-Holders.jpg\" alt=\"d\u00e9tenteurs\" \/><\/p>\n<p><b><\/b><strong><b>d\u00e9tenteurs<\/b><\/strong><\/p>\n<p style=\"margin: 0;\">Nous personnalisons les supports en PU, les bandes \u00e9lastiques, les supports Velcro ou les poches pour les burettes herm\u00e9tiques, pour les autels portables, pour les calices, pour les ciboires et les pat\u00e8nes, pour les nappes d&#039;autel, pour les flacons d&#039;huile sainte dor\u00e9s, pour les croix, etc.<\/p>\n<\/div>\n<p><!-- \u7b2c\u4e09\u680f --><\/p>\n<div style=\"flex: 1; text-align: center;\">\n<p><img decoding=\"async\" style=\"max-width: 100%; height: auto; margin-bottom: 10px;\" src=\"https:\/\/suncasesupply.com\/wp-content\/uploads\/2025\/12\/3-Tool-Locks.jpg\" alt=\"Verrous d&#039;outils\" \/><\/p>\n<p><b><\/b><strong><b>Verrous d&#039;outils<\/b><\/strong><\/p>\n<p>Le corps de la serrure est fabriqu\u00e9 en alliage d&#039;aluminium haute r\u00e9sistance et parfaitement int\u00e9gr\u00e9 \u00e0 la mallette, ce qui lui permet de r\u00e9sister aux tentatives d&#039;effraction brutales telles que l&#039;utilisation de barres de fer ou de marteaux. Cette structure forme une mallette en aluminium avec serrure \u00e0 combinaison, renfor\u00e7ant ainsi la s\u00e9curit\u00e9, la fiabilit\u00e9 et le professionnalisme.<\/p>\n<\/div>\n<p><!-- \u7b2c\u56db\u680f --><\/p>\n<div style=\"flex: 1; text-align: center;\">\n<p><img decoding=\"async\" style=\"max-width: 100%; height: auto; margin-bottom: 10px;\" src=\"https:\/\/suncasesupply.com\/wp-content\/uploads\/2025\/12\/4-Back-Hinge.jpg\" alt=\"Charni\u00e8re arri\u00e8re\" \/><\/p>\n<p><b><\/b><strong><b>Charni\u00e8re arri\u00e8re<\/b><\/strong><\/p>\n<p style=\"margin: 0;\">\u00c0 l&#039;arri\u00e8re de la mallette en aluminium \u00e0 verrouillage, deux robustes charni\u00e8res permettent de fixer le couvercle sup\u00e9rieur au couvercle inf\u00e9rieur. Elles servent \u00e9galement \u00e0 maintenir le couvercle sup\u00e9rieur ouvert.<\/p>\n<\/div>\n<\/div>\n<h4><span style=\"color: #003366;\">Processus de fabrication :<\/span><\/h4>\n<p><img decoding=\"async\" style=\"max-width: 100%; height: auto; margin-bottom: 10px;\" src=\"https:\/\/suncasesupply.com\/wp-content\/uploads\/2025\/07\/Manufacturing-Process.png\" alt=\"Processus de fabrication de Suncase\" \/><\/p>\n<div style=\"background-color: #29599a; padding: 40px 20px; text-align: center; color: #ffffff; border-radius: 10px; margin: 40px auto; max-width: 960px;\">\n<h2 style=\"font-size: 22px; margin-bottom: 20px; font-weight: bold;\"><span style=\"color: #ffffff;\">Commandez d\u00e8s aujourd&#039;hui votre mallette en aluminium chez Sun Case, quantit\u00e9 minimale de commande\u00a0: 300 unit\u00e9s.<\/span><\/h2>\n<p><a style=\"display: inline-block; padding: 12px 28px; background-color: #ffffff; color: #29599a; text-decoration: none; border-radius: 6px; font-weight: bold;\" href=\"https:\/\/suncasesupply.com\/fr\/contact-us\/\" target=\"_blank\" rel=\"noopener\">Obtenez un devis aujourd&#039;hui<br \/>\n<\/a><\/p>\n<\/div>\n<h4><span style=\"color: #003366;\">Informations utiles pour les acheteurs en gros\u00a0:<\/span><\/h4>\n<ul>\n<li class=\"page-title\" title=\"Qu\u2019est-ce qui rend les cartes de sport si pr\u00e9cieuses ?\">\n<p class=\"page-title\" title=\"Attach\u00e9 ou porte-documents : quelle est la diff\u00e9rence entre les deux ?\"><a href=\"https:\/\/suncasesupply.com\/fr\/blog\/custom-aluminum-case\/attache-vs-briefcase\/\">Attache-documents ou mallette\u00a0: quelle est la diff\u00e9rence entre les deux\u00a0? &gt;&gt;<\/a><\/p>\n<\/li>\n<li title=\"Qu\u2019est-ce qui rend les cartes de sport si pr\u00e9cieuses ?\">\n<p class=\"page-title\" title=\"Pourquoi les mallettes en aluminium sont-elles si ch\u00e8res ?\"><a href=\"https:\/\/suncasesupply.com\/fr\/blog\/custom-aluminum-case\/why-aluminum-briefcase-expensive\/\">Pourquoi les mallettes en aluminium sont-elles si ch\u00e8res ? &gt;&gt;\u00a0<\/a><\/p>\n<\/li>\n<li title=\"Qu\u2019est-ce qui rend les cartes de sport si pr\u00e9cieuses ?\">\n<p class=\"page-title\" title=\"8 raisons pour lesquelles les mallettes en aluminium sont votre meilleur choix pour les voyages d&#039;affaires\"><a href=\"https:\/\/suncasesupply.com\/fr\/blog\/custom-aluminum-case\/8-reasons-why-aluminum-briefcases-is-your-best-choice-for-business-travel\/\">8 raisons pour lesquelles les mallettes en aluminium sont votre meilleur choix pour les voyages d&#039;affaires &gt;&gt;<\/a><\/p>\n<\/li>\n<\/ul>","protected":false},"excerpt":{"rendered":"<p>Mod\u00e8le : SC-B9010<\/p>\n<p>Dimensions : 45 x 33 x 15 cm<\/p>\n<p>Couleurs : Cadre en aluminium argent\u00e9 + doublure rouge.<\/p>\n<p>Mat\u00e9riaux : Cadre en aluminium + Panneau MDF + Panneau ABS + Accessoires.<\/p>\n<p>Logo : Logo imprim\u00e9 en s\u00e9rigraphie \/ Logo en m\u00e9tal.<\/p>\n<p>Quantit\u00e9 minimale de commande : 300 pi\u00e8ces<\/p>\n<p>\u00c9chantillon : Fourniture d&#039;un \u00e9chantillon.<\/p>","protected":false},"featured_media":26331,"template":"","meta":{"_gspb_post_css":""},"product_cat":[42,82],"product_tag":[],"featured_image_urls":{"full":["https:\/\/suncasesupply.com\/wp-content\/uploads\/2025\/12\/mission-briefcase-5.jpg",800,800,false],"thumbnail":["https:\/\/suncasesupply.com\/wp-content\/uploads\/2025\/12\/mission-briefcase-5-150x150.jpg",150,150,true],"medium":["https:\/\/suncasesupply.com\/wp-content\/uploads\/2025\/12\/mission-briefcase-5-300x300.jpg",300,300,true],"medium_large":["https:\/\/suncasesupply.com\/wp-content\/uploads\/2025\/12\/mission-briefcase-5-768x768.jpg",768,768,true],"large":["https:\/\/suncasesupply.com\/wp-content\/uploads\/2025\/12\/mission-briefcase-5.jpg",800,800,false],"1536x1536":["https:\/\/suncasesupply.com\/wp-content\/uploads\/2025\/12\/mission-briefcase-5.jpg",800,800,false],"2048x2048":["https:\/\/suncasesupply.com\/wp-content\/uploads\/2025\/12\/mission-briefcase-5.jpg",800,800,false],"trp-custom-language-flag":["https:\/\/suncasesupply.com\/wp-content\/uploads\/2025\/12\/mission-briefcase-5-12x12.jpg",12,12,true],"woocommerce_thumbnail":["https:\/\/suncasesupply.com\/wp-content\/uploads\/2025\/12\/mission-briefcase-5-300x300.jpg",300,300,true],"woocommerce_single":["https:\/\/suncasesupply.com\/wp-content\/uploads\/2025\/12\/mission-briefcase-5-600x600.jpg",600,600,true],"woocommerce_gallery_thumbnail":["https:\/\/suncasesupply.com\/wp-content\/uploads\/2025\/12\/mission-briefcase-5-100x100.jpg",100,100,true]},"post_excerpt_stackable":"<p>Model :SC-B9010<\/p>\n<p>Size: 45x33x15cm<\/p>\n<p>Colors: Silver Aluminum frame+Red Lining.<\/p>\n<p>Materials: Aluminum frame+MDF Board+ABS Panel+Accessories.<\/p>\n<p>Logo: Silk printing logo\u00a0\/ Metal Logo.<\/p>\n<p>MOQ: 300pcs<\/p>\n<p>Sample: Providing Sample.<\/p>\n","category_list":"","author_info":{"name":"","url":""},"comments_num":"0 commentaire","_links":{"self":[{"href":"https:\/\/suncasesupply.com\/fr\/wp-json\/wp\/v2\/product\/26339"}],"collection":[{"href":"https:\/\/suncasesupply.com\/fr\/wp-json\/wp\/v2\/product"}],"about":[{"href":"https:\/\/suncasesupply.com\/fr\/wp-json\/wp\/v2\/types\/product"}],"wp:featuredmedia":[{"embeddable":true,"href":"https:\/\/suncasesupply.com\/fr\/wp-json\/wp\/v2\/media\/26331"}],"wp:attachment":[{"href":"https:\/\/suncasesupply.com\/fr\/wp-json\/wp\/v2\/media?parent=26339"}],"wp:term":[{"taxonomy":"product_cat","embeddable":true,"href":"https:\/\/suncasesupply.com\/fr\/wp-json\/wp\/v2\/product_cat?post=26339"},{"taxonomy":"product_tag","embeddable":true,"href":"https:\/\/suncasesupply.com\/fr\/wp-json\/wp\/v2\/product_tag?post=26339"}],"curies":[{"name":"wp","href":"https:\/\/api.w.org\/{rel}","templated":true}]}}