{"id":26325,"date":"2025-12-09T18:04:39","date_gmt":"2025-12-09T10:04:39","guid":{"rendered":"https:\/\/suncasesupply.com\/?post_type=product&#038;p=26325"},"modified":"2026-03-17T02:27:07","modified_gmt":"2026-03-16T18:27:07","slug":"transparent-acrylic-display-aluminum-case-cards-show-box","status":"publish","type":"product","link":"https:\/\/suncasesupply.com\/fr\/product\/transparent-acrylic-display-aluminum-case-cards-show-box\/","title":{"rendered":"Vitrine transparente en acrylique, coffret en aluminium, bo\u00eete d&#039;exposition pour cartes"},"content":{"rendered":"<h4><span style=\"color: #000000;\">Vitrine transparente en acrylique, coffret en aluminium, bo\u00eete d&#039;exposition pour cartes<\/span><\/h4>\n<h4><span style=\"color: #003366;\">Caract\u00e9ristiques:<\/span><\/h4>\n<ul>\n<li><strong><b>Aspects pratiques et esth\u00e9tiques<\/b><\/strong><strong><b>: <\/b><\/strong>Le bo\u00eetier en aluminium \u00e0 structure acrylique transparente allie les avantages structurels d&#039;un cadre en aluminium \u00e0 l&#039;attrait visuel d&#039;un couvercle enti\u00e8rement transparent, ce qui en fait un choix populaire pour les applications de pr\u00e9sentoirs de comptoir en aluminium dans les solutions d&#039;affichage de moyenne et haute gamme.<\/li>\n<li><strong><b>Robuste et fiable : <\/b><\/strong>La structure en aluminium associ\u00e9e aux panneaux MDF forme une robuste \u00ab cage m\u00e9tallique \u00bb. L&#039;ensemble est ind\u00e9formable et r\u00e9siste \u00e0 la pression d&#039;un empilement prolong\u00e9, ce qui le rend id\u00e9al comme vitrine de table en aluminium durable pour les grandes collections.<\/li>\n<li><strong><b>Exp\u00e9rience d&#039;ouverture et de fermeture optimale\u00a0:<\/b><\/strong> Le couvercle sup\u00e9rieur transparent de la vitrine est solidement fix\u00e9 sur des charni\u00e8res robustes en aluminium, permettant une ouverture et une fermeture fluides et durables, et permettant \u00e0 cette vitrine verrouillable en aluminium d&#039;\u00eatre suspendue de mani\u00e8re stable \u00e0 n&#039;importe quel angle gr\u00e2ce aux deux panneaux lat\u00e9raux.<\/li>\n<li><strong><b>Convient pour<\/b><\/strong>Collectionneur de cartes \u00e0 collectionner, collectionneur de cartes de sport, amateur de bijoux et de montres, collectionneur de jouets\/figurines de collection haut de gamme, amateur de m\u00e9canique et de mod\u00e9lisme, participant \u00e0 des salons, etc., ce qui en fait une vitrine portable en aluminium id\u00e9ale pour les expositions et les comptoirs.<\/li>\n<\/ul>\n<h4><span style=\"color: #003366;\">D\u00e9tails du produit :<\/span><\/h4>\n<div style=\"display: flex; gap: 20px;\">\n<p><!-- \u7b2c\u4e00\u680f --><\/p>\n<div style=\"flex: 1; text-align: center;\">\n<p><img decoding=\"async\" style=\"max-width: 100%; height: auto; margin-bottom: 10px;\" src=\"https:\/\/suncasesupply.com\/wp-content\/uploads\/2025\/12\/1-Handle.jpg\" alt=\"Poign\u00e9e\" \/><\/p>\n<p><b><\/b><strong><b>Poign\u00e9e<\/b><\/strong><\/p>\n<p style=\"margin: 0;\">La poign\u00e9e offre une prise en main s\u00fbre, stable et ergonomique. Lors du transport de la vitrine de comptoir en aluminium, la poign\u00e9e r\u00e9partit la force sur l&#039;utilisateur, \u00e9vitant ainsi que les doigts ou les outils ne rayent, n&#039;endommagent ou n&#039;ab\u00eement la surface de la bo\u00eete.<\/p>\n<p>&nbsp;<\/p>\n<\/div>\n<p><!-- \u7b2c\u4e8c\u680f --><\/p>\n<div style=\"flex: 1; text-align: center;\">\n<p><img decoding=\"async\" style=\"max-width: 100%; height: auto; margin-bottom: 10px;\" src=\"https:\/\/suncasesupply.com\/wp-content\/uploads\/2025\/12\/2-Locks.jpg\" alt=\"Serrures\" \/><\/p>\n<p><b><\/b><strong><b>Serrures<\/b><\/strong><\/p>\n<p style=\"margin: 0;\">La vitrine en acrylique est fournie avec deux serrures, chacune associ\u00e9e \u00e0 deux cl\u00e9s. Lors de l&#039;exposition d&#039;objets de valeur dans des foires \u00e0 forte affluence ou pendant le transport, les serrures garantissent une s\u00e9curit\u00e9 optimale, faisant de cette vitrine en aluminium un dispositif de verrouillage efficace.<\/p>\n<\/div>\n<p><!-- \u7b2c\u4e09\u680f --><\/p>\n<div style=\"flex: 1; text-align: center;\">\n<p><img decoding=\"async\" style=\"max-width: 100%; height: auto; margin-bottom: 10px;\" src=\"https:\/\/suncasesupply.com\/wp-content\/uploads\/2025\/12\/3-Curved-Hinge.jpg\" alt=\"Charni\u00e8re incurv\u00e9e\" \/><\/p>\n<p><b><\/b><strong><b>Charni\u00e8re incurv\u00e9e<\/b><\/strong><\/p>\n<p>Lorsque la vitrine est enti\u00e8rement ouverte, la charni\u00e8re incurv\u00e9e offre un support solide pour emp\u00eacher le couvercle sup\u00e9rieur de tomber, \u00e9vitant ainsi les blessures aux mains de l&#039;utilisateur et pr\u00e9venant les dommages aux produits contenus dans les vitrines de table en aluminium.<\/p>\n<\/div>\n<p><!-- \u7b2c\u56db\u680f --><\/p>\n<div style=\"flex: 1; text-align: center;\">\n<p><img decoding=\"async\" style=\"max-width: 100%; height: auto; margin-bottom: 10px;\" src=\"https:\/\/suncasesupply.com\/wp-content\/uploads\/2025\/12\/4-Acrylic-Cover.jpg\" alt=\"Couvercle en acrylique\" \/><\/p>\n<p><b><\/b><strong><b>Couvercle en acrylique<\/b><\/strong><\/p>\n<p style=\"margin: 0;\">Le couvercle sup\u00e9rieur transparent en acrylique permet une vue directe du dessus et sous tous les angles, mettant parfaitement en valeur les d\u00e9tails sup\u00e9rieurs, la structure complexe et la forme g\u00e9n\u00e9rale de la collection \u00e0 l&#039;int\u00e9rieur de cette vitrine portable en aluminium.<\/p>\n<\/div>\n<\/div>\n<h4><span style=\"color: #003366;\">Processus de fabrication :<\/span><\/h4>\n<p><img decoding=\"async\" style=\"max-width: 100%; height: auto; margin-bottom: 10px;\" src=\"https:\/\/suncasesupply.com\/wp-content\/uploads\/2025\/07\/Manufacturing-Process.png\" alt=\"Processus de fabrication de Suncase\" \/><\/p>\n<div style=\"background-color: #29599a; padding: 40px 20px; text-align: center; color: #ffffff; border-radius: 10px; margin: 40px auto; max-width: 960px;\">\n<h2 style=\"font-size: 22px; margin-bottom: 20px; font-weight: bold;\"><span style=\"color: #ffffff;\">Commandez des vitrines portables en aluminium chez Sun Case avec une quantit\u00e9 minimale de commande de 100 unit\u00e9s.<\/span><\/h2>\n<p><a style=\"display: inline-block; padding: 12px 28px; background-color: #ffffff; color: #29599a; text-decoration: none; border-radius: 6px; font-weight: bold;\" href=\"https:\/\/suncasesupply.com\/fr\/contact-us\/\" target=\"_blank\" rel=\"noopener\">Obtenez un devis aujourd&#039;hui<br \/>\n<\/a><\/p>\n<\/div>\n<h4><span style=\"color: #003366;\">Informations utiles pour les acheteurs en gros\u00a0:<\/span><\/h4>\n<ul>\n<li class=\"page-title\" title=\"Qu\u2019est-ce qui rend les cartes de sport si pr\u00e9cieuses ?\">\n<p class=\"page-title\" title=\"Comment prot\u00e9ger votre collection de cartes \u00e0 collectionner\"><a href=\"https:\/\/suncasesupply.com\/fr\/blog\/how-protect-trading-cards-collection\/\">Comment prot\u00e9ger votre collection de cartes \u00e0 collectionner &gt;&gt;<\/a><\/p>\n<\/li>\n<li title=\"Qu\u2019est-ce qui rend les cartes de sport si pr\u00e9cieuses ?\">\n<p class=\"page-title\" title=\"\u00c9levez votre exposition\u00a0: la puissance des vitrines de salon en aluminium\"><a href=\"https:\/\/suncasesupply.com\/fr\/blog\/custom-aluminum-case\/dvantages-of-aluminum-trade-show-display-cases\/\">Optimisez votre stand : La puissance des vitrines en aluminium pour salons professionnels &gt;&gt;<\/a><\/p>\n<\/li>\n<li title=\"Qu\u2019est-ce qui rend les cartes de sport si pr\u00e9cieuses ?\">\n<p class=\"page-title\" title=\"Avantages et inconv\u00e9nients des vitrines en aluminium\u00a0: un guide complet\"><a href=\"https:\/\/suncasesupply.com\/fr\/blog\/custom-aluminum-case\/pros-and-cons-of-aluminum-display-case\/\">Avantages et inconv\u00e9nients des vitrines en aluminium\u00a0: un guide complet &gt;&gt;<\/a><\/p>\n<\/li>\n<\/ul>","protected":false},"excerpt":{"rendered":"<p>Mod\u00e8le : SC-B9009<\/p>\n<p>Dimensions\u00a0: 36 x 24 x 3 pouces \/ 34 x 22 x 3 pouces \/ 24 x 20 x 3 pouces ou dimensions personnalis\u00e9es<\/p>\n<p>Couleurs : Noir int\u00e9gral \/ Argent<\/p>\n<p>Mat\u00e9riaux : Cadre en aluminium + panneau MDF + panneau ABS, panneau sup\u00e9rieur en acrylique.<\/p>\n<p>Logo : Logo imprim\u00e9 en s\u00e9rigraphie \/ Logo laser.<\/p>\n<p>Quantit\u00e9 minimale de commande : 100 pi\u00e8ces<\/p>\n<p>\u00c9chantillon : Fourniture d&#039;un \u00e9chantillon.<\/p>","protected":false},"featured_media":26350,"template":"","meta":{"_gspb_post_css":""},"product_cat":[119],"product_tag":[],"featured_image_urls":{"full":["https:\/\/suncasesupply.com\/wp-content\/uploads\/2025\/12\/Acrylic-Display-Case-5-1.jpg",800,800,false],"thumbnail":["https:\/\/suncasesupply.com\/wp-content\/uploads\/2025\/12\/Acrylic-Display-Case-5-1-150x150.jpg",150,150,true],"medium":["https:\/\/suncasesupply.com\/wp-content\/uploads\/2025\/12\/Acrylic-Display-Case-5-1-300x300.jpg",300,300,true],"medium_large":["https:\/\/suncasesupply.com\/wp-content\/uploads\/2025\/12\/Acrylic-Display-Case-5-1-768x768.jpg",768,768,true],"large":["https:\/\/suncasesupply.com\/wp-content\/uploads\/2025\/12\/Acrylic-Display-Case-5-1.jpg",800,800,false],"1536x1536":["https:\/\/suncasesupply.com\/wp-content\/uploads\/2025\/12\/Acrylic-Display-Case-5-1.jpg",800,800,false],"2048x2048":["https:\/\/suncasesupply.com\/wp-content\/uploads\/2025\/12\/Acrylic-Display-Case-5-1.jpg",800,800,false],"trp-custom-language-flag":["https:\/\/suncasesupply.com\/wp-content\/uploads\/2025\/12\/Acrylic-Display-Case-5-1-12x12.jpg",12,12,true],"woocommerce_thumbnail":["https:\/\/suncasesupply.com\/wp-content\/uploads\/2025\/12\/Acrylic-Display-Case-5-1-300x300.jpg",300,300,true],"woocommerce_single":["https:\/\/suncasesupply.com\/wp-content\/uploads\/2025\/12\/Acrylic-Display-Case-5-1-600x600.jpg",600,600,true],"woocommerce_gallery_thumbnail":["https:\/\/suncasesupply.com\/wp-content\/uploads\/2025\/12\/Acrylic-Display-Case-5-1-100x100.jpg",100,100,true]},"post_excerpt_stackable":"<p>Model :SC-B9009<\/p>\n<p>Size: 36x24x3 inch \/ 34x22x3 inch \/ 24x20x3 inch or Customized size<\/p>\n<p>Colors: Full Black \/ Silver<\/p>\n<p>Materials: Aluminum frame+MDF Board+ABS Panel, Acrylic Top Panel.<\/p>\n<p>Logo: Silk printing logo\u00a0\/ Laser Logo.<\/p>\n<p>MOQ: 100pcs<\/p>\n<p>Sample: Providing Sample.<\/p>\n","category_list":"","author_info":{"name":"","url":""},"comments_num":"0 commentaire","_links":{"self":[{"href":"https:\/\/suncasesupply.com\/fr\/wp-json\/wp\/v2\/product\/26325"}],"collection":[{"href":"https:\/\/suncasesupply.com\/fr\/wp-json\/wp\/v2\/product"}],"about":[{"href":"https:\/\/suncasesupply.com\/fr\/wp-json\/wp\/v2\/types\/product"}],"wp:featuredmedia":[{"embeddable":true,"href":"https:\/\/suncasesupply.com\/fr\/wp-json\/wp\/v2\/media\/26350"}],"wp:attachment":[{"href":"https:\/\/suncasesupply.com\/fr\/wp-json\/wp\/v2\/media?parent=26325"}],"wp:term":[{"taxonomy":"product_cat","embeddable":true,"href":"https:\/\/suncasesupply.com\/fr\/wp-json\/wp\/v2\/product_cat?post=26325"},{"taxonomy":"product_tag","embeddable":true,"href":"https:\/\/suncasesupply.com\/fr\/wp-json\/wp\/v2\/product_tag?post=26325"}],"curies":[{"name":"wp","href":"https:\/\/api.w.org\/{rel}","templated":true}]}}