{"id":26309,"date":"2025-12-09T14:28:02","date_gmt":"2025-12-09T06:28:02","guid":{"rendered":"https:\/\/suncasesupply.com\/?post_type=product&#038;p=26309"},"modified":"2026-03-17T02:19:13","modified_gmt":"2026-03-16T18:19:13","slug":"black-aluminum-acrylic-display-case-show-cases-for-collectibles","status":"publish","type":"product","link":"https:\/\/suncasesupply.com\/fr\/product\/black-aluminum-acrylic-display-case-show-cases-for-collectibles\/","title":{"rendered":"Vitrines en aluminium noir et acrylique pour objets de collection"},"content":{"rendered":"<h4><span style=\"color: #000000;\">Vitrines en aluminium noir et acrylique pour objets de collection<\/span><\/h4>\n<h4><span style=\"color: #003366;\">Caract\u00e9ristiques:<\/span><\/h4>\n<ul>\n<li><strong><b>Fonction principale :<\/b><\/strong>Les vitrines en acrylique servent g\u00e9n\u00e9ralement \u00e0 pr\u00e9senter les produits des clients lors de salons professionnels ou de foires. Elles permettent par exemple d&#039;exposer des cartes de collection certifi\u00e9es, des cartes de sport sous blister, des cartes Pok\u00e9mon, des objets de collection, des bijoux, des montres en aluminium, etc.<\/li>\n<li><strong><b>Points cl\u00e9s : <\/b><\/strong>La vitrine en acrylique allie parfaitement pr\u00e9sentation et protection gr\u00e2ce \u00e0 une transparence exceptionnelle, une conception flexible et une protection sup\u00e9rieure, valorisant ainsi les objets expos\u00e9s. Elle est fabriqu\u00e9e par Suncase, un fabricant reconnu de vitrines en aluminium.<\/li>\n<li><strong><b>Personnalisation :<\/b><\/strong>Les dimensions de la vitrine peuvent \u00eatre personnalis\u00e9es selon vos besoins. Les dimensions les plus courantes sont 36 \u00d7 24 \u00d7 3 pouces \/ 34 \u00d7 22 \u00d7 3 pouces \/ 24 \u00d7 20 \u00d7 3 pouces. Si ces dimensions ne vous conviennent pas, vous pouvez nous contacter pour la fabrication d&#039;une vitrine en aluminium sur mesure.<\/li>\n<\/ul>\n<h4><span style=\"color: #003366;\">D\u00e9tails du produit :<\/span><\/h4>\n<div style=\"display: flex; gap: 20px;\">\n<p><!-- \u7b2c\u4e00\u680f --><\/p>\n<div style=\"flex: 1; text-align: center;\">\n<p><img decoding=\"async\" style=\"max-width: 100%; height: auto; margin-bottom: 10px;\" src=\"https:\/\/suncasesupply.com\/wp-content\/uploads\/2025\/12\/1-Side-Panel.jpg\" alt=\"Panneau lat\u00e9ral unique\" \/><\/p>\n<p><b><\/b><strong><b>Panneau lat\u00e9ral<\/b><\/strong><\/p>\n<p style=\"margin: 0;\">Chaque vitrine est fournie avec deux panneaux lat\u00e9raux en acrylique. Lors de son utilisation, ces panneaux soutiennent l&#039;int\u00e9gralit\u00e9 du panneau sup\u00e9rieur, permettant ainsi de l&#039;enti\u00e8rement ouvert pour une meilleure pr\u00e9sentation des produits. De plus, les panneaux lat\u00e9raux offrent diff\u00e9rents degr\u00e9s d&#039;ouverture pour le panneau sup\u00e9rieur.<\/p>\n<p>&nbsp;<\/p>\n<\/div>\n<p><!-- \u7b2c\u4e8c\u680f --><\/p>\n<div style=\"flex: 1; text-align: center;\">\n<p><img decoding=\"async\" style=\"max-width: 100%; height: auto; margin-bottom: 10px;\" src=\"https:\/\/suncasesupply.com\/wp-content\/uploads\/2025\/12\/2-Feet.jpg\" alt=\"Pieds\" \/><\/p>\n<p><b><\/b><strong><b>Pieds<\/b><\/strong><\/p>\n<p style=\"margin: 0;\">Le dessous de la vitrine est muni de quatre pieds. Ces pieds, g\u00e9n\u00e9ralement en caoutchouc, allient praticit\u00e9, protection et esth\u00e9tique. Ils servent principalement \u00e0 emp\u00eacher le glissement, \u00e0 absorber les chocs, \u00e0 pr\u00e9venir l&#039;usure et \u00e0 prot\u00e9ger de l&#039;humidit\u00e9, ce qui les rend id\u00e9aux pour les vitrines \u00e0 bijoux en aluminium.<\/p>\n<\/div>\n<p><!-- \u7b2c\u4e09\u680f --><\/p>\n<div style=\"flex: 1; text-align: center;\">\n<p><img decoding=\"async\" style=\"max-width: 100%; height: auto; margin-bottom: 10px;\" src=\"https:\/\/suncasesupply.com\/wp-content\/uploads\/2025\/12\/3-Lock-with-Keys.jpg\" alt=\"Serrure \u00e0 cl\u00e9s\" \/><\/p>\n<p><b><\/b><b><\/b><strong><b>Serrure \u00e0 cl\u00e9s<\/b><\/strong><\/p>\n<p>La vitrine est \u00e9quip\u00e9e de deux serrures, chacune avec deux cl\u00e9s. Ce syst\u00e8me emp\u00eache les enfants, les visiteurs ou le personnel d&#039;entretien d&#039;ouvrir la vitrine \u00e0 leur guise, prot\u00e9geant ainsi les pr\u00e9cieuses collections \u00e0 l&#039;int\u00e9rieur de cette vitrine \u00e0 bijoux en aluminium et verre.<\/p>\n<\/div>\n<p><!-- \u7b2c\u56db\u680f --><\/p>\n<div style=\"flex: 1; text-align: center;\">\n<p><img decoding=\"async\" style=\"max-width: 100%; height: auto; margin-bottom: 10px;\" src=\"https:\/\/suncasesupply.com\/wp-content\/uploads\/2025\/12\/4-Acrylic-Top-Panel.jpg\" alt=\"Panneau sup\u00e9rieur en acrylique\" \/><\/p>\n<p><b><\/b><strong><b>Panneau sup\u00e9rieur en acrylique<\/b><\/strong><\/p>\n<p style=\"margin: 0;\">Le couvercle sup\u00e9rieur transparent en acrylique permet une vue \u00e0 360\u00b0, id\u00e9al pour exposer objets de collection, bijoux ou montres, et peut \u00e9galement servir de vitrine pour montres en aluminium. Poss\u00e9der une vitrine avec panneau sup\u00e9rieur en acrylique, c&#039;est comme disposer d&#039;un hall d&#039;exposition panoramique miniature con\u00e7u sur mesure pour votre collection.<\/p>\n<\/div>\n<\/div>\n<h4><span style=\"color: #003366;\">Processus de fabrication :<\/span><\/h4>\n<p><img decoding=\"async\" style=\"max-width: 100%; height: auto; margin-bottom: 10px;\" src=\"https:\/\/suncasesupply.com\/wp-content\/uploads\/2025\/07\/Manufacturing-Process.png\" alt=\"Processus de fabrication de Suncase\" \/><\/p>\n<div style=\"background-color: #29599a; padding: 40px 20px; text-align: center; color: #ffffff; border-radius: 10px; margin: 40px auto; max-width: 960px;\">\n<h2 style=\"font-size: 22px; margin-bottom: 20px; font-weight: bold;\"><span style=\"color: #ffffff;\">Choisissez les vitrines en aluminium Sun Case, des solutions d&#039;exposition de haute qualit\u00e9 \u00e0 partir d&#039;une quantit\u00e9 minimale de commande de 50 unit\u00e9s.<\/span><\/h2>\n<p><a style=\"display: inline-block; padding: 12px 28px; background-color: #ffffff; color: #29599a; text-decoration: none; border-radius: 6px; font-weight: bold;\" href=\"https:\/\/suncasesupply.com\/fr\/contact-us\/\" target=\"_blank\" rel=\"noopener\">Obtenez un devis aujourd&#039;hui<br \/>\n<\/a><\/p>\n<\/div>\n<p><span style=\"color: #003366; font-weight: bold; text-align: center;\">Informations utiles pour les acheteurs en gros\u00a0:<\/span><\/p>\n<ul>\n<li class=\"page-title\" title=\"Qu\u2019est-ce qui rend les cartes de sport si pr\u00e9cieuses ?\">\n<p class=\"page-title\" title=\"Comment prot\u00e9ger votre collection de cartes \u00e0 collectionner\"><a href=\"https:\/\/suncasesupply.com\/fr\/blog\/how-protect-trading-cards-collection\/\">Comment prot\u00e9ger votre collection de cartes \u00e0 collectionner &gt;&gt;<\/a><\/p>\n<\/li>\n<li title=\"Qu\u2019est-ce qui rend les cartes de sport si pr\u00e9cieuses ?\">\n<p class=\"page-title\" title=\"\u00c9levez votre exposition\u00a0: la puissance des vitrines de salon en aluminium\"><a href=\"https:\/\/suncasesupply.com\/fr\/blog\/custom-aluminum-case\/dvantages-of-aluminum-trade-show-display-cases\/\">Optimisez votre stand : La puissance des vitrines en aluminium pour salons professionnels &gt;&gt;<\/a><\/p>\n<\/li>\n<li title=\"Qu\u2019est-ce qui rend les cartes de sport si pr\u00e9cieuses ?\">\n<p class=\"page-title\" title=\"Avantages et inconv\u00e9nients des vitrines en aluminium\u00a0: un guide complet\"><a href=\"https:\/\/suncasesupply.com\/fr\/blog\/custom-aluminum-case\/pros-and-cons-of-aluminum-display-case\/\">Avantages et inconv\u00e9nients des vitrines en aluminium\u00a0: un guide complet &gt;&gt;<\/a><\/p>\n<\/li>\n<\/ul>","protected":false},"excerpt":{"rendered":"<p>Mod\u00e8le : SC-B9008<\/p>\n<p>Dimensions : 36 x 24 x 3 pouces \/ 34 x 22 x 3 pouces \/ 24 x 20 x 3 pouces\u2026<\/p>\n<p>Couleurs : Noir int\u00e9gral \/ Argent<\/p>\n<p>Mat\u00e9riaux : Cadre en aluminium + panneau MDF + panneau ABS, panneau sup\u00e9rieur en acrylique.<\/p>\n<p>Logo : Logo imprim\u00e9 en s\u00e9rigraphie<\/p>\n<p>Quantit\u00e9 minimale de commande : 50 pi\u00e8ces<\/p>\n<p>\u00c9chantillon : Fourniture d&#039;un \u00e9chantillon pour contr\u00f4le qualit\u00e9.<\/p>","protected":false},"featured_media":26346,"template":"","meta":{"_gspb_post_css":""},"product_cat":[42,119],"product_tag":[],"featured_image_urls":{"full":["https:\/\/suncasesupply.com\/wp-content\/uploads\/2025\/12\/Acrylic-Display-Case-7.jpg",800,800,false],"thumbnail":["https:\/\/suncasesupply.com\/wp-content\/uploads\/2025\/12\/Acrylic-Display-Case-7-150x150.jpg",150,150,true],"medium":["https:\/\/suncasesupply.com\/wp-content\/uploads\/2025\/12\/Acrylic-Display-Case-7-300x300.jpg",300,300,true],"medium_large":["https:\/\/suncasesupply.com\/wp-content\/uploads\/2025\/12\/Acrylic-Display-Case-7-768x768.jpg",768,768,true],"large":["https:\/\/suncasesupply.com\/wp-content\/uploads\/2025\/12\/Acrylic-Display-Case-7.jpg",800,800,false],"1536x1536":["https:\/\/suncasesupply.com\/wp-content\/uploads\/2025\/12\/Acrylic-Display-Case-7.jpg",800,800,false],"2048x2048":["https:\/\/suncasesupply.com\/wp-content\/uploads\/2025\/12\/Acrylic-Display-Case-7.jpg",800,800,false],"trp-custom-language-flag":["https:\/\/suncasesupply.com\/wp-content\/uploads\/2025\/12\/Acrylic-Display-Case-7-12x12.jpg",12,12,true],"woocommerce_thumbnail":["https:\/\/suncasesupply.com\/wp-content\/uploads\/2025\/12\/Acrylic-Display-Case-7-300x300.jpg",300,300,true],"woocommerce_single":["https:\/\/suncasesupply.com\/wp-content\/uploads\/2025\/12\/Acrylic-Display-Case-7-600x600.jpg",600,600,true],"woocommerce_gallery_thumbnail":["https:\/\/suncasesupply.com\/wp-content\/uploads\/2025\/12\/Acrylic-Display-Case-7-100x100.jpg",100,100,true]},"post_excerpt_stackable":"<p>Model :SC-B9008<\/p>\n<p>Size: 36x24x3 inch \/ 34x22x3 inch \/ 24x20x3 inch&#8230;<\/p>\n<p>Colors: Full Black \/ Silver<\/p>\n<p>Materials: Aluminum frame+MDF Board+ABS Panel, Acrylic Top Panel.<\/p>\n<p>Logo: Silk printing logo<\/p>\n<p>MOQ: 50pcs<\/p>\n<p>Sample: Providing sample for quality checking.<\/p>\n","category_list":"","author_info":{"name":"","url":""},"comments_num":"0 commentaire","_links":{"self":[{"href":"https:\/\/suncasesupply.com\/fr\/wp-json\/wp\/v2\/product\/26309"}],"collection":[{"href":"https:\/\/suncasesupply.com\/fr\/wp-json\/wp\/v2\/product"}],"about":[{"href":"https:\/\/suncasesupply.com\/fr\/wp-json\/wp\/v2\/types\/product"}],"wp:featuredmedia":[{"embeddable":true,"href":"https:\/\/suncasesupply.com\/fr\/wp-json\/wp\/v2\/media\/26346"}],"wp:attachment":[{"href":"https:\/\/suncasesupply.com\/fr\/wp-json\/wp\/v2\/media?parent=26309"}],"wp:term":[{"taxonomy":"product_cat","embeddable":true,"href":"https:\/\/suncasesupply.com\/fr\/wp-json\/wp\/v2\/product_cat?post=26309"},{"taxonomy":"product_tag","embeddable":true,"href":"https:\/\/suncasesupply.com\/fr\/wp-json\/wp\/v2\/product_tag?post=26309"}],"curies":[{"name":"wp","href":"https:\/\/api.w.org\/{rel}","templated":true}]}}