{"id":26296,"date":"2025-12-03T17:46:52","date_gmt":"2025-12-03T09:46:52","guid":{"rendered":"https:\/\/suncasesupply.com\/?post_type=product&#038;p=26296"},"modified":"2026-03-17T02:11:32","modified_gmt":"2026-03-16T18:11:32","slug":"customized-aluminum-trolley-case-full-black-aluminum-box-with-wheels-pull-rod","status":"publish","type":"product","link":"https:\/\/suncasesupply.com\/fr\/product\/customized-aluminum-trolley-case-full-black-aluminum-box-with-wheels-pull-rod\/","title":{"rendered":"Valise trolley en aluminium sur mesure, enti\u00e8rement noire, avec roulettes et poign\u00e9e t\u00e9lescopique."},"content":{"rendered":"<h4><span style=\"color: #000000;\">Valise trolley en aluminium sur mesure, enti\u00e8rement noire, avec roulettes et poign\u00e9e t\u00e9lescopique.<\/span><\/h4>\n<h4><span style=\"color: #003366;\">Caract\u00e9ristiques:<\/span><\/h4>\n<ul>\n<li><strong><b>Composition et structure : <\/b><\/strong>Valise trolley en aluminium personnalis\u00e9e<strong><b>\u00a0<\/b><\/strong>Compos\u00e9e d&#039;une tige de trolley et de deux roues, la partie sup\u00e9rieure est \u00e9quip\u00e9e de s\u00e9parateurs et de deux tiroirs \u00e9galement compartiment\u00e9s. Deux poign\u00e9es lat\u00e9rales et un int\u00e9rieur en mousse EVA noire compl\u00e8tent ce mod\u00e8le. Cette structure est id\u00e9ale pour une trousse de maquillage \u00e0 tiroirs.<\/li>\n<li><strong><b>La personnalisation compl\u00e8te est prise en charge\u00a0: <\/b><\/strong>Vous pouvez choisir des combinaisons de couleurs, des mat\u00e9riaux, des tailles, etc. sp\u00e9cifiques, pour correspondre \u00e0 votre style personnel ou \u00e0 vos besoins en produits, ce qui la rend id\u00e9ale comme grande valise \u00e0 maquillage \u00e0 usage professionnel.<\/li>\n<li><strong><b>Fonctions diverses : <\/b><\/strong>Sa conception privil\u00e9gie la facilit\u00e9 de transport \u00e0 la main et par traction, la rendant id\u00e9ale pour transporter des outils, instruments, \u00e9quipements ou objets de valeur lourds. Elle est couramment utilis\u00e9e comme valise trolley par les maquilleurs professionnels, ainsi que pour le mat\u00e9riel de sc\u00e8ne, les instruments de pr\u00e9cision, le mat\u00e9riel photographique et les kits de r\u00e9paration d&#039;outils.<\/li>\n<\/ul>\n<h4><span style=\"color: #003366;\">D\u00e9tails du produit :<\/span><\/h4>\n<div style=\"display: flex; gap: 20px;\">\n<p><!-- \u7b2c\u4e00\u680f --><\/p>\n<div style=\"flex: 1; text-align: center;\">\n<p><img decoding=\"async\" style=\"max-width: 100%; height: auto; margin-bottom: 10px;\" src=\"https:\/\/suncasesupply.com\/wp-content\/uploads\/2025\/12\/1-Spring-Handle.jpg\" alt=\"Poign\u00e9e \u00e0 ressort \u00e0 1 exemplaire\" \/><\/p>\n<p><b><\/b><strong><b>Poign\u00e9e \u00e0 ressort<\/b><\/strong><\/p>\n<p style=\"margin: 0;\">Le m\u00e9canisme \u00e0 ressort de la poign\u00e9e absorbe efficacement les chocs et les impacts lors de la marche (tels que les surfaces in\u00e9gales et les vibrations lors d&#039;une traction rapide), r\u00e9duisant ainsi la charge sur les bras et les poignets et am\u00e9liorant le confort lors de l&#039;utilisation de cette trousse de maquillage \u00e0 roulettes.<\/p>\n<p>&nbsp;<\/p>\n<\/div>\n<p><!-- \u7b2c\u4e8c\u680f --><\/p>\n<div style=\"flex: 1; text-align: center;\">\n<p><img decoding=\"async\" style=\"max-width: 100%; height: auto; margin-bottom: 10px;\" src=\"https:\/\/suncasesupply.com\/wp-content\/uploads\/2025\/12\/2-Drawers.jpg\" alt=\"2 tiroirs\" \/><\/p>\n<p><b><\/b><strong><b>Tiroirs<\/b><\/strong><\/p>\n<p style=\"margin: 0;\">Cette valise trolley en aluminium est \u00e9quip\u00e9e de 6 tiroirs sur mesure, chacun mesurant 40 x 30 x 4,5 cm (H). De plus, chaque tiroir est fourni avec 2 morceaux de mousse simple pour un maintien optimal et une protection efficace de vos produits.<\/p>\n<\/div>\n<p><!-- \u7b2c\u4e09\u680f --><\/p>\n<div style=\"flex: 1; text-align: center;\">\n<p><img decoding=\"async\" style=\"max-width: 100%; height: auto; margin-bottom: 10px;\" src=\"https:\/\/suncasesupply.com\/wp-content\/uploads\/2025\/12\/3-Feet.jpg\" alt=\"3 pieds\" \/><\/p>\n<p><b><\/b><strong><b>Pieds<\/b><\/strong><\/p>\n<p>D&#039;une part, les pieds servent de syst\u00e8me d&#039;isolation et de protection, sur\u00e9levant l&#039;enceinte du sol pour \u00e9viter tout contact direct avec l&#039;humidit\u00e9, l&#039;accumulation d&#039;eau et la poussi\u00e8re. D&#039;autre part, ils sont g\u00e9n\u00e9ralement fabriqu\u00e9s en mat\u00e9riaux \u00e9lastiques tels que le caoutchouc et le silicone, assurant ainsi un amortissement et une absorption des chocs.<\/p>\n<\/div>\n<p><!-- \u7b2c\u56db\u680f --><\/p>\n<div style=\"flex: 1; text-align: center;\">\n<p><img decoding=\"async\" style=\"max-width: 100%; height: auto; margin-bottom: 10px;\" src=\"https:\/\/suncasesupply.com\/wp-content\/uploads\/2025\/12\/4-Wheels.jpg\" alt=\"4 roues\" \/><\/p>\n<p><b><\/b><strong><b>roues<\/b><\/strong><\/p>\n<p style=\"margin: 0;\">Une fois \u00e9quip\u00e9e de roulettes, la valise en aluminium se transforme d&#039;une simple \u00ab valise de rangement \u00bb en un v\u00e9ritable \u00ab poste de travail mobile \u00bb, permettant ainsi de r\u00e9aliser d&#039;importantes \u00e9conomies de main-d&#039;\u0153uvre et de temps et d&#039;am\u00e9liorer l&#039;efficacit\u00e9 du travail, ce qui est essentiel pour une valise trolley de maquilleur professionnel.<\/p>\n<\/div>\n<\/div>\n<h4><span style=\"color: #003366;\">Processus de fabrication :<\/span><\/h4>\n<p><img decoding=\"async\" style=\"max-width: 100%; height: auto; margin-bottom: 10px;\" src=\"https:\/\/suncasesupply.com\/wp-content\/uploads\/2025\/07\/Manufacturing-Process.png\" alt=\"Processus de fabrication de Suncase\" \/><\/p>\n<div style=\"background-color: #29599a; padding: 40px 20px; text-align: center; color: #ffffff; border-radius: 10px; margin: 40px auto; max-width: 960px;\">\n<h2 style=\"font-size: 22px; margin-bottom: 20px; font-weight: bold;\"><span style=\"color: #ffffff;\">Commandez votre valise \u00e0 maquillage en aluminium chez Sun Case (quantit\u00e9 minimale de commande : 100 unit\u00e9s).<\/span><\/h2>\n<p><a style=\"display: inline-block; padding: 12px 28px; background-color: #ffffff; color: #29599a; text-decoration: none; border-radius: 6px; font-weight: bold;\" href=\"https:\/\/suncasesupply.com\/fr\/contact-us\/\" target=\"_blank\" rel=\"noopener\">Obtenez un devis aujourd&#039;hui<br \/>\n<\/a><\/p>\n<\/div>\n<h4><span style=\"color: #003366;\">Informations utiles pour les acheteurs en gros\u00a0:<\/span><\/h4>\n<ul>\n<li class=\"page-title\" title=\"Qu\u2019est-ce qui rend les cartes de sport si pr\u00e9cieuses ?\">\n<p class=\"page-title\" title=\"Comment choisir le bon bo\u00eetier en aluminium ?\"><a href=\"https:\/\/suncasesupply.com\/fr\/blog\/selection-of-aluminum-case\/\">Comment choisir le bon bo\u00eetier en aluminium ? &gt;&gt;<\/a><\/p>\n<\/li>\n<li title=\"Qu\u2019est-ce qui rend les cartes de sport si pr\u00e9cieuses ?\">\n<p class=\"page-title\" title=\"Quels sont les avantages d&#039;un bo\u00eetier en aluminium ?\"><a href=\"https:\/\/suncasesupply.com\/fr\/blog\/advantages-of-aluminum-case\/\">Quels sont les avantages d&#039;un bo\u00eetier en aluminium ?<\/a><\/p>\n<\/li>\n<\/ul>","protected":false},"excerpt":{"rendered":"<p>Mod\u00e8le : SC-B9007<\/p>\n<p>Dimensions : Dimensions ext\u00e9rieures L 435 x l 280 x H 690 mm<\/p>\n<p>Couleur : Noir int\u00e9gral<\/p>\n<p>Mat\u00e9riaux : Cadre en aluminium + panneau MDF + panneau ABS<\/p>\n<p>Logo : Logo imprim\u00e9 en s\u00e9rigraphie \/ Logo en m\u00e9tal<\/p>\n<p>Quantit\u00e9 minimale de commande : 100 pi\u00e8ces<\/p>\n<p>\u00c9chantillon : Fourniture d&#039;un \u00e9chantillon pour contr\u00f4le qualit\u00e9.<\/p>","protected":false},"featured_media":26289,"template":"","meta":{"_gspb_post_css":""},"product_cat":[42],"product_tag":[],"featured_image_urls":{"full":["https:\/\/suncasesupply.com\/wp-content\/uploads\/2025\/12\/Customized-Trolley-Aluminum-Case-2.jpg",800,800,false],"thumbnail":["https:\/\/suncasesupply.com\/wp-content\/uploads\/2025\/12\/Customized-Trolley-Aluminum-Case-2-150x150.jpg",150,150,true],"medium":["https:\/\/suncasesupply.com\/wp-content\/uploads\/2025\/12\/Customized-Trolley-Aluminum-Case-2-300x300.jpg",300,300,true],"medium_large":["https:\/\/suncasesupply.com\/wp-content\/uploads\/2025\/12\/Customized-Trolley-Aluminum-Case-2-768x768.jpg",768,768,true],"large":["https:\/\/suncasesupply.com\/wp-content\/uploads\/2025\/12\/Customized-Trolley-Aluminum-Case-2.jpg",800,800,false],"1536x1536":["https:\/\/suncasesupply.com\/wp-content\/uploads\/2025\/12\/Customized-Trolley-Aluminum-Case-2.jpg",800,800,false],"2048x2048":["https:\/\/suncasesupply.com\/wp-content\/uploads\/2025\/12\/Customized-Trolley-Aluminum-Case-2.jpg",800,800,false],"trp-custom-language-flag":["https:\/\/suncasesupply.com\/wp-content\/uploads\/2025\/12\/Customized-Trolley-Aluminum-Case-2-12x12.jpg",12,12,true],"woocommerce_thumbnail":["https:\/\/suncasesupply.com\/wp-content\/uploads\/2025\/12\/Customized-Trolley-Aluminum-Case-2-300x300.jpg",300,300,true],"woocommerce_single":["https:\/\/suncasesupply.com\/wp-content\/uploads\/2025\/12\/Customized-Trolley-Aluminum-Case-2-600x600.jpg",600,600,true],"woocommerce_gallery_thumbnail":["https:\/\/suncasesupply.com\/wp-content\/uploads\/2025\/12\/Customized-Trolley-Aluminum-Case-2-100x100.jpg",100,100,true]},"post_excerpt_stackable":"<p>Model :SC-B9007<\/p>\n<p>Size: Outside size L435 x W280 x H690mm<\/p>\n<p>Colors: Full Black<\/p>\n<p>Materials: Aluminum frame+MDF Board+ABS Panel<\/p>\n<p>Logo: Silk printing logo\u00a0\/ Metal Logo<\/p>\n<p>MOQ: 100pcs<\/p>\n<p>Sample: Providing sample for quality checking.<\/p>\n","category_list":"","author_info":{"name":"","url":""},"comments_num":"0 commentaire","_links":{"self":[{"href":"https:\/\/suncasesupply.com\/fr\/wp-json\/wp\/v2\/product\/26296"}],"collection":[{"href":"https:\/\/suncasesupply.com\/fr\/wp-json\/wp\/v2\/product"}],"about":[{"href":"https:\/\/suncasesupply.com\/fr\/wp-json\/wp\/v2\/types\/product"}],"wp:featuredmedia":[{"embeddable":true,"href":"https:\/\/suncasesupply.com\/fr\/wp-json\/wp\/v2\/media\/26289"}],"wp:attachment":[{"href":"https:\/\/suncasesupply.com\/fr\/wp-json\/wp\/v2\/media?parent=26296"}],"wp:term":[{"taxonomy":"product_cat","embeddable":true,"href":"https:\/\/suncasesupply.com\/fr\/wp-json\/wp\/v2\/product_cat?post=26296"},{"taxonomy":"product_tag","embeddable":true,"href":"https:\/\/suncasesupply.com\/fr\/wp-json\/wp\/v2\/product_tag?post=26296"}],"curies":[{"name":"wp","href":"https:\/\/api.w.org\/{rel}","templated":true}]}}