{"id":26284,"date":"2025-11-28T17:46:50","date_gmt":"2025-11-28T09:46:50","guid":{"rendered":"https:\/\/suncasesupply.com\/?post_type=product&#038;p=26284"},"modified":"2026-03-17T02:04:29","modified_gmt":"2026-03-16T18:04:29","slug":"plastic-graded-card-slab-collector-case-pp-cards-box","status":"publish","type":"product","link":"https:\/\/suncasesupply.com\/fr\/product\/plastic-graded-card-slab-collector-case-pp-cards-box\/","title":{"rendered":"\u00c9tui de collection pour cartes gradu\u00e9es en plastique PP"},"content":{"rendered":"<h4><span style=\"color: #000000;\">\u00c9tui de collection pour cartes gradu\u00e9es en plastique PP<\/span><\/h4>\n<h4><span style=\"color: #003366;\">Caract\u00e9ristiques:<\/span><\/h4>\n<ul>\n<li><strong><b>Durabilit\u00e9 exceptionnelle : <\/b><\/strong>L&#039;\u00e9tui pour cartes \u00e0 collectionner en polypropyl\u00e8ne (PP) offre une robustesse et une r\u00e9sistance aux chocs exceptionnelles, le rendant incassable m\u00eame en cas de chute accidentelle. Ind\u00e9formable, il conserve sa forme \u00e0 temp\u00e9rature ambiante pendant de longues p\u00e9riodes, prot\u00e9geant ainsi vos cartes. Il convient parfaitement aux cartes de baseball et aux cartes Pok\u00e9mon.<\/li>\n<li><strong><b>L\u00e9ger et facile \u00e0 utiliser<\/b><\/strong><strong><b>: <\/b><\/strong>La faible densit\u00e9 du plastique PP rend l&#039;\u00e9tui \u00e0 cartes tr\u00e8s l\u00e9ger. Il est tr\u00e8s pratique au quotidien, facile \u00e0 transporter et \u00e0 emporter, sans \u00eatre encombrant, ce qui le rend id\u00e9al pour le rangement et le transport de cartes \u00e0 collectionner sous blister.<\/li>\n<li><strong><b>Bien con\u00e7u et convivial : <\/b><\/strong>La plupart des \u00e9tuis \u00e0 cartes de qualit\u00e9 PP comportent des fentes pour cartes ou des motifs antid\u00e9rapants sur le dessus et le dessous, permettant un empilement multicouche s\u00fbr et stable, \u00e9conomisant de l&#039;espace de rangement et conservant une apparence soign\u00e9e et esth\u00e9tique, r\u00e9pondant ainsi aux besoins des diff\u00e9rents \u00e9tuis \u00e0 cartes.<\/li>\n<\/ul>\n<h4><span style=\"color: #003366;\">D\u00e9tails du produit :<\/span><\/h4>\n<div style=\"display: flex; gap: 20px;\">\n<p><!-- \u7b2c\u4e00\u680f --><\/p>\n<div style=\"flex: 1; text-align: center;\">\n<p><img decoding=\"async\" style=\"max-width: 100%; height: auto; margin-bottom: 10px;\" src=\"https:\/\/suncasesupply.com\/wp-content\/uploads\/2025\/11\/1-Cutom-EVA-Slots.jpg\" alt=\"1-Fentes EVA personnalis\u00e9es\" \/><\/p>\n<p><b><\/b><strong><b>Emplacements EVA personnalis\u00e9s<\/b><\/strong><\/p>\n<p style=\"margin: 0;\">Chaque emplacement EVA, d&#039;une largeur personnalis\u00e9e de 9 mm, est con\u00e7u pour accueillir vos cartes \u00e0 collectionner, cartes grad\u00e9es et cartes Pok\u00e9mon certifi\u00e9es PSA\/SGC\/BGS\/CGC\u2026 Disponibles en mod\u00e8les \u00e0 3, 4 ou 5 rang\u00e9es. Nous ins\u00e9rons plusieurs blocs de mousse dans chaque emplacement pour un rangement optimal des cartes dans cet \u00e9tui de protection pour cartes grad\u00e9es.<\/p>\n<p>&nbsp;<\/p>\n<\/div>\n<p><!-- \u7b2c\u4e8c\u680f --><\/p>\n<div style=\"flex: 1; text-align: center;\">\n<p><img decoding=\"async\" style=\"max-width: 100%; height: auto; margin-bottom: 10px;\" src=\"https:\/\/suncasesupply.com\/wp-content\/uploads\/2025\/11\/2-Handle-with-Rubber-1.jpg\" alt=\"Poign\u00e9e \u00e0 2 brins avec rev\u00eatement en caoutchouc\" \/><\/p>\n<p><b><\/b><b><\/b><strong><b>Poign\u00e9e en caoutchouc<\/b><\/strong><\/p>\n<p style=\"margin: 0;\">La poign\u00e9e de l&#039;\u00e9tui \u00e0 cartes PP est en caoutchouc souple, offrant un excellent confort et une adh\u00e9rence optimale, ainsi qu&#039;un amorti et une absorption des chocs sup\u00e9rieurs. Ceci am\u00e9liore la praticit\u00e9 et offre aux utilisateurs une exp\u00e9rience plus confortable, plus s\u00fbre et moins fatigante lors du transport de l&#039;\u00e9tui contenant les cartes grad\u00e9es.<\/p>\n<\/div>\n<p><!-- \u7b2c\u4e09\u680f --><\/p>\n<div style=\"flex: 1; text-align: center;\">\n<p><img decoding=\"async\" style=\"max-width: 100%; height: auto; margin-bottom: 10px;\" src=\"https:\/\/suncasesupply.com\/wp-content\/uploads\/2025\/11\/3-Hard-PP-Material.jpg\" alt=\"Mat\u00e9riau PP rigide \u00e0 3 faces\" \/><\/p>\n<p><b><\/b><b><\/b><b><\/b><strong><b>Mat\u00e9riau PP rigide<\/b><\/strong><\/p>\n<p>Le polypropyl\u00e8ne (PP) est un polym\u00e8re tr\u00e8s stable qui pr\u00e9sente une bonne r\u00e9sistance \u00e0 la plupart des acides, sels et autres produits chimiques, ainsi qu&#039;aux alcools et aux huiles. Robuste et durable, il r\u00e9siste aux hautes et basses temp\u00e9ratures et offre une excellente \u00e9tanch\u00e9it\u00e9, ce qui le rend id\u00e9al pour la fabrication d&#039;\u00e9tuis \u00e0 cartes \u00e0 usage prolong\u00e9.<\/p>\n<\/div>\n<p><!-- \u7b2c\u56db\u680f --><\/p>\n<div style=\"flex: 1; text-align: center;\">\n<p><img decoding=\"async\" style=\"max-width: 100%; height: auto; margin-bottom: 10px;\" src=\"https:\/\/suncasesupply.com\/wp-content\/uploads\/2025\/11\/4-Egg-Foam.jpg\" alt=\"Mousse \u00e0 4 \u0153ufs\" \/><\/p>\n<p><b><\/b><b><\/b><strong><b>Mousse d&#039;\u0153uf<\/b><\/strong><\/p>\n<p style=\"margin: 0;\">Le couvercle sup\u00e9rieur de l&#039;\u00e9tui PP est doubl\u00e9 de mousse alv\u00e9ol\u00e9e. Celle-ci remplit deux fonctions\u00a0: premi\u00e8rement, elle absorbe les chocs et prot\u00e8ge les cartes \u00e0 l&#039;int\u00e9rieur de l&#039;\u00e9tui\u00a0; deuxi\u00e8mement, elle maintient les cartes plac\u00e9es sous le couvercle inf\u00e9rieur en place, les emp\u00eachant de bouger \u00e0 l&#039;int\u00e9rieur de l&#039;\u00e9tui.<\/p>\n<\/div>\n<\/div>\n<h4><span style=\"color: #003366;\">Processus de fabrication :<\/span><\/h4>\n<p><img decoding=\"async\" style=\"max-width: 100%; height: auto; margin-bottom: 10px;\" src=\"https:\/\/suncasesupply.com\/wp-content\/uploads\/2025\/07\/Manufacturing-Process.png\" alt=\"Processus de fabrication de Suncase\" \/><\/p>\n<div style=\"background-color: #29599a; padding: 40px 20px; text-align: center; color: #ffffff; border-radius: 10px; margin: 40px auto; max-width: 960px;\">\n<h2 style=\"font-size: 22px; margin-bottom: 20px; font-weight: bold;\"><span style=\"color: #ffffff;\">\u00c9tui \u00e0 cartes certifi\u00e9es Sun Case disponible \u00e0 partir de 300 unit\u00e9s.<\/span><\/h2>\n<p><a style=\"display: inline-block; padding: 12px 28px; background-color: #ffffff; color: #29599a; text-decoration: none; border-radius: 6px; font-weight: bold;\" href=\"https:\/\/suncasesupply.com\/fr\/contact-us\/\" target=\"_blank\" rel=\"noopener\">Obtenez un devis aujourd&#039;hui<br \/>\n<\/a><\/p>\n<\/div>\n<div style=\"display: flex; gap: 20px;\">\n<div style=\"flex: 1; text-align: center;\">\n<p style=\"font-weight: bold; margin: 5px 0;\">\n<\/div>\n<\/div>\n<h4><span style=\"color: #003366;\">Informations utiles pour les acheteurs en gros\u00a0:<\/span><\/h4>\n<ul>\n<li class=\"page-title\" title=\"Qu\u2019est-ce qui rend les cartes de sport si pr\u00e9cieuses ?\">\n<p class=\"page-title\" title=\"Comment prot\u00e9ger votre collection de cartes \u00e0 collectionner\"><a href=\"https:\/\/suncasesupply.com\/fr\/blog\/how-protect-trading-cards-collection\/\">Comment prot\u00e9ger votre collection de cartes \u00e0 collectionner &gt;&gt;<\/a><\/p>\n<\/li>\n<li title=\"Qu\u2019est-ce qui rend les cartes de sport si pr\u00e9cieuses ?\">\n<p class=\"page-title\" title=\"Qu\u2019est-ce qui rend les cartes de sport si pr\u00e9cieuses ?\"><a href=\"https:\/\/suncasesupply.com\/fr\/blog\/custom-aluminum-case\/commercial-value-of-sports-cards\/\">Pourquoi les cartes de sport sont-elles si pr\u00e9cieuses ? &gt;&gt;<\/a><\/p>\n<\/li>\n<li title=\"Qu\u2019est-ce qui rend les cartes de sport si pr\u00e9cieuses ?\">\n<p class=\"product_title entry-title\"><a href=\"https:\/\/suncasesupply.com\/fr\/product\/aluminum-card-display-case-psa-graded-cards-sport-trading-card-storage-case\/\">Pr\u00e9sentoir de cartes en aluminium, cartes class\u00e9es PSA, \u00e9tui de rangement pour cartes de sport et de commerce<\/a><\/p>\n<\/li>\n<\/ul>","protected":false},"excerpt":{"rendered":"<p>Mod\u00e8le : SC-B9006<\/p>\n<p>Dimensions : Dimensions ext\u00e9rieures L384 x l366 x H183 mm, Dimensions int\u00e9rieures L350 x l300 x H165 mm.<\/p>\n<p>Convient pour : Cartes \u00e0 collectionner \/ Cartes grad\u00e9es \/ Cartes Pok\u00e9mon de PSA\/SGC\/BGS\/CGC\u2026<\/p>\n<p>Couleur : Noir<\/p>\n<p>Mat\u00e9riaux : Bo\u00eetier en plastique PP, avec mousse alv\u00e9ol\u00e9e et mousse EVA personnalis\u00e9e.<\/p>\n<p>Logo : Logo en \u00e9poxy\/logo en PVC\/logo imprim\u00e9 en s\u00e9rigraphie<\/p>\n<p>Quantit\u00e9 minimale de commande : 300 pi\u00e8ces<\/p>\n<p>\u00c9chantillon : Fourniture d&#039;un \u00e9chantillon pour contr\u00f4le qualit\u00e9.<\/p>","protected":false},"featured_media":26278,"template":"","meta":{"_gspb_post_css":""},"product_cat":[16],"product_tag":[],"featured_image_urls":{"full":["https:\/\/suncasesupply.com\/wp-content\/uploads\/2025\/11\/PP-Cards-Storage-Box-4.jpg",800,800,false],"thumbnail":["https:\/\/suncasesupply.com\/wp-content\/uploads\/2025\/11\/PP-Cards-Storage-Box-4-150x150.jpg",150,150,true],"medium":["https:\/\/suncasesupply.com\/wp-content\/uploads\/2025\/11\/PP-Cards-Storage-Box-4-300x300.jpg",300,300,true],"medium_large":["https:\/\/suncasesupply.com\/wp-content\/uploads\/2025\/11\/PP-Cards-Storage-Box-4-768x768.jpg",768,768,true],"large":["https:\/\/suncasesupply.com\/wp-content\/uploads\/2025\/11\/PP-Cards-Storage-Box-4.jpg",800,800,false],"1536x1536":["https:\/\/suncasesupply.com\/wp-content\/uploads\/2025\/11\/PP-Cards-Storage-Box-4.jpg",800,800,false],"2048x2048":["https:\/\/suncasesupply.com\/wp-content\/uploads\/2025\/11\/PP-Cards-Storage-Box-4.jpg",800,800,false],"trp-custom-language-flag":["https:\/\/suncasesupply.com\/wp-content\/uploads\/2025\/11\/PP-Cards-Storage-Box-4-12x12.jpg",12,12,true],"woocommerce_thumbnail":["https:\/\/suncasesupply.com\/wp-content\/uploads\/2025\/11\/PP-Cards-Storage-Box-4-300x300.jpg",300,300,true],"woocommerce_single":["https:\/\/suncasesupply.com\/wp-content\/uploads\/2025\/11\/PP-Cards-Storage-Box-4-600x600.jpg",600,600,true],"woocommerce_gallery_thumbnail":["https:\/\/suncasesupply.com\/wp-content\/uploads\/2025\/11\/PP-Cards-Storage-Box-4-100x100.jpg",100,100,true]},"post_excerpt_stackable":"<p>Model :SC-B9006<\/p>\n<p>Size: Outside size L384 x W366 x H183mm, Internal size L350 x W300 x H165mm.<\/p>\n<p>Suitable: For Trading Cards \/ Graded Card \/ Pok\u00e9mon Cards of PSA\/SGC\/BGS\/CGC&#8230;<\/p>\n<p>Colors: Black Color<\/p>\n<p>Materials: PP Plastic Case, with Egg foam\u00a0&amp; Cutom EVA Foam.<\/p>\n<p>Logo: Epoxy logo\/PVC logo\/Silk printing logo<\/p>\n<p>MOQ: 300pcs<\/p>\n<p>Sample: Providing sample for quality checking.<\/p>\n","category_list":"","author_info":{"name":"","url":""},"comments_num":"0 commentaire","_links":{"self":[{"href":"https:\/\/suncasesupply.com\/fr\/wp-json\/wp\/v2\/product\/26284"}],"collection":[{"href":"https:\/\/suncasesupply.com\/fr\/wp-json\/wp\/v2\/product"}],"about":[{"href":"https:\/\/suncasesupply.com\/fr\/wp-json\/wp\/v2\/types\/product"}],"wp:featuredmedia":[{"embeddable":true,"href":"https:\/\/suncasesupply.com\/fr\/wp-json\/wp\/v2\/media\/26278"}],"wp:attachment":[{"href":"https:\/\/suncasesupply.com\/fr\/wp-json\/wp\/v2\/media?parent=26284"}],"wp:term":[{"taxonomy":"product_cat","embeddable":true,"href":"https:\/\/suncasesupply.com\/fr\/wp-json\/wp\/v2\/product_cat?post=26284"},{"taxonomy":"product_tag","embeddable":true,"href":"https:\/\/suncasesupply.com\/fr\/wp-json\/wp\/v2\/product_tag?post=26284"}],"curies":[{"name":"wp","href":"https:\/\/api.w.org\/{rel}","templated":true}]}}