{"id":26259,"date":"2025-11-26T17:21:55","date_gmt":"2025-11-26T09:21:55","guid":{"rendered":"https:\/\/suncasesupply.com\/?post_type=product&#038;p=26259"},"modified":"2026-03-17T01:54:27","modified_gmt":"2026-03-16T17:54:27","slug":"aluminum-gun-storage-case-carry-pistol-box","status":"publish","type":"product","link":"https:\/\/suncasesupply.com\/fr\/product\/aluminum-gun-storage-case-carry-pistol-box\/","title":{"rendered":"\u00c9tui de rangement en aluminium pour pistolet"},"content":{"rendered":"<h4><span style=\"color: #003366;\">\u00c9tui de rangement en aluminium pour pistolet<\/span><\/h4>\n<h4><span style=\"color: #003366;\">Caract\u00e9ristiques:<\/span><\/h4>\n<ul>\n<li><strong>L\u00e9ger et portable : <\/strong>Compar\u00e9es aux mallettes en acier offrant le m\u00eame niveau de protection, les mallettes en aluminium pour armes sont nettement plus l\u00e9g\u00e8res. C&#039;est un atout consid\u00e9rable pour les utilisateurs qui doivent transporter leurs armes sur de longues distances ou lors de d\u00e9placements fr\u00e9quents, ce qui en fait une solution id\u00e9ale pour le stockage \u00e0 long terme et le transport quotidien.<\/li>\n<li><strong>Rembourrage int\u00e9gr\u00e9 et doublure sur mesure\u00a0:<\/strong><br \/>\nL&#039;\u00e9tui pour arme est g\u00e9n\u00e9ralement pr\u00e9-rempli de mousse haute densit\u00e9 (comme de l&#039;\u00e9ponge, de l&#039;EVA ou de la mousse pr\u00e9d\u00e9coup\u00e9e, un type de mousse qui peut \u00eatre model\u00e9e \u00e0 la forme de l&#039;utilisateur). Ce dernier peut d\u00e9couper des rainures pr\u00e9cises pour s&#039;adapter \u00e0 la forme de l&#039;arme, de la lunette, des munitions et des accessoires, ce qui permet de l&#039;utiliser comme \u00e9tui de rangement pour plusieurs armes tout en \u00e9vitant les chocs pendant le transport.<\/li>\n<\/ul>\n<h4><span style=\"color: #003366;\">D\u00e9tails du produit :<\/span><\/h4>\n<div style=\"display: flex; gap: 20px;\">\n<div style=\"flex: 1; text-align: center;\">\n<p><img decoding=\"async\" style=\"max-width: 100%; height: auto; margin-bottom: 10px;\" src=\"https:\/\/suncasesupply.com\/wp-content\/uploads\/2025\/11\/egg-foam.jpg\" alt=\"mousse d&#039;\u0153uf\" \/><\/p>\n<p><b><\/b><strong><b>Mousse protectrice<\/b><\/strong><\/p>\n<p style=\"margin: 0;\">Les \u00e9tuis pour armes sont remplis de mousse alv\u00e9ol\u00e9e haute densit\u00e9 afin d&#039;\u00e9viter les chocs pendant le transport et d&#039;assurer la s\u00e9curit\u00e9 des armes \u00e0 feu, r\u00e9pondant ainsi aux exigences des acheteurs professionnels en gros d&#039;\u00e9tuis de rangement pour armes.<\/p>\n<p>&nbsp;<\/p>\n<\/div>\n<p><!-- \u7b2c\u4e8c\u680f --><\/p>\n<div style=\"flex: 1; text-align: center;\">\n<p><img decoding=\"async\" style=\"max-width: 100%; height: auto; margin-bottom: 10px;\" src=\"https:\/\/suncasesupply.com\/wp-content\/uploads\/2025\/11\/Removable-inner-foam.jpg\" alt=\"Mousse int\u00e9rieure amovible\" \/><\/p>\n<p><b><\/b><strong>Mousse int\u00e9rieure amovible<\/strong><\/p>\n<p style=\"margin: 0;\">La mousse alv\u00e9ol\u00e9e \u00e0 l&#039;int\u00e9rieur est amovible ; vous pouvez la retirer lorsque vous avez besoin de plus d&#039;espace pour ranger davantage d&#039;outils.<\/p>\n<\/div>\n<p><!-- \u7b2c\u4e09\u680f --><\/p>\n<div style=\"flex: 1; text-align: center;\">\n<p><img decoding=\"async\" style=\"max-width: 100%; height: auto; margin-bottom: 10px;\" src=\"https:\/\/suncasesupply.com\/wp-content\/uploads\/2025\/11\/Hard-Structure.jpg\" alt=\"Structure rigide\" \/><\/p>\n<p><b><\/b><strong>Structure robuste<\/strong><\/p>\n<p>Cet \u00e9tui est dot\u00e9 de protections d&#039;angle robustes qui r\u00e9sistent efficacement aux chocs, aux pi\u00e9tinements et aux chutes, prot\u00e9geant ainsi son contenu. Il est largement fourni par les fabricants d&#039;\u00e9tuis de rangement pour armes \u00e0 feu destin\u00e9s aux march\u00e9s d&#039;exportation.<\/p>\n<\/div>\n<p><!-- \u7b2c\u56db\u680f --><\/p>\n<div style=\"flex: 1; text-align: center;\">\n<p><img decoding=\"async\" style=\"max-width: 100%; height: auto; margin-bottom: 10px;\" src=\"https:\/\/suncasesupply.com\/wp-content\/uploads\/2025\/11\/Diamond-ABS-Surface.jpg\" alt=\"Surface en ABS diamant\u00e9e\" \/><\/p>\n<p><b><\/b>Surface en ABS diamant\u00e9e<\/p>\n<p style=\"margin: 0;\">La surface en ABS \u00e0 motif diamant rend non seulement la bo\u00eete esth\u00e9tique, mais sa texture la prot\u00e8ge \u00e9galement efficacement des rayures.<\/p>\n<\/div>\n<\/div>\n<h4><span style=\"color: #003366;\">Processus de fabrication :<\/span><\/h4>\n<p><img decoding=\"async\" style=\"max-width: 100%; height: auto; margin-bottom: 10px;\" src=\"https:\/\/suncasesupply.com\/wp-content\/uploads\/2025\/07\/Manufacturing-Process.png\" alt=\"Processus de fabrication de Suncase\" \/><\/p>\n<div style=\"background-color: #29599a; padding: 40px 20px; text-align: center; color: #ffffff; border-radius: 10px; margin: 40px auto; max-width: 960px;\">\n<h2 style=\"font-size: 22px; margin-bottom: 20px; font-weight: bold;\"><span style=\"color: #ffffff;\">\u00c9tui de rangement pour armes Sun Case disponible avec une quantit\u00e9 minimale de commande de 100 unit\u00e9s.<\/span><\/h2>\n<p><a style=\"display: inline-block; padding: 12px 28px; background-color: #ffffff; color: #29599a; text-decoration: none; border-radius: 6px; font-weight: bold;\" href=\"https:\/\/suncasesupply.com\/fr\/contact-us\/\" target=\"_blank\" rel=\"noopener\">Contactez notre usine d\u00e8s aujourd&#039;hui<br \/>\n<\/a><\/p>\n<\/div>\n<h4><span style=\"color: #003366;\">Informations utiles pour les acheteurs en gros\u00a0:<\/span><\/h4>\n<ul>\n<li class=\"page-title\" title=\"Qu\u2019est-ce qui rend les cartes de sport si pr\u00e9cieuses ?\"><a href=\"https:\/\/suncasesupply.com\/fr\/blog\/aluminum-gun-case\/best-foam-for-aluminum-gun-cases\/\">La meilleure mousse pour un \u00e9tui \u00e0 fusil en aluminium<\/a><\/li>\n<li title=\"Qu\u2019est-ce qui rend les cartes de sport si pr\u00e9cieuses ?\"><a href=\"https:\/\/suncasesupply.com\/fr\/blog\/aluminum-gun-case\/consider-gun-case-factors\/\">Que recherchez-vous lorsque vous envisagez diff\u00e9rents \u00e9tuis \u00e0 armes \u00e0 feu\u00a0?<\/a><\/li>\n<li title=\"Qu\u2019est-ce qui rend les cartes de sport si pr\u00e9cieuses ?\"><a href=\"https:\/\/suncasesupply.com\/fr\/blog\/aluminum-gun-case\/hard-vs-soft-rifle-case\/\">\u00c9tui rigide ou souple pour carabine : quel \u00e9tui en aluminium est le meilleur ?<\/a><\/li>\n<\/ul>","protected":false},"excerpt":{"rendered":"<p>Mod\u00e8le : SC-FL0016<\/p>\n<p>Dimensions : 45 x 35 x 14 cm<\/p>\n<p>Quantit\u00e9 minimale de commande : 100 pi\u00e8ces<\/p>\n<p>D\u00e9lai de livraison : 15-25 jours<\/p>\n<p>\u00c9chantillon\u00a0: Disponible<\/p>","protected":false},"featured_media":26264,"template":"","meta":{"_gspb_post_css":""},"product_cat":[85],"product_tag":[],"featured_image_urls":{"full":["https:\/\/suncasesupply.com\/wp-content\/uploads\/2025\/11\/1-2.jpg",800,800,false],"thumbnail":["https:\/\/suncasesupply.com\/wp-content\/uploads\/2025\/11\/1-2-150x150.jpg",150,150,true],"medium":["https:\/\/suncasesupply.com\/wp-content\/uploads\/2025\/11\/1-2-300x300.jpg",300,300,true],"medium_large":["https:\/\/suncasesupply.com\/wp-content\/uploads\/2025\/11\/1-2-768x768.jpg",768,768,true],"large":["https:\/\/suncasesupply.com\/wp-content\/uploads\/2025\/11\/1-2.jpg",800,800,false],"1536x1536":["https:\/\/suncasesupply.com\/wp-content\/uploads\/2025\/11\/1-2.jpg",800,800,false],"2048x2048":["https:\/\/suncasesupply.com\/wp-content\/uploads\/2025\/11\/1-2.jpg",800,800,false],"trp-custom-language-flag":["https:\/\/suncasesupply.com\/wp-content\/uploads\/2025\/11\/1-2-12x12.jpg",12,12,true],"woocommerce_thumbnail":["https:\/\/suncasesupply.com\/wp-content\/uploads\/2025\/11\/1-2-300x300.jpg",300,300,true],"woocommerce_single":["https:\/\/suncasesupply.com\/wp-content\/uploads\/2025\/11\/1-2-600x600.jpg",600,600,true],"woocommerce_gallery_thumbnail":["https:\/\/suncasesupply.com\/wp-content\/uploads\/2025\/11\/1-2-100x100.jpg",100,100,true]},"post_excerpt_stackable":"<p>Model : SC-FL0016<\/p>\n<p>Size: 45 x 35 x 14 cm<\/p>\n<p>MOQ: 100pcs<\/p>\n<p>Delivery Time : 15-25 Days<\/p>\n<p>Sample : Available<\/p>\n","category_list":"","author_info":{"name":"","url":""},"comments_num":"0 commentaire","_links":{"self":[{"href":"https:\/\/suncasesupply.com\/fr\/wp-json\/wp\/v2\/product\/26259"}],"collection":[{"href":"https:\/\/suncasesupply.com\/fr\/wp-json\/wp\/v2\/product"}],"about":[{"href":"https:\/\/suncasesupply.com\/fr\/wp-json\/wp\/v2\/types\/product"}],"wp:featuredmedia":[{"embeddable":true,"href":"https:\/\/suncasesupply.com\/fr\/wp-json\/wp\/v2\/media\/26264"}],"wp:attachment":[{"href":"https:\/\/suncasesupply.com\/fr\/wp-json\/wp\/v2\/media?parent=26259"}],"wp:term":[{"taxonomy":"product_cat","embeddable":true,"href":"https:\/\/suncasesupply.com\/fr\/wp-json\/wp\/v2\/product_cat?post=26259"},{"taxonomy":"product_tag","embeddable":true,"href":"https:\/\/suncasesupply.com\/fr\/wp-json\/wp\/v2\/product_tag?post=26259"}],"curies":[{"name":"wp","href":"https:\/\/api.w.org\/{rel}","templated":true}]}}