{"id":26248,"date":"2025-11-26T15:58:43","date_gmt":"2025-11-26T07:58:43","guid":{"rendered":"https:\/\/suncasesupply.com\/?post_type=product&#038;p=26248"},"modified":"2026-03-17T01:44:54","modified_gmt":"2026-03-16T17:44:54","slug":"pp-waterproof-graded-slab-card-storage-case-ip7-pp-trading-card-storage-case","status":"publish","type":"product","link":"https:\/\/suncasesupply.com\/fr\/product\/pp-waterproof-graded-slab-card-storage-case-ip7-pp-trading-card-storage-case\/","title":{"rendered":"\u00c9tui de rangement \u00e9tanche en plastique pour cartes \u00e0 collectionner IP7 PP"},"content":{"rendered":"<h4><span style=\"color: #000000;\">\u00c9tui de rangement \u00e9tanche en plastique pour cartes \u00e0 collectionner IP7 PP<\/span><\/h4>\n<p>Cette haute performance <strong data-start=\"1089\" data-end=\"1116\"><em data-start=\"1091\" data-end=\"1114\">\u00c9tui pour cartes de sport<\/em><\/strong> Elle allie durabilit\u00e9, protection contre l&#039;eau et conception interne flexible, ce qui la rend adapt\u00e9e au stockage, au transport et \u00e0 l&#039;exposition.<\/p>\n<h4><span style=\"color: #003366;\">Caract\u00e9ristiques:<\/span><\/h4>\n<ul>\n<li><strong><b>Durable et robuste : <\/b><\/strong>Fabriqu\u00e9 en polypropyl\u00e8ne (PP) IP7 de haute qualit\u00e9, cet \u00e9tui de rangement pour cartes est extr\u00eamement rigide et r\u00e9sistant aux chocs, prot\u00e9geant ainsi efficacement les cartes grad\u00e9es des pressions et des collisions. Il constitue donc un \u00e9tui fiable pour le stockage et le transport \u00e0 long terme de cartes de sport.<\/li>\n<li><strong><b>Scell\u00e9 et \u00e9tanche \u00e0 la poussi\u00e8re : <\/b><\/strong>Dot\u00e9s g\u00e9n\u00e9ralement de joints d&#039;\u00e9tanch\u00e9it\u00e9 ou d&#039;un syst\u00e8me de fermeture \u00e0 pression, ces \u00e9tuis isolent parfaitement de la poussi\u00e8re, de l&#039;humidit\u00e9 et des contaminants pr\u00e9sents dans l&#039;air, pr\u00e9servant ainsi la propret\u00e9 des cartes certifi\u00e9es. Ils peuvent \u00e9galement servir de vitrine pour prot\u00e9ger les cartes.<\/li>\n<li><strong><b>Soupape de d\u00e9charge de pression : <\/b><\/strong>Le bo\u00eetier PP, \u00e9quip\u00e9 de cette valve, \u00e9quilibre la pression d&#039;air entre l&#039;int\u00e9rieur et l&#039;ext\u00e9rieur du bo\u00eetier en fonction des variations d&#039;altitude, facilitant ainsi son ouverture et sa fermeture. Il est particuli\u00e8rement adapt\u00e9 au rangement de cartes PSA de grande valeur sous blister.<\/li>\n<li><strong><b>Amortissement et absorption des chocs\u00a0: <\/b><\/strong>L&#039;int\u00e9rieur de l&#039;\u00e9tui en PP est fabriqu\u00e9 avec un rembourrage en EVA ou en \u00e9ponge pour offrir un amorti suppl\u00e9mentaire maximal, m\u00eame pendant le transport ou en cas de chute accidentelle, fonctionnant comme un \u00e9tui \u00e0 cartes s\u00e9curis\u00e9.<\/li>\n<\/ul>\n<h4><span style=\"color: #003366;\">D\u00e9tails du produit :<\/span><\/h4>\n<div style=\"display: flex; gap: 20px;\">\n<p><!-- \u7b2c\u4e00\u680f --><\/p>\n<div style=\"flex: 1; text-align: center;\">\n<p><img decoding=\"async\" style=\"max-width: 100%; height: auto; margin-bottom: 10px;\" src=\"https:\/\/suncasesupply.com\/wp-content\/uploads\/2025\/11\/1-EVA-Dividers.jpg\" alt=\"1-S\u00e9parateurs EVA\" \/><\/p>\n<p><b><\/b><strong><b>S\u00e9parateurs EVA<\/b><\/strong><\/p>\n<p style=\"margin: 0;\">Sur le couvercle inf\u00e9rieur int\u00e9rieur, fabriqu\u00e9 avec des s\u00e9parateurs en EVA, les s\u00e9parateurs sont r\u00e9glables et amovibles, ils peuvent \u00eatre personnalis\u00e9s pour s&#039;adapter \u00e0 vos cartes grad\u00e9es \/ cartes \u00e0 collectionner \/ cartes Pok\u00e9mon PSA\/SGC\/BGS\/CGC\u2026, convenant aux exigences de diff\u00e9rents \u00e9tuis \u00e0 cartes sous scell\u00e9.<\/p>\n<p>&nbsp;<\/p>\n<\/div>\n<p><!-- \u7b2c\u4e8c\u680f --><\/p>\n<div style=\"flex: 1; text-align: center;\">\n<p><img decoding=\"async\" style=\"max-width: 100%; height: auto; margin-bottom: 10px;\" src=\"https:\/\/suncasesupply.com\/wp-content\/uploads\/2025\/11\/2-Handle-with-Rubber.jpg\" alt=\"Poign\u00e9e \u00e0 2 brins avec rev\u00eatement en caoutchouc\" \/><\/p>\n<p><b><\/b><b><\/b><strong><b>Poign\u00e9e en caoutchouc<\/b><\/strong><\/p>\n<p style=\"margin: 0;\">La poign\u00e9e est \u00e9galement fabriqu\u00e9e en polypropyl\u00e8ne (PP) tr\u00e8s robuste, avec une forme ergonomique et un rev\u00eatement en caoutchouc souple. Ainsi, l&#039;\u00e9tui pour cartes est facile \u00e0 d\u00e9placer et \u00e0 transporter lors de salons, de foires commerciales ou chez des amis pour \u00eatre pr\u00e9sent\u00e9 et \u00e9chang\u00e9.<\/p>\n<\/div>\n<p><!-- \u7b2c\u4e09\u680f --><\/p>\n<div style=\"flex: 1; text-align: center;\">\n<p><img decoding=\"async\" style=\"max-width: 100%; height: auto; margin-bottom: 10px;\" src=\"https:\/\/suncasesupply.com\/wp-content\/uploads\/2025\/11\/3-Metal-Reinforcement-on-Locks-Holes.jpg\" alt=\"Renfort m\u00e9tallique \u00e0 3 niveaux sur les trous de verrouillage\" \/><\/p>\n<p><b><\/b><b><\/b><strong><b>Renforts m\u00e9talliques sur les trous de serrure<\/b><\/strong><\/p>\n<p>Pour les trous de verrouillage de ce mod\u00e8le d&#039;\u00e9tui \u00e0 cartes en polypropyl\u00e8ne, nous pouvons ajouter un renfort m\u00e9tallique afin d&#039;am\u00e9liorer la solidit\u00e9 et la s\u00e9curit\u00e9 de l&#039;\u00e9tui. Bien entendu, il s&#039;agit d&#039;une option \u00e0 choisir selon vos besoins.<\/p>\n<\/div>\n<p><!-- \u7b2c\u56db\u680f --><\/p>\n<div style=\"flex: 1; text-align: center;\">\n<p><img decoding=\"async\" style=\"max-width: 100%; height: auto; margin-bottom: 10px;\" src=\"https:\/\/suncasesupply.com\/wp-content\/uploads\/2025\/11\/4-Locks.jpg\" alt=\"4 cadenas\" \/><\/p>\n<p><b><\/b><strong><b>Serrures<\/b><\/strong><\/p>\n<p style=\"margin: 0;\">Alliant s\u00e9curit\u00e9 et flexibilit\u00e9, cet \u00e9tui utilise principalement un trou pour cadenas, compl\u00e9t\u00e9 par une serrure int\u00e9gr\u00e9e. Les couvercles sup\u00e9rieur et inf\u00e9rieur sont dot\u00e9s d&#039;un anneau m\u00e9tallique robuste formant un support pour cadenas, permettant ainsi d&#039;y fixer un cadenas suppl\u00e9mentaire et de garantir la s\u00e9curit\u00e9 des cartes sous blister rang\u00e9es \u00e0 l&#039;int\u00e9rieur.<\/p>\n<\/div>\n<\/div>\n<h4><span style=\"color: #003366;\">Processus de fabrication :<\/span><\/h4>\n<p><img decoding=\"async\" style=\"max-width: 100%; height: auto; margin-bottom: 10px;\" src=\"https:\/\/suncasesupply.com\/wp-content\/uploads\/2025\/07\/Manufacturing-Process.png\" alt=\"Processus de fabrication de Suncase\" \/><\/p>\n<div style=\"background-color: #29599a; padding: 40px 20px; text-align: center; color: #ffffff; border-radius: 10px; margin: 40px auto; max-width: 960px;\">\n<h2 style=\"font-size: 22px; margin-bottom: 20px; font-weight: bold;\"><span style=\"color: #ffffff;\">Commandez des \u00e9tuis \u00e0 cartes chez Sun Case avec une quantit\u00e9 minimale de commande de 300 unit\u00e9s.<\/span><\/h2>\n<p><a style=\"display: inline-block; padding: 12px 28px; background-color: #ffffff; color: #29599a; text-decoration: none; border-radius: 6px; font-weight: bold;\" href=\"https:\/\/suncasesupply.com\/fr\/contact-us\/\" target=\"_blank\" rel=\"noopener\">Demandez un devis d\u00e8s maintenant<br \/>\n<\/a><\/p>\n<\/div>\n<h4><span style=\"color: #003366;\">Informations utiles pour les acheteurs en gros\u00a0:<\/span><\/h4>\n<ul>\n<li class=\"page-title\" title=\"Qu\u2019est-ce qui rend les cartes de sport si pr\u00e9cieuses ?\">\n<p class=\"page-title\" title=\"Comment prot\u00e9ger votre collection de cartes \u00e0 collectionner\"><a href=\"https:\/\/suncasesupply.com\/fr\/blog\/how-protect-trading-cards-collection\/\">Comment prot\u00e9ger votre collection de cartes \u00e0 collectionner &gt;&gt;<\/a><\/p>\n<\/li>\n<li title=\"Qu\u2019est-ce qui rend les cartes de sport si pr\u00e9cieuses ?\">\n<p class=\"page-title\" title=\"Qu\u2019est-ce qui rend les cartes de sport si pr\u00e9cieuses ?\"><a href=\"https:\/\/suncasesupply.com\/fr\/blog\/custom-aluminum-case\/commercial-value-of-sports-cards\/\">Pourquoi les cartes de sport sont-elles si pr\u00e9cieuses ? &gt;&gt;<\/a><\/p>\n<\/li>\n<li title=\"Qu\u2019est-ce qui rend les cartes de sport si pr\u00e9cieuses ?\">\n<p class=\"product_title entry-title\"><a href=\"https:\/\/suncasesupply.com\/fr\/product\/aluminum-card-display-case-psa-graded-cards-sport-trading-card-storage-case\/\">Pr\u00e9sentoir de cartes en aluminium, cartes class\u00e9es PSA, \u00e9tui de rangement pour cartes de sport et de commerce<\/a><\/p>\n<\/li>\n<\/ul>","protected":false},"excerpt":{"rendered":"<p>Mod\u00e8le : SC-B9005<\/p>\n<p>Dimensions : Dimensions ext\u00e9rieures L410 x l370 x H198 mm, Dimensions int\u00e9rieures L385 x l313 x H180 mm.<\/p>\n<p>Convient pour : Cartes \u00e0 collectionner \/ Cartes grad\u00e9es \/ Cartes Pok\u00e9mon de PSA\/SGC\/BGS\/CGC\u2026<\/p>\n<p>Couleur : Noir<\/p>\n<p>Mat\u00e9riaux : Bo\u00eetier en plastique PP, avec mousse alv\u00e9ol\u00e9e sur le couvercle sup\u00e9rieur.<\/p>\n<p>Logo : Logo en \u00e9poxy\/logo en PVC\/logo imprim\u00e9 en s\u00e9rigraphie<\/p>\n<p>Quantit\u00e9 minimale de commande : 300 pi\u00e8ces<\/p>\n<p>\u00c9chantillon : Fourniture d&#039;un \u00e9chantillon pour contr\u00f4le qualit\u00e9.<\/p>","protected":false},"featured_media":26253,"template":"","meta":{"_gspb_post_css":""},"product_cat":[16],"product_tag":[],"featured_image_urls":{"full":["https:\/\/suncasesupply.com\/wp-content\/uploads\/2025\/11\/1.jpg",800,800,false],"thumbnail":["https:\/\/suncasesupply.com\/wp-content\/uploads\/2025\/11\/1-150x150.jpg",150,150,true],"medium":["https:\/\/suncasesupply.com\/wp-content\/uploads\/2025\/11\/1-300x300.jpg",300,300,true],"medium_large":["https:\/\/suncasesupply.com\/wp-content\/uploads\/2025\/11\/1-768x768.jpg",768,768,true],"large":["https:\/\/suncasesupply.com\/wp-content\/uploads\/2025\/11\/1.jpg",800,800,false],"1536x1536":["https:\/\/suncasesupply.com\/wp-content\/uploads\/2025\/11\/1.jpg",800,800,false],"2048x2048":["https:\/\/suncasesupply.com\/wp-content\/uploads\/2025\/11\/1.jpg",800,800,false],"trp-custom-language-flag":["https:\/\/suncasesupply.com\/wp-content\/uploads\/2025\/11\/1-12x12.jpg",12,12,true],"woocommerce_thumbnail":["https:\/\/suncasesupply.com\/wp-content\/uploads\/2025\/11\/1-300x300.jpg",300,300,true],"woocommerce_single":["https:\/\/suncasesupply.com\/wp-content\/uploads\/2025\/11\/1-600x600.jpg",600,600,true],"woocommerce_gallery_thumbnail":["https:\/\/suncasesupply.com\/wp-content\/uploads\/2025\/11\/1-100x100.jpg",100,100,true]},"post_excerpt_stackable":"<p>Model :SC-B9005<\/p>\n<p>Size: Outside size L410 x W370 x H198mm, Internal size L385 x W313 x H180mm.<\/p>\n<p>Suitable: For Trading Cards \/ Graded Card \/ Pok\u00e9mon Cards of PSA\/SGC\/BGS\/CGC&#8230;<\/p>\n<p>Colors: Black Color<\/p>\n<p>Materials: PP Plastic Case, with Egg foam on the upper lid.<\/p>\n<p>Logo: Epoxy logo\/PVC logo\/Silk printing logo<\/p>\n<p>MOQ: 300pcs<\/p>\n<p>Sample: Providing sample for quality checking.<\/p>\n","category_list":"","author_info":{"name":"","url":""},"comments_num":"0 commentaire","_links":{"self":[{"href":"https:\/\/suncasesupply.com\/fr\/wp-json\/wp\/v2\/product\/26248"}],"collection":[{"href":"https:\/\/suncasesupply.com\/fr\/wp-json\/wp\/v2\/product"}],"about":[{"href":"https:\/\/suncasesupply.com\/fr\/wp-json\/wp\/v2\/types\/product"}],"wp:featuredmedia":[{"embeddable":true,"href":"https:\/\/suncasesupply.com\/fr\/wp-json\/wp\/v2\/media\/26253"}],"wp:attachment":[{"href":"https:\/\/suncasesupply.com\/fr\/wp-json\/wp\/v2\/media?parent=26248"}],"wp:term":[{"taxonomy":"product_cat","embeddable":true,"href":"https:\/\/suncasesupply.com\/fr\/wp-json\/wp\/v2\/product_cat?post=26248"},{"taxonomy":"product_tag","embeddable":true,"href":"https:\/\/suncasesupply.com\/fr\/wp-json\/wp\/v2\/product_tag?post=26248"}],"curies":[{"name":"wp","href":"https:\/\/api.w.org\/{rel}","templated":true}]}}