{"id":26197,"date":"2025-10-28T18:01:16","date_gmt":"2025-10-28T10:01:16","guid":{"rendered":"https:\/\/suncasesupply.com\/?post_type=product&#038;p=26197"},"modified":"2025-10-28T18:08:58","modified_gmt":"2025-10-28T10:08:58","slug":"two-bottle-wine-aluminum-carrying-case-wine-packaging-box","status":"publish","type":"product","link":"https:\/\/suncasesupply.com\/fr\/product\/two-bottle-wine-aluminum-carrying-case-wine-packaging-box\/","title":{"rendered":"Coffret de transport en aluminium pour deux bouteilles de vin"},"content":{"rendered":"<p>&nbsp;<\/p>\n<table width=\"774\">\n<tbody>\n<tr>\n<td width=\"177\">Article<\/td>\n<td width=\"597\">Caisse \u00e0 vin en aluminium<\/td>\n<\/tr>\n<tr>\n<td>Dimension<\/td>\n<td>Personnaliser<\/td>\n<\/tr>\n<tr>\n<td>Couleurs<\/td>\n<td>Comme le montrent les images ou personnaliser<\/td>\n<\/tr>\n<tr>\n<td>Mat\u00e9riaux<\/td>\n<td>Aluminium, panneau ABS, panneau MDF, doublure EVA\/mousse\/tissu\/PU, quincaillerie<\/td>\n<\/tr>\n<tr>\n<td>Logo<\/td>\n<td>Logo plaque m\u00e9tallique, logo imprim\u00e9, logo en relief, logo laser<\/td>\n<\/tr>\n<tr>\n<td>Temps d&#039;\u00e9chantillonnage<\/td>\n<td>7 jours<\/td>\n<\/tr>\n<tr>\n<td>Port d&#039;embarquement<\/td>\n<td>Canton, Shenzhen<\/td>\n<\/tr>\n<tr>\n<td>Conditions commerciales<\/td>\n<td>EXW, FOB, CIF, DDU, DDP<\/td>\n<\/tr>\n<tr>\n<td>M\u00e9thodes de payement<\/td>\n<td>T\/T, esp\u00e8ces, PayPal, carte de cr\u00e9dit<\/td>\n<\/tr>\n<\/tbody>\n<\/table>\n<p><span style=\"color: #003366;\">Caract\u00e9ristiques:<\/span><\/p>\n<p><strong>\u00c9L\u00c9GANT ET DURABLE<\/strong> \u2013 \u00c9tui de transport en aluminium pour vin, il est dot\u00e9 d&#039;un cadre en alliage d&#039;aluminium avec des coins m\u00e9talliques et des panneaux lat\u00e9raux en plastique ABS \u00e0 fort impact pour garder cet \u00e9tui r\u00e9sistant aux chocs.<\/p>\n<p><strong>CARACT\u00c9RISTIQUES<\/strong> \u2013 Des inserts en mousse amovibles permettent de loger parfaitement deux bouteilles de vin ou autres, enferm\u00e9es dans la mousse au fond et au-dessus de la caisse, et emp\u00eachent les bouteilles de bouger pendant le transport. Livr\u00e9 avec un cadenas et une cl\u00e9 pour s\u00e9curiser la caisse pendant le stockage ou le transport.<\/p>\n<p><strong>ID\u00c9AL POUR VOYAGER<\/strong> \u2013 Cette caisse est facile \u00e0 transporter, pesant moins de 1,75 kg sans bouteilles et 4,75 kg avec bouteilles (soit 1,45 kg par bouteille). C&#039;est la caisse id\u00e9ale \u00e0 emporter en voiture, en bateau, ou pour transporter du vin ou des spiritueux lors d&#039;un \u00e9v\u00e9nement sp\u00e9cial.<\/p>\n<p><strong>CADEAU PARFAIT<\/strong> \u2013 Rempli de vin ou de spiritueux, il constitue une pr\u00e9sentation \u00e9l\u00e9gante et un excellent cadeau pour ceux qui appr\u00e9cient les bonnes choses de la vie.<\/p>\n<p><strong>DIMENSIONS<\/strong> Dimensions du coffret\u00a0: 26\u00a0cm de hauteur, 15\u00a0cm de largeur et 40\u00a0cm de longueur. Dimensions de l\u2019insert\u00a0: Peut contenir jusqu\u2019\u00e0 deux bouteilles standard de 750\u00a0ml. Hauteur\u00a0: 30\u00a0cm. Largeur\u00a0: 7,75\u00a0cm.<\/p>","protected":false},"excerpt":{"rendered":"<p>Mod\u00e8le : SC-B9004<\/p>\n<p>Taille\u00a0:\u00a0Personnaliser<\/p>\n<p>Quantit\u00e9 minimale de commande : 200 pi\u00e8ces<\/p>\n<p>D\u00e9lai de livraison : 25-30 jours<\/p>\n<p>\u00c9chantillon\u00a0: Disponible<\/p>","protected":false},"featured_media":26194,"template":"","meta":{"_gspb_post_css":""},"product_cat":[80],"product_tag":[],"featured_image_urls":{"full":["https:\/\/suncasesupply.com\/wp-content\/uploads\/2025\/10\/1-2.jpg",800,800,false],"thumbnail":["https:\/\/suncasesupply.com\/wp-content\/uploads\/2025\/10\/1-2-150x150.jpg",150,150,true],"medium":["https:\/\/suncasesupply.com\/wp-content\/uploads\/2025\/10\/1-2-300x300.jpg",300,300,true],"medium_large":["https:\/\/suncasesupply.com\/wp-content\/uploads\/2025\/10\/1-2-768x768.jpg",768,768,true],"large":["https:\/\/suncasesupply.com\/wp-content\/uploads\/2025\/10\/1-2.jpg",800,800,false],"1536x1536":["https:\/\/suncasesupply.com\/wp-content\/uploads\/2025\/10\/1-2.jpg",800,800,false],"2048x2048":["https:\/\/suncasesupply.com\/wp-content\/uploads\/2025\/10\/1-2.jpg",800,800,false],"trp-custom-language-flag":["https:\/\/suncasesupply.com\/wp-content\/uploads\/2025\/10\/1-2-12x12.jpg",12,12,true],"woocommerce_thumbnail":["https:\/\/suncasesupply.com\/wp-content\/uploads\/2025\/10\/1-2-300x300.jpg",300,300,true],"woocommerce_single":["https:\/\/suncasesupply.com\/wp-content\/uploads\/2025\/10\/1-2-600x600.jpg",600,600,true],"woocommerce_gallery_thumbnail":["https:\/\/suncasesupply.com\/wp-content\/uploads\/2025\/10\/1-2-100x100.jpg",100,100,true]},"post_excerpt_stackable":"<p>Model : SC-B9004<\/p>\n<p>Size:\u00a0 Customize<\/p>\n<p>MOQ: 200pcs<\/p>\n<p>Delivery Time : 25-30 Days<\/p>\n<p>Sample : Available<\/p>\n","category_list":"","author_info":{"name":"","url":""},"comments_num":"0 commentaire","_links":{"self":[{"href":"https:\/\/suncasesupply.com\/fr\/wp-json\/wp\/v2\/product\/26197"}],"collection":[{"href":"https:\/\/suncasesupply.com\/fr\/wp-json\/wp\/v2\/product"}],"about":[{"href":"https:\/\/suncasesupply.com\/fr\/wp-json\/wp\/v2\/types\/product"}],"wp:featuredmedia":[{"embeddable":true,"href":"https:\/\/suncasesupply.com\/fr\/wp-json\/wp\/v2\/media\/26194"}],"wp:attachment":[{"href":"https:\/\/suncasesupply.com\/fr\/wp-json\/wp\/v2\/media?parent=26197"}],"wp:term":[{"taxonomy":"product_cat","embeddable":true,"href":"https:\/\/suncasesupply.com\/fr\/wp-json\/wp\/v2\/product_cat?post=26197"},{"taxonomy":"product_tag","embeddable":true,"href":"https:\/\/suncasesupply.com\/fr\/wp-json\/wp\/v2\/product_tag?post=26197"}],"curies":[{"name":"wp","href":"https:\/\/api.w.org\/{rel}","templated":true}]}}