{"id":25696,"date":"2025-07-11T16:37:21","date_gmt":"2025-07-11T08:37:21","guid":{"rendered":"https:\/\/suncasesupply.com\/?post_type=product&#038;p=25696"},"modified":"2025-08-26T16:10:32","modified_gmt":"2025-08-26T08:10:32","slug":"double-makeup-vanity-case-pu-makeup-vanity-bag-with-rmovable-dividers","status":"publish","type":"product","link":"https:\/\/suncasesupply.com\/fr\/product\/double-makeup-vanity-case-pu-makeup-vanity-bag-with-rmovable-dividers\/","title":{"rendered":"Trousse de maquillage double en PU avec compartiments amovibles"},"content":{"rendered":"<h4><span style=\"color: #003366;\">Caract\u00e9ristiques:<\/span><\/h4>\n<p>Trousse de maquillage double en PU avec compartiments amovibles<\/p>\n<ul>\n<li data-start=\"164\" data-end=\"361\">\n<p data-start=\"166\" data-end=\"361\"><strong data-start=\"166\" data-end=\"182\">Taille parfaite : <\/strong>Assez haut pour accueillir des flacons droits, assez large pour des palettes et spacieux pour tous vos essentiels. Le miroir rabattable est pratique et id\u00e9al comme trousse de maquillage de voyage.<\/p>\n<\/li>\n<li data-start=\"363\" data-end=\"563\">\n<p data-start=\"365\" data-end=\"563\"><strong data-start=\"365\" data-end=\"385\">Stockage flexible : <\/strong>Conception \u00e0 deux niveaux avec compartiments zipp\u00e9s et s\u00e9parateurs amovibles en PU pour personnaliser les compartiments. Un excellent choix pour celles qui recherchent une trousse de maquillage avec s\u00e9parateurs ajustables.<\/p>\n<\/li>\n<li data-start=\"565\" data-end=\"728\">\n<p data-start=\"567\" data-end=\"728\"><strong data-start=\"567\" data-end=\"587\">Conception multi-usages : <\/strong>Peut servir de trousse de maquillage avec s\u00e9parateurs, de trousse de maquillage ou de trousse de maquillage portable, parfaite pour la maison ou les voyages.<\/p>\n<\/li>\n<\/ul>\n<h4><span style=\"color: #003366;\">D\u00e9tails du produit :<\/span><\/h4>\n<p><!-- \u7b2c\u4e00\u680f --><\/p>\n<div style=\"display: flex; gap: 20px;\">\n<div style=\"flex: 1; text-align: center;\">\n<p><img decoding=\"async\" style=\"max-width: 100%; height: auto; margin-bottom: 10px;\" src=\"https:\/\/suncasesupply.com\/wp-content\/uploads\/2025\/07\/metal-zippers.jpg\" alt=\"fermetures \u00e0 glissi\u00e8re en m\u00e9tal\" \/><\/p>\n<p style=\"font-weight: bold; margin: 5px 0;\"><b><\/b><strong><b>Fermetures \u00e0 glissi\u00e8re en m\u00e9tal<\/b><\/strong><\/p>\n<p style=\"margin: 0;\">Cette trousse de maquillage de voyage \u00e0 deux niveaux avec compartiments est dot\u00e9e d&#039;une fermeture \u00e9clair unique qui, une fois ferm\u00e9e, forme une barri\u00e8re herm\u00e9tique emp\u00eachant les cosm\u00e9tiques (produits en poudre ou liquides) de fuir ou de p\u00e9n\u00e9trer dans la poussi\u00e8re. Son \u00e9clat m\u00e9tallique argent\u00e9 s&#039;harmonise avec le cuir litchi vert clair, soulignant ainsi son c\u00f4t\u00e9 tendance et pratique.<\/p>\n<\/div>\n<p><!-- \u7b2c\u4e8c\u680f --><\/p>\n<div style=\"flex: 1; text-align: center;\">\n<p><img decoding=\"async\" style=\"max-width: 100%; height: auto; margin-bottom: 10px;\" src=\"https:\/\/suncasesupply.com\/wp-content\/uploads\/2025\/07\/brushes-holders.jpg\" alt=\"porte-balais\" \/><\/p>\n<p style=\"font-weight: bold; margin: 5px 0;\"><b><\/b><b><\/b><strong><b>Poign\u00e9e encastr\u00e9e<\/b><\/strong><\/p>\n<p data-start=\"1318\" data-end=\"1662\">Le couvercle est dot\u00e9 d&#039;un \u00e9lastique cousu sur le dessus pour ranger plusieurs pinceaux. La doublure en velours doux assure la s\u00e9curit\u00e9 et l&#039;organisation de vos produits, \u00e0 la maison comme en d\u00e9placement. C&#039;est une trousse de maquillage id\u00e9ale pour ranger et prot\u00e9ger vos pinceaux.<\/p>\n<\/div>\n<p><!-- \u7b2c\u4e09\u680f --><\/p>\n<div style=\"flex: 1; text-align: center;\">\n<p><img decoding=\"async\" style=\"max-width: 100%; height: auto; margin-bottom: 10px;\" src=\"https:\/\/suncasesupply.com\/wp-content\/uploads\/2025\/07\/handel.jpg\" alt=\"poign\u00e9e\" \/><\/p>\n<p style=\"font-weight: bold; margin: 5px 0;\"><strong><b>Poign\u00e9e solide<\/b><\/strong><\/p>\n<p data-start=\"1689\" data-end=\"2022\">Dot\u00e9e d&#039;une \u00e9l\u00e9gante poign\u00e9e en PU, fix\u00e9e \u00e0 l&#039;aide de deux clous m\u00e9talliques, elle renforce sa solidit\u00e9 et sa capacit\u00e9 de charge, garantissant ainsi sa durabilit\u00e9 et sa facilit\u00e9 de transport. Elle compl\u00e8te parfaitement le design de cette trousse de maquillage de voyage.<\/p>\n<\/div>\n<p><!-- \u7b2c\u56db\u680f --><\/p>\n<div style=\"flex: 1; text-align: center;\">\n<p><img decoding=\"async\" style=\"max-width: 100%; height: auto; margin-bottom: 10px;\" src=\"https:\/\/suncasesupply.com\/wp-content\/uploads\/2025\/07\/PU-storage-dividers.jpg\" alt=\"S\u00e9parateurs de rangement en PU\" \/><\/p>\n<p style=\"font-weight: bold; margin: 5px 0;\"><strong><b>S\u00e9parateur int\u00e9rieur<\/b><\/strong><\/p>\n<p style=\"margin: 0;\">Les compartiments en PU \u00e0 l&#039;int\u00e9rieur permettent de ranger vos produits en toute s\u00e9curit\u00e9 et de mani\u00e8re organis\u00e9e, offrant une solution \u00e9l\u00e9gante et pratique pour organiser votre maquillage et vos accessoires de beaut\u00e9. De plus, elle est amovible\u00a0: lorsque vous n&#039;en avez pas besoin, vous pouvez la retirer pour profiter du grand espace int\u00e9rieur. Sa configuration flexible en fait une trousse de maquillage polyvalente avec compartiments, id\u00e9ale pour un usage quotidien ou professionnel.<\/p>\n<\/div>\n<\/div>\n<div style=\"background-color: #29599a; padding: 40px 20px; text-align: center; color: #ffffff; border-radius: 10px; margin: 40px auto; max-width: 960px;\">\n<h2 style=\"font-size: 22px; margin-bottom: 20px; font-weight: bold;\"><span style=\"color: #ffffff;\">Commencez votre commande personnalis\u00e9e d\u00e8s aujourd&#039;hui \u2014 MOQ \u00e0 partir de 1000, prix direct usine garanti\u00a0!<\/span><\/h2>\n<p><a style=\"display: inline-block; padding: 12px 28px; background-color: #ffffff; color: #29599a; text-decoration: none; border-radius: 6px; font-weight: bold;\" href=\"https:\/\/suncasesupply.com\/fr\/contact-us\/\" target=\"_blank\" rel=\"noopener\">Obtenir un devis<br \/>\n<\/a><\/p>\n<\/div>\n<h4><span style=\"color: #003366;\">Processus de fabrication :<\/span><\/h4>\n<p><img decoding=\"async\" style=\"max-width: 100%; height: auto; margin-bottom: 10px;\" src=\"https:\/\/suncasesupply.com\/wp-content\/uploads\/2025\/07\/manufacture-process.png\" alt=\"Processus de fabrication de Suncase\" \/><\/p>\n<h4><span style=\"color: #003366;\">Informations utiles pour les acheteurs en gros\u00a0:<\/span><\/h4>\n<ul>\n<li><a href=\"https:\/\/suncasesupply.com\/fr\/blog\/makeup-case\/hard-vs-soft-makeup-bags\/\">Trousses de maquillage rigides ou souples : laquelle est la meilleure pour voyager et ranger ?<\/a><\/li>\n<li><a href=\"https:\/\/suncasesupply.com\/fr\/blog\/makeup-case\/why-choose-a-trolley-makeup-case-over-a-soft-makeup-bag\/\">Pourquoi choisir une trousse de maquillage \u00e0 roulettes plut\u00f4t qu&#039;une trousse de maquillage souple ?<\/a><\/li>\n<li><a href=\"https:\/\/suncasesupply.com\/fr\/blog\/makeup-case\/top-5-suppliers-of-australia\/\">Top 5 des fabricants en gros de trousses de maquillage d\u2019Australie<\/a><\/li>\n<\/ul>\n<p><a href=\"https:\/\/suncasesupply.com\/fr\/product-category\/luggage-suitcase\/\">Demandez un devis maintenant !! &gt;&gt;<\/a><\/p>","protected":false},"excerpt":{"rendered":"<p>Mod\u00e8le : MB-0051<\/p>\n<p>Taille : 24*18*17cm<\/p>\n<p>Couleurs : vert clair, autres couleurs acceptables<\/p>\n<p>Mat\u00e9riaux : PU + velours + fermetures \u00e9clair en m\u00e9tal<\/p>\n<p>Logo : Logo en relief, Logo en s\u00e9rigraphie<\/p>\n<p>Quantit\u00e9 minimale de commande\u00a0: 1\u00a0000 pi\u00e8ces<\/p>\n<p>\u00c9chantillon : Fournir un \u00e9chantillon.<\/p>","protected":false},"featured_media":25699,"template":"","meta":{"_gspb_post_css":""},"product_cat":[34,95],"product_tag":[],"featured_image_urls":{"full":["https:\/\/suncasesupply.com\/wp-content\/uploads\/2025\/07\/double-vanity-case.jpg",800,800,false],"thumbnail":["https:\/\/suncasesupply.com\/wp-content\/uploads\/2025\/07\/double-vanity-case-150x150.jpg",150,150,true],"medium":["https:\/\/suncasesupply.com\/wp-content\/uploads\/2025\/07\/double-vanity-case-300x300.jpg",300,300,true],"medium_large":["https:\/\/suncasesupply.com\/wp-content\/uploads\/2025\/07\/double-vanity-case-768x768.jpg",768,768,true],"large":["https:\/\/suncasesupply.com\/wp-content\/uploads\/2025\/07\/double-vanity-case.jpg",800,800,false],"1536x1536":["https:\/\/suncasesupply.com\/wp-content\/uploads\/2025\/07\/double-vanity-case.jpg",800,800,false],"2048x2048":["https:\/\/suncasesupply.com\/wp-content\/uploads\/2025\/07\/double-vanity-case.jpg",800,800,false],"trp-custom-language-flag":["https:\/\/suncasesupply.com\/wp-content\/uploads\/2025\/07\/double-vanity-case-12x12.jpg",12,12,true],"woocommerce_thumbnail":["https:\/\/suncasesupply.com\/wp-content\/uploads\/2025\/07\/double-vanity-case-300x300.jpg",300,300,true],"woocommerce_single":["https:\/\/suncasesupply.com\/wp-content\/uploads\/2025\/07\/double-vanity-case-600x600.jpg",600,600,true],"woocommerce_gallery_thumbnail":["https:\/\/suncasesupply.com\/wp-content\/uploads\/2025\/07\/double-vanity-case-100x100.jpg",100,100,true]},"post_excerpt_stackable":"<p>Model:MB-0051<\/p>\n<p>Size: 24*18*17cm<\/p>\n<p>Colors: light green, other colors acceptable<\/p>\n<p>Materials: PU+Velvet+Metal zippers<\/p>\n<p>Logo: Deboss Logo, Silk Printing Logo<\/p>\n<p>MOQ: 1000pcs<\/p>\n<p>Sample: Provide sample.<\/p>\n","category_list":"","author_info":{"name":"","url":""},"comments_num":"0 commentaire","_links":{"self":[{"href":"https:\/\/suncasesupply.com\/fr\/wp-json\/wp\/v2\/product\/25696"}],"collection":[{"href":"https:\/\/suncasesupply.com\/fr\/wp-json\/wp\/v2\/product"}],"about":[{"href":"https:\/\/suncasesupply.com\/fr\/wp-json\/wp\/v2\/types\/product"}],"wp:featuredmedia":[{"embeddable":true,"href":"https:\/\/suncasesupply.com\/fr\/wp-json\/wp\/v2\/media\/25699"}],"wp:attachment":[{"href":"https:\/\/suncasesupply.com\/fr\/wp-json\/wp\/v2\/media?parent=25696"}],"wp:term":[{"taxonomy":"product_cat","embeddable":true,"href":"https:\/\/suncasesupply.com\/fr\/wp-json\/wp\/v2\/product_cat?post=25696"},{"taxonomy":"product_tag","embeddable":true,"href":"https:\/\/suncasesupply.com\/fr\/wp-json\/wp\/v2\/product_tag?post=25696"}],"curies":[{"name":"wp","href":"https:\/\/api.w.org\/{rel}","templated":true}]}}