{"id":25644,"date":"2025-07-10T16:19:07","date_gmt":"2025-07-10T08:19:07","guid":{"rendered":"https:\/\/suncasesupply.com\/?post_type=product&#038;p=25644"},"modified":"2025-07-15T11:20:22","modified_gmt":"2025-07-15T03:20:22","slug":"printer-flight-case-for-hiti-p525l-custom-printers-storage-box","status":"publish","type":"product","link":"https:\/\/suncasesupply.com\/fr\/product\/printer-flight-case-for-hiti-p525l-custom-printers-storage-box\/","title":{"rendered":"Mallette de transport pour imprimante HiTi P525L (bo\u00eete de rangement personnalis\u00e9e)"},"content":{"rendered":"<h4><span style=\"color: #003366;\">Caract\u00e9ristiques:<\/span><\/h4>\n<ul>\n<li><strong><b>protection<\/b><\/strong><strong><b>: <\/b><\/strong>Le flight case de l&#039;imprimante est un \u00e9tui sp\u00e9cial con\u00e7u pour prot\u00e9ger l&#039;imprimante des dommages pendant le transport, la manutention ou les environnements difficiles.<\/li>\n<li><strong><b>Personnalisation<\/b><\/strong><strong><b>: <\/b><\/strong>Ce flight case est adapt\u00e9 \u00e0 l&#039;imprimante HiTi P525L. Ses dimensions int\u00e9rieures sont adapt\u00e9es \u00e0 la taille de l&#039;imprimante. L&#039;imprimante HiTi P525L est ainsi prot\u00e9g\u00e9e et parfaitement int\u00e9gr\u00e9e.<\/li>\n<li><strong><b>Structure portable<\/b><\/strong><strong><b>:<\/b><\/strong>\u00a0Dot\u00e9e d&#039;une poign\u00e9e robuste sur le dessus de la mallette, elle est facile \u00e0 transporter. Son chariot et ses deux roues r\u00e9duisent le poids de l&#039;imprimante lors du transport.<\/li>\n<li><strong><b>Durabilit\u00e9: <\/b><\/strong>Le flight case de l&#039;imprimante est compos\u00e9 d&#039;un cadre en aluminium de haute qualit\u00e9 et d&#039;accessoires solides, r\u00e9sistants aux rayures et \u00e0 l&#039;usure, hautement protecteurs et tr\u00e8s fiables.<\/li>\n<\/ul>\n<h4><span style=\"color: #003366;\">D\u00e9tails du produit :<\/span><\/h4>\n<p><!-- \u7b2c\u4e00\u680f --><\/p>\n<div style=\"display: flex; gap: 20px;\">\n<div style=\"flex: 1; text-align: center;\">\n<p><img decoding=\"async\" style=\"max-width: 100%; height: auto; margin-bottom: 10px;\" src=\"https:\/\/suncasesupply.com\/wp-content\/uploads\/2025\/07\/1-Reinforced-Corners.jpg\" alt=\"1-Coins renforc\u00e9s\" \/><\/p>\n<p style=\"font-weight: bold; margin: 5px 0;\"><b><\/b><strong><b>Coins renforc\u00e9s<\/b><\/strong><\/p>\n<p style=\"margin: 0;\">Fabriqu\u00e9s avec des coins \u00e0 billes en acier robuste, ils offrent une r\u00e9sistance maximale aux chocs.<\/p>\n<\/div>\n<p><!-- \u7b2c\u4e8c\u680f --><\/p>\n<div style=\"flex: 1; text-align: center;\">\n<p><img decoding=\"async\" style=\"max-width: 100%; height: auto; margin-bottom: 10px;\" src=\"https:\/\/suncasesupply.com\/wp-content\/uploads\/2025\/07\/2-Recessed-Handle.jpg\" alt=\"2 poign\u00e9es encastr\u00e9es\" \/><\/p>\n<p style=\"font-weight: bold; margin: 5px 0;\"><b><\/b><b><\/b><strong><b>Poign\u00e9e encastr\u00e9e<\/b><\/strong><\/p>\n<p data-start=\"1318\" data-end=\"1662\">Ses poign\u00e9es et loquets encastr\u00e9s en acier rembourr\u00e9s assurent la fermeture et un levage facile.<\/p>\n<\/div>\n<p><!-- \u7b2c\u4e09\u680f --><\/p>\n<div style=\"flex: 1; text-align: center;\">\n<p><img decoding=\"async\" style=\"max-width: 100%; height: auto; margin-bottom: 10px;\" src=\"https:\/\/suncasesupply.com\/wp-content\/uploads\/2025\/07\/3-Wheels.jpg\" alt=\"3 roues\" \/><\/p>\n<p style=\"font-weight: bold; margin: 5px 0;\"><strong><b>roues<\/b><\/strong><\/p>\n<p data-start=\"1689\" data-end=\"2022\">Deux roues situ\u00e9es au bas du bo\u00eetier de l&#039;imprimante permettent de transporter le bo\u00eetier plus facilement.<\/p>\n<\/div>\n<p><!-- \u7b2c\u56db\u680f --><\/p>\n<div style=\"flex: 1; text-align: center;\">\n<p><img decoding=\"async\" style=\"max-width: 100%; height: auto; margin-bottom: 10px;\" src=\"https:\/\/suncasesupply.com\/wp-content\/uploads\/2025\/07\/4-Trolley-Rod.jpg\" alt=\"4 tiges de chariot\" \/><\/p>\n<p style=\"font-weight: bold; margin: 5px 0;\"><strong><b>Tige de chariot<\/b><\/strong><\/p>\n<p style=\"margin: 0;\">La longueur de la tige du chariot est r\u00e9glable et s&#039;adapte \u00e0 diff\u00e9rentes tailles d&#039;utilisateur. Am\u00e9liore la mobilit\u00e9.<\/p>\n<\/div>\n<\/div>\n<div style=\"background-color: #29599a; padding: 40px 20px; text-align: center; color: #ffffff; border-radius: 10px; margin: 40px auto; max-width: 960px;\">\n<h2 style=\"font-size: 22px; margin-bottom: 20px; font-weight: bold;\"><span style=\"color: #ffffff;\">Commencez votre commande personnalis\u00e9e d\u00e8s aujourd&#039;hui \u2014 MOQ \u00e0 partir de 50, prix direct usine garanti\u00a0!<\/span><\/h2>\n<p><a style=\"display: inline-block; padding: 12px 28px; background-color: #ffffff; color: #29599a; text-decoration: none; border-radius: 6px; font-weight: bold;\" href=\"https:\/\/suncasesupply.com\/fr\/contact-us\/\" target=\"_blank\" rel=\"noopener\">Obtenir un devis<br \/>\n<\/a><\/p>\n<\/div>\n<h4><span style=\"color: #003366;\">Processus de fabrication :<\/span><\/h4>\n<p><img decoding=\"async\" style=\"max-width: 100%; height: auto; margin-bottom: 10px;\" src=\"https:\/\/suncasesupply.com\/wp-content\/uploads\/2025\/07\/Flight-Cases-Manufacturing-Process.png\" alt=\"Processus de fabrication des flight cases\" \/><\/p>\n<h4><span style=\"color: #003366;\">Informations utiles pour les acheteurs en gros\u00a0:<\/span><\/h4>\n<ul>\n<li class=\"page-title\" title=\"Qu\u2019est-ce qui rend les cartes de sport si pr\u00e9cieuses ?\">\n<p class=\"page-title\" title=\"Qu&#039;est-ce qu&#039;un cas ATA ? Tout ce que vous devez savoir\"><a href=\"https:\/\/suncasesupply.com\/fr\/blog\/what-is-an-ata-case\/\">Qu&#039;est-ce qu&#039;un cas ATA ? Tout ce que vous devez savoir<\/a><\/p>\n<\/li>\n<\/ul>\n<p>Que vous ayez besoin d&#039;un <strong data-start=\"2725\" data-end=\"2752\">mallette de transport pour imprimante<\/strong>, un <strong data-start=\"2756\" data-end=\"2788\">\u00e9tui de transport pour c\u00e2bles<\/strong>, ou un <strong data-start=\"2795\" data-end=\"2818\">\u00e9tui de transport pour t\u00e9l\u00e9viseur<\/strong>Sun Case vous propose des options personnalisables de haute qualit\u00e9.<\/p>\n<p><a href=\"https:\/\/suncasesupply.com\/fr\/product-category\/luggage-suitcase\/\">Demandez un devis maintenant !! &gt;&gt;<\/a><\/p>","protected":false},"excerpt":{"rendered":"<p>Mod\u00e8le : PT-0050<\/p>\n<p>Taille : Taille personnalis\u00e9e en fonction de la taille des imprimantes<\/p>\n<p>Couleurs : Couleur noire g\u00e9n\u00e9ralement, autres couleurs acceptables<\/p>\n<p>Mat\u00e9riaux : Cadre en aluminium + Contreplaqu\u00e9 + Doublure + Quincaillerie<\/p>\n<p>Logo : Logo en plaque m\u00e9tallique, Logo en s\u00e9rigraphie<\/p>\n<p>Quantit\u00e9 minimale de commande : 50 pi\u00e8ces<\/p>\n<p>\u00c9chantillon : Fournir un \u00e9chantillon.<\/p>","protected":false},"featured_media":25653,"template":"","meta":{"_gspb_post_css":""},"product_cat":[39],"product_tag":[],"featured_image_urls":{"full":["https:\/\/suncasesupply.com\/wp-content\/uploads\/2025\/07\/Printer-Flight-Case-3.jpg",800,800,false],"thumbnail":["https:\/\/suncasesupply.com\/wp-content\/uploads\/2025\/07\/Printer-Flight-Case-3-150x150.jpg",150,150,true],"medium":["https:\/\/suncasesupply.com\/wp-content\/uploads\/2025\/07\/Printer-Flight-Case-3-300x300.jpg",300,300,true],"medium_large":["https:\/\/suncasesupply.com\/wp-content\/uploads\/2025\/07\/Printer-Flight-Case-3-768x768.jpg",768,768,true],"large":["https:\/\/suncasesupply.com\/wp-content\/uploads\/2025\/07\/Printer-Flight-Case-3.jpg",800,800,false],"1536x1536":["https:\/\/suncasesupply.com\/wp-content\/uploads\/2025\/07\/Printer-Flight-Case-3.jpg",800,800,false],"2048x2048":["https:\/\/suncasesupply.com\/wp-content\/uploads\/2025\/07\/Printer-Flight-Case-3.jpg",800,800,false],"trp-custom-language-flag":["https:\/\/suncasesupply.com\/wp-content\/uploads\/2025\/07\/Printer-Flight-Case-3-12x12.jpg",12,12,true],"woocommerce_thumbnail":["https:\/\/suncasesupply.com\/wp-content\/uploads\/2025\/07\/Printer-Flight-Case-3-300x300.jpg",300,300,true],"woocommerce_single":["https:\/\/suncasesupply.com\/wp-content\/uploads\/2025\/07\/Printer-Flight-Case-3-600x600.jpg",600,600,true],"woocommerce_gallery_thumbnail":["https:\/\/suncasesupply.com\/wp-content\/uploads\/2025\/07\/Printer-Flight-Case-3-100x100.jpg",100,100,true]},"post_excerpt_stackable":"<p>Model:PT-0050<\/p>\n<p>Size: Custom size according to the size of Printers<\/p>\n<p>Colors:\u00a0Black color usually, other colors acceptable<\/p>\n<p>Materials: Aluminum Frame+Plywood+Lining+Hardware<\/p>\n<p>Logo:\u00a0Metal Plate Logo, Silk Printing Logo<\/p>\n<p>MOQ: 50pcs<\/p>\n<p>Sample: Provide sample.<\/p>\n","category_list":"","author_info":{"name":"","url":""},"comments_num":"0 commentaire","_links":{"self":[{"href":"https:\/\/suncasesupply.com\/fr\/wp-json\/wp\/v2\/product\/25644"}],"collection":[{"href":"https:\/\/suncasesupply.com\/fr\/wp-json\/wp\/v2\/product"}],"about":[{"href":"https:\/\/suncasesupply.com\/fr\/wp-json\/wp\/v2\/types\/product"}],"wp:featuredmedia":[{"embeddable":true,"href":"https:\/\/suncasesupply.com\/fr\/wp-json\/wp\/v2\/media\/25653"}],"wp:attachment":[{"href":"https:\/\/suncasesupply.com\/fr\/wp-json\/wp\/v2\/media?parent=25644"}],"wp:term":[{"taxonomy":"product_cat","embeddable":true,"href":"https:\/\/suncasesupply.com\/fr\/wp-json\/wp\/v2\/product_cat?post=25644"},{"taxonomy":"product_tag","embeddable":true,"href":"https:\/\/suncasesupply.com\/fr\/wp-json\/wp\/v2\/product_tag?post=25644"}],"curies":[{"name":"wp","href":"https:\/\/api.w.org\/{rel}","templated":true}]}}