{"id":25603,"date":"2025-07-08T14:53:11","date_gmt":"2025-07-08T06:53:11","guid":{"rendered":"https:\/\/suncasesupply.com\/?post_type=product&#038;p=25603"},"modified":"2025-07-15T10:38:48","modified_gmt":"2025-07-15T02:38:48","slug":"carry-on-suitcase-travel-case-with-wheels-luggage-suitcase-aluminum-frame-model","status":"publish","type":"product","link":"https:\/\/suncasesupply.com\/fr\/product\/carry-on-suitcase-travel-case-with-wheels-luggage-suitcase-aluminum-frame-model\/","title":{"rendered":"Valise de voyage \u00e0 roulettes avec cadre en aluminium"},"content":{"rendered":"<h4><span style=\"color: #003366;\">Caract\u00e9ristiques:<\/span><\/h4>\n<ul>\n<li><strong><b>Du<\/b><\/strong><strong><b>l<\/b><\/strong><strong><b>capable et fiable : <\/b><\/strong>Coque rigide extra-\u00e9paisse avec finition r\u00e9sistante aux rayures qui prot\u00e8ge contre les chocs et les manipulations brutales.<\/li>\n<li><strong><b>Extensible : <\/b><\/strong>Augmentez l&#039;espace de rangement jusqu&#039;\u00e0 10%-20% pour plus de flexibilit\u00e9 et d&#039;organisation.<\/li>\n<li><strong><b>Int\u00e9rieur organis\u00e9 : <\/b><\/strong>Gardez vos essentiels organis\u00e9s avec un s\u00e9parateur int\u00e9rieur, des sacs en filet et des poches zipp\u00e9es.<\/li>\n<li><strong><b>Voyager sans effort : <\/b><\/strong>Naviguez en toute simplicit\u00e9 gr\u00e2ce \u00e0 quatre roues multidirectionnelles, une tige de chariot t\u00e9lescopique et une poign\u00e9e de levage courte.<\/li>\n<\/ul>\n<h4><span style=\"color: #003366;\">D\u00e9tails du produit :<\/span><\/h4>\n<p><!-- \u7b2c\u4e00\u680f --><\/p>\n<div style=\"display: flex; gap: 20px;\">\n<div style=\"flex: 1; text-align: center;\">\n<p><img decoding=\"async\" style=\"max-width: 100%; height: auto; margin-bottom: 10px;\" src=\"https:\/\/suncasesupply.com\/wp-content\/uploads\/2025\/07\/1-Silent-universal-wheel.jpg\" alt=\"1-Roue universelle silencieuse\" \/><\/p>\n<p style=\"font-weight: bold; margin: 5px 0;\"><b><\/b><strong><b>Roues universelles silencieuses<\/b><\/strong><\/p>\n<p style=\"margin: 0;\">La fonction principale des roulettes silencieuses pour bagages (\u00e9galement appel\u00e9es roulettes universelles silencieuses) est de r\u00e9duire le bruit et les vibrations g\u00e9n\u00e9r\u00e9s lors du transport de la valise, am\u00e9liorant ainsi l&#039;exp\u00e9rience utilisateur. Elles offrent \u00e9galement des caract\u00e9ristiques de fluidit\u00e9, d&#039;\u00e9conomie de main-d&#039;\u0153uvre et de r\u00e9sistance \u00e0 l&#039;usure.<\/p>\n<\/div>\n<p><!-- \u7b2c\u4e8c\u680f --><\/p>\n<div style=\"flex: 1; text-align: center;\">\n<p><img decoding=\"async\" style=\"max-width: 100%; height: auto; margin-bottom: 10px;\" src=\"https:\/\/suncasesupply.com\/wp-content\/uploads\/2025\/07\/2-TSA-Lock.jpg\" alt=\"2 serrures TSA\" \/><\/p>\n<p style=\"font-weight: bold; margin: 5px 0;\"><b><\/b><strong><b>Serrures TSA<\/b><\/strong><\/p>\n<p data-start=\"1318\" data-end=\"1662\">Le cadenas TSA Customs (Travel Sentry Approved Lock) est un cadenas \u00e0 bagages certifi\u00e9 par la Transportation Security Administration (TSA) des \u00c9tats-Unis. Les cadenas TSA Customs sont \u00e9quip\u00e9s de serrures sp\u00e9ciales qui ne peuvent \u00eatre ouvertes que par le personnel de s\u00e9curit\u00e9 TSA \u00e0 l&#039;aide de cl\u00e9s sp\u00e9ciales, \u00e9vitant ainsi de devoir d\u00e9truire le cadenas ou la valise pour inspection.<\/p>\n<\/div>\n<p><!-- \u7b2c\u4e09\u680f --><\/p>\n<div style=\"flex: 1; text-align: center;\">\n<p><img decoding=\"async\" style=\"max-width: 100%; height: auto; margin-bottom: 10px;\" src=\"https:\/\/suncasesupply.com\/wp-content\/uploads\/2025\/07\/3-PC-Material-of-Suitcase.jpg\" alt=\"Mat\u00e9riau 3 pi\u00e8ces\" \/><\/p>\n<p style=\"font-weight: bold; margin: 5px 0;\"><strong><b>Mat\u00e9riel PC<\/b><\/strong><\/p>\n<p data-start=\"1689\" data-end=\"2022\">Le PC offre une excellente r\u00e9sistance et peut r\u00e9sister aux chocs violents ou aux chutes sans se casser (plus r\u00e9sistant aux chocs que l&#039;ABS). Sa faible densit\u00e9 et sa l\u00e9g\u00e8ret\u00e9 par rapport \u00e0 l&#039;ABS ou aux bagages en m\u00e9tal en font un bagage cabine id\u00e9al.<\/p>\n<\/div>\n<p><!-- \u7b2c\u56db\u680f --><\/p>\n<div style=\"flex: 1; text-align: center;\">\n<p><img decoding=\"async\" style=\"max-width: 100%; height: auto; margin-bottom: 10px;\" src=\"https:\/\/suncasesupply.com\/wp-content\/uploads\/2025\/07\/4-Handle.jpg\" alt=\"4 poign\u00e9es\" \/><\/p>\n<p style=\"font-weight: bold; margin: 5px 0;\"><strong><b>Poign\u00e9e<\/b><\/strong><\/p>\n<p style=\"margin: 0;\">La poign\u00e9e de la valise est en alliage d&#039;aluminium et r\u00e9glable en hauteur (g\u00e9n\u00e9ralement sur 2 ou 3 niveaux) pour s&#039;adapter \u00e0 toutes les tailles. Sa conception allie durabilit\u00e9, confort et portabilit\u00e9.<\/p>\n<\/div>\n<\/div>\n<div style=\"background-color: #29599a; padding: 40px 20px; text-align: center; color: #ffffff; border-radius: 10px; margin: 40px auto; max-width: 960px;\">\n<h2 style=\"font-size: 22px; margin-bottom: 20px; font-weight: bold;\"><span style=\"color: #ffffff;\">Commencez votre commande personnalis\u00e9e d\u00e8s aujourd&#039;hui \u2014 MOQ \u00e0 partir de 500, prix direct usine garanti\u00a0!<\/span><\/h2>\n<p><a style=\"display: inline-block; padding: 12px 28px; background-color: #ffffff; color: #29599a; text-decoration: none; border-radius: 6px; font-weight: bold;\" href=\"https:\/\/suncasesupply.com\/fr\/contact-us\/\" target=\"_blank\" rel=\"noopener\">Obtenir un devis<br \/>\n<\/a><\/p>\n<\/div>\n<h4><span style=\"color: #003366;\">Processus de fabrication :<\/span><\/h4>\n<p><img decoding=\"async\" style=\"max-width: 100%; height: auto; margin-bottom: 10px;\" src=\"https:\/\/suncasesupply.com\/wp-content\/uploads\/2025\/07\/Manufacturing-Process.png\" alt=\"Processus de fabrication de Suncase\" \/><\/p>\n<h4><span style=\"color: #003366;\">Informations utiles pour les acheteurs en gros\u00a0:<\/span><\/h4>\n<ul>\n<li class=\"page-title\" title=\"Qu\u2019est-ce qui rend les cartes de sport si pr\u00e9cieuses ?\">\n<p class=\"page-title\" title=\"Guide des mat\u00e9riaux pour valises rigides\"><a href=\"https:\/\/suncasesupply.com\/fr\/blog\/hardside-suitcase-luggage-material-guide\/\">Guide des mat\u00e9riaux pour valises rigides &gt;&gt;<\/a><\/p>\n<\/li>\n<\/ul>\n<p>Que vous ayez besoin d&#039;un <strong data-start=\"2725\" data-end=\"2752\">valise<\/strong>, un <strong data-start=\"2756\" data-end=\"2788\">valise \u00e0 bagages<\/strong>, ou un <strong data-start=\"2795\" data-end=\"2818\">\u00e9tui de voyage<\/strong>Sun Case vous propose des options personnalisables de haute qualit\u00e9.<\/p>\n<p><a href=\"https:\/\/suncasesupply.com\/fr\/product-category\/luggage-suitcase\/\">Demandez un devis maintenant !! &gt;&gt;<\/a><\/p>","protected":false},"excerpt":{"rendered":"<p>Mod\u00e8le : LS-0010<\/p>\n<p>Taille : 18&#039;&#039;, 20&#039;&#039;, 24&#039;&#039;, 28&#039;&#039;<\/p>\n<p>Couleurs : Couleurs personnalis\u00e9es<\/p>\n<p>Mat\u00e9riaux : PC \/ PC+ABS \/ ABS<\/p>\n<p>Logo : logo en relief, logo en plaque m\u00e9tallique, logo en s\u00e9rigraphie<\/p>\n<p>Quantit\u00e9 minimale de commande : 500 pi\u00e8ces<\/p>\n<p>Frais de moulage : Factur\u00e9s en fonction du mat\u00e9riau que vous fabriquez.<\/p>\n<p>\u00c9chantillon : Fournir un \u00e9chantillon.<\/p>","protected":false},"featured_media":25729,"template":"","meta":{"_gspb_post_css":""},"product_cat":[101],"product_tag":[],"featured_image_urls":{"full":["https:\/\/suncasesupply.com\/wp-content\/uploads\/2025\/07\/Suitcase.jpg",800,800,false],"thumbnail":["https:\/\/suncasesupply.com\/wp-content\/uploads\/2025\/07\/Suitcase-150x150.jpg",150,150,true],"medium":["https:\/\/suncasesupply.com\/wp-content\/uploads\/2025\/07\/Suitcase-300x300.jpg",300,300,true],"medium_large":["https:\/\/suncasesupply.com\/wp-content\/uploads\/2025\/07\/Suitcase-768x768.jpg",768,768,true],"large":["https:\/\/suncasesupply.com\/wp-content\/uploads\/2025\/07\/Suitcase.jpg",800,800,false],"1536x1536":["https:\/\/suncasesupply.com\/wp-content\/uploads\/2025\/07\/Suitcase.jpg",800,800,false],"2048x2048":["https:\/\/suncasesupply.com\/wp-content\/uploads\/2025\/07\/Suitcase.jpg",800,800,false],"trp-custom-language-flag":["https:\/\/suncasesupply.com\/wp-content\/uploads\/2025\/07\/Suitcase-12x12.jpg",12,12,true],"woocommerce_thumbnail":["https:\/\/suncasesupply.com\/wp-content\/uploads\/2025\/07\/Suitcase-300x300.jpg",300,300,true],"woocommerce_single":["https:\/\/suncasesupply.com\/wp-content\/uploads\/2025\/07\/Suitcase-600x600.jpg",600,600,true],"woocommerce_gallery_thumbnail":["https:\/\/suncasesupply.com\/wp-content\/uploads\/2025\/07\/Suitcase-100x100.jpg",100,100,true]},"post_excerpt_stackable":"<p>Model:LS-0010<\/p>\n<p>Size: 18\u2019\u2019, 20\u2019\u2019, 24\u2019\u2019, 28\u2019\u2019<\/p>\n<p>Colors:\u00a0Customized Colors<\/p>\n<p>Materials: PC \/ PC+ABS \/ ABS<\/p>\n<p>Logo:\u00a0Embossing Logo, Metal Plate Logo, Silk Printing Logo<\/p>\n<p>MOQ: 500pcs<\/p>\n<p>Mold Fee: Charge according to what material you make.<\/p>\n<p>Sample: Provide sample.<\/p>\n","category_list":"","author_info":{"name":"","url":""},"comments_num":"0 commentaire","_links":{"self":[{"href":"https:\/\/suncasesupply.com\/fr\/wp-json\/wp\/v2\/product\/25603"}],"collection":[{"href":"https:\/\/suncasesupply.com\/fr\/wp-json\/wp\/v2\/product"}],"about":[{"href":"https:\/\/suncasesupply.com\/fr\/wp-json\/wp\/v2\/types\/product"}],"wp:featuredmedia":[{"embeddable":true,"href":"https:\/\/suncasesupply.com\/fr\/wp-json\/wp\/v2\/media\/25729"}],"wp:attachment":[{"href":"https:\/\/suncasesupply.com\/fr\/wp-json\/wp\/v2\/media?parent=25603"}],"wp:term":[{"taxonomy":"product_cat","embeddable":true,"href":"https:\/\/suncasesupply.com\/fr\/wp-json\/wp\/v2\/product_cat?post=25603"},{"taxonomy":"product_tag","embeddable":true,"href":"https:\/\/suncasesupply.com\/fr\/wp-json\/wp\/v2\/product_tag?post=25603"}],"curies":[{"name":"wp","href":"https:\/\/api.w.org\/{rel}","templated":true}]}}