{"id":25366,"date":"2025-05-27T09:52:32","date_gmt":"2025-05-27T01:52:32","guid":{"rendered":"https:\/\/suncasesupply.com\/?post_type=product&#038;p=25366"},"modified":"2025-07-14T14:32:35","modified_gmt":"2025-07-14T06:32:35","slug":"aluminum-medical-box-carrying-first-aid-medicine-storage-case-with-tray","status":"publish","type":"product","link":"https:\/\/suncasesupply.com\/fr\/product\/aluminum-medical-box-carrying-first-aid-medicine-storage-case-with-tray\/","title":{"rendered":"Bo\u00eete m\u00e9dicale en aluminium avec plateau pour le transport de m\u00e9dicaments de premiers secours"},"content":{"rendered":"<h4><span style=\"color: #003366;\">Caract\u00e9ristiques:<\/span><\/h4>\n<ul>\n<li><strong><b>L\u00e9ger et durable<\/b><\/strong>: Fabriqu\u00e9 en alliage d&#039;aluminium haute r\u00e9sistance Cadre en aluminium, panneau de m\u00e9lamine, panneau MDF, quincaillerie, il est l\u00e9ger mais a une forte capacit\u00e9 de charge.<\/li>\n<li><strong><b>Structure solide<\/b><\/strong>:La bo\u00eete m\u00e9dicale en aluminium a des coins renforc\u00e9s, r\u00e9sistants aux chutes et \u00e0 la pression, adapt\u00e9s aux manipulations fr\u00e9quentes et aux environnements difficiles.<\/li>\n<li><strong><b>Performances de protection \u00e9lev\u00e9es<\/b><\/strong>: Tampon antichoc et g\u00e9n\u00e9ralement doubl\u00e9 d&#039;\u00e9ponge EVA, il pourrait bien prot\u00e9ger les articles \u00e0 l&#039;int\u00e9rieur de la bo\u00eete.<\/li>\n<li><strong><b>Personnalisation professionnelle<\/b><\/strong>:Utilis\u00e9 pour stocker des fournitures de premiers secours, des outils m\u00e9dicaux d&#039;urgence, des m\u00e9dicaments, etc. Couramment utilis\u00e9 en ext\u00e9rieur, pour les secours d&#039;urgence, dans l&#039;arm\u00e9e, en cas d&#039;urgence pr\u00e9hospitali\u00e8re et autres situations.<\/li>\n<\/ul>\n<h4><span style=\"color: #003366;\">D\u00e9tails du produit :<\/span><\/h4>\n<div style=\"display: flex; gap: 20px;\">\n<p><!-- \u7b2c\u4e00\u680f --><\/p>\n<div style=\"flex: 1; text-align: center;\">\n<p><img decoding=\"async\" style=\"max-width: 100%; height: auto; margin-bottom: 10px;\" src=\"https:\/\/suncasesupply.com\/wp-content\/uploads\/2025\/05\/1-Printing.jpg\" alt=\"1-Impression\" \/><\/p>\n<p><strong><b>Impression<\/b><\/strong><\/p>\n<p style=\"margin: 0;\">Cette trousse de premiers secours en aluminium est imprim\u00e9e avec le logo \u00ab\u00a0First Aid Box\u00a0\u00bb et l&#039;inscription \u00ab\u00a0First Aid Box\u00a0\u00bb, ce qui illustre parfaitement sa fonction. Si vous souhaitez imprimer votre propre logo ou motif, nous pouvons la personnaliser.<\/p>\n<p>&nbsp;<\/p>\n<\/div>\n<p><!-- \u7b2c\u4e8c\u680f --><\/p>\n<div style=\"flex: 1; text-align: center;\">\n<p><img decoding=\"async\" style=\"max-width: 100%; height: auto; margin-bottom: 10px;\" src=\"https:\/\/suncasesupply.com\/wp-content\/uploads\/2025\/05\/2-Tool-Locks.jpg\" alt=\"Verrous \u00e0 2 outils\" \/><\/p>\n<p><b><\/b><strong><b>Verrous d&#039;outils<\/b><\/strong><\/p>\n<p style=\"margin: 0;\">Ce coffret est compos\u00e9 de deux verrous \u00e0 outils, principalement destin\u00e9s \u00e0 assurer s\u00e9curit\u00e9 et commodit\u00e9. Il emp\u00eache le vol ou la perte des objets qu&#039;il contient. Il emp\u00eache \u00e9galement toute ouverture accidentelle due \u00e0 des vibrations ou \u00e0 des collisions, et pr\u00e9vient la dispersion ou l&#039;endommagement des objets.<\/p>\n<\/div>\n<p><!-- \u7b2c\u4e09\u680f --><\/p>\n<div style=\"flex: 1; text-align: center;\">\n<p><img decoding=\"async\" style=\"max-width: 100%; height: auto; margin-bottom: 10px;\" src=\"https:\/\/suncasesupply.com\/wp-content\/uploads\/2025\/05\/3-Tray-Plate.jpg\" alt=\"Assiette \u00e0 3 plateaux\" \/><\/p>\n<p><b><\/b><strong><b>Plateau Assiette<\/b><\/strong><\/p>\n<p>La bo\u00eete m\u00e9dicale est \u00e9quip\u00e9e d&#039;un plateau, principalement utilis\u00e9 pour classer et organiser les articles. Le rangement en couches permet de classer les m\u00e9dicaments et les instruments tels que les ciseaux, les pinces \u00e0 \u00e9piler, les pansements, etc., afin d&#039;\u00e9viter tout m\u00e9lange et d&#039;optimiser la r\u00e9cup\u00e9ration.<\/p>\n<\/div>\n<p><!-- \u7b2c\u56db\u680f --><\/p>\n<div style=\"flex: 1; text-align: center;\">\n<p><img decoding=\"async\" style=\"max-width: 100%; height: auto; margin-bottom: 10px;\" src=\"https:\/\/suncasesupply.com\/wp-content\/uploads\/2025\/05\/4-Storage-Pocket.jpg\" alt=\"4 poches de rangement\" \/><\/p>\n<p><b><\/b><strong><b>Poche de rangement<\/b><\/strong><\/p>\n<p style=\"margin: 0;\">La poche de rangement de la bo\u00eete m\u00e9dicale permet de classer et de ranger les articles m\u00e9dicaux, pour un rangement propre et ordonn\u00e9. Elle est g\u00e9n\u00e9ralement situ\u00e9e \u00e0 l&#039;int\u00e9rieur du couvercle sup\u00e9rieur de la bo\u00eete, ce qui la rend tr\u00e8s pratique \u00e0 utiliser.<\/p>\n<\/div>\n<\/div>\n<h4><span style=\"color: #003366;\">Processus de fabrication :<\/span><\/h4>\n<p><img decoding=\"async\" style=\"max-width: 100%; height: auto; margin-bottom: 10px;\" src=\"https:\/\/suncasesupply.com\/wp-content\/uploads\/2025\/07\/Manufacturing-Process.png\" alt=\"Processus de fabrication de Suncase\" \/><\/p>\n<h4><span style=\"color: #003366;\">Informations utiles pour les acheteurs en gros\u00a0:<\/span><\/h4>\n<ul>\n<li class=\"page-title\" title=\"Qu\u2019est-ce qui rend les cartes de sport si pr\u00e9cieuses ?\">\n<p class=\"page-title\" title=\"Quelle est la taille du bo\u00eetier du disque vinyle ?\"><a href=\"https:\/\/suncasesupply.com\/fr\/blog\/custom-aluminum-case\/types-of-materials-used-in-tool-cases\/\">\u00c0 la d\u00e9couverte des bo\u00eetes \u00e0 outils en aluminium et d&#039;autres types de mat\u00e9riaux &gt;&gt;<\/a><\/p>\n<\/li>\n<li title=\"Qu\u2019est-ce qui rend les cartes de sport si pr\u00e9cieuses ?\"><a href=\"https:\/\/suncasesupply.com\/fr\/blog\/reason-to-have-aluminum-tool-case\/\">Pourquoi avez-vous besoin d&#039;une mallette \u00e0 outils en aluminium ? &gt;&gt;<\/a><\/li>\n<\/ul>","protected":false},"excerpt":{"rendered":"<p>Mod\u00e8le : MC-0001<\/p>\n<p>Dimensions : 36 x 20 x 22 cm<\/p>\n<p>Couleurs : Couleur argent<\/p>\n<p>Mat\u00e9riaux : Cadre en aluminium, panneau en m\u00e9lamine, panneau MDF, quincaillerie.<\/p>\n<p>Logo : Logo en s\u00e9rigraphie<\/p>\n<p>Quantit\u00e9 minimale de commande : 100 pi\u00e8ces<\/p>\n<p>\u00c9chantillon : Disponible, d\u00e9lai d&#039;\u00e9chantillonnage d&#039;environ 7 jours.<\/p>\n<p>D\u00e9lai de livraison : environ 25 jours<\/p>","protected":false},"featured_media":25367,"template":"","meta":{"_gspb_post_css":""},"product_cat":[81],"product_tag":[],"featured_image_urls":{"full":["https:\/\/suncasesupply.com\/wp-content\/uploads\/2025\/05\/sun-case-\u4e3b\u56fe.jpg",800,800,false],"thumbnail":["https:\/\/suncasesupply.com\/wp-content\/uploads\/2025\/05\/sun-case-\u4e3b\u56fe-150x150.jpg",150,150,true],"medium":["https:\/\/suncasesupply.com\/wp-content\/uploads\/2025\/05\/sun-case-\u4e3b\u56fe-300x300.jpg",300,300,true],"medium_large":["https:\/\/suncasesupply.com\/wp-content\/uploads\/2025\/05\/sun-case-\u4e3b\u56fe-768x768.jpg",768,768,true],"large":["https:\/\/suncasesupply.com\/wp-content\/uploads\/2025\/05\/sun-case-\u4e3b\u56fe.jpg",800,800,false],"1536x1536":["https:\/\/suncasesupply.com\/wp-content\/uploads\/2025\/05\/sun-case-\u4e3b\u56fe.jpg",800,800,false],"2048x2048":["https:\/\/suncasesupply.com\/wp-content\/uploads\/2025\/05\/sun-case-\u4e3b\u56fe.jpg",800,800,false],"trp-custom-language-flag":["https:\/\/suncasesupply.com\/wp-content\/uploads\/2025\/05\/sun-case-\u4e3b\u56fe-12x12.jpg",12,12,true],"woocommerce_thumbnail":["https:\/\/suncasesupply.com\/wp-content\/uploads\/2025\/05\/sun-case-\u4e3b\u56fe-300x300.jpg",300,300,true],"woocommerce_single":["https:\/\/suncasesupply.com\/wp-content\/uploads\/2025\/05\/sun-case-\u4e3b\u56fe-600x600.jpg",600,600,true],"woocommerce_gallery_thumbnail":["https:\/\/suncasesupply.com\/wp-content\/uploads\/2025\/05\/sun-case-\u4e3b\u56fe-100x100.jpg",100,100,true]},"post_excerpt_stackable":"<p>Model:MC-0001<\/p>\n<p>Size: 36 x 20 x 22 cm<\/p>\n<p>Colors:\u00a0Silver color<\/p>\n<p>Materials: Aluminum\u00a0frame,\u00a0Melamine Panel,\u00a0MDF Board, Hardware.<\/p>\n<p>Logo:\u00a0Silk Printing logo<\/p>\n<p>MOQ: 100pcs<\/p>\n<p>Sample: Available, sample time about 7 days.<\/p>\n<p>Deliver Time: About 25 days<\/p>\n","category_list":"","author_info":{"name":"","url":""},"comments_num":"0 commentaire","_links":{"self":[{"href":"https:\/\/suncasesupply.com\/fr\/wp-json\/wp\/v2\/product\/25366"}],"collection":[{"href":"https:\/\/suncasesupply.com\/fr\/wp-json\/wp\/v2\/product"}],"about":[{"href":"https:\/\/suncasesupply.com\/fr\/wp-json\/wp\/v2\/types\/product"}],"wp:featuredmedia":[{"embeddable":true,"href":"https:\/\/suncasesupply.com\/fr\/wp-json\/wp\/v2\/media\/25367"}],"wp:attachment":[{"href":"https:\/\/suncasesupply.com\/fr\/wp-json\/wp\/v2\/media?parent=25366"}],"wp:term":[{"taxonomy":"product_cat","embeddable":true,"href":"https:\/\/suncasesupply.com\/fr\/wp-json\/wp\/v2\/product_cat?post=25366"},{"taxonomy":"product_tag","embeddable":true,"href":"https:\/\/suncasesupply.com\/fr\/wp-json\/wp\/v2\/product_tag?post=25366"}],"curies":[{"name":"wp","href":"https:\/\/api.w.org\/{rel}","templated":true}]}}