{"id":24212,"date":"2024-11-20T17:52:13","date_gmt":"2024-11-20T09:52:13","guid":{"rendered":"https:\/\/suncasesupply.com\/?post_type=product&#038;p=24212"},"modified":"2025-08-21T14:02:52","modified_gmt":"2025-08-21T06:02:52","slug":"aluminum-attache-case-full-black-aluminum-lockable-briefcase-with-pickpluck-foam","status":"publish","type":"product","link":"https:\/\/suncasesupply.com\/fr\/product\/aluminum-attache-case-full-black-aluminum-lockable-briefcase-with-pickpluck-foam\/","title":{"rendered":"Mallette en aluminium enti\u00e8rement verrouillable en aluminium noir avec mousse Pick&amp;Pluck"},"content":{"rendered":"<h4><span style=\"color: #003366;\">Caract\u00e9ristiques:<\/span><\/h4>\n<ul>\n<li><strong><b>S\u00e9curit\u00e9<\/b><\/strong>:La mallette verrouillable en aluminium fabriqu\u00e9e avec des serrures \u00e0 combinaison, qui peuvent \u00eatre d\u00e9finies avec vos propres mots de passe, est beaucoup plus s\u00fbre \u00e0 utiliser que la mallette fabriqu\u00e9e avec des serrures \u00e0 outils ordinaires.<\/li>\n<li><strong><b>E<\/b><\/strong><strong><b>Durabilit\u00e9 exceptionnelle :<\/b><\/strong>La composition de cette mallette en aluminium la rend tr\u00e8s solide et robuste. Le panneau ext\u00e9rieur en ABS imperm\u00e9able et r\u00e9sistant aux rayures, associ\u00e9 \u00e0 un panneau MDF \u00e9pais et \u00e0 une doublure int\u00e9rieure en tissu, conf\u00e8re \u00e0 la mallette une durabilit\u00e9 exceptionnelle. Sa capacit\u00e9 de charge maximale peut atteindre 15 kg.<\/li>\n<li><strong><strong><b><strong><b>Facile \u00e0 transporter<\/b><\/strong>:<\/b><\/strong><\/strong>La poign\u00e9e \u00e0 rebond chronique, qui r\u00e9duit la pression et les vibrations, facilite le transport de cette mallette en aluminium. Une bandouli\u00e8re est \u00e9galement une bonne option, notamment pour les utilisateurs recherchant une mallette l\u00e9g\u00e8re en aluminium pour ordinateur portable.<strong><strong><b><br \/>\n<\/b><\/strong><\/strong><\/li>\n<\/ul>\n<div style=\"background-color: #29599a; padding: 40px 20px; text-align: center; color: #ffffff; border-radius: 10px; margin: 40px auto; max-width: 960px;\">\n<h2 style=\"font-size: 22px; margin-bottom: 20px; font-weight: bold;\">MOQ 100\u00a0! Mallette en aluminium Sun Case, id\u00e9ale pour les distributeurs mondiaux.<\/h2>\n<p><a style=\"display: inline-block; padding: 12px 28px; background-color: #ffffff; color: #29599a; text-decoration: none; border-radius: 6px; font-weight: bold;\" href=\"https:\/\/suncasesupply.com\/fr\/contact-us\/\" target=\"_blank\" rel=\"noopener\">Obtenez un devis aujourd&#039;hui<br \/>\n<\/a><\/p>\n<\/div>\n<h4><span style=\"color: #003366;\">D\u00e9tails du produit :<\/span><\/h4>\n<div style=\"display: flex; gap: 20px;\">\n<p><!-- \u7b2c\u4e00\u680f --><\/p>\n<div style=\"flex: 1; text-align: center;\">\n<p><img decoding=\"async\" style=\"max-width: 100%; height: auto; margin-bottom: 10px;\" src=\"https:\/\/suncasesupply.com\/wp-content\/uploads\/2025\/03\/1-ABS-Panel.jpg\" alt=\"1-Panneau ABS\" \/><\/p>\n<p style=\"font-weight: bold; margin: 5px 0;\"><strong><b>Panneau ABS<\/b><\/strong><\/p>\n<p style=\"margin: 0;\">Le panneau de cette mallette en aluminium est en ABS noir \u00e0 rayures. Il est l\u00e9g\u00e8rement imperm\u00e9able et r\u00e9sistant aux rayures, prot\u00e9geant efficacement les objets qu&#039;elle contient. Si vous souhaitez personnaliser d&#039;autres couleurs ou motifs, nous pouvons le faire pour vous.<\/p>\n<\/div>\n<p><!-- \u7b2c\u4e8c\u680f --><\/p>\n<div style=\"flex: 1; text-align: center;\">\n<p><img decoding=\"async\" style=\"max-width: 100%; height: auto; margin-bottom: 10px;\" src=\"https:\/\/suncasesupply.com\/wp-content\/uploads\/2025\/03\/2-Handle.jpg\" alt=\"2 poign\u00e9es\" \/><\/p>\n<p style=\"font-weight: bold; margin: 5px 0;\"><strong><b>Poign\u00e9e<\/b><\/strong><\/p>\n<p style=\"margin: 0;\">Une poign\u00e9e solide est un facteur important dans le poids de charge de la mallette. Elle est tr\u00e8s durable et flexible, peut pivoter \u00e0 180 degr\u00e9s et rebondir d&#039;elle-m\u00eame. Tr\u00e8s facile \u00e0 transporter en sortie. La poign\u00e9e est g\u00e9n\u00e9ralement de couleur noire, mais elle peut \u00eatre personnalis\u00e9e selon la couleur souhait\u00e9e.<\/p>\n<\/div>\n<p><!-- \u7b2c\u4e09\u680f --><\/p>\n<div style=\"flex: 1; text-align: center;\">\n<p><img decoding=\"async\" style=\"max-width: 100%; height: auto; margin-bottom: 10px;\" src=\"https:\/\/suncasesupply.com\/wp-content\/uploads\/2025\/03\/3-Lid-Stay.jpg\" alt=\"Support \u00e0 3 couvercles\" \/><\/p>\n<p style=\"font-weight: bold; margin: 5px 0;\"><strong><b>Support de couvercle<\/b><\/strong><\/p>\n<p style=\"margin: 0;\">Le support de couvercle est \u00e9galement appel\u00e9 charni\u00e8re de support de couvercle. Il relie le couvercle sup\u00e9rieur et le couvercle inf\u00e9rieur du bo\u00eetier. Sa fonction principale est de maintenir le couvercle sup\u00e9rieur en place lorsqu&#039;il est ouvert. Pour garantir que vos mains ne seront pas heurt\u00e9es par le couvercle sup\u00e9rieur qui tombe soudainement lorsque vous l&#039;utilisez. Un bo\u00eetier peut \u00eatre fabriqu\u00e9 avec un ou deux supports de couvercle, cela d\u00e9pend de vous.<\/p>\n<\/div>\n<p><!-- \u7b2c\u56db\u680f --><\/p>\n<div style=\"flex: 1; text-align: center;\">\n<p><img decoding=\"async\" style=\"max-width: 100%; height: auto; margin-bottom: 10px;\" src=\"https:\/\/suncasesupply.com\/wp-content\/uploads\/2025\/03\/4-Combination-Locks.jpg\" alt=\"Serrures \u00e0 4 combinaisons\" \/><\/p>\n<p style=\"font-weight: bold; margin: 5px 0;\"><strong><b>Serrures \u00e0 combinaison<\/b><\/strong><\/p>\n<p style=\"margin: 0;\">Les serrures \u00e0 combinaison ajoutent sans aucun doute une couche de protection \u00e0 la mallette. Avant d&#039;utiliser la mallette, vous pouvez d\u00e9finir votre propre combinaison pour la mallette. Gr\u00e2ce aux serrures \u00e0 combinaison, vous pouvez stocker en toute s\u00e9curit\u00e9 vos fichiers importants, votre ordinateur portable et tout autre objet.<\/p>\n<\/div>\n<\/div>\n<div style=\"background-color: #29599a; padding: 40px 20px; text-align: center; color: #ffffff; border-radius: 10px; margin: 40px auto; max-width: 960px;\">\n<h2 style=\"font-size: 22px; margin-bottom: 20px; font-weight: bold;\">Mallette en aluminium Sun Case - Taille personnalis\u00e9e, charge \u00e9lev\u00e9e, d\u00e9lai de livraison rapide.<\/h2>\n<p><a style=\"display: inline-block; padding: 12px 28px; background-color: #ffffff; color: #29599a; text-decoration: none; border-radius: 6px; font-weight: bold;\" href=\"https:\/\/suncasesupply.com\/fr\/contact-us\/\" target=\"_blank\" rel=\"noopener\">Obtenez un devis aujourd&#039;hui<br \/>\n<\/a><\/p>\n<\/div>\n<h4><span style=\"color: #003366;\">Processus de fabrication :<\/span><\/h4>\n<p><img decoding=\"async\" style=\"max-width: 100%; height: auto; margin-bottom: 10px;\" src=\"https:\/\/suncasesupply.com\/wp-content\/uploads\/2025\/07\/Manufacturing-Process.png\" alt=\"Processus de fabrication de Suncase\" \/><\/p>\n<div style=\"display: flex; gap: 20px;\">\n<p><!-- \u7b2c\u4e00\u680f \u6d41\u7a0b1--><\/p>\n<div style=\"flex: 1; text-align: center;\"><\/div>\n<\/div>\n<div style=\"display: flex; gap: 20px;\">\n<div style=\"flex: 1; text-align: center;\">\n<p style=\"font-weight: bold; margin: 5px 0;\">\n<\/div>\n<\/div>\n<h4><span style=\"color: #003366;\">Informations utiles pour les acheteurs en gros\u00a0:<\/span><\/h4>\n<ul>\n<li class=\"page-title\" title=\"Qu\u2019est-ce qui rend les cartes de sport si pr\u00e9cieuses ?\">\n<p class=\"page-title\" title=\"Pourquoi devriez-vous envisager une mallette en aluminium pour ordinateur portable pour la protection\"><a href=\"https:\/\/suncasesupply.com\/fr\/blog\/custom-aluminum-case\/benefits-of-aluminum-laptop-case\/\">Pourquoi devriez-vous envisager une mallette en aluminium pour ordinateur portable pour la protection &gt;&gt;<\/a><\/p>\n<\/li>\n<li title=\"Qu\u2019est-ce qui rend les cartes de sport si pr\u00e9cieuses ?\">\n<p class=\"page-title\" title=\"Pourquoi les mallettes en aluminium sont-elles si ch\u00e8res ?\"><a href=\"https:\/\/suncasesupply.com\/fr\/blog\/custom-aluminum-case\/why-aluminum-briefcase-expensive\/\">Pourquoi les mallettes en aluminium sont-elles si ch\u00e8res ? &gt;&gt;<\/a><\/p>\n<\/li>\n<li title=\"Qu\u2019est-ce qui rend les cartes de sport si pr\u00e9cieuses ?\">\n<p class=\"page-title\" title=\"8 raisons pour lesquelles les mallettes en aluminium sont votre meilleur choix pour les voyages d&#039;affaires\"><a href=\"https:\/\/suncasesupply.com\/fr\/blog\/custom-aluminum-case\/8-reasons-why-aluminum-briefcases-is-your-best-choice-for-business-travel\/\">8 raisons pour lesquelles les mallettes en aluminium sont votre meilleur choix pour les voyages d&#039;affaires &gt;&gt;<\/a><\/p>\n<\/li>\n<\/ul>","protected":false},"excerpt":{"rendered":"<p>Mod\u00e8le : SC-BA002<\/p>\n<p>Taille : 450*330*120mm ou taille personnalis\u00e9e<\/p>\n<p>Couleurs : Couleur noire ou autres couleurs<\/p>\n<p>Mat\u00e9riaux : Cadre en aluminium, panneau MDF, panneau ABS, accessoires.<\/p>\n<p>Logo : Logo en plaque m\u00e9tallique, Logo en s\u00e9rigraphie<\/p>\n<p><span style=\"color: #000000;\">Quantit\u00e9 minimale de commande : 100 pi\u00e8ces<\/span><\/p>","protected":false},"featured_media":25368,"template":"","meta":{"_gspb_post_css":""},"product_cat":[82],"product_tag":[],"featured_image_urls":{"full":["https:\/\/suncasesupply.com\/wp-content\/uploads\/2025\/05\/briefcase.jpg",800,800,false],"thumbnail":["https:\/\/suncasesupply.com\/wp-content\/uploads\/2025\/05\/briefcase-150x150.jpg",150,150,true],"medium":["https:\/\/suncasesupply.com\/wp-content\/uploads\/2025\/05\/briefcase-300x300.jpg",300,300,true],"medium_large":["https:\/\/suncasesupply.com\/wp-content\/uploads\/2025\/05\/briefcase-768x768.jpg",768,768,true],"large":["https:\/\/suncasesupply.com\/wp-content\/uploads\/2025\/05\/briefcase.jpg",800,800,false],"1536x1536":["https:\/\/suncasesupply.com\/wp-content\/uploads\/2025\/05\/briefcase.jpg",800,800,false],"2048x2048":["https:\/\/suncasesupply.com\/wp-content\/uploads\/2025\/05\/briefcase.jpg",800,800,false],"trp-custom-language-flag":["https:\/\/suncasesupply.com\/wp-content\/uploads\/2025\/05\/briefcase-12x12.jpg",12,12,true],"woocommerce_thumbnail":["https:\/\/suncasesupply.com\/wp-content\/uploads\/2025\/05\/briefcase-300x300.jpg",300,300,true],"woocommerce_single":["https:\/\/suncasesupply.com\/wp-content\/uploads\/2025\/05\/briefcase-600x600.jpg",600,600,true],"woocommerce_gallery_thumbnail":["https:\/\/suncasesupply.com\/wp-content\/uploads\/2025\/05\/briefcase-100x100.jpg",100,100,true]},"post_excerpt_stackable":"<p>Model :SC-BA002<\/p>\n<p>Size: 450*330*120mm or Customize\u00a0Size<\/p>\n<p>Colors: Black color or other colors<\/p>\n<p>Materials: Aluminum\u00a0frame, MDF Board, ABS\u00a0Panel, Accessories.<\/p>\n<p>Logo: Metal plate logo, Silk screen printing logo<\/p>\n<p><span style=\"color: #000000;\">MOQ: 100pcs<\/span><\/p>\n","category_list":"","author_info":{"name":"","url":""},"comments_num":"0 commentaire","_links":{"self":[{"href":"https:\/\/suncasesupply.com\/fr\/wp-json\/wp\/v2\/product\/24212"}],"collection":[{"href":"https:\/\/suncasesupply.com\/fr\/wp-json\/wp\/v2\/product"}],"about":[{"href":"https:\/\/suncasesupply.com\/fr\/wp-json\/wp\/v2\/types\/product"}],"wp:featuredmedia":[{"embeddable":true,"href":"https:\/\/suncasesupply.com\/fr\/wp-json\/wp\/v2\/media\/25368"}],"wp:attachment":[{"href":"https:\/\/suncasesupply.com\/fr\/wp-json\/wp\/v2\/media?parent=24212"}],"wp:term":[{"taxonomy":"product_cat","embeddable":true,"href":"https:\/\/suncasesupply.com\/fr\/wp-json\/wp\/v2\/product_cat?post=24212"},{"taxonomy":"product_tag","embeddable":true,"href":"https:\/\/suncasesupply.com\/fr\/wp-json\/wp\/v2\/product_tag?post=24212"}],"curies":[{"name":"wp","href":"https:\/\/api.w.org\/{rel}","templated":true}]}}