{"id":24205,"date":"2024-11-20T15:52:57","date_gmt":"2024-11-20T07:52:57","guid":{"rendered":"https:\/\/suncasesupply.com\/?post_type=product&#038;p=24205"},"modified":"2025-08-21T14:02:33","modified_gmt":"2025-08-21T06:02:33","slug":"tool-box-multi-purpose-hard-aluminum-organizer-suitcase-tool-accessories-parts-storage-case","status":"publish","type":"product","link":"https:\/\/suncasesupply.com\/fr\/product\/tool-box-multi-purpose-hard-aluminum-organizer-suitcase-tool-accessories-parts-storage-case\/","title":{"rendered":"Bo\u00eete \u00e0 outils multifonction en aluminium dur, organiseur, valise \u00e0 outils, accessoires, \u00e9tui de rangement pour pi\u00e8ces"},"content":{"rendered":"<h4><span style=\"color: #003366;\">Caract\u00e9ristiques:<\/span><\/h4>\n<ul>\n<li>La mallette \u00e0 outils en aluminium est fabriqu\u00e9e avec un cadre en aluminium robuste, avec des coins renforc\u00e9s pour plus de s\u00e9curit\u00e9.<\/li>\n<li>Panneau amovible, parois segment\u00e9es et mousse cubique pr\u00e9-perfor\u00e9e pour un rangement organis\u00e9 dans votre bo\u00eete \u00e0 outils en aluminium.<\/li>\n<li>Le panneau amovible comprend 13 pochettes de diff\u00e9rentes tailles et 4 manchons, id\u00e9al pour les utilisateurs de n&#039;importe quelle valise \u00e0 outils.<\/li>\n<li>Les parois segment\u00e9es et les panneaux r\u00e9glables permettent des ajustements par incr\u00e9ments de 1\/4\u2033, id\u00e9al pour configurer votre mallette de rangement d&#039;outils en aluminium.<\/li>\n<li>La poign\u00e9e de transport avec loquets de verrouillage comprend 2 cl\u00e9s pour plus de s\u00e9curit\u00e9, ce qui en fait un \u00e9tui de rangement d&#039;outils en aluminium pratique pour les professionnels.<\/li>\n<\/ul>\n<h4><span style=\"color: #003366;\">D\u00e9tails du produit :<\/span><\/h4>\n<div style=\"display: flex; gap: 20px;\">\n<p><!-- \u7b2c\u4e00\u680f --><\/p>\n<div style=\"flex: 1; text-align: center;\">\n<p><img decoding=\"async\" style=\"max-width: 100%; height: auto; margin-bottom: 10px;\" src=\"https:\/\/suncasesupply.com\/wp-content\/uploads\/2025\/03\/EVA-Dividers.jpg\" alt=\"S\u00e9parateurs EVA\" \/><\/p>\n<p><strong><b>S\u00e9parateurs EVA<\/b><\/strong><\/p>\n<p style=\"margin: 0;\">L&#039;int\u00e9rieur est \u00e9quip\u00e9 de s\u00e9parateurs amovibles en EVA, permettant aux utilisateurs de personnaliser l&#039;espace de stockage en fonction des outils ou \u00e9quipements \u00e0 transporter et \u00e0 stocker.<\/p>\n<p>&nbsp;<\/p>\n<\/div>\n<p><!-- \u7b2c\u4e8c\u680f --><\/p>\n<div style=\"flex: 1; text-align: center;\">\n<p><img decoding=\"async\" style=\"max-width: 100%; height: auto; margin-bottom: 10px;\" src=\"https:\/\/suncasesupply.com\/wp-content\/uploads\/2025\/03\/Interior-tools-panel.jpg\" alt=\"Panneau d&#039;outils int\u00e9rieur\" \/><\/p>\n<p><strong><b>Panneau d&#039;outils int\u00e9rieur<\/b><\/strong><\/p>\n<p style=\"margin: 0;\">Le panneau \u00e0 outils est cousu avec des poches de diff\u00e9rentes tailles et profondeurs, qui peuvent facilement stocker des articles de diff\u00e9rentes tailles, tels que vos cl\u00e9s, pinces, pinces, ciseaux, \u00e9triers, etc. Et le panneau est amovible, ce qui est tr\u00e8s pratique pour les travailleurs.<\/p>\n<\/div>\n<p><!-- \u7b2c\u4e09\u680f --><\/p>\n<div style=\"flex: 1; text-align: center;\">\n<p><img decoding=\"async\" style=\"max-width: 100%; height: auto; margin-bottom: 10px;\" src=\"https:\/\/suncasesupply.com\/wp-content\/uploads\/2025\/03\/Handle-1.jpg\" alt=\"Poign\u00e9e portable\" \/><\/p>\n<p><strong><b>Poign\u00e9e portable<\/b><\/strong><\/p>\n<p>La poign\u00e9e est en plastique et en aluminium, et la conception est enti\u00e8rement ergonomique, de sorte que vos mains peuvent la saisir confortablement lorsque vous transportez la bo\u00eete. La base en m\u00e9tal est tr\u00e8s robuste et peut transporter des objets pesant jusqu&#039;\u00e0 10 kg.<\/p>\n<\/div>\n<p><!-- \u7b2c\u56db\u680f --><\/p>\n<div style=\"flex: 1; text-align: center;\">\n<p><img decoding=\"async\" style=\"max-width: 100%; height: auto; margin-bottom: 10px;\" src=\"https:\/\/suncasesupply.com\/wp-content\/uploads\/2025\/03\/Enhanced-corners.jpg\" alt=\"Coins rehauss\u00e9s\" \/><\/p>\n<p><strong><b>Coins rehauss\u00e9s<\/b><\/strong><\/p>\n<p style=\"margin: 0;\">\u00c9quip\u00e9 de coins m\u00e9talliques de type K, il am\u00e9liore consid\u00e9rablement l&#039;anti-collision et la durabilit\u00e9 de la bo\u00eete, et peut bien prot\u00e9ger la s\u00e9curit\u00e9 des articles pendant le transport, comme pr\u00e9vu dans une mallette \u00e0 outils en aluminium haut de gamme.<\/p>\n<\/div>\n<\/div>\n<div style=\"background-color: #29599a; padding: 40px 20px; text-align: center; color: #ffffff; border-radius: 10px; margin: 40px auto; max-width: 960px;\">\n<h2 style=\"font-size: 22px; margin-bottom: 20px; font-weight: bold;\"><span style=\"color: #ffffff;\">MOQ 100 pour la mallette de rangement d&#039;outils en aluminium Sun Case \u2014 s\u00e9curisez votre commande en gros maintenant\u00a0!<\/span><\/h2>\n<p><a style=\"display: inline-block; padding: 12px 28px; background-color: #ffffff; color: #29599a; text-decoration: none; border-radius: 6px; font-weight: bold;\" href=\"https:\/\/suncasesupply.com\/fr\/contact-us\/\" target=\"_blank\" rel=\"noopener\">Obtenez un devis aujourd&#039;hui<br \/>\n<\/a><\/p>\n<\/div>\n<h4><span style=\"color: #003366;\">Processus de fabrication :<\/span><\/h4>\n<p><img decoding=\"async\" style=\"max-width: 100%; height: auto; margin-bottom: 10px;\" src=\"https:\/\/suncasesupply.com\/wp-content\/uploads\/2025\/07\/Manufacturing-Process.png\" alt=\"Processus de fabrication de Suncase\" \/><\/p>\n<div style=\"display: flex; gap: 20px;\">\n<p><!-- \u7b2c\u4e00\u680f \u6d41\u7a0b1--><\/p>\n<div style=\"flex: 1; text-align: center;\"><\/div>\n<\/div>\n<div style=\"display: flex; gap: 20px;\">\n<div style=\"flex: 1; text-align: center;\">\n<p style=\"font-weight: bold; margin: 5px 0;\">\n<\/div>\n<\/div>\n<h4><span style=\"color: #003366;\">Informations utiles pour les acheteurs en gros\u00a0:<\/span><\/h4>\n<ul>\n<li class=\"page-title\" title=\"Qu\u2019est-ce qui rend les cartes de sport si pr\u00e9cieuses ?\">\n<p class=\"page-title\" title=\"Quelle est la taille du bo\u00eetier du disque vinyle ?\"><a href=\"https:\/\/suncasesupply.com\/fr\/blog\/custom-aluminum-case\/types-of-materials-used-in-tool-cases\/\">\u00c0 la d\u00e9couverte des bo\u00eetes \u00e0 outils en aluminium et d&#039;autres types de mat\u00e9riaux &gt;&gt;<\/a><\/p>\n<\/li>\n<li title=\"Qu\u2019est-ce qui rend les cartes de sport si pr\u00e9cieuses ?\"><a href=\"https:\/\/suncasesupply.com\/fr\/blog\/reason-to-have-aluminum-tool-case\/\">Pourquoi avez-vous besoin d&#039;une mallette \u00e0 outils en aluminium ? &gt;&gt;<\/a><\/li>\n<\/ul>","protected":false},"excerpt":{"rendered":"<p>Mod\u00e8le : SC-BA0009<\/p>\n<p>Taille : 47 x 36 x 15 cm ou Personnaliser<\/p>\n<p>Couleurs : Argent ou personnaliser<\/p>\n<p>Mat\u00e9riaux : Aluminium, panneau MDF, panneau ABS, accessoires.<\/p>\n<p>Logo : Logo en plaque m\u00e9tallique, logo s\u00e9rigraphi\u00e9<\/p>\n<p>Quantit\u00e9 minimale de commande : 100 pi\u00e8ces<\/p>","protected":false},"featured_media":25369,"template":"","meta":{"_gspb_post_css":""},"product_cat":[81],"product_tag":[],"featured_image_urls":{"full":["https:\/\/suncasesupply.com\/wp-content\/uploads\/2025\/05\/tool-case.jpg",800,800,false],"thumbnail":["https:\/\/suncasesupply.com\/wp-content\/uploads\/2025\/05\/tool-case-150x150.jpg",150,150,true],"medium":["https:\/\/suncasesupply.com\/wp-content\/uploads\/2025\/05\/tool-case-300x300.jpg",300,300,true],"medium_large":["https:\/\/suncasesupply.com\/wp-content\/uploads\/2025\/05\/tool-case-768x768.jpg",768,768,true],"large":["https:\/\/suncasesupply.com\/wp-content\/uploads\/2025\/05\/tool-case.jpg",800,800,false],"1536x1536":["https:\/\/suncasesupply.com\/wp-content\/uploads\/2025\/05\/tool-case.jpg",800,800,false],"2048x2048":["https:\/\/suncasesupply.com\/wp-content\/uploads\/2025\/05\/tool-case.jpg",800,800,false],"trp-custom-language-flag":["https:\/\/suncasesupply.com\/wp-content\/uploads\/2025\/05\/tool-case-12x12.jpg",12,12,true],"woocommerce_thumbnail":["https:\/\/suncasesupply.com\/wp-content\/uploads\/2025\/05\/tool-case-300x300.jpg",300,300,true],"woocommerce_single":["https:\/\/suncasesupply.com\/wp-content\/uploads\/2025\/05\/tool-case-600x600.jpg",600,600,true],"woocommerce_gallery_thumbnail":["https:\/\/suncasesupply.com\/wp-content\/uploads\/2025\/05\/tool-case-100x100.jpg",100,100,true]},"post_excerpt_stackable":"<p>Model: SC-BA0009<\/p>\n<p>Size: 47 x 36 x 15cm or Customize<\/p>\n<p>Colors: Silver or customize<\/p>\n<p>Materials: Aluminum, MDF board, ABS\u00a0Panel, Accessories.<\/p>\n<p>Logo: Metal plate logo, silk screen logo<\/p>\n<p>MOQ: 100pcs<\/p>\n","category_list":"","author_info":{"name":"","url":""},"comments_num":"0 commentaire","_links":{"self":[{"href":"https:\/\/suncasesupply.com\/fr\/wp-json\/wp\/v2\/product\/24205"}],"collection":[{"href":"https:\/\/suncasesupply.com\/fr\/wp-json\/wp\/v2\/product"}],"about":[{"href":"https:\/\/suncasesupply.com\/fr\/wp-json\/wp\/v2\/types\/product"}],"wp:featuredmedia":[{"embeddable":true,"href":"https:\/\/suncasesupply.com\/fr\/wp-json\/wp\/v2\/media\/25369"}],"wp:attachment":[{"href":"https:\/\/suncasesupply.com\/fr\/wp-json\/wp\/v2\/media?parent=24205"}],"wp:term":[{"taxonomy":"product_cat","embeddable":true,"href":"https:\/\/suncasesupply.com\/fr\/wp-json\/wp\/v2\/product_cat?post=24205"},{"taxonomy":"product_tag","embeddable":true,"href":"https:\/\/suncasesupply.com\/fr\/wp-json\/wp\/v2\/product_tag?post=24205"}],"curies":[{"name":"wp","href":"https:\/\/api.w.org\/{rel}","templated":true}]}}