{"id":24141,"date":"2024-11-18T17:48:24","date_gmt":"2024-11-18T09:48:24","guid":{"rendered":"https:\/\/suncasesupply.com\/?post_type=product&#038;p=24141"},"modified":"2025-09-04T15:18:21","modified_gmt":"2025-09-04T07:18:21","slug":"makeup-train-case-6-tier-trays-with-compartments-jewelry-storage-organizer-box","status":"publish","type":"product","link":"https:\/\/suncasesupply.com\/fr\/product\/makeup-train-case-6-tier-trays-with-compartments-jewelry-storage-organizer-box\/","title":{"rendered":"Mallette de maquillage \u00e0 6 niveaux avec compartiments Bo\u00eete de rangement pour bijoux"},"content":{"rendered":"<h4><span style=\"color: #003366;\">Caract\u00e9ristiques:<\/span><\/h4>\n<ul>\n<li><strong>Facile \u00e0 transporter<\/strong>La trousse de maquillage en aluminium allie robustesse et l\u00e9g\u00e8ret\u00e9, ce qui la rend facile \u00e0 transporter. Sa poign\u00e9e ergonomique est tr\u00e8s confortable \u00e0 transporter.<\/li>\n<li><strong>Grande capacit\u00e9<\/strong>Il permet de classer et de ranger soigneusement tous les outils et produits de maquillage (fond de teint, fard \u00e0 paupi\u00e8res, pinceaux, faux cils, lampes de maquillage, etc.), ce qui permet aux maquilleurs de proposer des prestations \u00e0 domicile, de suivre des s\u00e9ances de maquillage ou de participer \u00e0 des films, des \u00e9missions de t\u00e9l\u00e9vision et des pi\u00e8ces de th\u00e9\u00e2tre. C&#039;est un studio mobile pour professionnels, \u00e9galement pratique comme trousse de maquillage.<\/li>\n<\/ul>\n<h4><span style=\"color: #003366;\">D\u00e9tails du produit :<\/span><\/h4>\n<div style=\"display: flex; gap: 20px;\">\n<div style=\"flex: 1; text-align: center;\">\n<p><img decoding=\"async\" style=\"max-width: 100%; height: auto; margin-bottom: 10px;\" src=\"https:\/\/suncasesupply.com\/wp-content\/uploads\/2025\/08\/Sturdy-structure.jpg\" alt=\"Structure robuste\" \/><\/p>\n<p style=\"font-weight: bold; margin: 5px 0;\">Structure solide<\/p>\n<p style=\"margin: 0;\">Le corps principal est fabriqu\u00e9 en alliage d&#039;aluminium de haute qualit\u00e9, avec des protections d&#039;angle renforc\u00e9es et une conception robuste. Sa structure robuste lui conf\u00e8re une tr\u00e8s grande capacit\u00e9 de charge et r\u00e9siste efficacement aux chocs et \u00e0 l&#039;extrusion, prot\u00e9geant ainsi les objets de valeur qu&#039;il contient, qu&#039;il soit utilis\u00e9 comme trousse de maquillage \u00e0 6 plateaux.<\/p>\n<\/div>\n<p><!-- \u7b2c\u4e8c\u680f --><\/p>\n<div style=\"flex: 1; text-align: center;\">\n<p><img decoding=\"async\" style=\"max-width: 100%; height: auto; margin-bottom: 10px;\" src=\"https:\/\/suncasesupply.com\/wp-content\/uploads\/2025\/08\/Sturdy-lock-1.jpg\" alt=\"Serrure robuste\" \/><\/p>\n<p style=\"font-weight: bold; margin: 5px 0;\"><strong><b>Serrure solide<\/b><\/strong><\/p>\n<p style=\"margin: 0;\">La serrure \u00e0 boucle standard \u00e0 cl\u00e9 assure une fermeture herm\u00e9tique, emp\u00eachant le vol, la poussi\u00e8re et l&#039;humidit\u00e9. Int\u00e9gr\u00e9e dans le coffre, elle rend l&#039;ouverture difficile et garantit la s\u00e9curit\u00e9 du contenu.<\/p>\n<\/div>\n<p><!-- \u7b2c\u4e09\u680f --><\/p>\n<div style=\"flex: 1; text-align: center;\">\n<p><img decoding=\"async\" style=\"max-width: 100%; height: auto; margin-bottom: 10px;\" src=\"https:\/\/suncasesupply.com\/wp-content\/uploads\/2025\/08\/Durable-trays.jpg\" alt=\"Plateaux durables\" \/><\/p>\n<p style=\"font-weight: bold; margin: 5px 0;\">Plateaux durables \u00e0 l&#039;int\u00e9rieur<\/p>\n<p style=\"margin: 0;\">L&#039;int\u00e9rieur est dot\u00e9 de six plateaux rembourr\u00e9s avec s\u00e9parateurs amovibles, permettant une organisation personnalis\u00e9e selon la forme et la taille des pinceaux, poudres, flacons et pots de maquillage, garantissant ainsi un rangement soign\u00e9. L&#039;ensemble offre \u00e9galement un excellent amorti et une excellente fixation, \u00e9vitant les secousses, les collisions et les dommages pendant le transport.<\/p>\n<\/div>\n<p><!-- \u7b2c\u56db\u680f --><\/p>\n<div style=\"flex: 1; text-align: center;\">\n<p><img decoding=\"async\" src=\"https:\/\/suncasesupply.com\/wp-content\/uploads\/2025\/08\/Diamond-surface.jpg\" \/><\/p>\n<p><strong>Surface de diamant<\/strong><\/p>\n<p style=\"margin: 0;\">Le tissu \u00e0 motifs de losanges cr\u00e9e non seulement un look \u00e9pur\u00e9 et \u00e9pur\u00e9, mais prot\u00e8ge \u00e9galement efficacement le meuble des rayures pendant l&#039;utilisation. Sa surface est g\u00e9n\u00e9ralement oxyd\u00e9e et disponible dans une vari\u00e9t\u00e9 de couleurs (noir, argent, rose et bleu), ce qui la rend r\u00e9sistante \u00e0 l&#039;usure et \u00e0 la d\u00e9coloration. Id\u00e9ale pour ranger des cosm\u00e9tiques ou m\u00eame des bagues.<\/p>\n<\/div>\n<\/div>\n<div style=\"background-color: #29599a; padding: 40px 20px; text-align: center; color: #ffffff; border-radius: 10px; margin: 40px auto; max-width: 960px;\">\n<h2 style=\"font-size: 22px; margin-bottom: 20px; font-weight: bold;\">Obtenez un \u00e9tui de formation au maquillage Sun Case en gros, MOQ 100 seulement.<\/h2>\n<p><a style=\"display: inline-block; padding: 12px 28px; background-color: #ffffff; color: #29599a; text-decoration: none; border-radius: 6px; font-weight: bold;\" href=\"https:\/\/suncasesupply.com\/fr\/contact-us\/\" target=\"_blank\" rel=\"noopener\">Obtenez un devis aujourd&#039;hui<br \/>\n<\/a><\/p>\n<\/div>\n<h4><span style=\"color: #003366;\">Processus de fabrication de la trousse de maquillage :<\/span><\/h4>\n<p><img decoding=\"async\" style=\"max-width: 100%; height: auto; margin-bottom: 10px;\" src=\"https:\/\/suncasesupply.com\/wp-content\/uploads\/2025\/07\/Manufacturing-Process.png\" alt=\"Processus de fabrication de Suncase\" \/><\/p>\n<div style=\"display: flex; gap: 20px;\"><\/div>\n<div style=\"display: flex; gap: 20px;\">\n<div style=\"flex: 1; text-align: center;\">\n<p style=\"font-weight: bold; margin: 5px 0;\">\n<\/div>\n<\/div>\n<h4><span style=\"color: #003366;\">Informations utiles pour les acheteurs en gros\u00a0:<\/span><\/h4>\n<ul>\n<li class=\"page-title\" title=\"Qu\u2019est-ce qui rend les cartes de sport si pr\u00e9cieuses ?\"><a href=\"https:\/\/suncasesupply.com\/fr\/blog\/makeup-case\/how-to-build-the-ultimate-makeup-artist-case-for-your-set-bag-needs\/\">Cr\u00e9er la trousse de maquillage parfaite : le guide ultime des trousses de maquillage<\/a><\/li>\n<li title=\"Qu\u2019est-ce qui rend les cartes de sport si pr\u00e9cieuses ?\"><a href=\"https:\/\/suncasesupply.com\/fr\/blog\/makeup-case\/guide-of-hairdressing-trolley-case\/\">Guide d&#039;achat d&#039;une valise \u00e0 roulettes pour coiffeur<\/a><\/li>\n<li title=\"Qu\u2019est-ce qui rend les cartes de sport si pr\u00e9cieuses ?\"><a href=\"https:\/\/suncasesupply.com\/fr\/blog\/makeup-case\/how-to-choose-2\/\">Comment choisir la bonne trousse de maquillage professionnelle<\/a><\/li>\n<\/ul>","protected":false},"excerpt":{"rendered":"<p>Mod\u00e8le : SC-BA0007<\/p>\n<p>Taille: 36*24*28cm<\/p>\n<p>Quantit\u00e9 minimale de commande : 100 pi\u00e8ces<\/p>\n<p>D\u00e9lai de livraison : 15-25 jours<\/p>\n<p>\u00c9chantillon\u00a0: Disponible<\/p>","protected":false},"featured_media":25381,"template":"","meta":{"_gspb_post_css":""},"product_cat":[34,96],"product_tag":[],"featured_image_urls":{"full":["https:\/\/suncasesupply.com\/wp-content\/uploads\/2025\/05\/black-makeup-case.jpg",800,800,false],"thumbnail":["https:\/\/suncasesupply.com\/wp-content\/uploads\/2025\/05\/black-makeup-case-150x150.jpg",150,150,true],"medium":["https:\/\/suncasesupply.com\/wp-content\/uploads\/2025\/05\/black-makeup-case-300x300.jpg",300,300,true],"medium_large":["https:\/\/suncasesupply.com\/wp-content\/uploads\/2025\/05\/black-makeup-case-768x768.jpg",768,768,true],"large":["https:\/\/suncasesupply.com\/wp-content\/uploads\/2025\/05\/black-makeup-case.jpg",800,800,false],"1536x1536":["https:\/\/suncasesupply.com\/wp-content\/uploads\/2025\/05\/black-makeup-case.jpg",800,800,false],"2048x2048":["https:\/\/suncasesupply.com\/wp-content\/uploads\/2025\/05\/black-makeup-case.jpg",800,800,false],"trp-custom-language-flag":["https:\/\/suncasesupply.com\/wp-content\/uploads\/2025\/05\/black-makeup-case-12x12.jpg",12,12,true],"woocommerce_thumbnail":["https:\/\/suncasesupply.com\/wp-content\/uploads\/2025\/05\/black-makeup-case-300x300.jpg",300,300,true],"woocommerce_single":["https:\/\/suncasesupply.com\/wp-content\/uploads\/2025\/05\/black-makeup-case-600x600.jpg",600,600,true],"woocommerce_gallery_thumbnail":["https:\/\/suncasesupply.com\/wp-content\/uploads\/2025\/05\/black-makeup-case-100x100.jpg",100,100,true]},"post_excerpt_stackable":"<p>Model : SC-BA0007<\/p>\n<p>Size: 36*24*28cm<\/p>\n<p>MOQ:100pcs<\/p>\n<p>Delivery Time : 15-25 Days<\/p>\n<p>Sample : Available<\/p>\n","category_list":"","author_info":{"name":"","url":""},"comments_num":"0 commentaire","_links":{"self":[{"href":"https:\/\/suncasesupply.com\/fr\/wp-json\/wp\/v2\/product\/24141"}],"collection":[{"href":"https:\/\/suncasesupply.com\/fr\/wp-json\/wp\/v2\/product"}],"about":[{"href":"https:\/\/suncasesupply.com\/fr\/wp-json\/wp\/v2\/types\/product"}],"wp:featuredmedia":[{"embeddable":true,"href":"https:\/\/suncasesupply.com\/fr\/wp-json\/wp\/v2\/media\/25381"}],"wp:attachment":[{"href":"https:\/\/suncasesupply.com\/fr\/wp-json\/wp\/v2\/media?parent=24141"}],"wp:term":[{"taxonomy":"product_cat","embeddable":true,"href":"https:\/\/suncasesupply.com\/fr\/wp-json\/wp\/v2\/product_cat?post=24141"},{"taxonomy":"product_tag","embeddable":true,"href":"https:\/\/suncasesupply.com\/fr\/wp-json\/wp\/v2\/product_tag?post=24141"}],"curies":[{"name":"wp","href":"https:\/\/api.w.org\/{rel}","templated":true}]}}