{"id":24134,"date":"2024-11-18T17:38:18","date_gmt":"2024-11-18T09:38:18","guid":{"rendered":"https:\/\/suncasesupply.com\/?post_type=product&#038;p=24134"},"modified":"2025-09-04T15:13:54","modified_gmt":"2025-09-04T07:13:54","slug":"black-aluminum-box-with-pre-cutting-foam-insert-high-density-pick-pluck-toolbox","status":"publish","type":"product","link":"https:\/\/suncasesupply.com\/fr\/product\/black-aluminum-box-with-pre-cutting-foam-insert-high-density-pick-pluck-toolbox\/","title":{"rendered":"Bo\u00eete en aluminium noir avec insert en mousse pr\u00e9d\u00e9coup\u00e9e Bo\u00eete \u00e0 outils Pick Pluck haute densit\u00e9"},"content":{"rendered":"<h4><span style=\"color: #003366;\">Caract\u00e9ristiques:<\/span><\/h4>\n<ul>\n<li><strong><b>Dimension personnalis\u00e9e acceptable<\/b><\/strong>:La dimension standard de cette mallette \u00e0 outils en aluminium est de 400x320x120mm, mais une taille personnalis\u00e9e est acceptable, la longueur, la largeur et la hauteur peuvent toutes \u00eatre fabriqu\u00e9es selon vos demandes.<\/li>\n<li><strong><b>Mousse DIY personnalis\u00e9e<\/b><\/strong><strong><b>:<\/b><\/strong><strong><b>\u00a0<\/b><\/strong>La mousse a \u00e9t\u00e9 d\u00e9coup\u00e9e \u00e0 l&#039;avance. Vous pouvez la personnaliser \u00e0 la taille appropri\u00e9e en fonction de la taille de l&#039;objet contenu dans cette mallette \u00e0 outils en aluminium avec mousse.<\/li>\n<li><strong><b>Construction en alliage d&#039;aluminium de qualit\u00e9 sup\u00e9rieure : <\/b><\/strong>La construction de la mallette \u00e0 outils de barbier en aluminium est robuste et durable, ce qui peut prot\u00e9ger vos produits des chutes et des impacts soudains<\/li>\n<li><strong><b>Beau <\/b><\/strong><strong><b>UN<\/b><\/strong><strong><b>apparence<\/b><\/strong><strong><b>: <\/b><\/strong>La combinaison des couleurs est sophistiqu\u00e9e et la texture est soign\u00e9e. Cette mallette \u00e0 outils de barbier en aluminium est de tr\u00e8s haute qualit\u00e9 et esth\u00e9tique.<\/li>\n<\/ul>\n<h4><span style=\"color: #003366;\">D\u00e9tails du produit :<\/span><\/h4>\n<div style=\"display: flex; gap: 20px;\">\n<p><!-- \u7b2c\u4e00\u680f --><\/p>\n<div style=\"flex: 1; text-align: center;\">\n<p><img decoding=\"async\" style=\"max-width: 100%; height: auto; margin-bottom: 10px;\" src=\"https:\/\/suncasesupply.com\/wp-content\/uploads\/2025\/03\/1-K-Type-Corner-Wrap-.jpg\" alt=\"Enveloppe d&#039;angle de type K\" \/><\/p>\n<p><strong><b>Coin de type K<\/b><\/strong><\/p>\n<p style=\"margin: 0;\">Le coin protecteur d&#039;un coffret en aluminium chinois est un accessoire con\u00e7u pour prot\u00e9ger les coins du coffret des d\u00e9formations dues aux chocs. Le coin de type K offre une meilleure r\u00e9sistance aux collisions et une meilleure protection que le coin protecteur standard.<\/p>\n<p>De plus, il est plus beau et a une meilleure texture.<\/p>\n<p>&nbsp;<\/p>\n<\/div>\n<p><!-- \u7b2c\u4e8c\u680f --><\/p>\n<div style=\"flex: 1; text-align: center;\">\n<p><img decoding=\"async\" style=\"max-width: 100%; height: auto; margin-bottom: 10px;\" src=\"https:\/\/suncasesupply.com\/wp-content\/uploads\/2025\/03\/2-PickPluck-Foam.jpg\" alt=\"Mousse Pick&amp;Pluck\" \/><\/p>\n<p><strong><b>Mousse Pick&amp;Pluck<\/b><\/strong><\/p>\n<p style=\"margin: 0;\">La mousse Pick&amp;Pluck, plac\u00e9e sur le couvercle inf\u00e9rieur de la mallette \u00e0 outils en aluminium, permet de personnaliser sa hauteur et sa densit\u00e9 selon les besoins du client. Cette mousse, fabriqu\u00e9e \u00e0 la main, peut \u00eatre d\u00e9coup\u00e9e en diff\u00e9rentes formes et tailles pour s&#039;adapter \u00e0 diff\u00e9rents objets. De plus, elle permet d&#039;amortir, d&#039;isoler, de prot\u00e9ger et de fixer les objets dans la bo\u00eete afin de les prot\u00e9ger des dommages pendant le transport ou le stockage.<\/p>\n<\/div>\n<p><!-- \u7b2c\u4e09\u680f --><\/p>\n<div style=\"flex: 1; text-align: center;\">\n<p><img decoding=\"async\" style=\"max-width: 100%; height: auto; margin-bottom: 10px;\" src=\"https:\/\/suncasesupply.com\/wp-content\/uploads\/2025\/03\/3-Hing.jpg\" alt=\"Support de charni\u00e8re\" \/><\/p>\n<p><strong><b>Support de charni\u00e8re<\/b><\/strong><\/p>\n<p>La charni\u00e8re est situ\u00e9e entre les couvercles sup\u00e9rieur et inf\u00e9rieur de la mallette en aluminium. Elle permet de r\u00e9gler et de fixer l&#039;angle d&#039;ouverture de la mallette. Une fois ouverte, la mallette emp\u00eache le couvercle sup\u00e9rieur de tomber et de heurter les produits ou les mains de l&#039;utilisateur.<\/p>\n<\/div>\n<p><!-- \u7b2c\u56db\u680f --><\/p>\n<div style=\"flex: 1; text-align: center;\">\n<p><img decoding=\"async\" style=\"max-width: 100%; height: auto; margin-bottom: 10px;\" src=\"https:\/\/suncasesupply.com\/wp-content\/uploads\/2025\/03\/4-Handle.jpg\" alt=\"Poign\u00e9e\" \/><\/p>\n<p><strong><b>Poign\u00e9e<\/b><\/strong><\/p>\n<p style=\"margin: 0;\">La poign\u00e9e est un accessoire essentiel pour les valises en aluminium, facilitant leur transport. G\u00e9n\u00e9ralement, la poign\u00e9e des valises en aluminium est robuste et durable. Diff\u00e9rents styles sont disponibles pour s&#039;adapter \u00e0 chaque valise.<\/p>\n<\/div>\n<\/div>\n<div style=\"background-color: #29599a; padding: 40px 20px; text-align: center; color: #ffffff; border-radius: 10px; margin: 40px auto; max-width: 960px;\">\n<h2 style=\"font-size: 22px; margin-bottom: 20px; font-weight: bold;\">Commandez d\u00e8s aujourd&#039;hui la mallette \u00e0 outils en aluminium Sun Case avec mousse, MOQ 100 seulement\u00a0!<\/h2>\n<p><a style=\"display: inline-block; padding: 12px 28px; background-color: #ffffff; color: #29599a; text-decoration: none; border-radius: 6px; font-weight: bold;\" href=\"https:\/\/suncasesupply.com\/fr\/contact-us\/\" target=\"_blank\" rel=\"noopener\">Obtenez un devis aujourd&#039;hui<br \/>\n<\/a><\/p>\n<\/div>\n<h4><span style=\"color: #003366;\">Processus de fabrication :<\/span><\/h4>\n<p><img decoding=\"async\" style=\"max-width: 100%; height: auto; margin-bottom: 10px;\" src=\"https:\/\/suncasesupply.com\/wp-content\/uploads\/2025\/07\/Manufacturing-Process.png\" alt=\"Processus de fabrication de Suncase\" \/><\/p>\n<div style=\"display: flex; gap: 20px;\">\n<p><!-- \u7b2c\u4e00\u680f \u6d41\u7a0b1--><\/p>\n<div style=\"flex: 1; text-align: center;\"><\/div>\n<\/div>\n<div style=\"display: flex; gap: 20px;\">\n<div style=\"flex: 1; text-align: center;\">\n<p style=\"font-weight: bold; margin: 5px 0;\">\n<\/div>\n<\/div>\n<h4><span style=\"color: #003366;\">Informations utiles pour les acheteurs en gros\u00a0:<\/span><\/h4>\n<ul>\n<li class=\"page-title\" title=\"Qu\u2019est-ce qui rend les cartes de sport si pr\u00e9cieuses ?\">\n<p class=\"page-title\" title=\"6 raisons pour lesquelles vous devriez organiser votre espace avec une bo\u00eete de rangement en aluminium\"><a href=\"https:\/\/suncasesupply.com\/fr\/blog\/custom-aluminum-case\/6-reasons-to-use-aluminum-storage-box-today\/\">6 raisons pour lesquelles vous devriez organiser votre espace avec des bo\u00eetes de rangement en aluminium &gt;&gt;<\/a><\/p>\n<\/li>\n<li title=\"Qu\u2019est-ce qui rend les cartes de sport si pr\u00e9cieuses ?\">\n<p class=\"page-title\" title=\"Tout ce que vous devez savoir sur les bo\u00eetiers en aluminium\"><a href=\"https:\/\/suncasesupply.com\/fr\/blog\/all-you-need-to-know-about-aluminum-cases\/\">Tout ce que vous devez savoir sur les bo\u00eetiers en aluminium &gt;&gt;<\/a><\/p>\n<\/li>\n<\/ul>","protected":false},"excerpt":{"rendered":"<p>Mod\u00e8le : SC-BA0006<\/p>\n<p>Taille : 400x320x120mm ou taille personnalis\u00e9e<\/p>\n<p>Couleurs : couleur argent, couleur noire ou autres couleurs personnalis\u00e9es.<\/p>\n<p>Mat\u00e9riaux : Coin de type K<strong><b>\u00a0<\/b><\/strong>Cadre en aluminium, panneau MDF, panneau ABS, mousse Pick&amp;Pluck, quincaillerie.<\/p>\n<p>Logo : logo en plaque m\u00e9tallique, logo s\u00e9rigraphi\u00e9, logo de marque personnalis\u00e9 acceptable.<\/p>\n<p>Quantit\u00e9 minimale de commande : 100 pi\u00e8ces<\/p>\n<p>\u00c9chantillon : Disponible, d\u00e9lai d&#039;\u00e9chantillonnage d&#039;environ 7 jours.<\/p>","protected":false},"featured_media":25370,"template":"","meta":{"_gspb_post_css":""},"product_cat":[42,80],"product_tag":[],"featured_image_urls":{"full":["https:\/\/suncasesupply.com\/wp-content\/uploads\/2025\/05\/black-aluminum-box.jpg",800,800,false],"thumbnail":["https:\/\/suncasesupply.com\/wp-content\/uploads\/2025\/05\/black-aluminum-box-150x150.jpg",150,150,true],"medium":["https:\/\/suncasesupply.com\/wp-content\/uploads\/2025\/05\/black-aluminum-box-300x300.jpg",300,300,true],"medium_large":["https:\/\/suncasesupply.com\/wp-content\/uploads\/2025\/05\/black-aluminum-box-768x768.jpg",768,768,true],"large":["https:\/\/suncasesupply.com\/wp-content\/uploads\/2025\/05\/black-aluminum-box.jpg",800,800,false],"1536x1536":["https:\/\/suncasesupply.com\/wp-content\/uploads\/2025\/05\/black-aluminum-box.jpg",800,800,false],"2048x2048":["https:\/\/suncasesupply.com\/wp-content\/uploads\/2025\/05\/black-aluminum-box.jpg",800,800,false],"trp-custom-language-flag":["https:\/\/suncasesupply.com\/wp-content\/uploads\/2025\/05\/black-aluminum-box-12x12.jpg",12,12,true],"woocommerce_thumbnail":["https:\/\/suncasesupply.com\/wp-content\/uploads\/2025\/05\/black-aluminum-box-300x300.jpg",300,300,true],"woocommerce_single":["https:\/\/suncasesupply.com\/wp-content\/uploads\/2025\/05\/black-aluminum-box-600x600.jpg",600,600,true],"woocommerce_gallery_thumbnail":["https:\/\/suncasesupply.com\/wp-content\/uploads\/2025\/05\/black-aluminum-box-100x100.jpg",100,100,true]},"post_excerpt_stackable":"<p>Model :SC-BA0006<\/p>\n<p>Size: 400x320x120mm or customize size<\/p>\n<p>Colors: Silver color, Black color or other customized colors.<\/p>\n<p>Materials: K-Type Corner<strong><b>\u00a0<\/b><\/strong>Aluminum\u00a0frame, MDF Board, ABS\u00a0Panel,\u00a0Pick&amp;Pluck Foam, Hardware.<\/p>\n<p>Logo: Metal plate logo, Silk screen printing logo, custom brand logo acceptable.<\/p>\n<p>MOQ: 100pcs<\/p>\n<p>Sample: Available, sample time about 7 days.<\/p>\n","category_list":"","author_info":{"name":"","url":""},"comments_num":"0 commentaire","_links":{"self":[{"href":"https:\/\/suncasesupply.com\/fr\/wp-json\/wp\/v2\/product\/24134"}],"collection":[{"href":"https:\/\/suncasesupply.com\/fr\/wp-json\/wp\/v2\/product"}],"about":[{"href":"https:\/\/suncasesupply.com\/fr\/wp-json\/wp\/v2\/types\/product"}],"wp:featuredmedia":[{"embeddable":true,"href":"https:\/\/suncasesupply.com\/fr\/wp-json\/wp\/v2\/media\/25370"}],"wp:attachment":[{"href":"https:\/\/suncasesupply.com\/fr\/wp-json\/wp\/v2\/media?parent=24134"}],"wp:term":[{"taxonomy":"product_cat","embeddable":true,"href":"https:\/\/suncasesupply.com\/fr\/wp-json\/wp\/v2\/product_cat?post=24134"},{"taxonomy":"product_tag","embeddable":true,"href":"https:\/\/suncasesupply.com\/fr\/wp-json\/wp\/v2\/product_tag?post=24134"}],"curies":[{"name":"wp","href":"https:\/\/api.w.org\/{rel}","templated":true}]}}