{"id":24120,"date":"2024-11-18T17:23:39","date_gmt":"2024-11-18T09:23:39","guid":{"rendered":"https:\/\/suncasesupply.com\/?post_type=product&#038;p=24120"},"modified":"2025-09-04T15:17:40","modified_gmt":"2025-09-04T07:17:40","slug":"rose-gold-water-cube-pattern-grooming-case-aluminum-pets-goods-storage-cases","status":"publish","type":"product","link":"https:\/\/suncasesupply.com\/fr\/product\/rose-gold-water-cube-pattern-grooming-case-aluminum-pets-goods-storage-cases\/","title":{"rendered":"\u00c9tui de rangement en aluminium pour produits pour animaux de compagnie avec motif cube d&#039;eau en or rose"},"content":{"rendered":"<h4>\u00c9tui de rangement en aluminium pour produits pour animaux de compagnie avec motif cube d&#039;eau en or rose<\/h4>\n<h4><span style=\"color: #003366;\">Caract\u00e9ristiques:<\/span><\/h4>\n<ul>\n<li><strong>Extr\u00eamement durable<\/strong>Son alliage d&#039;aluminium lui conf\u00e8re une r\u00e9sistance \u00e0 la rouille, \u00e0 la corrosion et aux chocs. Il est \u00e0 l&#039;abri des fissures des caisses en bois et des caisses en plastique, sujettes au vieillissement et aux fissures. Ce coffre de pansage rigide r\u00e9siste aux environnements difficiles, tels que les \u00e9levages \u00e9questres et le transport routier, et offre une tr\u00e8s longue dur\u00e9e de vie.<\/li>\n<li><strong><b>Apparence con\u00e7ue<\/b><\/strong><strong><b>:<\/b><\/strong> La bo\u00eete \u00e0 sellerie en aluminium pr\u00e9sente une apparence simple et \u00e9l\u00e9gante, moderne et professionnelle, refl\u00e9tant g\u00e9n\u00e9ralement le s\u00e9rieux et le professionnalisme du cavalier envers les sports \u00e9questres. Son design \u00e9l\u00e9gant en fait \u00e9galement un accessoire pratique pour le toilettage canin.<\/li>\n<li><strong>Grande capacit\u00e9<\/strong>:Il fournit l&#039;espace de stockage principal pour accueillir divers \u00e9quipements pour chevaux tels que des selles, des brides, des coussinets anti-transpiration, des couvertures pour chevaux, etc. Son espace interne est optimis\u00e9 avec diverses cloisons et dispositifs de fixation pour garantir que les \u00e9quipements co\u00fbteux pour chevaux n&#039;entreront pas en collision, ne seront pas comprim\u00e9s ou ne s&#039;useront pas pendant le transport.<\/li>\n<\/ul>\n<h4><span style=\"color: #003366;\">D\u00e9tails du produit :<\/span><\/h4>\n<div style=\"display: flex; gap: 20px;\">\n<p><!-- \u7b2c\u4e00\u680f --><\/p>\n<div style=\"flex: 1; text-align: center;\">\n<p><img decoding=\"async\" style=\"max-width: 100%; height: auto; margin-bottom: 10px;\" src=\"https:\/\/suncasesupply.com\/wp-content\/uploads\/2025\/08\/Sturdy-lock.jpg\" alt=\"Serrure robuste\" \/><\/p>\n<p><strong><b>Serrure solide<\/b><\/strong><\/p>\n<p style=\"margin: 0;\">Les mallettes de pansage sont g\u00e9n\u00e9ralement \u00e9quip\u00e9es d&#039;un syst\u00e8me de verrouillage multipoints (deux loquets ou plus) et d&#039;un barillet. Cela permet non seulement d&#039;\u00e9viter que le couvercle ne s&#039;ouvre accidentellement pendant le transport, mais aussi d&#039;assurer une s\u00e9curit\u00e9 antivol, prot\u00e9geant ainsi efficacement le pr\u00e9cieux mat\u00e9riel du cheval.<\/p>\n<\/div>\n<p><!-- \u7b2c\u4e8c\u680f --><\/p>\n<div style=\"flex: 1; text-align: center;\">\n<p><img decoding=\"async\" style=\"max-width: 100%; height: auto; margin-bottom: 10px;\" src=\"https:\/\/suncasesupply.com\/wp-content\/uploads\/2025\/08\/Strong-Corner.jpg\" alt=\"Coin fort\" \/><\/p>\n<p><strong><b>Coin robuste<\/b><\/strong><\/p>\n<p style=\"margin: 0;\">Les corni\u00e8res m\u00e9talliques dispersent les chocs externes en recouvrant les coins, emp\u00eachant ainsi la bo\u00eete de se cabosser ou de se fissurer. Lors de l&#039;empilage, de la manutention ou du transport, les corni\u00e8res m\u00e9talliques absorbent une partie de la pression et pr\u00e9viennent la d\u00e9formation de la bo\u00eete.<\/p>\n<\/div>\n<p><!-- \u7b2c\u4e09\u680f --><\/p>\n<div style=\"flex: 1; text-align: center;\">\n<p><img decoding=\"async\" style=\"max-width: 100%; height: auto; margin-bottom: 10px;\" src=\"https:\/\/suncasesupply.com\/wp-content\/uploads\/2025\/08\/Inside-tray.jpg\" alt=\"Plateau int\u00e9rieur\" \/><\/p>\n<p><strong>Am\u00e9nagement int\u00e9rieur<\/strong><\/p>\n<p>L&#039;agencement int\u00e9rieur bien pens\u00e9 permet d&#039;organiser efficacement divers outils de beaut\u00e9 et articles de comp\u00e9tition. Tout le mat\u00e9riel est bien rang\u00e9 et facilement accessible pendant les comp\u00e9titions ou les entra\u00eenements, sans rien perdre. Un choix pratique pour une trousse de toilettage canin de voyage.<\/p>\n<\/div>\n<div style=\"flex: 1; text-align: center;\">\n<p><img decoding=\"async\" style=\"max-width: 100%; height: auto; margin-bottom: 10px;\" src=\"https:\/\/suncasesupply.com\/wp-content\/uploads\/2025\/08\/Hard-aluminum-frame.jpg\" alt=\"Structure durable\" \/><\/p>\n<p><strong><b>Poign\u00e9e<\/b><\/strong><\/p>\n<p style=\"margin: 0;\">Bien \u00e9quip\u00e9 d&#039;un cadre en alliage d&#039;aluminium, il garantit que la bo\u00eete ne se d\u00e9forme pas lorsqu&#039;elle est remplie d&#039;objets lourds et ne s&#039;effondre pas pendant le transport et l&#039;empilage, prot\u00e9geant ainsi efficacement le harnais co\u00fbteux et sophistiqu\u00e9 \u00e0 l&#039;int\u00e9rieur.<\/p>\n<\/div>\n<\/div>\n<div style=\"background-color: #29599a; padding: 40px 20px; text-align: center; color: #ffffff; border-radius: 10px; margin: 40px auto; max-width: 960px;\">\n<h2 style=\"font-size: 22px; margin-bottom: 20px; font-weight: bold;\">\u00c9tui \u00e0 outils de toilettage pour animaux de compagnie Sun Case, fourniture en gros, MOQ 100 pi\u00e8ces.<\/h2>\n<p><a style=\"display: inline-block; padding: 12px 28px; background-color: #ffffff; color: #29599a; text-decoration: none; border-radius: 6px; font-weight: bold;\" href=\"https:\/\/suncasesupply.com\/fr\/contact-us\/\" target=\"_blank\" rel=\"noopener\">Obtenez un devis aujourd&#039;hui<br \/>\n<\/a><\/p>\n<\/div>\n<h4><span style=\"color: #003366;\">Processus de fabrication :<\/span><\/h4>\n<p><img decoding=\"async\" style=\"max-width: 100%; height: auto; margin-bottom: 10px;\" src=\"https:\/\/suncasesupply.com\/wp-content\/uploads\/2025\/07\/Manufacturing-Process.png\" alt=\"Processus de fabrication de Suncase\" \/><\/p>\n<div style=\"display: flex; gap: 20px;\">\n<p><!-- \u7b2c\u4e00\u680f \u6d41\u7a0b1--><\/p>\n<div style=\"flex: 1; text-align: center;\"><\/div>\n<\/div>\n<div style=\"display: flex; gap: 20px;\">\n<div style=\"flex: 1; text-align: center;\">\n<p style=\"font-weight: bold; margin: 5px 0;\">\n<\/div>\n<\/div>\n<h4><span style=\"color: #003366;\">Informations utiles pour les acheteurs en gros\u00a0:<\/span><\/h4>\n<ul>\n<li class=\"page-title\" title=\"Qu\u2019est-ce qui rend les cartes de sport si pr\u00e9cieuses ?\">\n<p class=\"page-title\" title=\"6 raisons pour lesquelles vous devriez organiser votre espace avec une bo\u00eete de rangement en aluminium\"><a href=\"https:\/\/suncasesupply.com\/fr\/blog\/aluminum-horse-grooming-box\/top-3-picks-of-aluminum-groom-box-for-horses\/\">Top 3 des meilleurs choix de box de toilettage en aluminium pour chevaux en 2024<\/a><\/p>\n<\/li>\n<li class=\"page-title\" title=\"Qu\u2019est-ce qui rend les cartes de sport si pr\u00e9cieuses ?\">\n<p class=\"page-title\" title=\"6 raisons pour lesquelles vous devriez organiser votre espace avec une bo\u00eete de rangement en aluminium\"><a href=\"https:\/\/suncasesupply.com\/fr\/blog\/aluminum-horse-grooming-box\/how-to-choose-your-horse-grooming-box\/\">Comment choisir sa caisse de pansage en aluminium pour chevaux<\/a><\/p>\n<\/li>\n<\/ul>","protected":false},"excerpt":{"rendered":"<p>Mod\u00e8le : SC-BA0004<\/p>\n<p>Taille: 38x 28x 30 cm<\/p>\n<p>Couleurs : Or rose ou autres couleurs<\/p>\n<p>Mat\u00e9riaux : Cadre en aluminium, panneau MDF, panneau ABS, accessoires.<\/p>\n<p>Logo : Logo en plaque m\u00e9tallique, Logo en s\u00e9rigraphie<\/p>\n<p><span style=\"color: #000000;\">Quantit\u00e9 minimale de commande : 100 pi\u00e8ces<\/span><\/p>","protected":false},"featured_media":25374,"template":"","meta":{"_gspb_post_css":""},"product_cat":[86],"product_tag":[],"featured_image_urls":{"full":["https:\/\/suncasesupply.com\/wp-content\/uploads\/2025\/05\/rose-gold-grooming-box.jpg",800,800,false],"thumbnail":["https:\/\/suncasesupply.com\/wp-content\/uploads\/2025\/05\/rose-gold-grooming-box-150x150.jpg",150,150,true],"medium":["https:\/\/suncasesupply.com\/wp-content\/uploads\/2025\/05\/rose-gold-grooming-box-300x300.jpg",300,300,true],"medium_large":["https:\/\/suncasesupply.com\/wp-content\/uploads\/2025\/05\/rose-gold-grooming-box-768x768.jpg",768,768,true],"large":["https:\/\/suncasesupply.com\/wp-content\/uploads\/2025\/05\/rose-gold-grooming-box.jpg",800,800,false],"1536x1536":["https:\/\/suncasesupply.com\/wp-content\/uploads\/2025\/05\/rose-gold-grooming-box.jpg",800,800,false],"2048x2048":["https:\/\/suncasesupply.com\/wp-content\/uploads\/2025\/05\/rose-gold-grooming-box.jpg",800,800,false],"trp-custom-language-flag":["https:\/\/suncasesupply.com\/wp-content\/uploads\/2025\/05\/rose-gold-grooming-box-12x12.jpg",12,12,true],"woocommerce_thumbnail":["https:\/\/suncasesupply.com\/wp-content\/uploads\/2025\/05\/rose-gold-grooming-box-300x300.jpg",300,300,true],"woocommerce_single":["https:\/\/suncasesupply.com\/wp-content\/uploads\/2025\/05\/rose-gold-grooming-box-600x600.jpg",600,600,true],"woocommerce_gallery_thumbnail":["https:\/\/suncasesupply.com\/wp-content\/uploads\/2025\/05\/rose-gold-grooming-box-100x100.jpg",100,100,true]},"post_excerpt_stackable":"<p>Model : SC-BA0004<\/p>\n<p>Size: 38x 28x 30 cm<\/p>\n<p>Colors: Rose gold or other colors<\/p>\n<p>Materials: Aluminum\u00a0frame, MDF Board, ABS\u00a0Panel, Accessories.<\/p>\n<p>Logo: Metal plate logo, Silk screen printing logo<\/p>\n<p><span style=\"color: #000000;\">MOQ: 100pcs<\/span><\/p>\n","category_list":"","author_info":{"name":"","url":""},"comments_num":"0 commentaire","_links":{"self":[{"href":"https:\/\/suncasesupply.com\/fr\/wp-json\/wp\/v2\/product\/24120"}],"collection":[{"href":"https:\/\/suncasesupply.com\/fr\/wp-json\/wp\/v2\/product"}],"about":[{"href":"https:\/\/suncasesupply.com\/fr\/wp-json\/wp\/v2\/types\/product"}],"wp:featuredmedia":[{"embeddable":true,"href":"https:\/\/suncasesupply.com\/fr\/wp-json\/wp\/v2\/media\/25374"}],"wp:attachment":[{"href":"https:\/\/suncasesupply.com\/fr\/wp-json\/wp\/v2\/media?parent=24120"}],"wp:term":[{"taxonomy":"product_cat","embeddable":true,"href":"https:\/\/suncasesupply.com\/fr\/wp-json\/wp\/v2\/product_cat?post=24120"},{"taxonomy":"product_tag","embeddable":true,"href":"https:\/\/suncasesupply.com\/fr\/wp-json\/wp\/v2\/product_tag?post=24120"}],"curies":[{"name":"wp","href":"https:\/\/api.w.org\/{rel}","templated":true}]}}