{"id":24096,"date":"2024-11-18T17:03:12","date_gmt":"2024-11-18T09:03:12","guid":{"rendered":"https:\/\/suncasesupply.com\/?post_type=product&#038;p=24096"},"modified":"2025-08-21T14:03:37","modified_gmt":"2025-08-21T06:03:37","slug":"aluminum-cable-flight-case-heavy-trunk-case-with-wheels","status":"publish","type":"product","link":"https:\/\/suncasesupply.com\/fr\/product\/aluminum-cable-flight-case-heavy-trunk-case-with-wheels\/","title":{"rendered":"Mallette de transport pour c\u00e2bles en aluminium, mallette lourde avec roulettes"},"content":{"rendered":"<h4><span style=\"color: #003366;\">Caract\u00e9ristiques:<\/span><\/h4>\n<ul>\n<li><strong>Protection parfaite<\/strong>Ce flight case en aluminium offre suffisamment d&#039;espace pour accueillir divers \u00e9quipements audio. Son int\u00e9rieur est doubl\u00e9 de mousse de 8 mm. Qu&#039;il s&#039;agisse de tables de mixage, d&#039;amplificateurs, de processeurs ou d&#039;autres appareils audio, le rembourrage en mousse assure leur s\u00e9curit\u00e9 et pr\u00e9vient tout dommage potentiel pendant le transport. C&#039;est un flight case id\u00e9al pour les tourn\u00e9es et le studio.<\/li>\n<li><strong>Construction durable<\/strong>Fabriqu\u00e9e en contreplaqu\u00e9 lamin\u00e9 de 9 mm, cette malle robuste de type malle est dot\u00e9e d&#039;une coque ext\u00e9rieure rigide et d&#039;un rembourrage int\u00e9rieur r\u00e9sistant aux chocs pour une protection optimale de vos appareils et \u00e9quipements. Sa structure est typique des grandes mallettes \u00e0 roulettes con\u00e7ues pour une utilisation longue dur\u00e9e.<\/li>\n<li><b>Solution de stockage et de transport <\/b>Ce flight case professionnel \u00e0 roulettes est dot\u00e9 d&#039;un ext\u00e9rieur en contreplaqu\u00e9 lamin\u00e9 de 9 mm et d&#039;un rembourrage r\u00e9sistant aux chocs. C&#039;est la solution id\u00e9ale pour les professionnels de l&#039;audio et les musiciens \u00e0 la recherche d&#039;un rangement s\u00fbr et fiable pour leur mat\u00e9riel.<\/li>\n<\/ul>\n<div style=\"background-color: #29599a; padding: 40px 20px; text-align: center; color: #ffffff; border-radius: 10px; margin: 40px auto; max-width: 960px;\">\n<h2 style=\"font-size: 22px; margin-bottom: 20px; font-weight: bold;\">Commandez d\u00e8s maintenant le flight case en aluminium Sun Case Cable Trunk, MOQ 5 seulement\u00a0!<\/h2>\n<p><a style=\"display: inline-block; padding: 12px 28px; background-color: #ffffff; color: #29599a; text-decoration: none; border-radius: 6px; font-weight: bold;\" href=\"https:\/\/suncasesupply.com\/fr\/contact-us\/\" target=\"_blank\" rel=\"noopener\">Obtenez un devis aujourd&#039;hui<br \/>\n<\/a><\/p>\n<\/div>\n<h4><span style=\"color: #003366;\">D\u00e9tails du produit :<\/span><\/h4>\n<div style=\"display: flex; gap: 20px;\">\n<div style=\"flex: 1; text-align: center;\">\n<p><img decoding=\"async\" style=\"max-width: 100%; height: auto; margin-bottom: 10px;\" src=\"https:\/\/suncasesupply.com\/wp-content\/uploads\/2025\/03\/lock-1.png\" alt=\"Serrure papillon\" \/><\/p>\n<p style=\"font-weight: bold; margin: 5px 0;\">Poign\u00e9e durable<\/p>\n<p style=\"margin: 0;\">L&#039;\u00e9tui de transport en aluminium avec roulettes est dot\u00e9 d&#039;une fermeture papillon fiable, garantissant une fermeture s\u00e9curis\u00e9e et une ouverture facile lorsque vous avez besoin d&#039;un acc\u00e8s rapide \u00e0 votre appareil.<\/p>\n<\/div>\n<p><!-- \u7b2c\u4e8c\u680f --><\/p>\n<div style=\"flex: 1; text-align: center;\">\n<p><img decoding=\"async\" style=\"max-width: 100%; height: auto; margin-bottom: 10px;\" src=\"https:\/\/suncasesupply.com\/wp-content\/uploads\/2025\/03\/handle-2.png\" alt=\"Poign\u00e9e robuste\" \/><\/p>\n<p style=\"font-weight: bold; margin: 5px 0;\">Poign\u00e9e durable<\/p>\n<p style=\"margin: 0;\">La mallette est dot\u00e9e de poign\u00e9es robustes sur les c\u00f4t\u00e9s pour faciliter le transport. Leur conception ergonomique assure une prise en main confortable et un transport ais\u00e9 de votre \u00e9quipement.<\/p>\n<\/div>\n<p><!-- \u7b2c\u4e09\u680f --><\/p>\n<div style=\"flex: 1; text-align: center;\">\n<p><img decoding=\"async\" style=\"max-width: 100%; height: auto; margin-bottom: 10px;\" src=\"https:\/\/suncasesupply.com\/wp-content\/uploads\/2025\/03\/EVA-lining.png\" alt=\"doublure en EVA\" \/><\/p>\n<p style=\"font-weight: bold; margin: 5px 0;\">Insert de doublure en EVA<\/p>\n<p style=\"margin: 0;\">Ce flight case offre suffisamment d&#039;espace pour accueillir divers \u00e9quipements audio. Son int\u00e9rieur est doubl\u00e9 de mousse de 8 mm. Qu&#039;il s&#039;agisse de tables de mixage, d&#039;amplificateurs, de processeurs ou d&#039;autres appareils audio, le rembourrage en mousse assure leur s\u00e9curit\u00e9 et pr\u00e9vient tout dommage potentiel pendant le transport.<\/p>\n<\/div>\n<div style=\"flex: 1; text-align: center;\">\n<p><img decoding=\"async\" style=\"max-width: 100%; height: auto; margin-bottom: 10px;\" src=\"https:\/\/suncasesupply.com\/wp-content\/uploads\/2025\/03\/corner.png\" alt=\"Coin fort\" \/><\/p>\n<p style=\"font-weight: bold; margin: 5px 0;\"><strong>Construction durable<\/strong><\/p>\n<p style=\"margin: 0;\">Con\u00e7ue avec des mat\u00e9riaux haut de gamme, cette valise est dot\u00e9e d&#039;un cadre en aluminium robuste et de coins renforc\u00e9s. Sa structure robuste, gage d&#039;un \u00e9quipement de qualit\u00e9 professionnelle, est fabriqu\u00e9e par une usine de flight cases exp\u00e9riment\u00e9e, offrant la durabilit\u00e9 n\u00e9cessaire aux environnements exigeants.<\/p>\n<\/div>\n<\/div>\n<div style=\"background-color: #29599a; padding: 40px 20px; text-align: center; color: #ffffff; border-radius: 10px; margin: 40px auto; max-width: 960px;\">\n<h2 style=\"font-size: 22px; margin-bottom: 20px; font-weight: bold;\">B\u00e9n\u00e9ficiez d&#039;une protection de qualit\u00e9 professionnelle aupr\u00e8s d&#039;un fournisseur de flight cases de confiance : commandez votre valise d\u00e8s aujourd&#039;hui !<\/h2>\n<p><a style=\"display: inline-block; padding: 12px 28px; background-color: #ffffff; color: #29599a; text-decoration: none; border-radius: 6px; font-weight: bold;\" href=\"https:\/\/suncasesupply.com\/fr\/contact-us\/\" target=\"_blank\" rel=\"noopener\">Obtenez un devis aujourd&#039;hui<br \/>\n<\/a><\/p>\n<\/div>\n<h4><span style=\"color: #003366;\">Processus de fabrication du Flight Case :<\/span><\/h4>\n<p><img decoding=\"async\" style=\"max-width: 100%; height: auto; margin-bottom: 10px;\" src=\"https:\/\/suncasesupply.com\/wp-content\/uploads\/2025\/07\/Flight-Cases-Manufacturing-Process.png\" alt=\"Processus de fabrication de Suncase\" \/><\/p>\n<h4><span style=\"color: #003366;\">Informations utiles pour les acheteurs en gros\u00a0:<\/span><\/h4>\n<ul>\n<li><a href=\"https:\/\/suncasesupply.com\/fr\/blog\/what-is-an-ata-case\/\">Qu&#039;est-ce qu&#039;un cas ATA ? Tout ce que vous devez savoir<\/a><\/li>\n<li><a href=\"https:\/\/suncasesupply.com\/fr\/blog\/flight-case\/how-to-choose\/\">Comment choisir les meilleurs Flight Cases<\/a><\/li>\n<li><a href=\"https:\/\/suncasesupply.com\/fr\/blog\/flight-case\/how-to-clean\/\">Comment nettoyer un Flight Case ?<\/a><\/li>\n<li><a href=\"https:\/\/suncasesupply.com\/fr\/blog\/flight-case\/guide-for-musician\/\">Tout ce que les musiciens doivent savoir sur les Flight Cases<\/a><\/li>\n<\/ul>","protected":false},"excerpt":{"rendered":"<p>Mod\u00e8le : SC-BA0001<\/p>\n<p>Taille: 1660 x 550 x 750 mm<\/p>\n<p>Quantit\u00e9 minimale de commande : 5 pi\u00e8ces<\/p>\n<p>D\u00e9lai de livraison : 15-25 jours<\/p>\n<p>\u00c9chantillon\u00a0: Disponible<\/p>","protected":false},"featured_media":25384,"template":"","meta":{"_gspb_post_css":""},"product_cat":[91],"product_tag":[],"featured_image_urls":{"full":["https:\/\/suncasesupply.com\/wp-content\/uploads\/2025\/05\/cable-flight-case.jpg",800,800,false],"thumbnail":["https:\/\/suncasesupply.com\/wp-content\/uploads\/2025\/05\/cable-flight-case-150x150.jpg",150,150,true],"medium":["https:\/\/suncasesupply.com\/wp-content\/uploads\/2025\/05\/cable-flight-case-300x300.jpg",300,300,true],"medium_large":["https:\/\/suncasesupply.com\/wp-content\/uploads\/2025\/05\/cable-flight-case-768x768.jpg",768,768,true],"large":["https:\/\/suncasesupply.com\/wp-content\/uploads\/2025\/05\/cable-flight-case.jpg",800,800,false],"1536x1536":["https:\/\/suncasesupply.com\/wp-content\/uploads\/2025\/05\/cable-flight-case.jpg",800,800,false],"2048x2048":["https:\/\/suncasesupply.com\/wp-content\/uploads\/2025\/05\/cable-flight-case.jpg",800,800,false],"trp-custom-language-flag":["https:\/\/suncasesupply.com\/wp-content\/uploads\/2025\/05\/cable-flight-case-12x12.jpg",12,12,true],"woocommerce_thumbnail":["https:\/\/suncasesupply.com\/wp-content\/uploads\/2025\/05\/cable-flight-case-300x300.jpg",300,300,true],"woocommerce_single":["https:\/\/suncasesupply.com\/wp-content\/uploads\/2025\/05\/cable-flight-case-600x600.jpg",600,600,true],"woocommerce_gallery_thumbnail":["https:\/\/suncasesupply.com\/wp-content\/uploads\/2025\/05\/cable-flight-case-100x100.jpg",100,100,true]},"post_excerpt_stackable":"<p>Model : SC-BA0001<\/p>\n<p>Size: \u00a01660 x 550 x 750 mm<\/p>\n<p>MOQ: 5pcs<\/p>\n<p>Delivery Time : 15-25 Days<\/p>\n<p>Sample : Available<\/p>\n","category_list":"","author_info":{"name":"","url":""},"comments_num":"0 commentaire","_links":{"self":[{"href":"https:\/\/suncasesupply.com\/fr\/wp-json\/wp\/v2\/product\/24096"}],"collection":[{"href":"https:\/\/suncasesupply.com\/fr\/wp-json\/wp\/v2\/product"}],"about":[{"href":"https:\/\/suncasesupply.com\/fr\/wp-json\/wp\/v2\/types\/product"}],"wp:featuredmedia":[{"embeddable":true,"href":"https:\/\/suncasesupply.com\/fr\/wp-json\/wp\/v2\/media\/25384"}],"wp:attachment":[{"href":"https:\/\/suncasesupply.com\/fr\/wp-json\/wp\/v2\/media?parent=24096"}],"wp:term":[{"taxonomy":"product_cat","embeddable":true,"href":"https:\/\/suncasesupply.com\/fr\/wp-json\/wp\/v2\/product_cat?post=24096"},{"taxonomy":"product_tag","embeddable":true,"href":"https:\/\/suncasesupply.com\/fr\/wp-json\/wp\/v2\/product_tag?post=24096"}],"curies":[{"name":"wp","href":"https:\/\/api.w.org\/{rel}","templated":true}]}}