{"id":24037,"date":"2024-11-15T15:15:06","date_gmt":"2024-11-15T07:15:06","guid":{"rendered":"https:\/\/suncasesupply.com\/?post_type=product&#038;p=24037"},"modified":"2026-03-16T22:49:22","modified_gmt":"2026-03-16T14:49:22","slug":"aluminum-vinyl-record-case-silver-lp-collection-and-storage-case-7-lp-record-box","status":"publish","type":"product","link":"https:\/\/suncasesupply.com\/fr\/product\/aluminum-vinyl-record-case-silver-lp-collection-and-storage-case-7-lp-record-box\/","title":{"rendered":"Bo\u00eetier en aluminium pour disques vinyles Bo\u00eetier de rangement et de collection en argent pour disques vinyles 7\u2033"},"content":{"rendered":"<h4><span style=\"color: #003366;\">Caract\u00e9ristiques:<\/span><\/h4>\n<ul>\n<li><strong>Mat\u00e9riaux robustes<\/strong>\u00a0 Cet \u00e9tui en aluminium pour disques vinyles est con\u00e7u pour ranger des vinyles de 7 pouces. Il est compos\u00e9 d&#039;aluminium robuste, d&#039;un panneau ABS, d&#039;un panneau MDF, d&#039;une doublure EVA et d&#039;accessoires m\u00e9talliques robustes pour une protection efficace contre l&#039;abrasion.<\/li>\n<li><strong>Grand espace de rangement<\/strong>\u00a0 Les dimensions de ce coffret sont enti\u00e8rement adapt\u00e9es aux disques 7 pouces et peuvent contenir jusqu&#039;\u00e0 120 disques. Ce coffret de rangement pour disques vinyles est id\u00e9al pour les collectionneurs.<\/li>\n<li><strong>Stockage s\u00fbr et fiable<\/strong>\u00a0 L&#039;int\u00e9rieur de la bo\u00eete \u00e0 disques vinyle est recouvert d&#039;une doublure douce en EVA pour prot\u00e9ger les disques des dommages, et la serrure prot\u00e8ge efficacement votre collection de disques contre le vol, ce qui la rend extr\u00eamement s\u00fbre.<\/li>\n<\/ul>\n<h4><span style=\"color: #003366;\">D\u00e9tails du produit :<\/span><\/h4>\n<div style=\"display: flex; gap: 20px;\">\n<p><!-- \u7b2c\u4e00\u680f --><\/p>\n<div style=\"flex: 1; text-align: center;\">\n<p><img decoding=\"async\" style=\"max-width: 100%; height: auto; margin-bottom: 10px;\" src=\"https:\/\/suncasesupply.com\/wp-content\/uploads\/2025\/03\/Inside-Compartent.png\" alt=\"Compartiment int\u00e9rieur\" \/><\/p>\n<p style=\"font-weight: bold; margin: 5px 0;\">Compartiment int\u00e9rieur<\/p>\n<p style=\"margin: 0;\">L&#039;int\u00e9rieur de ce coffret est doubl\u00e9 d&#039;un rembourrage doux en EVA pour prot\u00e9ger vos disques. La cloison centrale divise l&#039;espace en deux, permettant de ranger deux rang\u00e9es de 45 tours, pour une collection de disques bien organis\u00e9e. C&#039;est l&#039;un des coffrets de rangement pour vinyles les plus pratiques pour les collectionneurs.<\/p>\n<\/div>\n<div style=\"flex: 1; text-align: center;\">\n<p><img decoding=\"async\" style=\"max-width: 100%; height: auto; margin-bottom: 10px;\" src=\"https:\/\/suncasesupply.com\/wp-content\/uploads\/2025\/03\/ABS-surface.png\" alt=\"Surface ABS\" \/><\/p>\n<p style=\"font-weight: bold; margin: 5px 0;\">Surface ABS<\/p>\n<p style=\"margin: 0;\">La surface est en mat\u00e9riau \u00e0 motif diamant, tr\u00e8s esth\u00e9tique et moderne. Ce mat\u00e9riau prot\u00e8ge efficacement le coffret de disques vinyle des rayures, assurant ainsi une plus grande durabilit\u00e9.<\/p>\n<\/div>\n<div style=\"flex: 1; text-align: center;\">\n<p><img decoding=\"async\" style=\"max-width: 100%; height: auto; margin-bottom: 10px;\" src=\"https:\/\/suncasesupply.com\/wp-content\/uploads\/2025\/03\/Sturdy-handle-2.png\" alt=\"Poign\u00e9e robuste\" \/><\/p>\n<p style=\"font-weight: bold; margin: 5px 0;\">Poign\u00e9e robuste<\/p>\n<p style=\"margin: 0;\">La poign\u00e9e, en m\u00e9tal robuste et caoutchouc souple, est \u00e0 la fois solide et confortable pour un transport ais\u00e9. Sa qualit\u00e9 lui permet de supporter un certain poids. Que vous collectionniez vos disques vinyles \u00e0 la maison ou que vous les transportiez, cette bo\u00eete de rangement est id\u00e9ale.<\/p>\n<\/div>\n<p><!-- \u7b2c\u56db\u680f --><\/p>\n<div style=\"flex: 1; text-align: center;\">\n<p><img decoding=\"async\" style=\"max-width: 100%; height: auto; margin-bottom: 10px;\" src=\"https:\/\/suncasesupply.com\/wp-content\/uploads\/2025\/03\/Feet.png\" alt=\"Pieds antifriction\" \/><\/p>\n<p style=\"font-weight: bold; margin: 5px 0;\">Pieds antifriction<\/p>\n<p style=\"margin: 0;\">Quatre pieds sont install\u00e9s \u00e0 l&#039;arri\u00e8re de la bo\u00eete, ce qui permet d&#039;\u00e9viter les frottements et de prot\u00e9ger la bo\u00eete lorsque vous la posez sur une table ou sur le sol, la rendant ainsi plus durable et garantissant que les bo\u00eetes de rangement pour disques vinyles restent en bon \u00e9tat m\u00eame en cas d&#039;utilisation fr\u00e9quente.<\/p>\n<\/div>\n<\/div>\n<div style=\"background-color: #29599a; padding: 40px 20px; text-align: center; color: #ffffff; border-radius: 10px; margin: 40px auto; max-width: 960px;\">\n<h2 style=\"font-size: 22px; margin-bottom: 20px; font-weight: bold;\"><span style=\"color: #ffffff;\">B\u00e9n\u00e9ficiez d&#039;une protection optimale et de prix de gros pour vos commandes d&#039;\u00e9tuis pour disques vinyles en aluminium\u00a0! Contactez Sun Case d\u00e8s aujourd&#039;hui\u00a0!<\/span><\/h2>\n<p><a style=\"display: inline-block; padding: 12px 28px; background-color: #ffffff; color: #29599a; text-decoration: none; border-radius: 6px; font-weight: bold;\" href=\"https:\/\/suncasesupply.com\/fr\/contact-us\/\" target=\"_blank\" rel=\"noopener\">Obtenir un devis<br \/>\n<\/a><\/p>\n<\/div>\n<h4><span style=\"color: #003366;\">Processus de fabrication d&#039;un bo\u00eetier de disque vinyle en aluminium :<\/span><\/h4>\n<p><img decoding=\"async\" style=\"max-width: 100%; height: auto; margin-bottom: 10px;\" src=\"https:\/\/suncasesupply.com\/wp-content\/uploads\/2025\/07\/Manufacturing-Process.png\" alt=\"Processus de fabrication de Suncase\" \/><\/p>\n<div style=\"display: flex; gap: 20px;\">\n<p><!-- \u7b2c\u4e00\u680f \u6d41\u7a0b1--><\/p>\n<div style=\"flex: 1; text-align: center;\"><\/div>\n<\/div>\n<div style=\"display: flex; gap: 20px;\">\n<div style=\"flex: 1; text-align: center;\">\n<p style=\"font-weight: bold; margin: 5px 0;\">\n<\/div>\n<\/div>\n<h4><span style=\"color: #003366;\">Informations utiles pour les acheteurs en gros\u00a0:<\/span><\/h4>\n<ul>\n<li><a href=\"https:\/\/suncasesupply.com\/fr\/blog\/size-of-the-vinyl-record-case\/\">Quelle est la taille du bo\u00eetier pour disque vinyle &gt;&gt;<\/a><\/li>\n<li><a href=\"https:\/\/suncasesupply.com\/fr\/blog\/what-vinyl-record-case-made-of\/\">De quoi sont faits les bo\u00eetiers de disques vinyles ?<\/a><\/li>\n<li><a href=\"https:\/\/suncasesupply.com\/fr\/blog\/custom-aluminum-case\/aluminum-storage-box-for-organization\/\">Comment stocker des disques vinyles avec un bo\u00eetier en aluminium ?<\/a><\/li>\n<\/ul>","protected":false},"excerpt":{"rendered":"<p>Mod\u00e8le : Z49<\/p>\n<p>Taille: 43x 37 x 22,5cm<\/p>\n<p>Capacit\u00e9 : 120 LP 7\u2033<\/p>\n<p>Quantit\u00e9 minimale de commande : 100 pi\u00e8ces<\/p>\n<p>D\u00e9lai de livraison : 15-25 jours<\/p>\n<p>\u00c9chantillon\u00a0: Disponible<\/p>","protected":false},"featured_media":25377,"template":"","meta":{"_gspb_post_css":""},"product_cat":[83],"product_tag":[],"featured_image_urls":{"full":["https:\/\/suncasesupply.com\/wp-content\/uploads\/2025\/05\/aluminum-lp-case.jpg",800,800,false],"thumbnail":["https:\/\/suncasesupply.com\/wp-content\/uploads\/2025\/05\/aluminum-lp-case-150x150.jpg",150,150,true],"medium":["https:\/\/suncasesupply.com\/wp-content\/uploads\/2025\/05\/aluminum-lp-case-300x300.jpg",300,300,true],"medium_large":["https:\/\/suncasesupply.com\/wp-content\/uploads\/2025\/05\/aluminum-lp-case-768x768.jpg",768,768,true],"large":["https:\/\/suncasesupply.com\/wp-content\/uploads\/2025\/05\/aluminum-lp-case.jpg",800,800,false],"1536x1536":["https:\/\/suncasesupply.com\/wp-content\/uploads\/2025\/05\/aluminum-lp-case.jpg",800,800,false],"2048x2048":["https:\/\/suncasesupply.com\/wp-content\/uploads\/2025\/05\/aluminum-lp-case.jpg",800,800,false],"trp-custom-language-flag":["https:\/\/suncasesupply.com\/wp-content\/uploads\/2025\/05\/aluminum-lp-case-12x12.jpg",12,12,true],"woocommerce_thumbnail":["https:\/\/suncasesupply.com\/wp-content\/uploads\/2025\/05\/aluminum-lp-case-300x300.jpg",300,300,true],"woocommerce_single":["https:\/\/suncasesupply.com\/wp-content\/uploads\/2025\/05\/aluminum-lp-case-600x600.jpg",600,600,true],"woocommerce_gallery_thumbnail":["https:\/\/suncasesupply.com\/wp-content\/uploads\/2025\/05\/aluminum-lp-case-100x100.jpg",100,100,true]},"post_excerpt_stackable":"<p>Model : Z49<\/p>\n<p>Size: 43x 37 x 22,5cm<\/p>\n<p>Capacity: 120 x 7&#8243; LPs<\/p>\n<p>MOQ: 100pcs<\/p>\n<p>Delivery Time : 15-25 Days<\/p>\n<p>Sample : Available<\/p>\n","category_list":"","author_info":{"name":"","url":""},"comments_num":"0 commentaire","_links":{"self":[{"href":"https:\/\/suncasesupply.com\/fr\/wp-json\/wp\/v2\/product\/24037"}],"collection":[{"href":"https:\/\/suncasesupply.com\/fr\/wp-json\/wp\/v2\/product"}],"about":[{"href":"https:\/\/suncasesupply.com\/fr\/wp-json\/wp\/v2\/types\/product"}],"wp:featuredmedia":[{"embeddable":true,"href":"https:\/\/suncasesupply.com\/fr\/wp-json\/wp\/v2\/media\/25377"}],"wp:attachment":[{"href":"https:\/\/suncasesupply.com\/fr\/wp-json\/wp\/v2\/media?parent=24037"}],"wp:term":[{"taxonomy":"product_cat","embeddable":true,"href":"https:\/\/suncasesupply.com\/fr\/wp-json\/wp\/v2\/product_cat?post=24037"},{"taxonomy":"product_tag","embeddable":true,"href":"https:\/\/suncasesupply.com\/fr\/wp-json\/wp\/v2\/product_tag?post=24037"}],"curies":[{"name":"wp","href":"https:\/\/api.w.org\/{rel}","templated":true}]}}