{"id":24017,"date":"2024-11-15T14:08:02","date_gmt":"2024-11-15T06:08:02","guid":{"rendered":"https:\/\/suncasesupply.com\/?post_type=product&#038;p=24017"},"modified":"2025-11-04T16:03:15","modified_gmt":"2025-11-04T08:03:15","slug":"pu-lp-storage-case-vinyl-record-box-for-50-lps-cherry-pattern","status":"publish","type":"product","link":"https:\/\/suncasesupply.com\/fr\/product\/pu-lp-storage-case-vinyl-record-box-for-50-lps-cherry-pattern\/","title":{"rendered":"Bo\u00eete de rangement en PU pour disques vinyles pour 50 disques vinyles Motif cerise"},"content":{"rendered":"<h4><span style=\"color: #003366;\">Caract\u00e9ristiques:<\/span><\/h4>\n<ul>\n<li data-start=\"78\" data-end=\"221\"><strong>Solution de stockage parfaite :<\/strong> Cet \u00e9tui de rangement en PU pour disques vinyles est con\u00e7u pour stocker et collecter en toute s\u00e9curit\u00e9 tous vos pr\u00e9cieux disques vinyles 12 pouces.<\/li>\n<li data-start=\"223\" data-end=\"470\"><strong>Design \u00e9l\u00e9gant et r\u00e9tro :<\/strong> Il pr\u00e9sente un motif cerise rose et vinyles, doubl\u00e9 d&#039;une doublure rouge \u00e0 l&#039;int\u00e9rieur, affichant un style r\u00e9solument am\u00e9ricain. Il est non seulement fonctionnel, mais aussi une belle d\u00e9coration pour votre maison, ou un cadeau attentionn\u00e9.<\/li>\n<li data-start=\"472\" data-end=\"621\"><strong>Grande capacit\u00e9 :<\/strong> L&#039;\u00e9tui a une capacit\u00e9 parfaite pour 30 \u00e0 50 vinyles 12 pouces, ce qui en fait un choix pratique pour les collectionneurs ayant des collections croissantes.<\/li>\n<li data-start=\"623\" data-end=\"824\"><strong>Protection compl\u00e8te :<\/strong> L&#039;int\u00e9rieur enti\u00e8rement doubl\u00e9 prot\u00e8ge vos vinyles des dommages. Cet \u00e9l\u00e9gant \u00e9tui de rangement pour vinyles est \u00e9galement un \u00e9tui protecteur pour les passionn\u00e9s.<\/li>\n<li data-start=\"826\" data-end=\"1006\"><strong>Utilisations et noms multiples\u00a0:<\/strong> De nombreux utilisateurs l&#039;appellent \u00e9galement un \u00e9tui de rangement pour disques vinyles LP ou m\u00eame une bo\u00eete de rangement polyvalente pour disques vinyles, gr\u00e2ce \u00e0 sa conception multifonctionnelle.<\/li>\n<\/ul>\n<h4><span style=\"color: #003366;\">D\u00e9tails du produit :<\/span><\/h4>\n<div style=\"display: flex; gap: 20px;\">\n<div style=\"flex: 1; text-align: center;\">\n<p><img decoding=\"async\" style=\"max-width: 100%; height: auto; margin-bottom: 10px;\" src=\"https:\/\/suncasesupply.com\/wp-content\/uploads\/2025\/03\/Sturdy-handle.png\" alt=\"Poign\u00e9e robuste\" \/><\/p>\n<p style=\"font-weight: bold; margin: 5px 0;\"><strong><b>Poign\u00e9e robuste<\/b><\/strong><\/p>\n<p style=\"margin: 0;\">La poign\u00e9e est fabriqu\u00e9e en m\u00e9tal de haute qualit\u00e9 et tr\u00e8s robuste. Elle est recouverte de cuir PU au m\u00eame motif, assorti au m\u00e9tal bronze et \u00e0 l&#039;esprit r\u00e9tro am\u00e9ricain.<\/p>\n<\/div>\n<p><!-- \u7b2c\u4e8c\u680f --><\/p>\n<div style=\"flex: 1; text-align: center;\">\n<p><img decoding=\"async\" style=\"max-width: 100%; height: auto; margin-bottom: 10px;\" src=\"https:\/\/suncasesupply.com\/wp-content\/uploads\/2025\/03\/Strong-hardware.png\" alt=\"Mat\u00e9riel solide\" \/><\/p>\n<p style=\"font-weight: bold; margin: 5px 0;\"><strong><b>Mat\u00e9riel solide<\/b><\/strong><\/p>\n<p style=\"margin: 0;\">Ce coffret est \u00e9quip\u00e9 de poign\u00e9es, de coins, de serrures et d&#039;autres accessoires m\u00e9talliques. Il offre une protection optimale \u00e0 vos disques vinyles. Tous les accessoires sont en bronze, assortis aux motifs cerise rose et l\u00e8vres pour une touche r\u00e9tro. C&#039;est un choix id\u00e9al pour les collectionneurs de disques.<\/p>\n<\/div>\n<p><!-- \u7b2c\u4e09\u680f --><\/p>\n<div style=\"flex: 1; text-align: center;\">\n<p><img decoding=\"async\" style=\"max-width: 100%; height: auto; margin-bottom: 10px;\" src=\"https:\/\/suncasesupply.com\/wp-content\/uploads\/2025\/03\/Soft-interior.png\" alt=\"Int\u00e9rieur doux\" \/><\/p>\n<p style=\"font-weight: bold; margin: 5px 0;\">Int\u00e9rieur doux<\/p>\n<p style=\"margin: 0;\">L&#039;int\u00e9rieur en velours doux prot\u00e8ge vos disques des dommages. La couleur de la flanelle peut \u00eatre assortie au motif du PU ext\u00e9rieur.<\/p>\n<\/div>\n<p><!-- \u7b2c\u56db\u680f --><\/p>\n<div style=\"flex: 1; text-align: center;\">\n<p><img decoding=\"async\" style=\"max-width: 100%; height: auto; margin-bottom: 10px;\" src=\"https:\/\/suncasesupply.com\/wp-content\/uploads\/2025\/03\/Retro-Pattern.png\" alt=\"Motif r\u00e9tro\" \/><\/p>\n<p style=\"font-weight: bold; margin: 5px 0;\">Motif r\u00e9tro<\/p>\n<p style=\"margin: 0;\">Fabriqu\u00e9 en cuir PU imperm\u00e9able, il est facile \u00e0 nettoyer. Ses motifs cerises et l\u00e8vres rouges \u00e9voquent un style r\u00e9tro am\u00e9ricain. C&#039;est non seulement un excellent \u00e9tui de rangement pour disques vinyles, mais aussi une belle d\u00e9coration pour votre int\u00e9rieur.<\/p>\n<\/div>\n<\/div>\n<div style=\"background-color: #29599a; padding: 40px 20px; text-align: center; color: #ffffff; border-radius: 10px; margin: 40px auto; max-width: 960px;\">\n<h2 style=\"font-size: 22px; margin-bottom: 20px; font-weight: bold;\"><span style=\"color: #ffffff;\">Commandez d\u00e8s aujourd&#039;hui l&#039;\u00e9tui de rangement Sun Case Pu Lp, MOQ 100 pi\u00e8ces disponibles.<\/span><\/h2>\n<p><a style=\"display: inline-block; padding: 12px 28px; background-color: #ffffff; color: #29599a; text-decoration: none; border-radius: 6px; font-weight: bold;\" href=\"https:\/\/suncasesupply.com\/fr\/contact-us\/\" target=\"_blank\" rel=\"noopener\">Obtenez un devis aujourd&#039;hui<br \/>\n<\/a><\/p>\n<\/div>\n<h4><span style=\"color: #003366;\">Processus de fabrication de la bo\u00eete de rangement pour vinyles :<\/span><\/h4>\n<p><img decoding=\"async\" style=\"max-width: 100%; height: auto; margin-bottom: 10px;\" src=\"https:\/\/suncasesupply.com\/wp-content\/uploads\/2025\/07\/Manufacturing-Process.png\" alt=\"Processus de fabrication de Suncase\" \/><\/p>\n<div style=\"display: flex; gap: 20px;\"><\/div>\n<div style=\"display: flex; gap: 20px;\">\n<div style=\"flex: 1; text-align: center;\">\n<p style=\"font-weight: bold; margin: 5px 0;\">\n<\/div>\n<\/div>\n<h4><span style=\"color: #003366;\">Informations utiles pour les acheteurs en gros\u00a0:<\/span><\/h4>\n<ul>\n<li class=\"page-title\" title=\"Qu\u2019est-ce qui rend les cartes de sport si pr\u00e9cieuses ?\">\n<p class=\"page-title\" title=\"Quelle est la taille du bo\u00eetier du disque vinyle ?\"><a href=\"https:\/\/suncasesupply.com\/fr\/blog\/size-of-the-vinyl-record-case\/\">Quelle est la taille du bo\u00eetier pour disque vinyle &gt;&gt;<\/a><\/p>\n<\/li>\n<li title=\"Qu\u2019est-ce qui rend les cartes de sport si pr\u00e9cieuses ?\"><a href=\"https:\/\/suncasesupply.com\/fr\/blog\/what-vinyl-record-case-made-of\/\">De quoi sont faits les bo\u00eetiers de disques vinyles ?<\/a><\/li>\n<li title=\"Qu\u2019est-ce qui rend les cartes de sport si pr\u00e9cieuses ?\"><a href=\"https:\/\/suncasesupply.com\/fr\/blog\/custom-aluminum-case\/aluminum-storage-box-for-organization\/\">Comment stocker des disques vinyles avec un bo\u00eetier en aluminium ?<\/a><\/li>\n<\/ul>","protected":false},"excerpt":{"rendered":"<p>Mod\u00e8le : Z46<\/p>\n<p>Taille: 36x 18x 36cm<\/p>\n<p>Capacit\u00e9 : 50x vinyles 12\u2033<\/p>\n<p>Quantit\u00e9 minimale de commande : 100 pi\u00e8ces<\/p>\n<p>D\u00e9lai de livraison : 15-25 jours<\/p>\n<p>\u00c9chantillon\u00a0: Disponible<\/p>","protected":false},"featured_media":25373,"template":"","meta":{"_gspb_post_css":""},"product_cat":[83],"product_tag":[],"featured_image_urls":{"full":["https:\/\/suncasesupply.com\/wp-content\/uploads\/2025\/05\/PU-Record-box.jpg",800,800,false],"thumbnail":["https:\/\/suncasesupply.com\/wp-content\/uploads\/2025\/05\/PU-Record-box-150x150.jpg",150,150,true],"medium":["https:\/\/suncasesupply.com\/wp-content\/uploads\/2025\/05\/PU-Record-box-300x300.jpg",300,300,true],"medium_large":["https:\/\/suncasesupply.com\/wp-content\/uploads\/2025\/05\/PU-Record-box-768x768.jpg",768,768,true],"large":["https:\/\/suncasesupply.com\/wp-content\/uploads\/2025\/05\/PU-Record-box.jpg",800,800,false],"1536x1536":["https:\/\/suncasesupply.com\/wp-content\/uploads\/2025\/05\/PU-Record-box.jpg",800,800,false],"2048x2048":["https:\/\/suncasesupply.com\/wp-content\/uploads\/2025\/05\/PU-Record-box.jpg",800,800,false],"trp-custom-language-flag":["https:\/\/suncasesupply.com\/wp-content\/uploads\/2025\/05\/PU-Record-box-12x12.jpg",12,12,true],"woocommerce_thumbnail":["https:\/\/suncasesupply.com\/wp-content\/uploads\/2025\/05\/PU-Record-box-300x300.jpg",300,300,true],"woocommerce_single":["https:\/\/suncasesupply.com\/wp-content\/uploads\/2025\/05\/PU-Record-box-600x600.jpg",600,600,true],"woocommerce_gallery_thumbnail":["https:\/\/suncasesupply.com\/wp-content\/uploads\/2025\/05\/PU-Record-box-100x100.jpg",100,100,true]},"post_excerpt_stackable":"<p>Model : Z46<\/p>\n<p>Size: 36x 18x 36cm<\/p>\n<p>Capacity: 50x 12&#8243; LPs<\/p>\n<p>MOQ: 100pcs<\/p>\n<p>Delivery Time : 15-25 Days<\/p>\n<p>Sample : Available<\/p>\n","category_list":"","author_info":{"name":"","url":""},"comments_num":"0 commentaire","_links":{"self":[{"href":"https:\/\/suncasesupply.com\/fr\/wp-json\/wp\/v2\/product\/24017"}],"collection":[{"href":"https:\/\/suncasesupply.com\/fr\/wp-json\/wp\/v2\/product"}],"about":[{"href":"https:\/\/suncasesupply.com\/fr\/wp-json\/wp\/v2\/types\/product"}],"wp:featuredmedia":[{"embeddable":true,"href":"https:\/\/suncasesupply.com\/fr\/wp-json\/wp\/v2\/media\/25373"}],"wp:attachment":[{"href":"https:\/\/suncasesupply.com\/fr\/wp-json\/wp\/v2\/media?parent=24017"}],"wp:term":[{"taxonomy":"product_cat","embeddable":true,"href":"https:\/\/suncasesupply.com\/fr\/wp-json\/wp\/v2\/product_cat?post=24017"},{"taxonomy":"product_tag","embeddable":true,"href":"https:\/\/suncasesupply.com\/fr\/wp-json\/wp\/v2\/product_tag?post=24017"}],"curies":[{"name":"wp","href":"https:\/\/api.w.org\/{rel}","templated":true}]}}