{"id":23935,"date":"2024-11-08T15:25:39","date_gmt":"2024-11-08T07:25:39","guid":{"rendered":"https:\/\/suncasesupply.com\/?post_type=product&#038;p=23935"},"modified":"2025-09-04T15:19:01","modified_gmt":"2025-09-04T07:19:01","slug":"100-graded-coin-slab-case-aluminum-coin-storage-box","status":"publish","type":"product","link":"https:\/\/suncasesupply.com\/fr\/product\/100-graded-coin-slab-case-aluminum-coin-storage-box\/","title":{"rendered":"Bo\u00eete de rangement en aluminium pour pi\u00e8ces de monnaie gradu\u00e9es de 100 pi\u00e8ces"},"content":{"rendered":"<h4><span style=\"color: #003366;\">Caract\u00e9ristiques:<\/span><\/h4>\n<ul>\n<li><strong><b>Construction<\/b><\/strong>La bo\u00eete de rangement en aluminium pour pi\u00e8ces de monnaie est robuste et durable, r\u00e9sistante \u00e0 la pression et aux chocs. Son cadre en aluminium renforc\u00e9 et ses coins robustes r\u00e9sistent efficacement aux chocs, \u00e0 l&#039;extrusion et aux chutes.<\/li>\n<li><strong><b>Mise en page professionnelle<\/b><\/strong>:Cette vitrine de dalles de pi\u00e8ces avec une conception \u00e0 5 rang\u00e9es, chaque rang\u00e9e peut accueillir 20 bo\u00eetiers de dalles de pi\u00e8ces NGC ou PCGS et prot\u00e9ger votre collection de dalles de pi\u00e8ces contre les dommages.<\/li>\n<li><strong><b>protection<\/b><\/strong>Prot\u00e9gez vos pi\u00e8ces tout en les gardant organis\u00e9es pour un rangement, un transport et un d\u00e9placement faciles. Les collectionneurs peuvent \u00e9galement l&#039;utiliser avec <strong data-start=\"669\" data-end=\"696\">bo\u00eetes de rangement pour pi\u00e8ces de monnaie<\/strong> pour une s\u00e9curit\u00e9 maximale.<\/li>\n<li><strong><b>Capacit\u00e9 diversifi\u00e9e<\/b><\/strong>:Il existe diff\u00e9rentes tailles au choix, de la petite \u00e0 la grande, pour r\u00e9pondre aux besoins de diff\u00e9rentes collections, m\u00eame adapt\u00e9es comme vitrine de cartes class\u00e9es 100 pour les collectionneurs de cartes.<\/li>\n<\/ul>\n<h4><span style=\"color: #003366;\">D\u00e9tails du produit :<\/span><\/h4>\n<div style=\"display: flex; gap: 20px;\">\n<p><!-- \u7b2c\u4e00\u680f --><\/p>\n<div style=\"flex: 1; text-align: center;\">\n<p><img decoding=\"async\" style=\"max-width: 100%; height: auto; margin-bottom: 10px;\" src=\"https:\/\/suncasesupply.com\/wp-content\/uploads\/2025\/08\/1-EVA-Slots.jpg\" alt=\"Emplacements EVA\" \/><\/p>\n<p style=\"font-weight: bold; margin: 5px 0;\"><strong><b>Emplacements EVA<\/b><\/strong><\/p>\n<p style=\"margin: 0;\">Le couvercle inf\u00e9rieur du coffret est compos\u00e9 de fentes en EVA noir. La taille de chaque fente est personnalis\u00e9e en fonction de la taille des pi\u00e8ces. Chaque fente en EVA permet de fixer les pi\u00e8ces et sert \u00e9galement de pr\u00e9sentoir, s&#039;adaptant parfaitement aux coffrets de rangement.<\/p>\n<\/div>\n<div style=\"flex: 1; text-align: center;\">\n<p><img decoding=\"async\" style=\"max-width: 100%; height: auto; margin-bottom: 10px;\" src=\"https:\/\/suncasesupply.com\/wp-content\/uploads\/2025\/08\/2-Rubber-Feet.jpg\" alt=\"Pieds en caoutchouc\" \/><\/p>\n<p style=\"font-weight: bold; margin: 5px 0;\"><strong><b>Pieds en caoutchouc<\/b><\/strong><\/p>\n<p style=\"margin: 0;\">Le dessous de la tirelire est dot\u00e9 de quatre pieds en caoutchouc qui l&#039;emp\u00eachent de toucher le sol lorsqu&#039;elle est pos\u00e9e \u00e0 la verticale. Ce syst\u00e8me absorbe les chocs, amortit les impacts, est antid\u00e9rapant et assure une bonne stabilit\u00e9.<\/p>\n<\/div>\n<div style=\"flex: 1; text-align: center;\">\n<p><img decoding=\"async\" style=\"max-width: 100%; height: auto; margin-bottom: 10px;\" src=\"https:\/\/suncasesupply.com\/wp-content\/uploads\/2025\/08\/3-Lock-with-Key.jpg\" alt=\"Serrure \u00e0 cl\u00e9\" \/><\/p>\n<p style=\"font-weight: bold; margin: 5px 0;\"><strong><b>Serrure \u00e0 cl\u00e9<\/b><\/strong><\/p>\n<p style=\"margin: 0;\">Chaque coffret est \u00e9quip\u00e9 de deux serrures \u00e0 outils, chacune \u00e9tant associ\u00e9e \u00e0 deux cl\u00e9s. Ces serrures assurent la protection et renforcent la s\u00e9curit\u00e9 des coffrets \u00e0 pi\u00e8ces.<\/p>\n<\/div>\n<p><!-- \u7b2c\u56db\u680f --><\/p>\n<div style=\"flex: 1; text-align: center;\">\n<p><img decoding=\"async\" style=\"max-width: 100%; height: auto; margin-bottom: 10px;\" src=\"https:\/\/suncasesupply.com\/wp-content\/uploads\/2025\/08\/4-Handle.jpg\" alt=\"Poign\u00e9e\" \/><\/p>\n<p style=\"font-weight: bold; margin: 5px 0;\"><strong><b>Poign\u00e9e<\/b><\/strong><\/p>\n<p style=\"margin: 0;\">La poign\u00e9e facilite le transport de la vitrine. Robuste et r\u00e9sistante, elle est fabriqu\u00e9e avec des mat\u00e9riaux de haute qualit\u00e9. Elle allie praticit\u00e9 et confort.<\/p>\n<\/div>\n<\/div>\n<div style=\"background-color: #29599a; padding: 40px 20px; text-align: center; color: #ffffff; border-radius: 10px; margin: 40px auto; max-width: 960px;\">\n<h2 style=\"font-size: 22px; margin-bottom: 20px; font-weight: bold;\">Vitrine de pi\u00e8ces de monnaie Sun Case, fourniture en gros, MOQ 100 pour les collectionneurs.<\/h2>\n<p><a style=\"display: inline-block; padding: 12px 28px; background-color: #ffffff; color: #29599a; text-decoration: none; border-radius: 6px; font-weight: bold;\" href=\"https:\/\/suncasesupply.com\/fr\/contact-us\/\" target=\"_blank\" rel=\"noopener\">Obtenez un devis aujourd&#039;hui<br \/>\n<\/a><\/p>\n<\/div>\n<h4><span style=\"color: #003366;\">Processus de fabrication du bo\u00eetier de pi\u00e8ces de monnaie :<\/span><\/h4>\n<p><img decoding=\"async\" style=\"max-width: 100%; height: auto; margin-bottom: 10px;\" src=\"https:\/\/suncasesupply.com\/wp-content\/uploads\/2025\/07\/Manufacturing-Process.png\" alt=\"Processus de fabrication de Suncase\" \/><\/p>\n<h4><span style=\"color: #003366;\">Informations utiles pour les acheteurs en gros\u00a0:<\/span><\/h4>\n<ul>\n<li>\n<p class=\"page-title\" title=\"Comment stocker les plaques de pi\u00e8ces de monnaie\"><a href=\"https:\/\/suncasesupply.com\/fr\/blog\/how-do-you-store-coin-slabs\/\">Comment stocker les plaques de pi\u00e8ces de monnaie<\/a><\/p>\n<\/li>\n<li>\n<p class=\"page-title\" title=\"Top 3 des choix de porte-monnaie en aluminium\"><a href=\"https:\/\/suncasesupply.com\/fr\/blog\/custom-aluminum-case\/top-3-picks-of-aluminum-coin-case\/\">Top 3 des choix de porte-monnaie en aluminium<\/a><\/p>\n<\/li>\n<li>\n<p class=\"page-title\" title=\"Bo\u00eetes de rangement de pi\u00e8ces de monnaie en aluminium pour maintenir la qualit\u00e9 des pi\u00e8ces de monnaie\"><a href=\"https:\/\/suncasesupply.com\/fr\/blog\/custom-aluminum-case\/how-to-maintain-aluminum-coin-cases\/\">Bo\u00eetes de rangement de pi\u00e8ces de monnaie en aluminium pour maintenir la qualit\u00e9 des pi\u00e8ces de monnaie<\/a><\/p>\n<\/li>\n<\/ul>","protected":false},"excerpt":{"rendered":"<p>Mod\u00e8le : KY210<\/p>\n<p>Taille : 42 x 32 x 11,5 cm<\/p>\n<p>Couleurs : Cadre en aluminium argent\u00e9 + panneau noir<\/p>\n<p>Mat\u00e9riaux : Cadre en aluminium, panneau MDF, panneau ABS, accessoires.<\/p>\n<p>Logo : Logo en plaque m\u00e9tallique<\/p>\n<p>Quantit\u00e9 minimale de commande : 100 pi\u00e8ces<\/p>\n<p>D\u00e9lai de livraison : 15-25 jours<\/p>","protected":false},"featured_media":25376,"template":"","meta":{"_gspb_post_css":""},"product_cat":[84],"product_tag":[],"featured_image_urls":{"full":["https:\/\/suncasesupply.com\/wp-content\/uploads\/2025\/05\/coin-case.jpg",800,800,false],"thumbnail":["https:\/\/suncasesupply.com\/wp-content\/uploads\/2025\/05\/coin-case-150x150.jpg",150,150,true],"medium":["https:\/\/suncasesupply.com\/wp-content\/uploads\/2025\/05\/coin-case-300x300.jpg",300,300,true],"medium_large":["https:\/\/suncasesupply.com\/wp-content\/uploads\/2025\/05\/coin-case-768x768.jpg",768,768,true],"large":["https:\/\/suncasesupply.com\/wp-content\/uploads\/2025\/05\/coin-case.jpg",800,800,false],"1536x1536":["https:\/\/suncasesupply.com\/wp-content\/uploads\/2025\/05\/coin-case.jpg",800,800,false],"2048x2048":["https:\/\/suncasesupply.com\/wp-content\/uploads\/2025\/05\/coin-case.jpg",800,800,false],"trp-custom-language-flag":["https:\/\/suncasesupply.com\/wp-content\/uploads\/2025\/05\/coin-case-12x12.jpg",12,12,true],"woocommerce_thumbnail":["https:\/\/suncasesupply.com\/wp-content\/uploads\/2025\/05\/coin-case-300x300.jpg",300,300,true],"woocommerce_single":["https:\/\/suncasesupply.com\/wp-content\/uploads\/2025\/05\/coin-case-600x600.jpg",600,600,true],"woocommerce_gallery_thumbnail":["https:\/\/suncasesupply.com\/wp-content\/uploads\/2025\/05\/coin-case-100x100.jpg",100,100,true]},"post_excerpt_stackable":"<p>Model :KY210<\/p>\n<p>Size: 42\u00a0x 32\u00a0x 11.5cm<\/p>\n<p>Colors: Silver Aluminum frame+Black Panel<\/p>\n<p>Materials: Aluminum\u00a0frame, MDF Board, ABS\u00a0Panel, Accessories.<\/p>\n<p>Logo: Metal plate logo<\/p>\n<p>MOQ: 100pcs<\/p>\n<p>Delivery Time : 15-25 Days<\/p>\n","category_list":"","author_info":{"name":"","url":""},"comments_num":"0 commentaire","_links":{"self":[{"href":"https:\/\/suncasesupply.com\/fr\/wp-json\/wp\/v2\/product\/23935"}],"collection":[{"href":"https:\/\/suncasesupply.com\/fr\/wp-json\/wp\/v2\/product"}],"about":[{"href":"https:\/\/suncasesupply.com\/fr\/wp-json\/wp\/v2\/types\/product"}],"wp:featuredmedia":[{"embeddable":true,"href":"https:\/\/suncasesupply.com\/fr\/wp-json\/wp\/v2\/media\/25376"}],"wp:attachment":[{"href":"https:\/\/suncasesupply.com\/fr\/wp-json\/wp\/v2\/media?parent=23935"}],"wp:term":[{"taxonomy":"product_cat","embeddable":true,"href":"https:\/\/suncasesupply.com\/fr\/wp-json\/wp\/v2\/product_cat?post=23935"},{"taxonomy":"product_tag","embeddable":true,"href":"https:\/\/suncasesupply.com\/fr\/wp-json\/wp\/v2\/product_tag?post=23935"}],"curies":[{"name":"wp","href":"https:\/\/api.w.org\/{rel}","templated":true}]}}