{"id":23780,"date":"2024-10-25T16:32:04","date_gmt":"2024-10-25T08:32:04","guid":{"rendered":"https:\/\/suncasesupply.com\/?post_type=product&#038;p=23780"},"modified":"2026-03-17T01:22:47","modified_gmt":"2026-03-16T17:22:47","slug":"professional-aluminum-makeup-case-customized-carry-nail-storage-box-goldblack","status":"publish","type":"product","link":"https:\/\/suncasesupply.com\/fr\/product\/professional-aluminum-makeup-case-customized-carry-nail-storage-box-goldblack\/","title":{"rendered":"Mallette de maquillage professionnelle en aluminium, bo\u00eete de rangement personnalis\u00e9e pour ongles, or et noir"},"content":{"rendered":"<h4><span style=\"color: #003366;\">Caract\u00e9ristiques:<\/span><\/h4>\n<ul>\n<li><strong><b>Sens du luxe : <\/b><\/strong>L&#039;or rose est une couleur m\u00e9tallique qui \u00e9voque le luxe discret et l&#039;\u00e9l\u00e9gance. La structure en aluminium de cette trousse de maquillage est en or rose, assortie \u00e0 un panneau noir, ce qui rehausse instantan\u00e9ment le raffinement de l&#039;ensemble et lui conf\u00e8re une allure plus sophistiqu\u00e9e qu&#039;un simple coffret.<\/li>\n<li><strong><b>Avantages du cadre en aluminium<\/b><\/strong>Fabriqu\u00e9e en alliage d&#039;aluminium, cette trousse de maquillage haut de gamme est l\u00e9g\u00e8re et r\u00e9sistante, prot\u00e9geant efficacement vos produits cosm\u00e9tiques pr\u00e9cieux des chocs et des rayures lors du transport et de l&#039;utilisation. Elle est id\u00e9ale pour les professionnels.<\/li>\n<li><strong><b>R\u00e9sistance \u00e0 la compression et aux chocs<\/b><\/strong>Compar\u00e9es aux trousses de maquillage souples, les bo\u00eetes rigides ou semi-rigides offrent une protection plus efficace aux produits fragiles comme les flacons de fond de teint liquide en verre et les palettes de fards \u00e0 paupi\u00e8res. C&#039;est la solution id\u00e9ale pour une trousse de maquillage en aluminium \u00e9conomique, sans compromis sur la qualit\u00e9.<\/li>\n<li><strong><b>Partitionnement scientifique<\/b><\/strong>:La conception interne comporte plusieurs plateaux et cloisons, qui peuvent fixer des pinceaux, du fond de teint, du fard \u00e0 paupi\u00e8res, du rouge \u00e0 l\u00e8vres et d&#039;autres produits cosm\u00e9tiques de diff\u00e9rentes formes dans diff\u00e9rentes cat\u00e9gories et les rendre clairs en un coup d&#039;\u0153il.<\/li>\n<\/ul>\n<div style=\"background-color: #29599a; padding: 40px 20px; text-align: center; color: #ffffff; border-radius: 10px; margin: 40px auto; max-width: 960px;\">\n<h2 style=\"font-size: 22px; margin-bottom: 20px; font-weight: bold;\"><span style=\"color: #ffffff;\">Commandez d\u00e8s maintenant la mallette \u00e0 outils de coiffure Sun Case, quantit\u00e9 minimale de commande\u00a0: 100\u00a0unit\u00e9s, vente en gros disponible\u00a0!<\/span><\/h2>\n<p><a style=\"display: inline-block; padding: 12px 28px; background-color: #ffffff; color: #29599a; text-decoration: none; border-radius: 6px; font-weight: bold;\" href=\"https:\/\/suncasesupply.com\/fr\/contact-us\/\" target=\"_blank\" rel=\"noopener\">Obtenir un devis<br \/>\n<\/a><\/p>\n<\/div>\n<h4><span style=\"color: #003366;\">D\u00e9tails du produit :<\/span><\/h4>\n<div style=\"display: flex; gap: 20px;\">\n<p><!-- \u7b2c\u4e00\u680f --><\/p>\n<div style=\"flex: 1; text-align: center;\">\n<p><img decoding=\"async\" style=\"max-width: 100%; height: auto; margin-bottom: 10px;\" src=\"https:\/\/suncasesupply.com\/wp-content\/uploads\/2025\/09\/2-Handle.jpg\" alt=\"Poign\u00e9e\" \/><\/p>\n<p><strong><b>Poign\u00e9e<\/b><\/strong><\/p>\n<p style=\"margin: 0;\">La poign\u00e9e d&#039;une trousse de toilette est un accessoire essentiel qui allie fonctionnalit\u00e9, confort, s\u00e9curit\u00e9 et esth\u00e9tique. La zone en contact avec la paume est g\u00e9n\u00e9ralement recouverte de caoutchouc souple, doux et flexible, qui r\u00e9partit efficacement la pression du poids de la trousse et \u00e9vite de pincer les doigts. Id\u00e9ale pour une bo\u00eete de rangement pour mat\u00e9riel de manucure.<\/p>\n<p>&nbsp;<\/p>\n<\/div>\n<p><!-- \u7b2c\u4e8c\u680f --><\/p>\n<div style=\"flex: 1; text-align: center;\">\n<p><img decoding=\"async\" style=\"max-width: 100%; height: auto; margin-bottom: 10px;\" src=\"https:\/\/suncasesupply.com\/wp-content\/uploads\/2025\/09\/1-Protective-Corner.jpg\" alt=\"Coin de protection\" \/><\/p>\n<p><strong><b>P<\/b><\/strong><strong><b>coin protecteur<\/b><\/strong><\/p>\n<p style=\"margin: 0;\">Les coins protecteurs de cette trousse \u00e0 maquillage, diff\u00e9rents des coins carr\u00e9s ou ronds classiques, sont appel\u00e9s coins en fleur de prunier, en raison de leur forme. Ces coins sont non seulement un \u00e9l\u00e9ment distinctif des \u00e9tuis en aluminium, mais aussi une fonction pratique essentielle. Ils offrent une excellente r\u00e9sistance aux chocs et \u00e0 l&#039;usure.<\/p>\n<\/div>\n<p><!-- \u7b2c\u4e09\u680f --><\/p>\n<div style=\"flex: 1; text-align: center;\">\n<p><img decoding=\"async\" style=\"max-width: 100%; height: auto; margin-bottom: 10px;\" src=\"https:\/\/suncasesupply.com\/wp-content\/uploads\/2025\/09\/4-EVA-Dividers.jpg\" alt=\"S\u00e9parateurs EVA\" \/><\/p>\n<p><strong><b>S\u00e9parateurs EVA<\/b><\/strong><\/p>\n<p>Le fond de la trousse de maquillage est compos\u00e9 de s\u00e9parateurs en EVA. Ce mat\u00e9riau en mousse \u00e0 cellules ferm\u00e9es, \u00e9cologique, non toxique et inodore, offre souplesse, r\u00e9sistance aux chocs, \u00e9lasticit\u00e9, r\u00e9sistance \u00e0 la corrosion et facilit\u00e9 de d\u00e9coupe. Les s\u00e9parateurs en EVA optimisent l&#039;utilisation de l&#039;espace et facilitent le rangement.<\/p>\n<\/div>\n<p><!-- \u7b2c\u56db\u680f --><\/p>\n<div style=\"flex: 1; text-align: center;\">\n<p><img decoding=\"async\" style=\"max-width: 100%; height: auto; margin-bottom: 10px;\" src=\"https:\/\/suncasesupply.com\/wp-content\/uploads\/2025\/09\/3-Divider-for-Tray.jpg\" alt=\"S\u00e9parateur pour plateau\" \/><\/p>\n<p><strong><b>S\u00e9parateur pour plateau<\/b><\/strong><\/p>\n<p style=\"margin: 0;\">Cette trousse \u00e0 maquillage comprend six grands plateaux en plastique pour ranger et organiser le maquillage. Chaque plateau est dot\u00e9 de s\u00e9parateurs en plastique, permettant aux clientes de les ajuster \u00e0 la taille de leurs produits. Ces s\u00e9parateurs sont amovibles pour une grande flexibilit\u00e9.<\/p>\n<\/div>\n<\/div>\n<div style=\"background-color: #29599a; padding: 40px 20px; text-align: center; color: #ffffff; border-radius: 10px; margin: 40px auto; max-width: 960px;\">\n<h2 style=\"font-size: 22px; margin-bottom: 20px; font-weight: bold;\"><span style=\"color: #ffffff;\">Commandez d\u00e8s aujourd&#039;hui votre trousse de maquillage en aluminium Sun Case \u2013 Quantit\u00e9 minimale de commande de 100 unit\u00e9s garantie !<\/span><\/h2>\n<p><a style=\"display: inline-block; padding: 12px 28px; background-color: #ffffff; color: #29599a; text-decoration: none; border-radius: 6px; font-weight: bold;\" href=\"https:\/\/suncasesupply.com\/fr\/contact-us\/\" target=\"_blank\" rel=\"noopener\">Obtenez un devis aujourd&#039;hui<br \/>\n<\/a><\/p>\n<\/div>\n<h4><span style=\"color: #003366;\">Processus de fabrication :<\/span><\/h4>\n<p><img decoding=\"async\" style=\"max-width: 100%; height: auto; margin-bottom: 10px;\" src=\"https:\/\/suncasesupply.com\/wp-content\/uploads\/2025\/07\/Manufacturing-Process.png\" alt=\"Processus de fabrication de Suncase\" \/><\/p>\n<div style=\"display: flex; gap: 20px;\">\n<p><!-- \u7b2c\u4e00\u680f \u6d41\u7a0b1--><\/p>\n<div style=\"flex: 1; text-align: center;\"><\/div>\n<\/div>\n<div style=\"display: flex; gap: 20px;\">\n<div style=\"flex: 1; text-align: center;\">\n<p style=\"font-weight: bold; margin: 5px 0;\">\n<\/div>\n<\/div>\n<h4><span style=\"color: #003366;\">Informations utiles pour les acheteurs en gros\u00a0:<\/span><\/h4>\n<ul>\n<li class=\"page-title\" title=\"Qu\u2019est-ce qui rend les cartes de sport si pr\u00e9cieuses ?\">\n<p class=\"page-title\" title=\"Trousses de maquillage portables indispensables pour votre routine beaut\u00e9\"><a href=\"https:\/\/suncasesupply.com\/fr\/blog\/makeup-case\/best-portable-makeup-case\/\">Trousses de maquillage portables indispensables pour votre routine beaut\u00e9 &gt;&gt;<\/a><\/p>\n<\/li>\n<li title=\"Qu\u2019est-ce qui rend les cartes de sport si pr\u00e9cieuses ?\">\n<p class=\"page-title\" title=\"Comment organiser correctement votre trousse de maquillage pour le voyage\"><a href=\"https:\/\/suncasesupply.com\/fr\/blog\/makeup-case\/how-to-packing\/\">Comment bien organiser sa trousse de maquillage pour voyager &gt;&gt;<\/a><\/p>\n<\/li>\n<li title=\"Qu\u2019est-ce qui rend les cartes de sport si pr\u00e9cieuses ?\">\n<p class=\"page-title\" title=\"Qu&#039;est-ce qu&#039;une trousse de maquillage ?\"><a href=\"https:\/\/suncasesupply.com\/fr\/blog\/makeup-case\/what-is-a-makeup-train-case\/\">Qu&#039;est-ce qu&#039;une trousse de maquillage ?<\/a><\/p>\n<\/li>\n<\/ul>","protected":false},"excerpt":{"rendered":"<p>Mod\u00e8le : K2109<\/p>\n<p>Taille: 360*220*270m<\/p>\n<p>Couleurs : Cadre en or rose + Panneau noir<\/p>\n<p>Mat\u00e9riaux : Cadre en aluminium, panneau MDF, panneau ABS, accessoires.<\/p>\n<p>Logo : Logo en plaque m\u00e9tallique, Logo en s\u00e9rigraphie<\/p>\n<p>Quantit\u00e9 minimale de commande : 100 pi\u00e8ces<\/p>\n<p>\u00c9chantillon : Disponible<\/p>","protected":false},"featured_media":25380,"template":"","meta":{"_gspb_post_css":""},"product_cat":[34,96],"product_tag":[],"featured_image_urls":{"full":["https:\/\/suncasesupply.com\/wp-content\/uploads\/2025\/05\/black-and-rose-gold-makeup-case.jpg",800,800,false],"thumbnail":["https:\/\/suncasesupply.com\/wp-content\/uploads\/2025\/05\/black-and-rose-gold-makeup-case-150x150.jpg",150,150,true],"medium":["https:\/\/suncasesupply.com\/wp-content\/uploads\/2025\/05\/black-and-rose-gold-makeup-case-300x300.jpg",300,300,true],"medium_large":["https:\/\/suncasesupply.com\/wp-content\/uploads\/2025\/05\/black-and-rose-gold-makeup-case-768x768.jpg",768,768,true],"large":["https:\/\/suncasesupply.com\/wp-content\/uploads\/2025\/05\/black-and-rose-gold-makeup-case.jpg",800,800,false],"1536x1536":["https:\/\/suncasesupply.com\/wp-content\/uploads\/2025\/05\/black-and-rose-gold-makeup-case.jpg",800,800,false],"2048x2048":["https:\/\/suncasesupply.com\/wp-content\/uploads\/2025\/05\/black-and-rose-gold-makeup-case.jpg",800,800,false],"trp-custom-language-flag":["https:\/\/suncasesupply.com\/wp-content\/uploads\/2025\/05\/black-and-rose-gold-makeup-case-12x12.jpg",12,12,true],"woocommerce_thumbnail":["https:\/\/suncasesupply.com\/wp-content\/uploads\/2025\/05\/black-and-rose-gold-makeup-case-300x300.jpg",300,300,true],"woocommerce_single":["https:\/\/suncasesupply.com\/wp-content\/uploads\/2025\/05\/black-and-rose-gold-makeup-case-600x600.jpg",600,600,true],"woocommerce_gallery_thumbnail":["https:\/\/suncasesupply.com\/wp-content\/uploads\/2025\/05\/black-and-rose-gold-makeup-case-100x100.jpg",100,100,true]},"post_excerpt_stackable":"<p>Model :K2109<\/p>\n<p>Size: 360*220*270m<\/p>\n<p>Colors: Rose gold Frame+Black Panel<\/p>\n<p>Materials: Aluminum\u00a0frame, MDF Board, ABS\u00a0Panel, Accessories.<\/p>\n<p>Logo: Metal plate logo, Silk screen printing logo<\/p>\n<p>MOQ: 100pcs<\/p>\n<p>Sample: Available<\/p>\n","category_list":"","author_info":{"name":"","url":""},"comments_num":"0 commentaire","_links":{"self":[{"href":"https:\/\/suncasesupply.com\/fr\/wp-json\/wp\/v2\/product\/23780"}],"collection":[{"href":"https:\/\/suncasesupply.com\/fr\/wp-json\/wp\/v2\/product"}],"about":[{"href":"https:\/\/suncasesupply.com\/fr\/wp-json\/wp\/v2\/types\/product"}],"wp:featuredmedia":[{"embeddable":true,"href":"https:\/\/suncasesupply.com\/fr\/wp-json\/wp\/v2\/media\/25380"}],"wp:attachment":[{"href":"https:\/\/suncasesupply.com\/fr\/wp-json\/wp\/v2\/media?parent=23780"}],"wp:term":[{"taxonomy":"product_cat","embeddable":true,"href":"https:\/\/suncasesupply.com\/fr\/wp-json\/wp\/v2\/product_cat?post=23780"},{"taxonomy":"product_tag","embeddable":true,"href":"https:\/\/suncasesupply.com\/fr\/wp-json\/wp\/v2\/product_tag?post=23780"}],"curies":[{"name":"wp","href":"https:\/\/api.w.org\/{rel}","templated":true}]}}