{"id":23747,"date":"2024-10-07T17:26:09","date_gmt":"2024-10-07T09:26:09","guid":{"rendered":"https:\/\/suncasesupply.com\/?post_type=product&#038;p=23747"},"modified":"2025-08-21T14:04:20","modified_gmt":"2025-08-21T06:04:20","slug":"classic-horse-riding-equestrian-aluminum-grooming-box-grooming-case-for-grooming-kits-and-accessories","status":"publish","type":"product","link":"https:\/\/suncasesupply.com\/fr\/product\/classic-horse-riding-equestrian-aluminum-grooming-box-grooming-case-for-grooming-kits-and-accessories\/","title":{"rendered":"Coffret de toilettage \u00e9questre classique en aluminium pour kits de toilettage et accessoires"},"content":{"rendered":"<h4><span style=\"color: #003366;\">Caract\u00e9ristiques:<\/span><\/h4>\n<ul>\n<li data-start=\"61\" data-end=\"187\">\n<p data-start=\"63\" data-end=\"187\"><strong>Apparence \u00e9l\u00e9gante :<\/strong> La trousse de toilettage pour chevaux est fabriqu\u00e9e en tissu brillant avec des accessoires dor\u00e9s, parfaite pour une utilisation \u00e9questre.<\/p>\n<\/li>\n<li data-start=\"188\" data-end=\"281\">\n<p data-start=\"190\" data-end=\"281\"><strong>Grande capacit\u00e9 :<\/strong> Cette bo\u00eete de kit de toilettage pour chevaux contient de nombreux outils de nettoyage pour chevaux.<\/p>\n<\/li>\n<li data-start=\"282\" data-end=\"415\">\n<p data-start=\"284\" data-end=\"415\"><strong>Facile \u00e0 transporter :<\/strong> La bo\u00eete de pansage compacte pour chevaux prend peu de place dans le coffre de la voiture, ce qui la rend facile \u00e0 transporter.<\/p>\n<\/li>\n<li data-start=\"416\" data-end=\"531\">\n<p data-start=\"418\" data-end=\"531\"><strong>Conception durable :<\/strong> La bo\u00eete de toilettage en m\u00e9tal pour chevaux assure une utilisation durable et une protection de votre kit de toilettage.<\/p>\n<\/li>\n<li data-start=\"532\" data-end=\"641\">\n<p data-start=\"534\" data-end=\"641\"><strong>Polyvalent:<\/strong> Id\u00e9al comme kit de toilettage sur lequel les propri\u00e9taires de chevaux peuvent compter pour un toilettage organis\u00e9 et efficace.<strong><strong><b><br \/>\n<\/b><\/strong><\/strong><\/p>\n<\/li>\n<\/ul>\n<div style=\"background-color: #29599a; padding: 40px 20px; text-align: center; color: #ffffff; border-radius: 10px; margin: 40px auto; max-width: 960px;\">\n<h2 style=\"font-size: 22px; margin-bottom: 20px; font-weight: bold;\"><span style=\"color: #ffffff;\">Obtenez votre Sun Case M<strong data-start=\"199\" data-end=\"227\">Bo\u00eete de pansage pour chevaux en m\u00e9tal<\/strong> Aujourd&#039;hui, MOQ 100\u00a0\u2014\u00a0stock limit\u00e9\u00a0!<\/span><\/h2>\n<p><a style=\"display: inline-block; padding: 12px 28px; background-color: #ffffff; color: #29599a; text-decoration: none; border-radius: 6px; font-weight: bold;\" href=\"https:\/\/suncasesupply.com\/fr\/contact-us\/\" target=\"_blank\" rel=\"noopener\">Obtenez un devis aujourd&#039;hui<br \/>\n<\/a><\/p>\n<\/div>\n<h4><span style=\"color: #003366;\">D\u00e9tails du produit :<\/span><\/h4>\n<div style=\"display: flex; gap: 20px;\">\n<p><!-- \u7b2c\u4e00\u680f --><\/p>\n<div style=\"flex: 1; text-align: center;\">\n<p><img decoding=\"async\" style=\"max-width: 100%; height: auto; margin-bottom: 10px;\" src=\"https:\/\/suncasesupply.com\/wp-content\/uploads\/2025\/05\/Grooming-box-1-1.jpg\" alt=\"Coffret de toilettage-1 (1)\" \/><\/p>\n<p style=\"font-weight: bold; margin: 5px 0;\"><strong><b>Grands coins<\/b><\/strong><\/p>\n<p style=\"margin: 0;\">Offre une bonne protection pour la mallette de pansage du cheval lorsqu&#039;elle est heurt\u00e9e<\/p>\n<\/div>\n<p><!-- \u7b2c\u4e8c\u680f --><\/p>\n<div style=\"flex: 1; text-align: center;\">\n<p><img decoding=\"async\" style=\"max-width: 100%; height: auto; margin-bottom: 10px;\" src=\"https:\/\/suncasesupply.com\/wp-content\/uploads\/2025\/05\/Grooming-box-1-2.jpg\" alt=\"Coffret de toilettage-1 (2)\" \/><\/p>\n<p style=\"font-weight: bold; margin: 5px 0;\"><strong><b>Poign\u00e9e robuste<\/b><\/strong><\/p>\n<p style=\"margin: 0;\">Soulevez facilement les objets lourds dans la bo\u00eete du kit de toilettage pour chevaux gr\u00e2ce \u00e0 la poign\u00e9e<\/p>\n<\/div>\n<p><!-- \u7b2c\u4e09\u680f --><\/p>\n<div style=\"flex: 1; text-align: center;\">\n<p><img decoding=\"async\" style=\"max-width: 100%; height: auto; margin-bottom: 10px;\" src=\"https:\/\/suncasesupply.com\/wp-content\/uploads\/2025\/05\/Grooming-box-1-3.jpg\" alt=\"Coffret de toilettage-1 (3)\" \/><\/p>\n<p style=\"font-weight: bold; margin: 5px 0;\"><strong><b>Tissu brillant<\/b><\/strong><\/p>\n<p style=\"margin: 0;\">Rendre les box de pansage pour chevaux beaux et r\u00e9sistants aux rayures<\/p>\n<\/div>\n<p><!-- \u7b2c\u56db\u680f --><\/p>\n<div style=\"flex: 1; text-align: center;\">\n<p><img decoding=\"async\" style=\"max-width: 100%; height: auto; margin-bottom: 10px;\" src=\"https:\/\/suncasesupply.com\/wp-content\/uploads\/2025\/05\/Grooming-box-1-4.jpg\" alt=\"Coffret de toilettage-1 (4)\" \/><\/p>\n<p style=\"font-weight: bold; margin: 5px 0;\"><strong><b>Charni\u00e8re arri\u00e8re robuste<\/b><\/strong><\/p>\n<p style=\"margin: 0;\">Bien connecter le couvercle pour ouvrir la bo\u00eete de pansage en m\u00e9tal \u00e0 90 degr\u00e9s<\/p>\n<\/div>\n<\/div>\n<h4><span style=\"color: #003366;\">Processus de fabrication :<\/span><\/h4>\n<p><img decoding=\"async\" style=\"max-width: 100%; height: auto; margin-bottom: 10px;\" src=\"https:\/\/suncasesupply.com\/wp-content\/uploads\/2025\/07\/Manufacturing-Process.png\" alt=\"Processus de fabrication de Suncase\" \/><\/p>\n<div style=\"display: flex; gap: 20px;\"><\/div>\n<div style=\"display: flex; gap: 20px;\">\n<div style=\"flex: 1; text-align: center;\">\n<p style=\"font-weight: bold; margin: 5px 0;\">\n<\/div>\n<\/div>\n<h4><span style=\"color: #003366;\">Informations utiles pour les acheteurs en gros\u00a0:<\/span><\/h4>\n<ul>\n<li class=\"page-title\" title=\"Qu\u2019est-ce qui rend les cartes de sport si pr\u00e9cieuses ?\">\n<p class=\"page-title\" title=\"Top 3 des meilleurs choix de box de toilettage en aluminium pour chevaux en 2024\"><a href=\"https:\/\/suncasesupply.com\/fr\/blog\/aluminum-horse-grooming-box\/top-3-picks-of-aluminum-groom-box-for-horses\/\">Top 3 des box de toilettage en aluminium pour chevaux en 2024 &gt;&gt;<\/a><\/p>\n<\/li>\n<li title=\"Qu\u2019est-ce qui rend les cartes de sport si pr\u00e9cieuses ?\">\n<p class=\"page-title\" title=\"Quelle est la taille du bo\u00eetier du disque vinyle ?\"><a href=\"https:\/\/suncasesupply.com\/fr\/blog\/size-of-the-vinyl-record-case\/\">Quelle est la taille du bo\u00eetier du disque vinyle ?<\/a><\/p>\n<\/li>\n<li title=\"Qu\u2019est-ce qui rend les cartes de sport si pr\u00e9cieuses ?\">\n<p class=\"page-title\" title=\"Qu&#039;est-ce qu&#039;une trousse de maquillage ?\"><a href=\"https:\/\/suncasesupply.com\/fr\/blog\/makeup-case\/what-is-a-makeup-train-case\/\">Qu&#039;est-ce qu&#039;une trousse de maquillage ?<\/a><\/p>\n<\/li>\n<\/ul>","protected":false},"excerpt":{"rendered":"<p>Mod\u00e8le : K20<\/p>\n<p>Taille : 400*380*180mm ou taille personnalis\u00e9e<\/p>\n<p>Couleurs : Bleu ou autres couleurs<\/p>\n<p>Mat\u00e9riaux : Cadre en aluminium, panneau MDF, panneau ABS, accessoires.<\/p>\n<p>Logo : Logo en plaque m\u00e9tallique, Logo en s\u00e9rigraphie<\/p>\n<p>Quantit\u00e9 minimale de commande : 100 pi\u00e8ces<\/p>","protected":false},"featured_media":25375,"template":"","meta":{"_gspb_post_css":""},"product_cat":[86],"product_tag":[],"featured_image_urls":{"full":["https:\/\/suncasesupply.com\/wp-content\/uploads\/2025\/05\/blue-grooming-box.jpg",800,800,false],"thumbnail":["https:\/\/suncasesupply.com\/wp-content\/uploads\/2025\/05\/blue-grooming-box-150x150.jpg",150,150,true],"medium":["https:\/\/suncasesupply.com\/wp-content\/uploads\/2025\/05\/blue-grooming-box-300x300.jpg",300,300,true],"medium_large":["https:\/\/suncasesupply.com\/wp-content\/uploads\/2025\/05\/blue-grooming-box-768x768.jpg",768,768,true],"large":["https:\/\/suncasesupply.com\/wp-content\/uploads\/2025\/05\/blue-grooming-box.jpg",800,800,false],"1536x1536":["https:\/\/suncasesupply.com\/wp-content\/uploads\/2025\/05\/blue-grooming-box.jpg",800,800,false],"2048x2048":["https:\/\/suncasesupply.com\/wp-content\/uploads\/2025\/05\/blue-grooming-box.jpg",800,800,false],"trp-custom-language-flag":["https:\/\/suncasesupply.com\/wp-content\/uploads\/2025\/05\/blue-grooming-box-12x12.jpg",12,12,true],"woocommerce_thumbnail":["https:\/\/suncasesupply.com\/wp-content\/uploads\/2025\/05\/blue-grooming-box-300x300.jpg",300,300,true],"woocommerce_single":["https:\/\/suncasesupply.com\/wp-content\/uploads\/2025\/05\/blue-grooming-box-600x600.jpg",600,600,true],"woocommerce_gallery_thumbnail":["https:\/\/suncasesupply.com\/wp-content\/uploads\/2025\/05\/blue-grooming-box-100x100.jpg",100,100,true]},"post_excerpt_stackable":"<p>Model: K20<\/p>\n<p>Size: 400*380*180mm or Customize\u00a0Size<\/p>\n<p>Colors: Blue or other colors<\/p>\n<p>Materials: Aluminum\u00a0frame, MDF Board, ABS\u00a0Panel, Accessories.<\/p>\n<p>Logo: Metal plate logo, Silk screen printing logo<\/p>\n<p>MOQ: 100pcs<\/p>\n","category_list":"","author_info":{"name":"","url":""},"comments_num":"0 commentaire","_links":{"self":[{"href":"https:\/\/suncasesupply.com\/fr\/wp-json\/wp\/v2\/product\/23747"}],"collection":[{"href":"https:\/\/suncasesupply.com\/fr\/wp-json\/wp\/v2\/product"}],"about":[{"href":"https:\/\/suncasesupply.com\/fr\/wp-json\/wp\/v2\/types\/product"}],"wp:featuredmedia":[{"embeddable":true,"href":"https:\/\/suncasesupply.com\/fr\/wp-json\/wp\/v2\/media\/25375"}],"wp:attachment":[{"href":"https:\/\/suncasesupply.com\/fr\/wp-json\/wp\/v2\/media?parent=23747"}],"wp:term":[{"taxonomy":"product_cat","embeddable":true,"href":"https:\/\/suncasesupply.com\/fr\/wp-json\/wp\/v2\/product_cat?post=23747"},{"taxonomy":"product_tag","embeddable":true,"href":"https:\/\/suncasesupply.com\/fr\/wp-json\/wp\/v2\/product_tag?post=23747"}],"curies":[{"name":"wp","href":"https:\/\/api.w.org\/{rel}","templated":true}]}}