{"id":23451,"date":"2024-07-18T09:37:48","date_gmt":"2024-07-18T01:37:48","guid":{"rendered":"https:\/\/suncasesupply.com\/?post_type=product&#038;p=23451"},"modified":"2025-08-21T14:03:23","modified_gmt":"2025-08-21T06:03:23","slug":"aluminum-card-display-case-psa-graded-cards-sport-trading-card-storage-case","status":"publish","type":"product","link":"https:\/\/suncasesupply.com\/fr\/product\/aluminum-card-display-case-psa-graded-cards-sport-trading-card-storage-case\/","title":{"rendered":"Pr\u00e9sentoir de cartes en aluminium, cartes class\u00e9es PSA, \u00e9tui de rangement pour cartes de sport et de commerce"},"content":{"rendered":"<h4><span style=\"color: #003366;\">Caract\u00e9ristiques:<\/span><\/h4>\n<ul>\n<li><strong>Affichage transparent<\/strong>:Le panneau avant transparent garantit que votre vitrine de cartes PSA pr\u00e9sente magnifiquement les dalles, parfaite pour les collections \u00e0 domicile ou les vitrines de cartes \u00e0 collectionner pour les spectacles.<\/li>\n<li><strong>Construction durable<\/strong>:L&#039;\u00e9tui de pr\u00e9sentation de cartes en aluminium construit avec des panneaux de bois robustes et un cadre en aluminium, cet \u00e9tui offre \u00e0 la fois style et s\u00e9curit\u00e9.<\/li>\n<li><strong>Capacit\u00e9 de stockage optimale<\/strong>:Con\u00e7u pour contenir en toute s\u00e9curit\u00e9 jusqu&#039;\u00e0 10 dalles de taille standard class\u00e9es PSA, ce pr\u00e9sentoir de cartes de sport maintient la collection organis\u00e9e et prot\u00e9g\u00e9e.<\/li>\n<\/ul>\n<h4><span style=\"color: #003366;\">D\u00e9tails du produit :<\/span><\/h4>\n<div style=\"display: flex; gap: 20px;\">\n<p><!-- \u7b2c\u4e00\u680f --><\/p>\n<div style=\"flex: 1; text-align: center;\">\n<p><img decoding=\"async\" style=\"max-width: 100%; height: auto; margin-bottom: 10px;\" src=\"https:\/\/suncasesupply.com\/wp-content\/uploads\/2024\/12\/1-Durable-and-comfortable-handle.webp\" alt=\"Poign\u00e9e durable et confortable\" \/><\/p>\n<p style=\"font-weight: bold; margin: 5px 0;\">Poign\u00e9e durable et confortable<\/p>\n<p style=\"margin: 0;\">\u00c9quip\u00e9e d&#039;une poign\u00e9e l\u00e9g\u00e8re, cette vitrine pour cartes \u00e0 collectionner avec serrure est non seulement un excellent moyen d&#039;exposer vos produits en magasin ou \u00e0 la maison, mais la rend \u00e9galement facile \u00e0 transporter et \u00e0 utiliser en d\u00e9placement.<br \/>\nLa poign\u00e9e est en caoutchouc souple et une base en m\u00e9tal robuste, \u00e0 la fois robuste et confortable<\/p>\n<\/div>\n<p><!-- \u7b2c\u4e8c\u680f --><\/p>\n<div style=\"flex: 1; text-align: center;\">\n<p><img decoding=\"async\" style=\"max-width: 100%; height: auto; margin-bottom: 10px;\" src=\"https:\/\/suncasesupply.com\/wp-content\/uploads\/2024\/12\/2-Sturdy-corners.webp\" alt=\"Coins robustes\" \/><\/p>\n<p style=\"font-weight: bold; margin: 5px 0;\">Coins robustes<\/p>\n<p style=\"margin: 0;\">Les coins m\u00e9talliques sont tr\u00e8s robustes et r\u00e9sistants aux chocs, ce qui permet \u00e0 l&#039;\u00e9tui d&#039;\u00e9viter tout dommage pendant le transport. Par cons\u00e9quent, il peut bien prot\u00e9ger les cartes ou autres produits dans la bo\u00eete.<\/p>\n<\/div>\n<p><!-- \u7b2c\u4e09\u680f --><\/p>\n<div style=\"flex: 1; text-align: center;\">\n<p><img decoding=\"async\" style=\"max-width: 100%; height: auto; margin-bottom: 10px;\" src=\"https:\/\/suncasesupply.com\/wp-content\/uploads\/2024\/12\/3-Customized-foam-insertEVA.webp\" alt=\"Insert en mousse personnalis\u00e9 (EVA)\" \/><\/p>\n<p style=\"font-weight: bold; margin: 5px 0;\">Insert en mousse personnalis\u00e9<\/p>\n<p style=\"margin: 0;\">Au fond de l&#039;\u00e9tui se trouve un EVA moul\u00e9 sur mesure, con\u00e7u pour accueillir les plaques de cartes \u00e0 collectionner Graded Sports. Ce pr\u00e9sentoir permet de ranger soigneusement les cartes et de les ins\u00e9rer et les retirer facilement.<\/p>\n<\/div>\n<p><!-- \u7b2c\u56db\u680f --><\/p>\n<div style=\"flex: 1; text-align: center;\">\n<p><img decoding=\"async\" style=\"max-width: 100%; height: auto; margin-bottom: 10px;\" src=\"https:\/\/suncasesupply.com\/wp-content\/uploads\/2024\/12\/4-Acrylic-Clear-Top.webp\" alt=\"Dessus en acrylique transparent\" \/><\/p>\n<p style=\"font-weight: bold; margin: 5px 0;\">Dessus en acrylique transparent<\/p>\n<p style=\"margin: 0;\">Son panneau sup\u00e9rieur est en acrylique de haute qualit\u00e9, d&#039;une \u00e9paisseur de 4 mm. Transparent, il permet d&#039;observer et d&#039;exposer directement les produits expos\u00e9s. R\u00e9sistant aux rayures et robuste, ce pr\u00e9sentoir est un choix fiable aupr\u00e8s d&#039;un fournisseur de vitrines de confiance.<\/p>\n<\/div>\n<\/div>\n<div style=\"background-color: #29599a; padding: 40px 20px; text-align: center; color: #ffffff; border-radius: 10px; margin: 40px auto; max-width: 960px;\">\n<h2 style=\"font-size: 22px; margin-bottom: 20px; font-weight: bold;\">Commandez maintenant la vitrine de cartes Psa Sun Case, MOQ 100 unit\u00e9s\u00a0!<\/h2>\n<p><a style=\"display: inline-block; padding: 12px 28px; background-color: #ffffff; color: #29599a; text-decoration: none; border-radius: 6px; font-weight: bold;\" href=\"https:\/\/suncasesupply.com\/fr\/contact-us\/\" target=\"_blank\" rel=\"noopener\">Obtenez un devis aujourd&#039;hui<br \/>\n<\/a><\/p>\n<\/div>\n<h4><span style=\"color: #003366;\">Processus de fabrication d&#039;une vitrine de pr\u00e9sentation de cartes class\u00e9es :<\/span><\/h4>\n<p><img decoding=\"async\" style=\"max-width: 100%; height: auto; margin-bottom: 10px;\" src=\"https:\/\/suncasesupply.com\/wp-content\/uploads\/2025\/07\/Manufacturing-Process.png\" alt=\"Processus de fabrication de Suncase\" \/><\/p>\n<div style=\"display: flex; gap: 20px;\"><\/div>\n<div style=\"display: flex; gap: 20px;\">\n<div style=\"flex: 1; text-align: center;\">\n<p style=\"font-weight: bold; margin: 5px 0;\">\n<\/div>\n<\/div>\n<h4><span style=\"color: #003366;\">Informations utiles pour les acheteurs en gros\u00a0:<\/span><\/h4>\n<ol>\n<li>\n<p class=\"page-title\" title=\"Qu\u2019est-ce qui rend les cartes de sport si pr\u00e9cieuses ?\"><a href=\"https:\/\/suncasesupply.com\/fr\/blog\/custom-aluminum-case\/commercial-value-of-sports-cards\/\">Pourquoi les cartes de sport sont pr\u00e9cieuses et les bo\u00eetes de rangement pour cartes de sport &gt;&gt;<\/a><\/p>\n<\/li>\n<li>\n<p class=\"page-title\" title=\"Qu\u2019est-ce qui rend les cartes de sport si pr\u00e9cieuses ?\"><a href=\"https:\/\/suncasesupply.com\/fr\/blog\/how-protect-trading-cards-collection\/\">Comment prot\u00e9ger votre collection de cartes \u00e0 collectionner &gt;&gt;<\/a><\/p>\n<\/li>\n<li title=\"Comment prot\u00e9ger votre collection de cartes \u00e0 collectionner\">\n<p class=\"page-title\" title=\"Bo\u00eetes de rangement pour cartes de sport\u00a0: la meilleure fa\u00e7on de stocker les cartes de sport\"><a href=\"https:\/\/suncasesupply.com\/fr\/blog\/custom-aluminum-case\/how-to-store-sports-cards\/\">Bo\u00eetes de rangement pour cartes de sport : la meilleure fa\u00e7on de stocker des cartes de sport &gt;&gt;<\/a><\/p>\n<\/li>\n<\/ol>\n<p>&nbsp;<\/p>","protected":false},"excerpt":{"rendered":"<p>Mod\u00e8le : KY-0010<\/p>\n<p>Taille : 480*335*80mm ou Personnaliser<\/p>\n<p>Couleurs : Noir ou personnalis\u00e9<\/p>\n<p>Mat\u00e9riaux : Aluminium, panneau ABS, panneau acrylique<\/p>\n<p>Logo : Logo en plaque m\u00e9tallique, logo s\u00e9rigraphi\u00e9<\/p>\n<p>Quantit\u00e9 minimale de commande : 100 pi\u00e8ces<\/p>","protected":false},"featured_media":25378,"template":"","meta":{"_gspb_post_css":""},"product_cat":[42,87,119],"product_tag":[],"featured_image_urls":{"full":["https:\/\/suncasesupply.com\/wp-content\/uploads\/2025\/05\/display-case.jpg",800,800,false],"thumbnail":["https:\/\/suncasesupply.com\/wp-content\/uploads\/2025\/05\/display-case-150x150.jpg",150,150,true],"medium":["https:\/\/suncasesupply.com\/wp-content\/uploads\/2025\/05\/display-case-300x300.jpg",300,300,true],"medium_large":["https:\/\/suncasesupply.com\/wp-content\/uploads\/2025\/05\/display-case-768x768.jpg",768,768,true],"large":["https:\/\/suncasesupply.com\/wp-content\/uploads\/2025\/05\/display-case.jpg",800,800,false],"1536x1536":["https:\/\/suncasesupply.com\/wp-content\/uploads\/2025\/05\/display-case.jpg",800,800,false],"2048x2048":["https:\/\/suncasesupply.com\/wp-content\/uploads\/2025\/05\/display-case.jpg",800,800,false],"trp-custom-language-flag":["https:\/\/suncasesupply.com\/wp-content\/uploads\/2025\/05\/display-case-12x12.jpg",12,12,true],"woocommerce_thumbnail":["https:\/\/suncasesupply.com\/wp-content\/uploads\/2025\/05\/display-case-300x300.jpg",300,300,true],"woocommerce_single":["https:\/\/suncasesupply.com\/wp-content\/uploads\/2025\/05\/display-case-600x600.jpg",600,600,true],"woocommerce_gallery_thumbnail":["https:\/\/suncasesupply.com\/wp-content\/uploads\/2025\/05\/display-case-100x100.jpg",100,100,true]},"post_excerpt_stackable":"<p>Model:\u00a0KY-0010<\/p>\n<p>Size: 480*335*80mm or Customize<\/p>\n<p>Colors: Black or customize<\/p>\n<p>Materials: Aluminum, ABS panel, Acrylic Panel<\/p>\n<p>Logo: Metal plate logo, silk screen logo<\/p>\n<p>MOQ: 100pcs<\/p>\n","category_list":"","author_info":{"name":"","url":""},"comments_num":"0 commentaire","_links":{"self":[{"href":"https:\/\/suncasesupply.com\/fr\/wp-json\/wp\/v2\/product\/23451"}],"collection":[{"href":"https:\/\/suncasesupply.com\/fr\/wp-json\/wp\/v2\/product"}],"about":[{"href":"https:\/\/suncasesupply.com\/fr\/wp-json\/wp\/v2\/types\/product"}],"wp:featuredmedia":[{"embeddable":true,"href":"https:\/\/suncasesupply.com\/fr\/wp-json\/wp\/v2\/media\/25378"}],"wp:attachment":[{"href":"https:\/\/suncasesupply.com\/fr\/wp-json\/wp\/v2\/media?parent=23451"}],"wp:term":[{"taxonomy":"product_cat","embeddable":true,"href":"https:\/\/suncasesupply.com\/fr\/wp-json\/wp\/v2\/product_cat?post=23451"},{"taxonomy":"product_tag","embeddable":true,"href":"https:\/\/suncasesupply.com\/fr\/wp-json\/wp\/v2\/product_tag?post=23451"}],"curies":[{"name":"wp","href":"https:\/\/api.w.org\/{rel}","templated":true}]}}