{"id":23177,"date":"2024-06-26T16:30:13","date_gmt":"2024-06-26T08:30:13","guid":{"rendered":"https:\/\/suncasesupply.com\/?post_type=product&#038;p=23177"},"modified":"2025-02-20T10:44:24","modified_gmt":"2025-02-20T02:44:24","slug":"aluminum-coin-case-with-15-trays-with-keys-red-blue-lining","status":"publish","type":"product","link":"https:\/\/suncasesupply.com\/fr\/product\/aluminum-coin-case-with-15-trays-with-keys-red-blue-lining\/","title":{"rendered":"Coffret monnaie en aluminium avec 15 plateaux avec cl\u00e9s doublure rouge\/bleu"},"content":{"rendered":"<p>&nbsp;<\/p>\n<table width=\"774\">\n<tbody>\n<tr>\n<td width=\"177\">Article<\/td>\n<td width=\"597\">\u00c9tui \u00e0 monnaie en aluminium<\/td>\n<\/tr>\n<tr>\n<td>Dimension<\/td>\n<td>Personnaliser<\/td>\n<\/tr>\n<tr>\n<td>Couleurs<\/td>\n<td>Comme le montrent les images ou personnaliser<\/td>\n<\/tr>\n<tr>\n<td>Mat\u00e9riaux<\/td>\n<td>Aluminium, panneau ABS, panneau MDF, doublure EVA\/mousse\/tissu\/PU, quincaillerie<\/td>\n<\/tr>\n<tr>\n<td>Logo<\/td>\n<td>Logo plaque m\u00e9tallique, logo imprim\u00e9, logo en relief, logo laser<\/td>\n<\/tr>\n<tr>\n<td>Temps d&#039;\u00e9chantillonnage<\/td>\n<td>7 jours<\/td>\n<\/tr>\n<tr>\n<td>Port d&#039;embarquement<\/td>\n<td>Canton, Shenzhen<\/td>\n<\/tr>\n<tr>\n<td>Conditions commerciales<\/td>\n<td>EXW, FOB, CIF, DDU, DDP<\/td>\n<\/tr>\n<tr>\n<td>M\u00e9thodes de payement<\/td>\n<td>T\/T, esp\u00e8ces, PayPal, carte de cr\u00e9dit<\/td>\n<\/tr>\n<\/tbody>\n<\/table>\n<p><span style=\"color: #003366;\">Caract\u00e9ristiques:<\/span><\/p>\n<div id=\"tab-label-description\" class=\"data item title active\" tabindex=\"0\" role=\"tab\" data-role=\"collapsible\" data-collapsible=\"true\" aria-controls=\"description\" aria-selected=\"false\" aria-expanded=\"true\"><a id=\"tab-label-description-title\" class=\"data switch\" tabindex=\"-1\" href=\"https:\/\/www.vst.com.au\/giant-coin-case.html#description\" data-toggle=\"trigger\" target=\"_blank\" rel=\"noopener\">Information produit<\/a><\/div>\n<div id=\"description\" class=\"data item content\" role=\"tabpanel\" aria-labelledby=\"tab-label-description\" data-role=\"content\" aria-hidden=\"false\">\n<div class=\"product attribute description\">\n<div class=\"value\">\n<div data-content-type=\"html\" data-appearance=\"default\" data-element=\"main\" data-decoded=\"true\">\n<ul>\n<li>Int\u00e9rieur doubl\u00e9 de velours rouge\/bleu<\/li>\n<li>Avec 15 plateaux rouges pour pi\u00e8ces de diff\u00e9rents diam\u00e8tres<\/li>\n<li>Verrouillable, 2 cl\u00e9s<\/li>\n<li>Dimensions du bo\u00eetier = 350 x 245 x 165 mm<\/li>\n<li>Dimensions ext\u00e9rieures du plateau = 330 x 220 mm<\/li>\n<\/ul>\n<\/div>\n<\/div>\n<\/div>\n<\/div>","protected":false},"excerpt":{"rendered":"<p>Mod\u00e8le : KY209<\/p>\n<p>Dimensions : 350 x 245 x 165 mm<\/p>\n<p>Capacit\u00e9\u00a0: peut contenir 20 dalles de pi\u00e8ces de monnaie<\/p>\n<p>Quantit\u00e9 minimale de commande : 100 pi\u00e8ces<\/p>\n<p>D\u00e9lai de livraison : 15-25 jours<\/p>\n<p>\u00c9chantillon\u00a0: Disponible<\/p>","protected":false},"featured_media":23178,"template":"","meta":{"_gspb_post_css":""},"product_cat":[84],"product_tag":[],"featured_image_urls":{"full":["https:\/\/suncasesupply.com\/wp-content\/uploads\/2024\/06\/s-l1600-1.jpg",502,452,false],"thumbnail":["https:\/\/suncasesupply.com\/wp-content\/uploads\/2024\/06\/s-l1600-1-150x150.jpg",150,150,true],"medium":["https:\/\/suncasesupply.com\/wp-content\/uploads\/2024\/06\/s-l1600-1-300x270.jpg",300,270,true],"medium_large":["https:\/\/suncasesupply.com\/wp-content\/uploads\/2024\/06\/s-l1600-1.jpg",502,452,false],"large":["https:\/\/suncasesupply.com\/wp-content\/uploads\/2024\/06\/s-l1600-1.jpg",502,452,false],"1536x1536":["https:\/\/suncasesupply.com\/wp-content\/uploads\/2024\/06\/s-l1600-1.jpg",502,452,false],"2048x2048":["https:\/\/suncasesupply.com\/wp-content\/uploads\/2024\/06\/s-l1600-1.jpg",502,452,false],"trp-custom-language-flag":["https:\/\/suncasesupply.com\/wp-content\/uploads\/2024\/06\/s-l1600-1-13x12.jpg",13,12,true],"woocommerce_thumbnail":["https:\/\/suncasesupply.com\/wp-content\/uploads\/2024\/06\/s-l1600-1-300x300.jpg",300,300,true],"woocommerce_single":["https:\/\/suncasesupply.com\/wp-content\/uploads\/2024\/06\/s-l1600-1.jpg",502,452,false],"woocommerce_gallery_thumbnail":["https:\/\/suncasesupply.com\/wp-content\/uploads\/2024\/06\/s-l1600-1-100x100.jpg",100,100,true]},"post_excerpt_stackable":"<p>Model : KY209<\/p>\n<p>Size: 350 x 245 x 165 mm<\/p>\n<p>Capacity: Holds 20 Coin slabs<\/p>\n<p>MOQ: 100pcs<\/p>\n<p>Delivery Time : 15-25 Days<\/p>\n<p>Sample : Available<\/p>\n","category_list":"","author_info":{"name":"","url":""},"comments_num":"0 commentaire","_links":{"self":[{"href":"https:\/\/suncasesupply.com\/fr\/wp-json\/wp\/v2\/product\/23177"}],"collection":[{"href":"https:\/\/suncasesupply.com\/fr\/wp-json\/wp\/v2\/product"}],"about":[{"href":"https:\/\/suncasesupply.com\/fr\/wp-json\/wp\/v2\/types\/product"}],"wp:featuredmedia":[{"embeddable":true,"href":"https:\/\/suncasesupply.com\/fr\/wp-json\/wp\/v2\/media\/23178"}],"wp:attachment":[{"href":"https:\/\/suncasesupply.com\/fr\/wp-json\/wp\/v2\/media?parent=23177"}],"wp:term":[{"taxonomy":"product_cat","embeddable":true,"href":"https:\/\/suncasesupply.com\/fr\/wp-json\/wp\/v2\/product_cat?post=23177"},{"taxonomy":"product_tag","embeddable":true,"href":"https:\/\/suncasesupply.com\/fr\/wp-json\/wp\/v2\/product_tag?post=23177"}],"curies":[{"name":"wp","href":"https:\/\/api.w.org\/{rel}","templated":true}]}}