{"id":23054,"date":"2024-06-05T15:31:59","date_gmt":"2024-06-05T07:31:59","guid":{"rendered":"https:\/\/suncasesupply.com\/?post_type=product&#038;p=23054"},"modified":"2025-10-28T17:59:57","modified_gmt":"2025-10-28T09:59:57","slug":"black-aluminum-storage-case-customized-hard-case-carrying-tool-case-with-foam","status":"publish","type":"product","link":"https:\/\/suncasesupply.com\/fr\/product\/black-aluminum-storage-case-customized-hard-case-carrying-tool-case-with-foam\/","title":{"rendered":"Mallette de rangement en aluminium noir, \u00e9tui rigide personnalis\u00e9, mallette \u00e0 outils de transport avec mousse"},"content":{"rendered":"<h4><span style=\"color: #003366;\">Caract\u00e9ristiques:<\/span><\/h4>\n<ul>\n<li><strong><b>Qualit\u00e9 sup\u00e9rieure<\/b><\/strong>:Fabriqu\u00e9 en alliage d&#039;aluminium de haute qualit\u00e9 et en panneau MDF \u00e9pais, il n&#039;est pas facile \u00e0 endommager ou \u00e0 d\u00e9former et peut \u00eatre utilis\u00e9 pendant longtemps.<\/li>\n<li><strong><b>Double protection<\/b><\/strong>Conception verrouillable pour garantir s\u00e9curit\u00e9 et confidentialit\u00e9. La doublure int\u00e9rieure en mousse et les coins renforc\u00e9s antichocs prot\u00e8gent vos objets des dommages pendant le transport ou le stockage.<\/li>\n<li><strong><b>Facile \u00e0 utiliser<\/b><\/strong>:Gardez vos articles en bon ordre gr\u00e2ce aux attaches et charni\u00e8res intuitives \u00e0 d\u00e9gagement rapide de cet \u00e9tui en aluminium.<\/li>\n<li><strong><b>Fonctions de la mousse<\/b><\/strong>:La mousse DIY \u00e0 l&#039;int\u00e9rieur du bo\u00eetier en aluminium peut \u00eatre d\u00e9coup\u00e9e dans n&#039;importe quelle forme pour s&#039;adapter \u00e0 vos marchandises.<\/li>\n<\/ul>\n<div style=\"display: flex; gap: 20px;\">\n<p><!-- \u7b2c\u4e00\u680f --><\/p>\n<div style=\"flex: 1; text-align: center;\">\n<p><img decoding=\"async\" style=\"max-width: 100%; height: auto; margin-bottom: 10px;\" src=\"https:\/\/suncasesupply.com\/wp-content\/uploads\/2025\/03\/1-Round-Corner-Aluminum-Frame.jpg\" alt=\"Cadre en aluminium \u00e0 coins arrondis\" \/><\/p>\n<p><b><\/b><strong><b>Cadre en aluminium \u00e0 coins arrondis<\/b><\/strong><\/p>\n<p style=\"margin: 0;\">Le bo\u00eetier en aluminium fabriqu\u00e9 avec un cadre en aluminium \u00e0 coins arrondis et des coins m\u00e9talliques ronds, il am\u00e9liore non seulement la capacit\u00e9 anti-collision et joue un r\u00f4le protecteur, mais rend \u00e9galement l&#039;apparence de l&#039;ensemble du bo\u00eetier plus luxueuse.<\/p>\n<p>&nbsp;<\/p>\n<\/div>\n<p><!-- \u7b2c\u4e8c\u680f --><\/p>\n<div style=\"flex: 1; text-align: center;\">\n<p><img decoding=\"async\" style=\"max-width: 100%; height: auto; margin-bottom: 10px;\" src=\"https:\/\/suncasesupply.com\/wp-content\/uploads\/2025\/03\/2-Middle-Protect-Corner.jpg\" alt=\"Coin de protection central\" \/><\/p>\n<p><b><\/b><strong><b>Coin de protection central<\/b><\/strong><\/p>\n<p style=\"margin: 0;\">En r\u00e8gle g\u00e9n\u00e9rale, les c\u00f4t\u00e9s long et large d&#039;un bo\u00eetier en aluminium sont dot\u00e9s d&#039;un coin de protection central afin d&#039;accro\u00eetre sa r\u00e9sistance et sa capacit\u00e9 de charge. Plus le bo\u00eetier est grand, plus il n\u00e9cessite de coins de protection central.<\/p>\n<\/div>\n<p><!-- \u7b2c\u4e09\u680f --><\/p>\n<div style=\"flex: 1; text-align: center;\">\n<p><img decoding=\"async\" style=\"max-width: 100%; height: auto; margin-bottom: 10px;\" src=\"https:\/\/suncasesupply.com\/wp-content\/uploads\/2025\/03\/3-Protective-Foam.jpg\" alt=\"Mousse protectrice\" \/><\/p>\n<p><b><\/b><strong><b>Mousse protectrice<\/b><\/strong><\/p>\n<p>La mousse alv\u00e9ol\u00e9e du couvercle sup\u00e9rieur pr\u00e9vient les chocs et prot\u00e8ge les produits \u00e0 l&#039;int\u00e9rieur. Le couvercle inf\u00e9rieur, quant \u00e0 lui, est dot\u00e9 d&#039;une mousse auto-agrippante, qui prot\u00e8ge et s&#039;adapte parfaitement aux articles.<\/p>\n<\/div>\n<p><!-- \u7b2c\u56db\u680f --><\/p>\n<div style=\"flex: 1; text-align: center;\">\n<p><img decoding=\"async\" style=\"max-width: 100%; height: auto; margin-bottom: 10px;\" src=\"https:\/\/suncasesupply.com\/wp-content\/uploads\/2025\/03\/4-Handle-2.jpg\" alt=\"Poign\u00e9e\" \/><\/p>\n<p><strong><b>Poign\u00e9e<\/b><\/strong><\/p>\n<p style=\"margin: 0;\">Dot\u00e9e d&#039;une poign\u00e9e en m\u00e9tal robuste et l\u00e9g\u00e8re, cette valise en aluminium est facile \u00e0 transporter. Elle vous permet de transporter facilement vos affaires.<\/p>\n<\/div>\n<\/div>\n<h4><span style=\"color: #003366;\">Processus de fabrication :<\/span><\/h4>\n<p><img decoding=\"async\" style=\"max-width: 100%; height: auto; margin-bottom: 10px;\" src=\"https:\/\/suncasesupply.com\/wp-content\/uploads\/2025\/07\/Manufacturing-Process.png\" alt=\"Processus de fabrication de Suncase\" \/><\/p>\n<div style=\"display: flex; gap: 20px;\">\n<p><!-- \u7b2c\u4e00\u680f \u6d41\u7a0b1--><\/p>\n<div style=\"flex: 1; text-align: center;\"><\/div>\n<\/div>\n<div style=\"display: flex; gap: 20px;\">\n<div style=\"flex: 1; text-align: center;\">\n<p style=\"font-weight: bold; margin: 5px 0;\">\n<\/div>\n<\/div>\n<h4><span style=\"color: #003366;\">Informations utiles pour les acheteurs en gros\u00a0:<\/span><\/h4>\n<ul>\n<li class=\"page-title\" title=\"Qu\u2019est-ce qui rend les cartes de sport si pr\u00e9cieuses ?\">\n<p class=\"page-title\" title=\"Diff\u00e9rents types de valises de transport en aluminium\"><a href=\"https:\/\/suncasesupply.com\/fr\/blog\/custom-aluminum-case\/different-types-of-aluminum-carrying-cases\/\">Diff\u00e9rents types de mallettes de transport en aluminium &gt;&gt;<\/a><\/p>\n<\/li>\n<li title=\"Qu\u2019est-ce qui rend les cartes de sport si pr\u00e9cieuses ?\">\n<p class=\"page-title\" title=\"Tout ce que vous devez savoir sur les bo\u00eetiers en aluminium\"><a href=\"https:\/\/suncasesupply.com\/fr\/blog\/all-you-need-to-know-about-aluminum-cases\/\">Tout ce que vous devez savoir sur les bo\u00eetiers en aluminium &gt;&gt;<\/a><\/p>\n<\/li>\n<li title=\"Qu\u2019est-ce qui rend les cartes de sport si pr\u00e9cieuses ?\">\n<p class=\"page-title\" title=\"Comment choisir le bon bo\u00eetier en aluminium ?\"><a href=\"https:\/\/suncasesupply.com\/fr\/blog\/selection-of-aluminum-case\/\">Comment choisir le bon bo\u00eetier en aluminium\u00a0? &gt;&gt;<\/a><\/p>\n<\/li>\n<\/ul>","protected":false},"excerpt":{"rendered":"<p>Mod\u00e8le : KY-0090<\/p>\n<p>Taille : 41x30x12cm ou taille personnalis\u00e9e<\/p>\n<p>Couleurs : Couleur argent ou couleur noire<\/p>\n<p>Mat\u00e9riaux : Cadre en aluminium argent\u00e9, panneau ABS noir, panneau MDF, mousse, quincaillerie.<\/p>\n<p>Logo : Logo en impression sur soie, Logo en plaque m\u00e9tallique.<\/p>\n<p>Quantit\u00e9 minimale de commande : 100 pi\u00e8ces<\/p>\n<p>\u00c9chantillon : Disponible, d\u00e9lai d&#039;\u00e9chantillonnage d&#039;environ 7 jours.<\/p>","protected":false},"featured_media":23055,"template":"","meta":{"_gspb_post_css":""},"product_cat":[42,80],"product_tag":[],"featured_image_urls":{"full":["https:\/\/suncasesupply.com\/wp-content\/uploads\/2024\/06\/7.jpg",1000,1000,false],"thumbnail":["https:\/\/suncasesupply.com\/wp-content\/uploads\/2024\/06\/7-150x150.jpg",150,150,true],"medium":["https:\/\/suncasesupply.com\/wp-content\/uploads\/2024\/06\/7-300x300.jpg",300,300,true],"medium_large":["https:\/\/suncasesupply.com\/wp-content\/uploads\/2024\/06\/7-768x768.jpg",768,768,true],"large":["https:\/\/suncasesupply.com\/wp-content\/uploads\/2024\/06\/7.jpg",1000,1000,false],"1536x1536":["https:\/\/suncasesupply.com\/wp-content\/uploads\/2024\/06\/7.jpg",1000,1000,false],"2048x2048":["https:\/\/suncasesupply.com\/wp-content\/uploads\/2024\/06\/7.jpg",1000,1000,false],"trp-custom-language-flag":["https:\/\/suncasesupply.com\/wp-content\/uploads\/2024\/06\/7-12x12.jpg",12,12,true],"woocommerce_thumbnail":["https:\/\/suncasesupply.com\/wp-content\/uploads\/2024\/06\/7-300x300.jpg",300,300,true],"woocommerce_single":["https:\/\/suncasesupply.com\/wp-content\/uploads\/2024\/06\/7-600x600.jpg",600,600,true],"woocommerce_gallery_thumbnail":["https:\/\/suncasesupply.com\/wp-content\/uploads\/2024\/06\/7-100x100.jpg",100,100,true]},"post_excerpt_stackable":"<p>Model:KY-0090<\/p>\n<p>Size: 41x30x12cm or customize size<\/p>\n<p>Colors: Silver color, or Black color<\/p>\n<p>Materials: Silver Aluminum\u00a0frame,\u00a0Black ABS Panel,\u00a0MDF Board,\u00a0Foam, Hardware.<\/p>\n<p>Logo: Silk Printing Logo, Metal Plate Logo..<\/p>\n<p>MOQ: 100pcs<\/p>\n<p>Sample: Available, sample time about 7 days.<\/p>\n","category_list":"","author_info":{"name":"","url":""},"comments_num":"0 commentaire","_links":{"self":[{"href":"https:\/\/suncasesupply.com\/fr\/wp-json\/wp\/v2\/product\/23054"}],"collection":[{"href":"https:\/\/suncasesupply.com\/fr\/wp-json\/wp\/v2\/product"}],"about":[{"href":"https:\/\/suncasesupply.com\/fr\/wp-json\/wp\/v2\/types\/product"}],"wp:featuredmedia":[{"embeddable":true,"href":"https:\/\/suncasesupply.com\/fr\/wp-json\/wp\/v2\/media\/23055"}],"wp:attachment":[{"href":"https:\/\/suncasesupply.com\/fr\/wp-json\/wp\/v2\/media?parent=23054"}],"wp:term":[{"taxonomy":"product_cat","embeddable":true,"href":"https:\/\/suncasesupply.com\/fr\/wp-json\/wp\/v2\/product_cat?post=23054"},{"taxonomy":"product_tag","embeddable":true,"href":"https:\/\/suncasesupply.com\/fr\/wp-json\/wp\/v2\/product_tag?post=23054"}],"curies":[{"name":"wp","href":"https:\/\/api.w.org\/{rel}","templated":true}]}}