{"id":23035,"date":"2024-05-28T11:57:15","date_gmt":"2024-05-28T03:57:15","guid":{"rendered":"https:\/\/suncasesupply.com\/?post_type=product&#038;p=23035"},"modified":"2025-09-04T15:19:21","modified_gmt":"2025-09-04T07:19:21","slug":"aluminum-tool-case-carrying-hard-storage-case-with-foam-insert","status":"publish","type":"product","link":"https:\/\/suncasesupply.com\/fr\/product\/aluminum-tool-case-carrying-hard-storage-case-with-foam-insert\/","title":{"rendered":"Mallette \u00e0 outils en aluminium transportant une mallette de rangement rigide avec insert en mousse"},"content":{"rendered":"<h4><span style=\"color: #003366;\">Caract\u00e9ristiques:<\/span><\/h4>\n<ul>\n<li>\n<p data-start=\"77\" data-end=\"333\"><strong>Conception s\u00e9curis\u00e9e :<\/strong> Mallette de transport verrouillable en aluminium avec deux cadenas et une poign\u00e9e en caoutchouc, facile \u00e0 transporter. R\u00e9sistante \u00e0 l&#039;eau, elle prot\u00e8ge vos objets de valeur et fragiles contre l&#039;humidit\u00e9.<\/p>\n<\/li>\n<li>\n<p data-start=\"77\" data-end=\"333\"><strong>Durabilit\u00e9 et protection :<\/strong> Cet \u00e9tui rigide offre une r\u00e9sistance \u00e0 l&#039;\u00e9crasement et des fonctionnalit\u00e9s exclusives, id\u00e9ales pour prot\u00e9ger les \u00e9quipements utilis\u00e9s dans des secteurs tels que la photographie, les drones, les ordinateurs portables, les outils, la musique et le secteur m\u00e9dical. De nombreux fournisseurs d&#039;\u00e9tuis de transport en aluminium recommandent ce type de conception pour les professionnels.<\/p>\n<\/li>\n<li>\n<p data-start=\"77\" data-end=\"333\"><strong>Int\u00e9rieur en mousse personnalisable :<\/strong> Mousse \u00e0 monter soi-m\u00eame\u00a0: couvercle sup\u00e9rieur int\u00e9rieur en mousse \u0153uf pour la protection. Couvercle inf\u00e9rieur en mousse \u00e0 monter soi-m\u00eame (\u00e0 choisir et \u00e0 arracher). Tr\u00e8s pratique pour les clients qui souhaitent adapter la mousse \u00e0 leurs articles, cette mallette en aluminium est id\u00e9ale pour le transport.<\/p>\n<\/li>\n<li>\n<p data-start=\"77\" data-end=\"333\"><strong>Disponibilit\u00e9 en gros :<\/strong> cette conception est \u00e9galement largement disponible via les canaux de vente en gros de bo\u00eetiers de transport en aluminium, offrant aux utilisateurs \u00e0 la fois abordabilit\u00e9 et qualit\u00e9.<\/p>\n<\/li>\n<\/ul>\n<h4><span style=\"color: #003366;\">D\u00e9tails du produit :<\/span><\/h4>\n<div style=\"display: flex; gap: 20px;\">\n<p><!-- \u7b2c\u4e00\u680f --><\/p>\n<div style=\"flex: 1; text-align: center;\">\n<p><img decoding=\"async\" style=\"max-width: 100%; height: auto; margin-bottom: 10px;\" src=\"https:\/\/suncasesupply.com\/wp-content\/uploads\/2025\/03\/1-Feet-Mat.jpg\" alt=\"Tapis de pieds\" \/><\/p>\n<p><strong><b>Tapis de pieds<\/b><\/strong><\/p>\n<p style=\"margin: 0;\">Le tapis de sol est situ\u00e9 sous la mallette de transport en aluminium. Plac\u00e9 horizontalement, il isole la mallette du sol et la rend moins susceptible de se salir. Il offre \u00e9galement une protection anticollision et d&#039;autres avantages.<\/p>\n<p>&nbsp;<\/p>\n<\/div>\n<p><!-- \u7b2c\u4e8c\u680f --><\/p>\n<div style=\"flex: 1; text-align: center;\">\n<p><img decoding=\"async\" style=\"max-width: 100%; height: auto; margin-bottom: 10px;\" src=\"https:\/\/suncasesupply.com\/wp-content\/uploads\/2025\/03\/2-Locks-with-Key.jpg\" alt=\"Serrures \u00e0 cl\u00e9\" \/><\/p>\n<p><strong><b>Serrures \u00e0 cl\u00e9<\/b><\/strong><\/p>\n<p style=\"margin: 0;\">La mallette de transport en aluminium est \u00e9quip\u00e9e de deux cadenas, chacun \u00e9tant \u00e9quip\u00e9 d&#039;une cl\u00e9. Elle am\u00e9liore la s\u00e9curit\u00e9 globale de la mallette. Les cadenas \u00e0 outils, comme sur la photo, ou les cadenas \u00e0 combinaison sont couramment utilis\u00e9s pour les mallettes en aluminium.<\/p>\n<\/div>\n<p><!-- \u7b2c\u4e09\u680f --><\/p>\n<div style=\"flex: 1; text-align: center;\">\n<p><img decoding=\"async\" style=\"max-width: 100%; height: auto; margin-bottom: 10px;\" src=\"https:\/\/suncasesupply.com\/wp-content\/uploads\/2025\/03\/3-Strong-Handle.jpg\" alt=\"Poign\u00e9e solide\" \/><\/p>\n<p><b><\/b><strong><b>Poign\u00e9e solide<\/b><\/strong><\/p>\n<p>Une poign\u00e9e solide et confortable est essentielle pour une mallette de transport en aluminium. Elle am\u00e9liore le poids et la portabilit\u00e9 de la mallette lors de ses d\u00e9placements en ext\u00e9rieur. Elle contribue \u00e9galement \u00e0 son esth\u00e9tique.<\/p>\n<\/div>\n<p><!-- \u7b2c\u56db\u680f --><\/p>\n<div style=\"flex: 1; text-align: center;\">\n<p><img decoding=\"async\" style=\"max-width: 100%; height: auto; margin-bottom: 10px;\" src=\"https:\/\/suncasesupply.com\/wp-content\/uploads\/2025\/03\/4-Back-Hinge.jpg\" alt=\"Charni\u00e8re arri\u00e8re\" \/><\/p>\n<p><strong><b>Charni\u00e8re arri\u00e8re<\/b><\/strong><\/p>\n<p style=\"margin: 0;\">Deux charni\u00e8res arri\u00e8re relient les parties sup\u00e9rieure et inf\u00e9rieure de la mallette en aluminium. Cet accessoire indispensable est g\u00e9n\u00e9ralement fabriqu\u00e9 avec des mat\u00e9riaux de haute qualit\u00e9 et r\u00e9sistants. Diff\u00e9rents mod\u00e8les de charni\u00e8res arri\u00e8re sont disponibles, mais nous choisirons la charni\u00e8re la plus adapt\u00e9e \u00e0 la taille et au poids de la mallette.<\/p>\n<\/div>\n<\/div>\n<div style=\"background-color: #29599a; padding: 40px 20px; text-align: center; color: #ffffff; border-radius: 10px; margin: 40px auto; max-width: 960px;\">\n<h2 style=\"font-size: 22px; margin-bottom: 20px; font-weight: bold;\">\u00c9tui de transport en aluminium Sun Case, fourniture en gros, MOQ 100 pour les acheteurs B2B.<\/h2>\n<p><a style=\"display: inline-block; padding: 12px 28px; background-color: #ffffff; color: #29599a; text-decoration: none; border-radius: 6px; font-weight: bold;\" href=\"https:\/\/suncasesupply.com\/fr\/contact-us\/\" target=\"_blank\" rel=\"noopener\">Obtenez un devis aujourd&#039;hui<br \/>\n<\/a><\/p>\n<\/div>\n<h4><span style=\"color: #003366;\">Processus de fabrication :<\/span><\/h4>\n<p><img decoding=\"async\" style=\"max-width: 100%; height: auto; margin-bottom: 10px;\" src=\"https:\/\/suncasesupply.com\/wp-content\/uploads\/2025\/07\/Manufacturing-Process.png\" alt=\"Processus de fabrication de Suncase\" \/><\/p>\n<div style=\"display: flex; gap: 20px;\"><\/div>\n<div style=\"display: flex; gap: 20px;\">\n<div style=\"flex: 1; text-align: center;\">\n<p style=\"font-weight: bold; margin: 5px 0;\">\n<\/div>\n<\/div>\n<h4><span style=\"color: #003366;\">Informations utiles pour les acheteurs en gros\u00a0:<\/span><\/h4>\n<ul>\n<li class=\"page-title\" title=\"Qu\u2019est-ce qui rend les cartes de sport si pr\u00e9cieuses ?\">\n<p class=\"page-title\" title=\"6 raisons pour lesquelles vous devriez organiser votre espace avec une bo\u00eete de rangement en aluminium\"><a href=\"https:\/\/suncasesupply.com\/fr\/blog\/custom-aluminum-case\/6-reasons-to-use-aluminum-storage-box-today\/\">6 raisons pour lesquelles vous devriez organiser votre espace avec des bo\u00eetes de rangement en aluminium &gt;&gt;<\/a><\/p>\n<\/li>\n<li title=\"Qu\u2019est-ce qui rend les cartes de sport si pr\u00e9cieuses ?\">\n<p class=\"page-title\" title=\"Quels sont les avantages d&#039;un bo\u00eetier en aluminium ?\"><a href=\"https:\/\/suncasesupply.com\/fr\/blog\/advantages-of-aluminum-case\/\">Quels sont les avantages d&#039;un bo\u00eetier en aluminium\u00a0? &gt;&gt;<\/a><\/p>\n<\/li>\n<\/ul>","protected":false},"excerpt":{"rendered":"<p>Mod\u00e8le : KY-0089<\/p>\n<p>Taille : 356x256x96mm ou taille personnalis\u00e9e<\/p>\n<p>Couleurs : Couleur argent ou autres couleurs personnalis\u00e9es.<\/p>\n<p>Mat\u00e9riaux : Cadre en aluminium argent\u00e9, panneau MDF, panneau ABS, mousse Pick&amp;Pluck, quincaillerie.<\/p>\n<p>Logo : Logo en plaque m\u00e9tallique, logo en impression sur soie.<\/p>\n<p>Quantit\u00e9 minimale de commande : 100 pi\u00e8ces<\/p>\n<p>\u00c9chantillon : Disponible, d\u00e9lai d&#039;\u00e9chantillonnage d&#039;environ 7 jours.<\/p>","protected":false},"featured_media":23036,"template":"","meta":{"_gspb_post_css":""},"product_cat":[42,80],"product_tag":[],"featured_image_urls":{"full":["https:\/\/suncasesupply.com\/wp-content\/uploads\/2024\/05\/aluminum-case.jpg",800,800,false],"thumbnail":["https:\/\/suncasesupply.com\/wp-content\/uploads\/2024\/05\/aluminum-case-150x150.jpg",150,150,true],"medium":["https:\/\/suncasesupply.com\/wp-content\/uploads\/2024\/05\/aluminum-case-300x300.jpg",300,300,true],"medium_large":["https:\/\/suncasesupply.com\/wp-content\/uploads\/2024\/05\/aluminum-case-768x768.jpg",768,768,true],"large":["https:\/\/suncasesupply.com\/wp-content\/uploads\/2024\/05\/aluminum-case.jpg",800,800,false],"1536x1536":["https:\/\/suncasesupply.com\/wp-content\/uploads\/2024\/05\/aluminum-case.jpg",800,800,false],"2048x2048":["https:\/\/suncasesupply.com\/wp-content\/uploads\/2024\/05\/aluminum-case.jpg",800,800,false],"trp-custom-language-flag":["https:\/\/suncasesupply.com\/wp-content\/uploads\/2024\/05\/aluminum-case-12x12.jpg",12,12,true],"woocommerce_thumbnail":["https:\/\/suncasesupply.com\/wp-content\/uploads\/2024\/05\/aluminum-case-300x300.jpg",300,300,true],"woocommerce_single":["https:\/\/suncasesupply.com\/wp-content\/uploads\/2024\/05\/aluminum-case-600x600.jpg",600,600,true],"woocommerce_gallery_thumbnail":["https:\/\/suncasesupply.com\/wp-content\/uploads\/2024\/05\/aluminum-case-100x100.jpg",100,100,true]},"post_excerpt_stackable":"<p>Model:KY-0089<\/p>\n<p>Size: 356x256x96mm or customize size<\/p>\n<p>Colors: Silver color, or other customized colors.<\/p>\n<p>Materials: Silver Aluminum\u00a0frame, MDF Board, ABS\u00a0Panel,\u00a0Pick&amp;Pluck Foam, Hardware.<\/p>\n<p>Logo: Metal plate logo, Silk Printing Logo.<\/p>\n<p>MOQ: 100pcs<\/p>\n<p>Sample: Available, sample time about 7 days.<\/p>\n","category_list":"","author_info":{"name":"","url":""},"comments_num":"0 commentaire","_links":{"self":[{"href":"https:\/\/suncasesupply.com\/fr\/wp-json\/wp\/v2\/product\/23035"}],"collection":[{"href":"https:\/\/suncasesupply.com\/fr\/wp-json\/wp\/v2\/product"}],"about":[{"href":"https:\/\/suncasesupply.com\/fr\/wp-json\/wp\/v2\/types\/product"}],"wp:featuredmedia":[{"embeddable":true,"href":"https:\/\/suncasesupply.com\/fr\/wp-json\/wp\/v2\/media\/23036"}],"wp:attachment":[{"href":"https:\/\/suncasesupply.com\/fr\/wp-json\/wp\/v2\/media?parent=23035"}],"wp:term":[{"taxonomy":"product_cat","embeddable":true,"href":"https:\/\/suncasesupply.com\/fr\/wp-json\/wp\/v2\/product_cat?post=23035"},{"taxonomy":"product_tag","embeddable":true,"href":"https:\/\/suncasesupply.com\/fr\/wp-json\/wp\/v2\/product_tag?post=23035"}],"curies":[{"name":"wp","href":"https:\/\/api.w.org\/{rel}","templated":true}]}}